{"id":4833,"date":"2023-11-14T02:33:09","date_gmt":"2023-11-14T02:33:09","guid":{"rendered":"https:\/\/uoogear.com\/product\/outdoor-automatic-tent-2-3-people-waterproof-family-tent-hiking-camping-throwing-pop-up-tent\/"},"modified":"2023-11-30T02:34:19","modified_gmt":"2023-11-30T02:34:19","slug":"outdoor-automatic-tent-2-3-people-waterproof-family-tent-hiking-camping-throwing-pop-up-tent","status":"publish","type":"product","link":"https:\/\/uoogear.com\/fi\/tuote\/outdoor-automatic-tent-2-3-people-waterproof-family-tent-hiking-camping-throwing-pop-up-tent\/","title":{"rendered":"Automaattinen ulkoteltta 2-3 hengelle Vedenpit\u00e4v\u00e4 perheteltta Vaellus Telttaheitto ponnahdusteltta"},"content":{"rendered":"<ul>\n<li><strong>Alue: <\/strong> 3.5<\/li>\n<li><strong>Kangas: <\/strong> Nylon<\/li>\n<li><strong>Ulkoteltan vedenpit\u00e4vyysindeksi: <\/strong> 2000-3000 mm<\/li>\n<li><strong>Alin vedenpit\u00e4vyysindeksi: <\/strong> 2000-3000 mm<\/li>\n<li><strong>Rakennustyyppi: <\/strong> Nopea automaattinen avaus<\/li>\n<li><strong>Teltan tyyli: <\/strong> Diagonaalinen j\u00e4ykistystyyppi<\/li>\n<li><strong>Kausi: <\/strong> Kolmen vuodenajan teltta<\/li>\n<li><strong>Rakenne: <\/strong> Yksi makuuhuone<\/li>\n<li><strong>Tuotteen nimi : <\/strong> Camping Teltta<\/li>\n<li><strong>K\u00e4ytt\u00f6: <\/strong> Outdoor Camping Wild Teltta<\/li>\n<li><strong>Sovellus: <\/strong> Automaattinen teltta<\/li>\n<\/ul>\n<div>\n<p><strong>Automaattinen ulkoteltta 2-3 hengelle Vedenpit\u00e4v\u00e4 perheteltta Vaellus Telttaheitto ponnahdusteltta<\/strong><\/p>\n<p>&nbsp;<\/p>\n<ul>\n<li>\n<div>Soveltuva m\u00e4\u00e4r\u00e4: 2-3 henkil\u00f6\u00e4<\/div>\n<div>Laajenna Mitat: 245x145x100cm<\/div>\n<div>V\u00e4ri: Oranssi, ruskea<\/div>\n<div>Nettopaino: 2,45 kg<\/div>\n<div>Kangas: 210D Oxford kangas<\/div>\n<div>Rakennustyyppi: Nopea automaattinen avaus<\/div>\n<div>Vedenpit\u00e4vyysindeksi: 2000-3000 mm<\/div>\n<div>Harso: B3 tihe\u00e4 sideharso<\/div>\n<div>Pohjakangas: PE<\/div>\n<div>Tuki: kiinte\u00e4\u00e4 lasikuitua<\/div>\n<div>Tarvikkeet: naulat, k\u00f6ysi<\/div>\n<div>K\u00e4ytt\u00f6kohteet: puisto vapaa-ajan \/ ulkoleirint\u00e4<\/div>\n<div><\/div>\n<div>Ominaisuudet:<\/div>\n<div>1. Heit\u00e4 kevyesti ja avaa heti Leve\u00e4 ja l\u00e4p\u00e4isev\u00e4.<\/div>\n<div>2. Tilava ja ei tungosta 2-3 henkil\u00f6\u00e4. Useita ikkunoita. L\u00e4p\u00e4isev\u00e4 eik\u00e4 hikoileva<\/div>\n<div>3.Avaa pakkaus, kosketa teippi\u00e4 ja heit\u00e4 se varovasti ulos ja sen j\u00e4lkeen se avautuu v\u00e4litt\u00f6m\u00e4sti. Naiset voivat tehd\u00e4 sen helposti.<\/div>\n<div>4. T\u00e4ysi oven sideharso. Yksityisyyden suoja. Hengitt\u00e4v\u00e4 ja suojaa hyttysilt\u00e4<\/div>\n<div>5. Paksu ja kulutusta kest\u00e4v\u00e4. PE vedenpit\u00e4v\u00e4 teltan pohja<\/div>\n<div>6. Korkealaatuinen kiinte\u00e4 lasikuitutuki, ei katkea useiden taittotestien j\u00e4lkeen. Hyv\u00e4 joustavuus ja kest\u00e4vyys.<\/div>\n<div>7. Vestibulaarisuunnittelulla. Kaksinkertaiset verhot. Humanisoidumpi tilaj\u00e4rjestely.<\/div>\n<div>8. Nelj\u00e4n kulman tuuletusaukko. Pid\u00e4 ilmankierto t\u00e4ysin suljetussa tilassa.<\/div>\n<\/li>\n<\/ul>\n<p><img loading=\"lazy\" decoding=\"async\" class=\"alignnone size-full wp-image-5141\" src=\"https:\/\/uoogear.com\/wp-content\/uploads\/2023\/11\/HTB1ak5xbBGE3KVjSZFhq6AkaFXaE.jpg\" width=\"750\" height=\"886\" alt=\"Automaattinen ulkoteltta 2-3 hengelle Vedenpit\u00e4v\u00e4 perheteltta Vaellus Telttaheitto ponnahdusteltta\" srcset=\"https:\/\/uoogear.com\/wp-content\/uploads\/2023\/11\/HTB1ak5xbBGE3KVjSZFhq6AkaFXaE.jpg 750w, https:\/\/uoogear.com\/wp-content\/uploads\/2023\/11\/HTB1ak5xbBGE3KVjSZFhq6AkaFXaE-254x300.jpg 254w, https:\/\/uoogear.com\/wp-content\/uploads\/2023\/11\/HTB1ak5xbBGE3KVjSZFhq6AkaFXaE-600x709.jpg 600w, https:\/\/uoogear.com\/wp-content\/uploads\/2023\/11\/HTB1ak5xbBGE3KVjSZFhq6AkaFXaE-46x54.jpg 46w\" sizes=\"auto, (max-width: 750px) 100vw, 750px\" \/><img loading=\"lazy\" decoding=\"async\" class=\"alignnone size-full wp-image-5142\" src=\"https:\/\/uoogear.com\/wp-content\/uploads\/2023\/11\/HTB1g9qybCWD3KVjSZSgq6ACxVXa6.jpg\" width=\"750\" height=\"1224\" alt=\"Automaattinen ulkoteltta 2-3 hengelle Vedenpit\u00e4v\u00e4 perheteltta Vaellus Telttaheitto ponnahdusteltta\" srcset=\"https:\/\/uoogear.com\/wp-content\/uploads\/2023\/11\/HTB1g9qybCWD3KVjSZSgq6ACxVXa6.jpg 750w, https:\/\/uoogear.com\/wp-content\/uploads\/2023\/11\/HTB1g9qybCWD3KVjSZSgq6ACxVXa6-184x300.jpg 184w, https:\/\/uoogear.com\/wp-content\/uploads\/2023\/11\/HTB1g9qybCWD3KVjSZSgq6ACxVXa6-627x1024.jpg 627w, https:\/\/uoogear.com\/wp-content\/uploads\/2023\/11\/HTB1g9qybCWD3KVjSZSgq6ACxVXa6-600x979.jpg 600w, https:\/\/uoogear.com\/wp-content\/uploads\/2023\/11\/HTB1g9qybCWD3KVjSZSgq6ACxVXa6-33x54.jpg 33w\" sizes=\"auto, (max-width: 750px) 100vw, 750px\" \/><img loading=\"lazy\" decoding=\"async\" class=\"alignnone size-full wp-image-5143\" src=\"https:\/\/uoogear.com\/wp-content\/uploads\/2023\/11\/HTB1ypKzbBSD3KVjSZFqq6A4bpXaD.jpg\" width=\"750\" height=\"1134\" alt=\"Automaattinen ulkoteltta 2-3 hengelle Vedenpit\u00e4v\u00e4 perheteltta Vaellus Telttaheitto ponnahdusteltta\" srcset=\"https:\/\/uoogear.com\/wp-content\/uploads\/2023\/11\/HTB1ypKzbBSD3KVjSZFqq6A4bpXaD.jpg 750w, https:\/\/uoogear.com\/wp-content\/uploads\/2023\/11\/HTB1ypKzbBSD3KVjSZFqq6A4bpXaD-198x300.jpg 198w, https:\/\/uoogear.com\/wp-content\/uploads\/2023\/11\/HTB1ypKzbBSD3KVjSZFqq6A4bpXaD-677x1024.jpg 677w, https:\/\/uoogear.com\/wp-content\/uploads\/2023\/11\/HTB1ypKzbBSD3KVjSZFqq6A4bpXaD-600x907.jpg 600w, https:\/\/uoogear.com\/wp-content\/uploads\/2023\/11\/HTB1ypKzbBSD3KVjSZFqq6A4bpXaD-36x54.jpg 36w\" sizes=\"auto, (max-width: 750px) 100vw, 750px\" \/><img loading=\"lazy\" decoding=\"async\" class=\"alignnone size-full wp-image-5144\" src=\"https:\/\/uoogear.com\/wp-content\/uploads\/2023\/11\/HTB1qJOCbBGw3KVjSZFwq6zQ2FXag.jpg\" width=\"750\" height=\"1266\" alt=\"Automaattinen ulkoteltta 2-3 hengelle Vedenpit\u00e4v\u00e4 perheteltta Vaellus Telttaheitto ponnahdusteltta\" srcset=\"https:\/\/uoogear.com\/wp-content\/uploads\/2023\/11\/HTB1qJOCbBGw3KVjSZFwq6zQ2FXag.jpg 750w, https:\/\/uoogear.com\/wp-content\/uploads\/2023\/11\/HTB1qJOCbBGw3KVjSZFwq6zQ2FXag-178x300.jpg 178w, https:\/\/uoogear.com\/wp-content\/uploads\/2023\/11\/HTB1qJOCbBGw3KVjSZFwq6zQ2FXag-607x1024.jpg 607w, https:\/\/uoogear.com\/wp-content\/uploads\/2023\/11\/HTB1qJOCbBGw3KVjSZFwq6zQ2FXag-600x1013.jpg 600w, https:\/\/uoogear.com\/wp-content\/uploads\/2023\/11\/HTB1qJOCbBGw3KVjSZFwq6zQ2FXag-32x54.jpg 32w\" sizes=\"auto, (max-width: 750px) 100vw, 750px\" \/><img loading=\"lazy\" decoding=\"async\" class=\"alignnone size-full wp-image-5145\" src=\"https:\/\/uoogear.com\/wp-content\/uploads\/2023\/11\/HTB1YfGCbBKw3KVjSZFOq6yrDVXap.jpg\" width=\"750\" height=\"822\" alt=\"Automaattinen ulkoteltta 2-3 hengelle Vedenpit\u00e4v\u00e4 perheteltta Vaellus Telttaheitto ponnahdusteltta\" srcset=\"https:\/\/uoogear.com\/wp-content\/uploads\/2023\/11\/HTB1YfGCbBKw3KVjSZFOq6yrDVXap.jpg 750w, https:\/\/uoogear.com\/wp-content\/uploads\/2023\/11\/HTB1YfGCbBKw3KVjSZFOq6yrDVXap-274x300.jpg 274w, https:\/\/uoogear.com\/wp-content\/uploads\/2023\/11\/HTB1YfGCbBKw3KVjSZFOq6yrDVXap-600x658.jpg 600w, https:\/\/uoogear.com\/wp-content\/uploads\/2023\/11\/HTB1YfGCbBKw3KVjSZFOq6yrDVXap-49x54.jpg 49w\" sizes=\"auto, (max-width: 750px) 100vw, 750px\" \/><img loading=\"lazy\" decoding=\"async\" class=\"alignnone size-full wp-image-5146\" src=\"https:\/\/uoogear.com\/wp-content\/uploads\/2023\/11\/HTB1XYaybAWE3KVjSZSyq6xocXXa9.jpg\" width=\"750\" height=\"1076\" alt=\"Automaattinen ulkoteltta 2-3 hengelle Vedenpit\u00e4v\u00e4 perheteltta Vaellus Telttaheitto ponnahdusteltta\" srcset=\"https:\/\/uoogear.com\/wp-content\/uploads\/2023\/11\/HTB1XYaybAWE3KVjSZSyq6xocXXa9.jpg 750w, https:\/\/uoogear.com\/wp-content\/uploads\/2023\/11\/HTB1XYaybAWE3KVjSZSyq6xocXXa9-209x300.jpg 209w, https:\/\/uoogear.com\/wp-content\/uploads\/2023\/11\/HTB1XYaybAWE3KVjSZSyq6xocXXa9-714x1024.jpg 714w, https:\/\/uoogear.com\/wp-content\/uploads\/2023\/11\/HTB1XYaybAWE3KVjSZSyq6xocXXa9-600x861.jpg 600w, https:\/\/uoogear.com\/wp-content\/uploads\/2023\/11\/HTB1XYaybAWE3KVjSZSyq6xocXXa9-38x54.jpg 38w\" sizes=\"auto, (max-width: 750px) 100vw, 750px\" \/><img loading=\"lazy\" decoding=\"async\" class=\"alignnone size-full wp-image-5147\" src=\"https:\/\/uoogear.com\/wp-content\/uploads\/2023\/11\/HTB1HUSvbwKG3KVjSZFLq6yMvXXad.jpg\" width=\"750\" height=\"497\" alt=\"Automaattinen ulkoteltta 2-3 hengelle Vedenpit\u00e4v\u00e4 perheteltta Vaellus Telttaheitto ponnahdusteltta\" srcset=\"https:\/\/uoogear.com\/wp-content\/uploads\/2023\/11\/HTB1HUSvbwKG3KVjSZFLq6yMvXXad.jpg 750w, https:\/\/uoogear.com\/wp-content\/uploads\/2023\/11\/HTB1HUSvbwKG3KVjSZFLq6yMvXXad-300x199.jpg 300w, https:\/\/uoogear.com\/wp-content\/uploads\/2023\/11\/HTB1HUSvbwKG3KVjSZFLq6yMvXXad-600x398.jpg 600w, https:\/\/uoogear.com\/wp-content\/uploads\/2023\/11\/HTB1HUSvbwKG3KVjSZFLq6yMvXXad-81x54.jpg 81w\" sizes=\"auto, (max-width: 750px) 100vw, 750px\" \/><img loading=\"lazy\" decoding=\"async\" class=\"alignnone size-full wp-image-5148\" src=\"https:\/\/uoogear.com\/wp-content\/uploads\/2023\/11\/HTB1D0CwbEWF3KVjSZPhq6xclXXap.jpg\" width=\"750\" height=\"914\" alt=\"Automaattinen ulkoteltta 2-3 hengelle Vedenpit\u00e4v\u00e4 perheteltta Vaellus Telttaheitto ponnahdusteltta\" srcset=\"https:\/\/uoogear.com\/wp-content\/uploads\/2023\/11\/HTB1D0CwbEWF3KVjSZPhq6xclXXap.jpg 750w, https:\/\/uoogear.com\/wp-content\/uploads\/2023\/11\/HTB1D0CwbEWF3KVjSZPhq6xclXXap-246x300.jpg 246w, https:\/\/uoogear.com\/wp-content\/uploads\/2023\/11\/HTB1D0CwbEWF3KVjSZPhq6xclXXap-600x731.jpg 600w, https:\/\/uoogear.com\/wp-content\/uploads\/2023\/11\/HTB1D0CwbEWF3KVjSZPhq6xclXXap-44x54.jpg 44w\" sizes=\"auto, (max-width: 750px) 100vw, 750px\" \/><img loading=\"lazy\" decoding=\"async\" class=\"alignnone size-full wp-image-5149\" src=\"https:\/\/uoogear.com\/wp-content\/uploads\/2023\/11\/HTB1RHuybBaE3KVjSZLeq6xsSFXap.jpg\" width=\"750\" height=\"1075\" alt=\"Automaattinen ulkoteltta 2-3 hengelle Vedenpit\u00e4v\u00e4 perheteltta Vaellus Telttaheitto ponnahdusteltta\" srcset=\"https:\/\/uoogear.com\/wp-content\/uploads\/2023\/11\/HTB1RHuybBaE3KVjSZLeq6xsSFXap.jpg 750w, https:\/\/uoogear.com\/wp-content\/uploads\/2023\/11\/HTB1RHuybBaE3KVjSZLeq6xsSFXap-209x300.jpg 209w, https:\/\/uoogear.com\/wp-content\/uploads\/2023\/11\/HTB1RHuybBaE3KVjSZLeq6xsSFXap-714x1024.jpg 714w, https:\/\/uoogear.com\/wp-content\/uploads\/2023\/11\/HTB1RHuybBaE3KVjSZLeq6xsSFXap-600x860.jpg 600w, https:\/\/uoogear.com\/wp-content\/uploads\/2023\/11\/HTB1RHuybBaE3KVjSZLeq6xsSFXap-38x54.jpg 38w\" sizes=\"auto, (max-width: 750px) 100vw, 750px\" \/><img loading=\"lazy\" decoding=\"async\" class=\"alignnone size-full wp-image-5150\" src=\"https:\/\/uoogear.com\/wp-content\/uploads\/2023\/11\/HTB1kv9CbBKw3KVjSZFOq6yrDVXaO.jpg\" width=\"750\" height=\"951\" alt=\"Automaattinen ulkoteltta 2-3 hengelle Vedenpit\u00e4v\u00e4 perheteltta Vaellus Telttaheitto ponnahdusteltta\" srcset=\"https:\/\/uoogear.com\/wp-content\/uploads\/2023\/11\/HTB1kv9CbBKw3KVjSZFOq6yrDVXaO.jpg 750w, https:\/\/uoogear.com\/wp-content\/uploads\/2023\/11\/HTB1kv9CbBKw3KVjSZFOq6yrDVXaO-237x300.jpg 237w, https:\/\/uoogear.com\/wp-content\/uploads\/2023\/11\/HTB1kv9CbBKw3KVjSZFOq6yrDVXaO-600x761.jpg 600w, https:\/\/uoogear.com\/wp-content\/uploads\/2023\/11\/HTB1kv9CbBKw3KVjSZFOq6yrDVXaO-43x54.jpg 43w\" sizes=\"auto, (max-width: 750px) 100vw, 750px\" \/><img loading=\"lazy\" decoding=\"async\" class=\"alignnone size-full wp-image-5151\" src=\"https:\/\/uoogear.com\/wp-content\/uploads\/2023\/11\/HTB1eGWwbEKF3KVjSZFEq6xExFXac.jpg\" width=\"750\" height=\"505\" alt=\"Automaattinen ulkoteltta 2-3 hengelle Vedenpit\u00e4v\u00e4 perheteltta Vaellus Telttaheitto ponnahdusteltta\" srcset=\"https:\/\/uoogear.com\/wp-content\/uploads\/2023\/11\/HTB1eGWwbEKF3KVjSZFEq6xExFXac.jpg 750w, https:\/\/uoogear.com\/wp-content\/uploads\/2023\/11\/HTB1eGWwbEKF3KVjSZFEq6xExFXac-300x202.jpg 300w, https:\/\/uoogear.com\/wp-content\/uploads\/2023\/11\/HTB1eGWwbEKF3KVjSZFEq6xExFXac-600x404.jpg 600w, https:\/\/uoogear.com\/wp-content\/uploads\/2023\/11\/HTB1eGWwbEKF3KVjSZFEq6xExFXac-80x54.jpg 80w\" sizes=\"auto, (max-width: 750px) 100vw, 750px\" \/><\/p>\n<\/div>","protected":false},"excerpt":{"rendered":"<p>Pinta-ala : 3,5 Kangas : Nylon ulkoteltan vedenpit\u00e4v\u00e4 indeksi : 2000-3000 mm pohjan vedenpit\u00e4vyys : 2000-3000 mm Rakennustyyppi : Nopeasti avautuva teltta Tyyli : Diagonaalinen j\u00e4ykistystyyppi Kausi : Kolmen vuodenajan teltta Telttarakenne Tuotteen nimi : K\u00e4ytt\u00f6: Outdoor Camping Wild Teltta Sovellus: Automaattinen teltta ulkona<\/p>\n<div class=\"read-more\"><a class=\"btn btn-fill-out\" href=\"https:\/\/uoogear.com\/fi\/tuote\/outdoor-automatic-tent-2-3-people-waterproof-family-tent-hiking-camping-throwing-pop-up-tent\/\">Lue lis\u00e4\u00e4<\/a><\/div>","protected":false},"featured_media":4831,"template":"","meta":[],"product_brand":[],"product_cat":[15],"product_tag":[],"class_list":{"0":"post-4833","1":"product","2":"type-product","3":"status-publish","4":"has-post-thumbnail","6":"product_cat-uncategorized","7":"tm-no-options","9":"first","10":"instock","11":"shipping-taxable","12":"purchasable","13":"product-type-variable"},"_links":{"self":[{"href":"https:\/\/uoogear.com\/fi\/wp-json\/wp\/v2\/product\/4833","targetHints":{"allow":["GET"]}}],"collection":[{"href":"https:\/\/uoogear.com\/fi\/wp-json\/wp\/v2\/product"}],"about":[{"href":"https:\/\/uoogear.com\/fi\/wp-json\/wp\/v2\/types\/product"}],"wp:featuredmedia":[{"embeddable":true,"href":"https:\/\/uoogear.com\/fi\/wp-json\/wp\/v2\/media\/4831"}],"wp:attachment":[{"href":"https:\/\/uoogear.com\/fi\/wp-json\/wp\/v2\/media?parent=4833"}],"wp:term":[{"taxonomy":"product_brand","embeddable":true,"href":"https:\/\/uoogear.com\/fi\/wp-json\/wp\/v2\/product_brand?post=4833"},{"taxonomy":"product_cat","embeddable":true,"href":"https:\/\/uoogear.com\/fi\/wp-json\/wp\/v2\/product_cat?post=4833"},{"taxonomy":"product_tag","embeddable":true,"href":"https:\/\/uoogear.com\/fi\/wp-json\/wp\/v2\/product_tag?post=4833"}],"curies":[{"name":"wp","href":"https:\/\/api.w.org\/{rel}","templated":true}]}}