{"id":4852,"date":"2023-11-14T02:34:28","date_gmt":"2023-11-14T02:34:28","guid":{"rendered":"https:\/\/uoogear.com\/product\/large-throw-tent-outdoor-3-4-persons-automatic-speed-open-throwing-pop-up-windproof-waterproof-beach-camping-tent-large-space\/"},"modified":"2023-11-30T02:37:17","modified_gmt":"2023-11-30T02:37:17","slug":"large-throw-tent-outdoor-3-4-persons-automatic-speed-open-throwing-pop-up-windproof-waterproof-beach-camping-tent-large-space","status":"publish","type":"product","link":"https:\/\/uoogear.com\/fi\/tuote\/large-throw-tent-outdoor-3-4-persons-automatic-speed-open-throwing-pop-up-windproof-waterproof-beach-camping-tent-large-space\/","title":{"rendered":"Iso heittoteltta ulkona 3-4 hengelle automaattinen nopeus avoin heitt\u00e4v\u00e4 pop up tuulenpit\u00e4v\u00e4 vedenpit\u00e4v\u00e4 rantateltta suuri tila"},"content":{"rendered":"<ul>\n<li><strong>Napan materiaali: <\/strong> lasikuitu<\/li>\n<li><strong>Tyyppi : <\/strong> 3-4 hengen teltta<\/li>\n<li><strong>Kangas: <\/strong> Oxford kangas<\/li>\n<li><strong>Kerrokset: <\/strong> Kaksinkertainen<\/li>\n<\/ul>\n<div>\n<p>Iso heittoteltta ulkona 3-4 hengelle automaattinen nopeus avoin heitt\u00e4v\u00e4 pop up tuulenpit\u00e4v\u00e4 vedenpit\u00e4v\u00e4 rantateltta suuri tila<\/p>\n<p>1, Family Camping Tents on pop-up-muotoilu, avautuu 5 sekunnissa; taitettava, helppo kuljettaa, vain 3,7 kg.<\/p>\n<p>2, Verkko-ovet ja ikkunat, nelj\u00e4 ilmanvaihtoa, hyttysten ja hy\u00f6nteisten torjunta; voidaan k\u00e4ytt\u00e4\u00e4 3 vuodenaikana.<\/p>\n<p>3, kaksiovinen muotoilu, helppo menn\u00e4 sis\u00e4\u00e4n ja ulos; Perheiden leirint\u00e4teltat Ovet ja ikkunat voidaan sulkea kokonaan yksityisyyden suojaamiseksi.<\/p>\n<p>4, Family Camping Teltat suuri tila, sopii 3-4 hengen perheen yst\u00e4ville ulkok\u00e4ytt\u00f6\u00f6n.<\/p>\n<p>5, Korkealaatuiset ja kest\u00e4v\u00e4t Star Home Family Camping Teltat toimivat hyvin lyhyill\u00e4 retkeilymatkoilla pienen perheen, parin tai yksil\u00f6n kanssa. Star Home Family Camping Teltat antavat sinun nauttia hyvist\u00e4 ajoista.<\/p>\n<p>&nbsp;<\/p>\n<p><img decoding=\"async\" src=\"\/\/sc02.alicdn.com\/kf\/HTB1nNN1aubviK0jSZFNq6yApXXat\/222400006\/HTB1nNN1aubviK0jSZFNq6yApXXat.jpg\" alt=\"Iso heittoteltta ulkona 3-4 hengelle automaattinen nopeus avoin heitt\u00e4v\u00e4 pop up tuulenpit\u00e4v\u00e4 vedenpit\u00e4v\u00e4 rantateltta suuri tila\" width=\"750\" height=\"671.25\" data-src=\"\/\/sc02.alicdn.com\/kf\/HTB1nNN1aubviK0jSZFNq6yApXXat\/222400006\/HTB1nNN1aubviK0jSZFNq6yApXXat.jpg\" data-alt=\"Large throw tent outdoor 3-4 persons automatic speed open throwing pop up windproof waterproof beach camping tent large space\" \/><img decoding=\"async\" src=\"\/\/sc01.alicdn.com\/kf\/HTB1Fy3za1H2gK0jSZJnq6yT1FXaw\/222400006\/HTB1Fy3za1H2gK0jSZJnq6yT1FXaw.jpg\" alt=\"Iso heittoteltta ulkona 3-4 hengelle automaattinen nopeus avoin heitt\u00e4v\u00e4 pop up tuulenpit\u00e4v\u00e4 vedenpit\u00e4v\u00e4 rantateltta suuri tila\" width=\"750\" height=\"648.75\" data-src=\"\/\/sc01.alicdn.com\/kf\/HTB1Fy3za1H2gK0jSZJnq6yT1FXaw\/222400006\/HTB1Fy3za1H2gK0jSZJnq6yT1FXaw.jpg\" data-alt=\"Large throw tent outdoor 3-4 persons automatic speed open throwing pop up windproof waterproof beach camping tent large space\" \/><img decoding=\"async\" src=\"\/\/sc01.alicdn.com\/kf\/HTB1LwZza7L0gK0jSZFAq6AA9pXaD\/222400006\/HTB1LwZza7L0gK0jSZFAq6AA9pXaD.jpg\" alt=\"Iso heittoteltta ulkona 3-4 hengelle automaattinen nopeus avoin heitt\u00e4v\u00e4 pop up tuulenpit\u00e4v\u00e4 vedenpit\u00e4v\u00e4 rantateltta suuri tila\" width=\"750\" height=\"881.25\" data-src=\"\/\/sc01.alicdn.com\/kf\/HTB1LwZza7L0gK0jSZFAq6AA9pXaD\/222400006\/HTB1LwZza7L0gK0jSZFAq6AA9pXaD.jpg\" data-alt=\"Large throw tent outdoor 3-4 persons automatic speed open throwing pop up windproof waterproof beach camping tent large space\" \/><img decoding=\"async\" src=\"\/\/sc01.alicdn.com\/kf\/HTB1zyUya.D1gK0jSZFGq6zd3FXab\/222400006\/HTB1zyUya.D1gK0jSZFGq6zd3FXab.jpg\" alt=\"Iso heittoteltta ulkona 3-4 hengelle automaattinen nopeus avoin heitt\u00e4v\u00e4 pop up tuulenpit\u00e4v\u00e4 vedenpit\u00e4v\u00e4 rantateltta suuri tila\" width=\"750\" height=\"534.375\" data-src=\"\/\/sc01.alicdn.com\/kf\/HTB1zyUya.D1gK0jSZFGq6zd3FXab\/222400006\/HTB1zyUya.D1gK0jSZFGq6zd3FXab.jpg\" data-alt=\"Large throw tent outdoor 3-4 persons automatic speed open throwing pop up windproof waterproof beach camping tent large space\" \/><img loading=\"lazy\" decoding=\"async\" src=\"\/\/sc01.alicdn.com\/kf\/HTB1Ko3ya5_1gK0jSZFqq6ApaXXa8\/222400006\/HTB1Ko3ya5_1gK0jSZFqq6ApaXXa8.jpg\" alt=\"Iso heittoteltta ulkona 3-4 hengelle automaattinen nopeus avoin heitt\u00e4v\u00e4 pop up tuulenpit\u00e4v\u00e4 vedenpit\u00e4v\u00e4 rantateltta suuri tila\" width=\"750\" height=\"600\" data-src=\"\/\/sc01.alicdn.com\/kf\/HTB1Ko3ya5_1gK0jSZFqq6ApaXXa8\/222400006\/HTB1Ko3ya5_1gK0jSZFqq6ApaXXa8.jpg\" data-alt=\"Large throw tent outdoor 3-4 persons automatic speed open throwing pop up windproof waterproof beach camping tent large space\" \/><img decoding=\"async\" src=\"\/\/sc02.alicdn.com\/kf\/HTB1Hi7ya.T1gK0jSZFrq6ANCXXaS\/222400006\/HTB1Hi7ya.T1gK0jSZFrq6ANCXXaS.jpg\" alt=\"Iso heittoteltta ulkona 3-4 hengelle automaattinen nopeus avoin heitt\u00e4v\u00e4 pop up tuulenpit\u00e4v\u00e4 vedenpit\u00e4v\u00e4 rantateltta suuri tila\" width=\"750\" height=\"678.75\" data-src=\"\/\/sc02.alicdn.com\/kf\/HTB1Hi7ya.T1gK0jSZFrq6ANCXXaS\/222400006\/HTB1Hi7ya.T1gK0jSZFrq6ANCXXaS.jpg\" data-alt=\"Large throw tent outdoor 3-4 persons automatic speed open throwing pop up windproof waterproof beach camping tent large space\" \/><img decoding=\"async\" src=\"\/\/sc01.alicdn.com\/kf\/HTB1bxR1aubviK0jSZFNq6yApXXaI\/222400006\/HTB1bxR1aubviK0jSZFNq6yApXXaI.jpg\" alt=\"Iso heittoteltta ulkona 3-4 hengelle automaattinen nopeus avoin heitt\u00e4v\u00e4 pop up tuulenpit\u00e4v\u00e4 vedenpit\u00e4v\u00e4 rantateltta suuri tila\" width=\"750\" height=\"736.875\" data-src=\"\/\/sc01.alicdn.com\/kf\/HTB1bxR1aubviK0jSZFNq6yApXXaI\/222400006\/HTB1bxR1aubviK0jSZFNq6yApXXaI.jpg\" data-alt=\"Large throw tent outdoor 3-4 persons automatic speed open throwing pop up windproof waterproof beach camping tent large space\" \/><img decoding=\"async\" src=\"\/\/sc01.alicdn.com\/kf\/HTB1rewya2b2gK0jSZK9q6yEgFXae\/222400006\/HTB1rewya2b2gK0jSZK9q6yEgFXae.jpg\" alt=\"Iso heittoteltta ulkona 3-4 hengelle automaattinen nopeus avoin heitt\u00e4v\u00e4 pop up tuulenpit\u00e4v\u00e4 vedenpit\u00e4v\u00e4 rantateltta suuri tila\" width=\"750\" height=\"786.5625\" data-src=\"\/\/sc01.alicdn.com\/kf\/HTB1rewya2b2gK0jSZK9q6yEgFXae\/222400006\/HTB1rewya2b2gK0jSZK9q6yEgFXae.jpg\" data-alt=\"Large throw tent outdoor 3-4 persons automatic speed open throwing pop up windproof waterproof beach camping tent large space\" \/><img decoding=\"async\" src=\"\/\/sc01.alicdn.com\/kf\/HTB1lMEAaYH1gK0jSZFwq6A7aXXaG\/222400006\/HTB1lMEAaYH1gK0jSZFwq6A7aXXaG.jpg\" alt=\"Iso heittoteltta ulkona 3-4 hengelle automaattinen nopeus avoin heitt\u00e4v\u00e4 pop up tuulenpit\u00e4v\u00e4 vedenpit\u00e4v\u00e4 rantateltta suuri tila\" width=\"750\" height=\"676.875\" data-src=\"\/\/sc01.alicdn.com\/kf\/HTB1lMEAaYH1gK0jSZFwq6A7aXXaG\/222400006\/HTB1lMEAaYH1gK0jSZFwq6A7aXXaG.jpg\" data-alt=\"Large throw tent outdoor 3-4 persons automatic speed open throwing pop up windproof waterproof beach camping tent large space\" \/><img decoding=\"async\" src=\"\/\/sc01.alicdn.com\/kf\/HTB1U4wya7Y2gK0jSZFgq6A5OFXaP\/222400006\/HTB1U4wya7Y2gK0jSZFgq6A5OFXaP.jpg\" alt=\"Iso heittoteltta ulkona 3-4 hengelle automaattinen nopeus avoin heitt\u00e4v\u00e4 pop up tuulenpit\u00e4v\u00e4 vedenpit\u00e4v\u00e4 rantateltta suuri tila\" width=\"750\" height=\"725.6250000000001\" data-src=\"\/\/sc01.alicdn.com\/kf\/HTB1U4wya7Y2gK0jSZFgq6A5OFXaP\/222400006\/HTB1U4wya7Y2gK0jSZFgq6A5OFXaP.jpg\" data-alt=\"Large throw tent outdoor 3-4 persons automatic speed open throwing pop up windproof waterproof beach camping tent large space\" \/><img decoding=\"async\" src=\"\/\/sc01.alicdn.com\/kf\/HTB1ZuMya2b2gK0jSZK9q6yEgFXad\/222400006\/HTB1ZuMya2b2gK0jSZK9q6yEgFXad.jpg\" alt=\"Iso heittoteltta ulkona 3-4 hengelle automaattinen nopeus avoin heitt\u00e4v\u00e4 pop up tuulenpit\u00e4v\u00e4 vedenpit\u00e4v\u00e4 rantateltta suuri tila\" width=\"750\" height=\"684.375\" data-src=\"\/\/sc01.alicdn.com\/kf\/HTB1ZuMya2b2gK0jSZK9q6yEgFXad\/222400006\/HTB1ZuMya2b2gK0jSZK9q6yEgFXad.jpg\" data-alt=\"Large throw tent outdoor 3-4 persons automatic speed open throwing pop up windproof waterproof beach camping tent large space\" \/><img decoding=\"async\" src=\"\/\/sc02.alicdn.com\/kf\/HTB1cgUya7P2gK0jSZPxq6ycQpXaD\/222400006\/HTB1cgUya7P2gK0jSZPxq6ycQpXaD.jpg\" alt=\"Iso heittoteltta ulkona 3-4 hengelle automaattinen nopeus avoin heitt\u00e4v\u00e4 pop up tuulenpit\u00e4v\u00e4 vedenpit\u00e4v\u00e4 rantateltta suuri tila\" width=\"750\" height=\"1042.5\" data-src=\"\/\/sc02.alicdn.com\/kf\/HTB1cgUya7P2gK0jSZPxq6ycQpXaD\/222400006\/HTB1cgUya7P2gK0jSZPxq6ycQpXaD.jpg\" data-alt=\"Large throw tent outdoor 3-4 persons automatic speed open throwing pop up windproof waterproof beach camping tent large space\" \/><img decoding=\"async\" src=\"\/\/sc02.alicdn.com\/kf\/HTB1v_ZzaYr1gK0jSZR0q6zP8XXaj\/222400006\/HTB1v_ZzaYr1gK0jSZR0q6zP8XXaj.jpg\" alt=\"Iso heittoteltta ulkona 3-4 hengelle automaattinen nopeus avoin heitt\u00e4v\u00e4 pop up tuulenpit\u00e4v\u00e4 vedenpit\u00e4v\u00e4 rantateltta suuri tila\" width=\"750\" height=\"935.625\" data-src=\"\/\/sc02.alicdn.com\/kf\/HTB1v_ZzaYr1gK0jSZR0q6zP8XXaj\/222400006\/HTB1v_ZzaYr1gK0jSZR0q6zP8XXaj.jpg\" data-alt=\"Large throw tent outdoor 3-4 persons automatic speed open throwing pop up windproof waterproof beach camping tent large space\" \/><img decoding=\"async\" src=\"\/\/sc01.alicdn.com\/kf\/HTB1KH7BaYj1gK0jSZFOq6A7GpXag\/222400006\/HTB1KH7BaYj1gK0jSZFOq6A7GpXag.jpg\" alt=\"Iso heittoteltta ulkona 3-4 hengelle automaattinen nopeus avoin heitt\u00e4v\u00e4 pop up tuulenpit\u00e4v\u00e4 vedenpit\u00e4v\u00e4 rantateltta suuri tila\" width=\"750\" height=\"736.875\" data-src=\"\/\/sc01.alicdn.com\/kf\/HTB1KH7BaYj1gK0jSZFOq6A7GpXag\/222400006\/HTB1KH7BaYj1gK0jSZFOq6A7GpXag.jpg\" data-alt=\"Large throw tent outdoor 3-4 persons automatic speed open throwing pop up windproof waterproof beach camping tent large space\" \/><\/p>\n<\/div>","protected":false},"excerpt":{"rendered":"<p>Pylv\u00e4smateriaali: lasikuitu Tyyppi: 3-4 hengen Teltan kangas: Oxford-kangas Kerrokset: Kaksinkertainen Suuri heittoteltta ulkona 3-4 hengelle automaattinen nopeus auki heitt\u00e4v\u00e4 pop up tuulenpit\u00e4v\u00e4 vedenpit\u00e4v\u00e4 rantateltta teltta suuri tila 1, Family Camping Tents on pop-up -muotoilu , avautuu 5 sekunnissa; taitettava, helppo kuljettaa, vain 3,7 kg. 2, verkkoovet<\/p>\n<div class=\"read-more\"><a class=\"btn btn-fill-out\" href=\"https:\/\/uoogear.com\/fi\/tuote\/large-throw-tent-outdoor-3-4-persons-automatic-speed-open-throwing-pop-up-windproof-waterproof-beach-camping-tent-large-space\/\">Lue lis\u00e4\u00e4<\/a><\/div>","protected":false},"featured_media":4850,"template":"","meta":[],"product_brand":[],"product_cat":[15],"product_tag":[],"class_list":{"0":"post-4852","1":"product","2":"type-product","3":"status-publish","4":"has-post-thumbnail","6":"product_cat-uncategorized","7":"tm-no-options","9":"first","10":"instock","11":"shipping-taxable","12":"purchasable","13":"product-type-variable"},"_links":{"self":[{"href":"https:\/\/uoogear.com\/fi\/wp-json\/wp\/v2\/product\/4852","targetHints":{"allow":["GET"]}}],"collection":[{"href":"https:\/\/uoogear.com\/fi\/wp-json\/wp\/v2\/product"}],"about":[{"href":"https:\/\/uoogear.com\/fi\/wp-json\/wp\/v2\/types\/product"}],"wp:featuredmedia":[{"embeddable":true,"href":"https:\/\/uoogear.com\/fi\/wp-json\/wp\/v2\/media\/4850"}],"wp:attachment":[{"href":"https:\/\/uoogear.com\/fi\/wp-json\/wp\/v2\/media?parent=4852"}],"wp:term":[{"taxonomy":"product_brand","embeddable":true,"href":"https:\/\/uoogear.com\/fi\/wp-json\/wp\/v2\/product_brand?post=4852"},{"taxonomy":"product_cat","embeddable":true,"href":"https:\/\/uoogear.com\/fi\/wp-json\/wp\/v2\/product_cat?post=4852"},{"taxonomy":"product_tag","embeddable":true,"href":"https:\/\/uoogear.com\/fi\/wp-json\/wp\/v2\/product_tag?post=4852"}],"curies":[{"name":"wp","href":"https:\/\/api.w.org\/{rel}","templated":true}]}}