{"id":4867,"date":"2023-11-14T02:55:03","date_gmt":"2023-11-14T02:55:03","guid":{"rendered":"https:\/\/uoogear.com\/product\/npot-customized-rooftop-car-tent-roof-rooftop-roof-tent-4-person-rooftop-tent-hard-shell\/"},"modified":"2023-11-30T08:54:13","modified_gmt":"2023-11-30T08:54:13","slug":"npot-customized-rooftop-car-tent-roof-rooftop-roof-tent-4-person-rooftop-tent-hard-shell","status":"publish","type":"product","link":"https:\/\/uoogear.com\/fi\/tuote\/npot-customized-rooftop-car-tent-roof-rooftop-roof-tent-4-person-rooftop-tent-hard-shell\/","title":{"rendered":"NPOT R\u00e4\u00e4t\u00e4l\u00f6ity kattoautoteltta katto kattoteltta 4 hengen kattoteltta kova kuori"},"content":{"rendered":"<ul>\n<li><strong>Alue: <\/strong> 0,54 neli\u00f6metri\u00e4<\/li>\n<li><strong>Kangas: <\/strong> Canvas\/Oxford-kangas<\/li>\n<li><strong>Ulkoteltan vedenpit\u00e4vyysindeksi: <\/strong> 2000-3000 mm<\/li>\n<li><strong>Alin vedenpit\u00e4vyysindeksi: <\/strong> &gt; 3000 mm<\/li>\n<li><strong>Teltan tyyli: <\/strong> Naamiointi\/kentt\u00e4peli<\/li>\n<li><strong>Kausi: <\/strong> Kolmen vuodenajan teltta, nelj\u00e4n vuodenajan teltta<\/li>\n<li><strong>Rakenne: <\/strong> Kaksi makuuhuonetta<\/li>\n<li><strong>Tyyppi : <\/strong> katolla oleva autoteltta<\/li>\n<li><strong>V\u00e4ri: <\/strong> metalli<\/li>\n<li><strong>Toiminto: <\/strong> Nopeasti avattava retkeilyteltta<\/li>\n<li><strong>Ominaisuus: <\/strong> UV-kest\u00e4v\u00e4 50+<\/li>\n<li><strong>lent\u00e4\u00e4: <\/strong> 420D polyesteri<\/li>\n<li><strong>Napan materiaali: <\/strong> Alumiini<\/li>\n<li><strong>Koko : <\/strong> 168cm*210cm*130cm<\/li>\n<li><strong>Paino: <\/strong> 76,1 kg<\/li>\n<\/ul>\n<div>\n<div data-section=\"AliPostDhMb-cm8h5\" data-section-title=\"Product Description\">\n<div>Tuotteen Kuvaus<\/div>\n<div>\n<p>&nbsp;<\/p>\n<h1>R\u00e4\u00e4t\u00e4l\u00f6ity kattoautoteltta katolla<\/h1>\n<p><img loading=\"lazy\" decoding=\"async\" src=\"https:\/\/uoogear.com\/wp-content\/uploads\/2023\/11\/H8f28781d077e4eb081fdcb641db74dfd2-wpp1701334016258.webp\" alt=\"NPOT R\u00e4\u00e4t\u00e4l\u00f6ity kattoautoteltta katto kattoteltta 4 hengen kattoteltta kova kuori\" width=\"750\" height=\"750\" data-src=\"https:\/\/uoogear.com\/wp-content\/uploads\/2023\/11\/H8f28781d077e4eb081fdcb641db74dfd2-wpp1701334016258.webp\" data-alt=\"NPOT Customized rooftop car tent roof rooftop roof tent 4 person rooftop tent hard shell\" \/> <img loading=\"lazy\" decoding=\"async\" src=\"https:\/\/uoogear.com\/wp-content\/uploads\/2023\/11\/H76a304b388f849a2a0893419bd3dd0a8V.webp\" alt=\"NPOT R\u00e4\u00e4t\u00e4l\u00f6ity kattoautoteltta katto kattoteltta 4 hengen kattoteltta kova kuori\" width=\"750\" height=\"750\" data-src=\"https:\/\/uoogear.com\/wp-content\/uploads\/2023\/11\/H76a304b388f849a2a0893419bd3dd0a8V.webp\" data-alt=\"NPOT Customized rooftop car tent roof rooftop roof tent 4 person rooftop tent hard shell\" \/> <img loading=\"lazy\" decoding=\"async\" src=\"https:\/\/uoogear.com\/wp-content\/uploads\/2023\/11\/H0a00af5c72954173a33759bfeeba33aaB.webp\" alt=\"NPOT R\u00e4\u00e4t\u00e4l\u00f6ity kattoautoteltta katto kattoteltta 4 hengen kattoteltta kova kuori\" width=\"750\" height=\"750\" data-src=\"https:\/\/uoogear.com\/wp-content\/uploads\/2023\/11\/H0a00af5c72954173a33759bfeeba33aaB.webp\" data-alt=\"NPOT Customized rooftop car tent roof rooftop roof tent 4 person rooftop tent hard shell\" \/> <img loading=\"lazy\" decoding=\"async\" src=\"https:\/\/uoogear.com\/wp-content\/uploads\/2023\/11\/Haa8adad7833b4beea4f9188bbef99989V.webp\" alt=\"NPOT R\u00e4\u00e4t\u00e4l\u00f6ity kattoautoteltta katto kattoteltta 4 hengen kattoteltta kova kuori\" width=\"750\" height=\"750\" data-src=\"https:\/\/uoogear.com\/wp-content\/uploads\/2023\/11\/Haa8adad7833b4beea4f9188bbef99989V.webp\" data-alt=\"NPOT Customized rooftop car tent roof rooftop roof tent 4 person rooftop tent hard shell\" \/><\/p>\n<\/div>\n<\/div>\n<\/div>","protected":false},"excerpt":{"rendered":"<p>Pinta-ala: 0,54 neli\u00f6metri\u00e4 Kangas: Kangas\/Oxford-kangas Ulkoteltan Vedenpit\u00e4v\u00e4 Indeksi: 2000-3000 Mm Pohja Vedenpit\u00e4v\u00e4 Indeksi: &gt;3000 mm Telttatyyli: Naamiointi\/Pentopeli Kausi: Kolmen vuodenajan teltta, Nelikerroksinen teltta Tyyppi: Kaksikerroksinen kattoautoteltta V\u00e4ri : metalli Toiminto : Pika-avattava retkeilyteltta Ominaisuus : UV-kest\u00e4v\u00e4 50+ Fly : 420D<\/p>\n<div class=\"read-more\"><a class=\"btn btn-fill-out\" href=\"https:\/\/uoogear.com\/fi\/tuote\/npot-customized-rooftop-car-tent-roof-rooftop-roof-tent-4-person-rooftop-tent-hard-shell\/\">Lue lis\u00e4\u00e4<\/a><\/div>","protected":false},"featured_media":4866,"template":"","meta":[],"product_brand":[],"product_cat":[15],"product_tag":[],"class_list":{"0":"post-4867","1":"product","2":"type-product","3":"status-publish","4":"has-post-thumbnail","6":"product_cat-uncategorized","7":"tm-no-options","9":"first","10":"instock","11":"shipping-taxable","12":"purchasable","13":"product-type-variable"},"_links":{"self":[{"href":"https:\/\/uoogear.com\/fi\/wp-json\/wp\/v2\/product\/4867","targetHints":{"allow":["GET"]}}],"collection":[{"href":"https:\/\/uoogear.com\/fi\/wp-json\/wp\/v2\/product"}],"about":[{"href":"https:\/\/uoogear.com\/fi\/wp-json\/wp\/v2\/types\/product"}],"wp:featuredmedia":[{"embeddable":true,"href":"https:\/\/uoogear.com\/fi\/wp-json\/wp\/v2\/media\/4866"}],"wp:attachment":[{"href":"https:\/\/uoogear.com\/fi\/wp-json\/wp\/v2\/media?parent=4867"}],"wp:term":[{"taxonomy":"product_brand","embeddable":true,"href":"https:\/\/uoogear.com\/fi\/wp-json\/wp\/v2\/product_brand?post=4867"},{"taxonomy":"product_cat","embeddable":true,"href":"https:\/\/uoogear.com\/fi\/wp-json\/wp\/v2\/product_cat?post=4867"},{"taxonomy":"product_tag","embeddable":true,"href":"https:\/\/uoogear.com\/fi\/wp-json\/wp\/v2\/product_tag?post=4867"}],"curies":[{"name":"wp","href":"https:\/\/api.w.org\/{rel}","templated":true}]}}