{"id":5005,"date":"2023-11-14T03:13:24","date_gmt":"2023-11-14T03:13:24","guid":{"rendered":"https:\/\/uoogear.com\/product\/2022-new-hard-shell-aluminum-suv-car-roof-top-tent-aluminum-shell-waterproof-camping-rooftop-tent\/"},"modified":"2024-04-02T22:25:23","modified_gmt":"2024-04-02T14:25:23","slug":"2022-new-hard-shell-aluminum-suv-car-roof-top-tent-aluminum-shell-waterproof-camping-rooftop-tent","status":"publish","type":"product","link":"https:\/\/uoogear.com\/fi\/tuote\/2022-new-hard-shell-aluminum-suv-car-roof-top-tent-aluminum-shell-waterproof-camping-rooftop-tent\/","title":{"rendered":"2022 Uusi kovakuorinen alumiininen maastoauto kattoteltta Alumiini Shell Vedenpit\u00e4v\u00e4 Camping Kattoteltta"},"content":{"rendered":"<ul>\n<li><strong>Alue: <\/strong> 217*130*155cm<\/li>\n<li><strong>Kangas: <\/strong> Kangas<\/li>\n<li><strong>Ulkoteltan vedenpit\u00e4vyysindeksi: <\/strong> &gt; 3000 mm<\/li>\n<li><strong>Alin vedenpit\u00e4vyysindeksi: <\/strong> 2000-3000 mm<\/li>\n<li><strong>Rakennustyyppi: <\/strong> Nopea automaattinen avaus<\/li>\n<li><strong>Teltan tyyli: <\/strong> Laajennettu tyyppi<\/li>\n<li><strong>Kausi: <\/strong> Kolmen vuodenajan teltta<\/li>\n<li><strong>Rakenne: <\/strong> Yksi makuuhuone<\/li>\n<li><strong>Koko : <\/strong> 217*130*155cm<\/li>\n<li><strong>Peite : <\/strong> Alumiininen kuoren kansi<\/li>\n<li><strong>Pohja: <\/strong> Alumiini<\/li>\n<li><strong>Tikkaat: <\/strong> Alumiiniset teleskooppitikkaat<\/li>\n<li><strong>Patja: <\/strong> Muodontumaton sienipatja<\/li>\n<li><strong>1kpl\/ctn GW: <\/strong> 82KG, 225*137*33cmcm<\/li>\n<\/ul>\n<div>\n<div>\n<div data-magic-global=\"%7B%22bizId%22%3A3034306692%2C%22pageId%22%3A21077026857%2C%22siteId%22%3A5005259191%7D\">\n<div>\n<div>\n<div>\n<div>\n<div>\n<div><img decoding=\"async\" src=\"https:\/\/uoogear.com\/wp-content\/uploads\/2023\/11\/H08b8e51067574043bbe7ea9e5255ab78K.webp\" data-src=\"https:\/\/uoogear.com\/wp-content\/uploads\/2023\/11\/H08b8e51067574043bbe7ea9e5255ab78K.webp\" \/><\/div>\n<\/div>\n<\/div>\n<\/div>\n<\/div>\n<\/div>\n<div><\/div>\n<div>\n<div>\n<div>\n<div>\n<div>\n<div><\/div>\n<\/div>\n<\/div>\n<\/div>\n<\/div>\n<\/div>\n<div><\/div>\n<\/div>\n<\/div>\n<div data-section=\"AliMagic-ruejez\" data-section-title=\"Specification\">\n<div>Erittely<\/div>\n<p>Erittely<\/p>\n<\/div>\n<div>\n<div>\n<div>\n<h3>Avainominaisuus:<\/h3>\n<div>\n<div>\n<div>1. Helppo avata ja sulkea, \u00e4l\u00e4 koskaan ole huolissasi laadusta. 2. Pid\u00e4 sinut poissa sateelta, tuulelta, m\u00e4r\u00e4lt\u00e4, kylm\u00e4lt\u00e4 ja hy\u00f6nteisilt\u00e4. 3. Tee itseajamisestasi mukavampi. 4. Raskaaseen k\u00e4ytt\u00f6\u00f6n tarkoitettu ABS-kansi tarjoaa tehokkaan suojan teltalle. 5. Suuret ikkunat tarjoavat hyv\u00e4n ilmanvaihdon ja mahdollistavat suuremman ilmavirran koko teltassa. 6. Asennus on yksinkertainen, yksi henkil\u00f6 voi suorittaa. 7.Ei \u00e4\u00e4nt\u00e4, kun ajoneuvo on k\u00e4ynniss\u00e4. 8.Tuote on halpahintainen ja voi korvata matkailuauton matkustamisen.<\/div>\n<\/div>\n<\/div>\n<\/div>\n<\/div>\n<\/div>\n<div>\n<div>\n<div>\n<div>\n<div>\n<div><img decoding=\"async\" src=\"https:\/\/uoogear.com\/wp-content\/uploads\/2023\/11\/H70e73017a8f44a34864eb3e765c9c39e0.webp\" data-src=\"https:\/\/uoogear.com\/wp-content\/uploads\/2023\/11\/H70e73017a8f44a34864eb3e765c9c39e0.webp\" \/><\/div>\n<\/div>\n<\/div>\n<div>\n<div>\n<div>\n<table>\n<tbody>\n<tr>\n<td>\n<div>Kausi<\/div>\n<\/td>\n<td>\n<div>Kolmen vuodenajan teltta<\/div>\n<\/td>\n<\/tr>\n<tr>\n<td>\n<div>Rakenne<\/div>\n<\/td>\n<td>\n<div>Yksi makuuhuone<\/div>\n<\/td>\n<\/tr>\n<tr>\n<td>\n<div>Koko<\/div>\n<\/td>\n<td>\n<div>217*130*155cm<\/div>\n<\/td>\n<\/tr>\n<tr>\n<td>\n<div>Peite<\/div>\n<\/td>\n<td>\n<div>Alumiininen kuoren kansi<\/div>\n<\/td>\n<\/tr>\n<tr>\n<td>\n<div>Pohja<\/div>\n<\/td>\n<td>\n<div>Alumiini<\/div>\n<\/td>\n<\/tr>\n<tr>\n<td>\n<div>Tikapuut<\/div>\n<\/td>\n<td>\n<div>Alumiiniset teleskooppitikkaat<\/div>\n<\/td>\n<\/tr>\n<tr>\n<td>\n<div>Patja<\/div>\n<\/td>\n<td>\n<div>Muodontumaton sienipatja<\/div>\n<\/td>\n<\/tr>\n<tr>\n<td>\n<div>1kpl\/ctn GW<\/div>\n<\/td>\n<td>\n<div>82KG, 225*137*33cmcm<\/div>\n<\/td>\n<\/tr>\n<\/tbody>\n<\/table>\n<\/div>\n<\/div>\n<\/div>\n<\/div>\n<\/div>\n<\/div>\n<div>\n<div>\n<div><img decoding=\"async\" src=\"https:\/\/uoogear.com\/wp-content\/uploads\/2023\/11\/H43f42d0819a349b3a7659abec1bcb41dN.webp\" data-src=\"https:\/\/uoogear.com\/wp-content\/uploads\/2023\/11\/H43f42d0819a349b3a7659abec1bcb41dN.webp\" \/><\/div>\n<div><img decoding=\"async\" src=\"https:\/\/uoogear.com\/wp-content\/uploads\/2023\/11\/H828fcd72b34d4752b7e38a1a80d01505A.webp\" data-src=\"https:\/\/uoogear.com\/wp-content\/uploads\/2023\/11\/H828fcd72b34d4752b7e38a1a80d01505A.webp\" \/><\/div>\n<div><img decoding=\"async\" src=\"https:\/\/uoogear.com\/wp-content\/uploads\/2023\/11\/H64ae03066acd4d80a995b990565ee575Y.webp\" data-src=\"https:\/\/uoogear.com\/wp-content\/uploads\/2023\/11\/H64ae03066acd4d80a995b990565ee575Y.webp\" \/><\/div>\n<div><img decoding=\"async\" src=\"https:\/\/uoogear.com\/wp-content\/uploads\/2023\/11\/H5a45ba0a7b204f12bba19123bbc8f9adU.webp\" data-src=\"https:\/\/uoogear.com\/wp-content\/uploads\/2023\/11\/H5a45ba0a7b204f12bba19123bbc8f9adU.webp\" \/><\/div>\n<div><img decoding=\"async\" src=\"https:\/\/uoogear.com\/wp-content\/uploads\/2023\/11\/H9cd6a2826cf84a7d99381369d8d2e22bL.webp\" data-src=\"https:\/\/uoogear.com\/wp-content\/uploads\/2023\/11\/H9cd6a2826cf84a7d99381369d8d2e22bL.webp\" \/><\/div>\n<div><img decoding=\"async\" src=\"https:\/\/uoogear.com\/wp-content\/uploads\/2023\/11\/H70e73017a8f44a34864eb3e765c9c39e0.webp\" data-src=\"https:\/\/uoogear.com\/wp-content\/uploads\/2023\/11\/H70e73017a8f44a34864eb3e765c9c39e0.webp\" \/><\/div>\n<div><\/div>\n<\/div>\n<\/div>\n<\/div>","protected":false},"excerpt":{"rendered":"<p>Pinta-ala : 217 * 130 * 155 cm Kangas : Kangas Ulkoteltan vedenpit\u00e4v\u00e4 indeksi : &gt;3000 mm Pohja Vedenpit\u00e4v\u00e4 Indeksi : 2000-3000 Mm Rakennustyyppi : Nopeasti avautuva teltta Tyyli : Laajennettu tyyppi Kausi : Kolmen vuodenajan telttarakenne 27 kokoa : Yksi telttarakenne 27 : *130*155CM P\u00e4\u00e4llinen: Alumiininen kuorip\u00e4\u00e4llinen Pohja: Alumiini Tikkaat: Alumiininen Teleskooppitikkaat Patja<\/p>\n<div class=\"read-more\"><a class=\"btn btn-fill-out\" href=\"https:\/\/uoogear.com\/fi\/tuote\/2022-new-hard-shell-aluminum-suv-car-roof-top-tent-aluminum-shell-waterproof-camping-rooftop-tent\/\">Lue lis\u00e4\u00e4<\/a><\/div>","protected":false},"featured_media":5004,"template":"","meta":[],"product_brand":[],"product_cat":[15],"product_tag":[],"class_list":{"0":"post-5005","1":"product","2":"type-product","3":"status-publish","4":"has-post-thumbnail","6":"product_cat-uncategorized","7":"tm-no-options","9":"first","10":"instock","11":"shipping-taxable","12":"purchasable","13":"product-type-variable"},"_links":{"self":[{"href":"https:\/\/uoogear.com\/fi\/wp-json\/wp\/v2\/product\/5005","targetHints":{"allow":["GET"]}}],"collection":[{"href":"https:\/\/uoogear.com\/fi\/wp-json\/wp\/v2\/product"}],"about":[{"href":"https:\/\/uoogear.com\/fi\/wp-json\/wp\/v2\/types\/product"}],"wp:featuredmedia":[{"embeddable":true,"href":"https:\/\/uoogear.com\/fi\/wp-json\/wp\/v2\/media\/5004"}],"wp:attachment":[{"href":"https:\/\/uoogear.com\/fi\/wp-json\/wp\/v2\/media?parent=5005"}],"wp:term":[{"taxonomy":"product_brand","embeddable":true,"href":"https:\/\/uoogear.com\/fi\/wp-json\/wp\/v2\/product_brand?post=5005"},{"taxonomy":"product_cat","embeddable":true,"href":"https:\/\/uoogear.com\/fi\/wp-json\/wp\/v2\/product_cat?post=5005"},{"taxonomy":"product_tag","embeddable":true,"href":"https:\/\/uoogear.com\/fi\/wp-json\/wp\/v2\/product_tag?post=5005"}],"curies":[{"name":"wp","href":"https:\/\/api.w.org\/{rel}","templated":true}]}}