{"id":5033,"date":"2023-11-14T03:16:39","date_gmt":"2023-11-14T03:16:39","guid":{"rendered":"https:\/\/uoogear.com\/product\/hard-shell-roof-top-tent-camper-for-car-roof-top-tent-rooftop-tent\/"},"modified":"2023-12-02T06:02:05","modified_gmt":"2023-12-02T06:02:05","slug":"hard-shell-roof-top-tent-camper-for-car-roof-top-tent-rooftop-tent","status":"publish","type":"product","link":"https:\/\/uoogear.com\/fi\/tuote\/hard-shell-roof-top-tent-camper-for-car-roof-top-tent-rooftop-tent\/","title":{"rendered":"Hard Shell -kattotelttavaunu autokattotelttaan"},"content":{"rendered":"<ul>\n<li><strong>Alue: <\/strong> 2.8<\/li>\n<li><strong>Kangas: <\/strong> Oxford<\/li>\n<li><strong>Ulkoteltan vedenpit\u00e4vyysindeksi: <\/strong> &gt; 3000 mm<\/li>\n<li><strong>Alin vedenpit\u00e4vyysindeksi: <\/strong> &gt; 3000 mm<\/li>\n<li><strong>Teltan tyyli: <\/strong> Suora tukityyppi<\/li>\n<li><strong>Kausi: <\/strong> Nelj\u00e4n vuodenajan teltta<\/li>\n<li><strong>Rakenne: <\/strong> Yksi makuuhuone<\/li>\n<li><strong>Tuotteen nimi : <\/strong> Kattoteltta<\/li>\n<li><strong>V\u00e4ri: <\/strong> harmaa, armeija, oranssi, musta<\/li>\n<li><strong>Koko : <\/strong> 216cm*130cm*105cm<\/li>\n<li><strong>Logo: <\/strong> Hyv\u00e4ksy mukautettu logo<\/li>\n<li><strong>Paino: <\/strong> 79 kg<\/li>\n<li><strong>Tikkaat: <\/strong> 2,2 m alumiiniseoksesta valmistetut teleskooppitikkaat<\/li>\n<li><strong>Kehyksen materiaali: <\/strong> ABS muovia<\/li>\n<li><strong>Pakkauskoko : <\/strong> 225*145*39cm<\/li>\n<li><strong>Patja: <\/strong> 5 cm<\/li>\n<li><strong>OEM\/ODM: <\/strong> Hyv\u00e4ksytt\u00e4v\u00e4<\/li>\n<\/ul>\n<div>\n<div>\n<div data-magic-global=\"%7B%22bizId%22%3A2849203320%2C%22pageId%22%3A20118148475%2C%22siteId%22%3A5004976044%7D\">\n<div>\n<div>\n<div>\n<div>\n<div>\n<div><img decoding=\"async\" src=\"https:\/\/uoogear.com\/wp-content\/uploads\/2023\/11\/Hf606e0171374489382ae6e606f174e7aH.webp\" data-src=\"https:\/\/uoogear.com\/wp-content\/uploads\/2023\/11\/Hf606e0171374489382ae6e606f174e7aH.webp\" \/><\/div>\n<\/div>\n<\/div>\n<\/div>\n<\/div>\n<\/div>\n<div>\n<div>\n<div>\n<div>\n<div>\n<div><img decoding=\"async\" src=\"https:\/\/uoogear.com\/wp-content\/uploads\/2023\/11\/Hdf3e68c8884b48edbe0a99d308075c9ac.webp\" data-src=\"https:\/\/uoogear.com\/wp-content\/uploads\/2023\/11\/Hdf3e68c8884b48edbe0a99d308075c9ac.webp\" \/><\/div>\n<\/div>\n<\/div>\n<\/div>\n<\/div>\n<\/div>\n<div>\n<div>\n<div>\n<div>\n<div>\n<div><img decoding=\"async\" src=\"https:\/\/uoogear.com\/wp-content\/uploads\/2023\/11\/H863622b8be0d42b599950ea55cb5382ct.webp\" data-src=\"https:\/\/uoogear.com\/wp-content\/uploads\/2023\/11\/H863622b8be0d42b599950ea55cb5382ct.webp\" \/><\/div>\n<\/div>\n<\/div>\n<\/div>\n<\/div>\n<\/div>\n<div>\n<div>\n<table>\n<tbody>\n<tr>\n<td>\n<div>tuotteen nimi<\/div>\n<\/td>\n<td>\n<div>Kattoteltta<\/div>\n<\/td>\n<td>\n<div>Tyypit<\/div>\n<\/td>\n<td>\n<div>2-4 henkil\u00f6\u00e4<\/div>\n<\/td>\n<\/tr>\n<tr>\n<td>\n<div>Pahvin koko<\/div>\n<\/td>\n<td>\n<div>225*138*37cm<\/div>\n<\/td>\n<td>\n<div>Kuorman paino<\/div>\n<\/td>\n<td>\n<div>300kg<\/div>\n<\/td>\n<\/tr>\n<tr>\n<td>\n<div>Taitettava koko<\/div>\n<\/td>\n<td>\n<div>218 cm * 130 cm * 33 cm<\/div>\n<\/td>\n<td>\n<div>paino<\/div>\n<\/td>\n<td>\n<div>Nettopaino 79kg, kokonaispaino 110kg<\/div>\n<\/td>\n<\/tr>\n<tr>\n<td>\n<div>Avautuva koko<\/div>\n<\/td>\n<td>\n<div>218cm*130cm*108cm<\/div>\n<\/td>\n<td>\n<div>Rakenne<\/div>\n<\/td>\n<td>\n<div>Muovinen ABS-kuori + vedenpit\u00e4v\u00e4 ruudullinen kangas + ymp\u00e4rist\u00f6yst\u00e4v\u00e4llinen puulevy<\/div>\n<\/td>\n<\/tr>\n<tr>\n<td>\n<div>V\u00e4ri<\/div>\n<\/td>\n<td>\n<div>Valkoinen vaaleanharmaa, valkoinen armeijanvihre\u00e4, valkoinen oranssi, valkoinen khaki, musta vaaleanharmaa, musta armeijanvihre\u00e4, musta khaki, musta oranssi<\/div>\n<\/td>\n<td>\n<div>Sovellettava malli<\/div>\n<\/td>\n<td>\n<div>Kantava poikkipalkki voidaan asentaa kattomaastoautoon, maastoajoneuvoihin, asemaajoneuvoihin, hy\u00f6tyajoneuvoihin<\/div>\n<\/td>\n<\/tr>\n<\/tbody>\n<\/table>\n<\/div>\n<\/div>\n<div>\n<div>\n<div>\n<div>\n<div>\n<div><img decoding=\"async\" src=\"https:\/\/uoogear.com\/wp-content\/uploads\/2023\/11\/H38ea71b4cd274ebaadc3404c7ff2c9f1e.webp\" data-src=\"https:\/\/uoogear.com\/wp-content\/uploads\/2023\/11\/H38ea71b4cd274ebaadc3404c7ff2c9f1e.webp\" \/><\/div>\n<\/div>\n<\/div>\n<\/div>\n<\/div>\n<\/div>\n<div>\n<div>\n<div>\n<div>\n<div>\n<div><img decoding=\"async\" src=\"https:\/\/uoogear.com\/wp-content\/uploads\/2023\/11\/Ha12f40b86dc34c568dd06e368a9d0591v.webp\" data-src=\"https:\/\/uoogear.com\/wp-content\/uploads\/2023\/11\/Ha12f40b86dc34c568dd06e368a9d0591v.webp\" \/><\/div>\n<\/div>\n<\/div>\n<\/div>\n<\/div>\n<\/div>\n<div>\n<div>\n<div>\n<div>\n<div>\n<div><img decoding=\"async\" src=\"https:\/\/uoogear.com\/wp-content\/uploads\/2023\/11\/Heb3b328ae01e4b38889e96959597543f8.webp\" data-src=\"https:\/\/uoogear.com\/wp-content\/uploads\/2023\/11\/Heb3b328ae01e4b38889e96959597543f8.webp\" \/><\/div>\n<\/div>\n<\/div>\n<\/div>\n<\/div>\n<\/div>\n<div>\n<div>\n<div>\n<div>\n<div>\n<div><\/div>\n<\/div>\n<\/div>\n<\/div>\n<\/div>\n<\/div>\n<div><\/div>\n<div>\n<div>\n<div>\n<div>\n<div><\/div>\n<\/div>\n<\/div>\n<\/div>\n<\/div>\n<div><\/div>\n<\/div>\n<\/div>\n<div data-section=\"AliPostDhMb-8cqjr\" data-section-title=\"Company Information\">\n<div><\/div>\n<\/div>\n<div>\n<div>\n<div>\n<div>\n<div>\n<div>\n<div><\/div>\n<\/div>\n<\/div>\n<\/div>\n<\/div>\n<\/div>\n<\/div>\n<\/div>","protected":false},"excerpt":{"rendered":"<p>Pinta-ala : 2,8 Kangas : Oxford Outside Tent Vedenpit\u00e4v\u00e4 indeksi : &gt;3000 mm Pohja Vedenpit\u00e4v\u00e4 Indeksi : &gt;3000 mm Teltan tyyli : Suora tukityyppi Kausi : Nelj\u00e4n vuodenajan telttarakenne : Yhden makuuhuoneen tuotenimi : Kattoteltan v\u00e4ri , harmaa, harmaa ,musta Koko: 216cm * 130cm * 105cm Logo: Hyv\u00e4ksy mukautettu logo Paino: 79Kg Tikkaat:<\/p>\n<div class=\"read-more\"><a class=\"btn btn-fill-out\" href=\"https:\/\/uoogear.com\/fi\/tuote\/hard-shell-roof-top-tent-camper-for-car-roof-top-tent-rooftop-tent\/\">Lue lis\u00e4\u00e4<\/a><\/div>","protected":false},"featured_media":5032,"template":"","meta":[],"product_brand":[],"product_cat":[15],"product_tag":[],"class_list":{"0":"post-5033","1":"product","2":"type-product","3":"status-publish","4":"has-post-thumbnail","6":"product_cat-uncategorized","7":"tm-no-options","9":"first","10":"instock","11":"shipping-taxable","12":"purchasable","13":"product-type-variable"},"_links":{"self":[{"href":"https:\/\/uoogear.com\/fi\/wp-json\/wp\/v2\/product\/5033","targetHints":{"allow":["GET"]}}],"collection":[{"href":"https:\/\/uoogear.com\/fi\/wp-json\/wp\/v2\/product"}],"about":[{"href":"https:\/\/uoogear.com\/fi\/wp-json\/wp\/v2\/types\/product"}],"wp:featuredmedia":[{"embeddable":true,"href":"https:\/\/uoogear.com\/fi\/wp-json\/wp\/v2\/media\/5032"}],"wp:attachment":[{"href":"https:\/\/uoogear.com\/fi\/wp-json\/wp\/v2\/media?parent=5033"}],"wp:term":[{"taxonomy":"product_brand","embeddable":true,"href":"https:\/\/uoogear.com\/fi\/wp-json\/wp\/v2\/product_brand?post=5033"},{"taxonomy":"product_cat","embeddable":true,"href":"https:\/\/uoogear.com\/fi\/wp-json\/wp\/v2\/product_cat?post=5033"},{"taxonomy":"product_tag","embeddable":true,"href":"https:\/\/uoogear.com\/fi\/wp-json\/wp\/v2\/product_tag?post=5033"}],"curies":[{"name":"wp","href":"https:\/\/api.w.org\/{rel}","templated":true}]}}