{"id":5070,"date":"2023-11-14T03:19:56","date_gmt":"2023-11-14T03:19:56","guid":{"rendered":"https:\/\/uoogear.com\/product\/aluminum-alloy-honeycomb-plate-triangle-shape-outdoor-camping-car-roof-top-tent\/"},"modified":"2023-12-02T06:00:39","modified_gmt":"2023-12-02T06:00:39","slug":"aluminum-alloy-honeycomb-plate-triangle-shape-outdoor-camping-car-roof-top-tent","status":"publish","type":"product","link":"https:\/\/uoogear.com\/fi\/tuote\/aluminum-alloy-honeycomb-plate-triangle-shape-outdoor-camping-car-roof-top-tent\/","title":{"rendered":"Alumiiniseoksesta valmistettu hunajakennolevy kolmion muotoinen ulkok\u00e4ytt\u00f6inen leirint\u00e4auton kattoteltta"},"content":{"rendered":"<ul>\n<li><strong>Kangas: <\/strong> Oxford<\/li>\n<li><strong>Ulkoteltan vedenpit\u00e4vyysindeksi: <\/strong> &gt; 3000 mm<\/li>\n<li><strong>Alin vedenpit\u00e4vyysindeksi: <\/strong> &gt; 3000 mm<\/li>\n<li><strong>Rakennustyyppi: <\/strong> Nopea automaattinen avaus<\/li>\n<li><strong>Teltan tyyli: <\/strong> Diagonaalinen j\u00e4ykistystyyppi<\/li>\n<li><strong>Kausi: <\/strong> Nelj\u00e4n vuodenajan teltta<\/li>\n<li><strong>Rakenne: <\/strong> Yksi makuuhuone<\/li>\n<li><strong>Kankaan v\u00e4ri: <\/strong> Mukautettu v\u00e4ri<\/li>\n<li><strong>Kuoren materiaali: <\/strong> Alumiiniseoksesta valmistettu hunajakennolevy<\/li>\n<li><strong>Patja: <\/strong> 50mm patja<\/li>\n<li><strong>Lis\u00e4tarvikkeet : <\/strong> Asenna ty\u00f6kalut<\/li>\n<li><strong>Tikkaat: <\/strong> 2,3 m alumiiniset teleskooppitikkaat<\/li>\n<li><strong>Vedenkest\u00e4v\u00e4 : <\/strong> Joo<\/li>\n<\/ul>\n<div>\n<div data-section=\"AliMagic-a1m2ez\" data-section-title=\"Product Description\">\n<p>Tuotteen Kuvaus<\/p>\n<\/div>\n<div>\n<div>\n<div><img decoding=\"async\" src=\"https:\/\/uoogear.com\/wp-content\/uploads\/2023\/11\/Ha2a0faf0a1f84f6ca81cfd7af1b91963G.webp\" data-src=\"https:\/\/uoogear.com\/wp-content\/uploads\/2023\/11\/Ha2a0faf0a1f84f6ca81cfd7af1b91963G.webp\" \/><\/div>\n<div><img decoding=\"async\" src=\"https:\/\/uoogear.com\/wp-content\/uploads\/2023\/11\/H245cec7ab07c447da5034950962aa639n.webp\" data-src=\"https:\/\/uoogear.com\/wp-content\/uploads\/2023\/11\/H245cec7ab07c447da5034950962aa639n.webp\" \/><\/div>\n<div><img decoding=\"async\" src=\"https:\/\/uoogear.com\/wp-content\/uploads\/2023\/11\/H2af6516fda85469688a0b2b5fc74a850m.webp\" data-src=\"https:\/\/uoogear.com\/wp-content\/uploads\/2023\/11\/H2af6516fda85469688a0b2b5fc74a850m.webp\" \/><\/div>\n<div><img decoding=\"async\" src=\"https:\/\/uoogear.com\/wp-content\/uploads\/2023\/11\/H2a7de94578214233a47e79cb75e00bd9L.webp\" data-src=\"https:\/\/uoogear.com\/wp-content\/uploads\/2023\/11\/H2a7de94578214233a47e79cb75e00bd9L.webp\" \/><\/div>\n<div><img decoding=\"async\" src=\"https:\/\/uoogear.com\/wp-content\/uploads\/2023\/11\/Hfe8f9a466d6040beb5ca038ecd6b97b2o.webp\" data-src=\"https:\/\/uoogear.com\/wp-content\/uploads\/2023\/11\/Hfe8f9a466d6040beb5ca038ecd6b97b2o.webp\" \/><\/div>\n<div><img decoding=\"async\" src=\"https:\/\/uoogear.com\/wp-content\/uploads\/2023\/11\/H3c23965dd700432a8fab58b344c3348en.webp\" data-src=\"https:\/\/uoogear.com\/wp-content\/uploads\/2023\/11\/H3c23965dd700432a8fab58b344c3348en.webp\" \/><\/div>\n<div><img decoding=\"async\" src=\"https:\/\/uoogear.com\/wp-content\/uploads\/2023\/11\/H90e43da2e25949be8ca22af3c8837628o.webp\" data-src=\"https:\/\/uoogear.com\/wp-content\/uploads\/2023\/11\/H90e43da2e25949be8ca22af3c8837628o.webp\" \/><\/div>\n<div><img decoding=\"async\" src=\"https:\/\/uoogear.com\/wp-content\/uploads\/2023\/11\/H4a00215881dd4f1ca73e2d84553ab0c8e.webp\" data-src=\"https:\/\/uoogear.com\/wp-content\/uploads\/2023\/11\/H4a00215881dd4f1ca73e2d84553ab0c8e.webp\" \/><\/div>\n<div><img decoding=\"async\" src=\"https:\/\/uoogear.com\/wp-content\/uploads\/2023\/11\/Hce91dd96e1954619864938dc5a1a076dS.webp\" data-src=\"https:\/\/uoogear.com\/wp-content\/uploads\/2023\/11\/Hce91dd96e1954619864938dc5a1a076dS.webp\" \/><\/div>\n<div><img decoding=\"async\" src=\"https:\/\/uoogear.com\/wp-content\/uploads\/2023\/11\/Hae4fb25124ff4986b8ad255826e8c83ba.webp\" data-src=\"https:\/\/uoogear.com\/wp-content\/uploads\/2023\/11\/Hae4fb25124ff4986b8ad255826e8c83ba.webp\" \/><\/div>\n<\/div>\n<\/div>\n<div>\n<div>\n<div>\n<div>\n<div>\n<div><img decoding=\"async\" src=\"https:\/\/uoogear.com\/wp-content\/uploads\/2023\/11\/Hf139e28276f8473bae6a62ba33b082f2a.webp\" data-src=\"https:\/\/uoogear.com\/wp-content\/uploads\/2023\/11\/Hf139e28276f8473bae6a62ba33b082f2a.webp\" \/><\/div>\n<\/div>\n<\/div>\n<\/div>\n<\/div>\n<\/div>\n<div>\n<div>\n<div>\n<div>\n<div>\n<div><img decoding=\"async\" src=\"https:\/\/uoogear.com\/wp-content\/uploads\/2023\/11\/Ha2b2adce3a6d40348d0612192968b2eb2.webp\" data-src=\"https:\/\/uoogear.com\/wp-content\/uploads\/2023\/11\/Ha2b2adce3a6d40348d0612192968b2eb2.webp\" \/><\/div>\n<\/div>\n<\/div>\n<\/div>\n<\/div>\n<\/div>\n<div><\/div>\n<div data-section=\"AliPostDhMb-xv5fc\" data-section-title=\"Company Information\">\n<div><\/div>\n<div><\/div>\n<\/div>\n<\/div>","protected":false},"excerpt":{"rendered":"<p>Kangas : Oxford Outside Tent Vedenpit\u00e4v\u00e4 Indeksi : &gt;3000 mm Pohja Vedenpit\u00e4v\u00e4 Indeksi : &gt;3000 mm Rakennustyyppi : Nopeasti avautuva teltta Tyyli : Diagonaalinen J\u00e4ykistystyyppi Kausi : Nelj\u00e4n vuodenajan telttarakenne : Yksi makuuhuone Kankaan v\u00e4ri : R\u00e4\u00e4t\u00e4l\u00f6ity v\u00e4ri Alumiini Kuori Materiaali: Kaikki materiaali Hunajakennolevypatja: 50 mm patja Tarvikkeet: Asenna<\/p>\n<div class=\"read-more\"><a class=\"btn btn-fill-out\" href=\"https:\/\/uoogear.com\/fi\/tuote\/aluminum-alloy-honeycomb-plate-triangle-shape-outdoor-camping-car-roof-top-tent\/\">Lue lis\u00e4\u00e4<\/a><\/div>","protected":false},"featured_media":5069,"template":"","meta":[],"product_brand":[],"product_cat":[15],"product_tag":[],"class_list":{"0":"post-5070","1":"product","2":"type-product","3":"status-publish","4":"has-post-thumbnail","6":"product_cat-uncategorized","7":"tm-no-options","9":"first","10":"instock","11":"shipping-taxable","12":"purchasable","13":"product-type-variable"},"_links":{"self":[{"href":"https:\/\/uoogear.com\/fi\/wp-json\/wp\/v2\/product\/5070","targetHints":{"allow":["GET"]}}],"collection":[{"href":"https:\/\/uoogear.com\/fi\/wp-json\/wp\/v2\/product"}],"about":[{"href":"https:\/\/uoogear.com\/fi\/wp-json\/wp\/v2\/types\/product"}],"wp:featuredmedia":[{"embeddable":true,"href":"https:\/\/uoogear.com\/fi\/wp-json\/wp\/v2\/media\/5069"}],"wp:attachment":[{"href":"https:\/\/uoogear.com\/fi\/wp-json\/wp\/v2\/media?parent=5070"}],"wp:term":[{"taxonomy":"product_brand","embeddable":true,"href":"https:\/\/uoogear.com\/fi\/wp-json\/wp\/v2\/product_brand?post=5070"},{"taxonomy":"product_cat","embeddable":true,"href":"https:\/\/uoogear.com\/fi\/wp-json\/wp\/v2\/product_cat?post=5070"},{"taxonomy":"product_tag","embeddable":true,"href":"https:\/\/uoogear.com\/fi\/wp-json\/wp\/v2\/product_tag?post=5070"}],"curies":[{"name":"wp","href":"https:\/\/api.w.org\/{rel}","templated":true}]}}