{"id":4125,"date":"2023-11-13T12:04:48","date_gmt":"2023-11-13T12:04:48","guid":{"rendered":"https:\/\/uoogear.com\/product\/outdoor-camping-waterproof-big-size-car-roof-top-tent\/"},"modified":"2025-09-14T16:40:13","modified_gmt":"2025-09-14T08:40:13","slug":"outdoor-camping-waterproof-big-size-car-roof-top-tent","status":"publish","type":"product","link":"https:\/\/uoogear.com\/fr\/produit\/outdoor-camping-waterproof-big-size-car-roof-top-tent\/","title":{"rendered":"Tente de camping en plein air \u00e9tanche sur le toit de voiture de grande taille"},"content":{"rendered":"<ul>\n<li><strong>Zone : <\/strong> 5,89CBM<\/li>\n<li><strong>Tissu : <\/strong> Toile<\/li>\n<li><strong>Indice d&#039;\u00e9tanch\u00e9it\u00e9 de la tente ext\u00e9rieure\u00a0: <\/strong> 2000-3000 millim\u00e8tres, &lt;1000 millim\u00e8tres<\/li>\n<li><strong>Indice d&#039;\u00e9tanch\u00e9it\u00e9 inf\u00e9rieur\u00a0: <\/strong> &gt;3000mm<\/li>\n<li><strong>Type de b\u00e2timent : <\/strong> Ouverture automatique rapide<\/li>\n<li><strong>Style de tente\u00a0: <\/strong> Type de contreventement diagonal<\/li>\n<li><strong>Saison : <\/strong> Tente quatre saisons<\/li>\n<li><strong>Structure : <\/strong> Une chambre<\/li>\n<li><strong>Nom du produit : <\/strong> Tente de toit de voiture de grande taille<\/li>\n<li><strong>Utilisation : <\/strong> Tente de camping en plein air<\/li>\n<li><strong>Mot-cl\u00e9 : <\/strong> tente sur le toit<\/li>\n<li><strong>Taille : <\/strong> 193cmx312cmx121cm<\/li>\n<li><strong>Mat\u00e9riel : <\/strong> Oxford et toile<\/li>\n<li><strong>Application : <\/strong> Tente familiale de camping en plein air<\/li>\n<li><strong>Fonction : <\/strong> Camping en plein air<\/li>\n<li><strong>QUANTIT\u00c9 MINIMALE DE COMMANDE\u00a0: <\/strong> 1 pi\u00e8ce<\/li>\n<li><strong>Mat\u00e9riau du cadre : <\/strong> Poteau en aluminium de 16 mm<\/li>\n<li><strong>Fonctionnalit\u00e9 : <\/strong> \u00c9tanche<\/li>\n<\/ul>\n<div>\n<div data-magic-global=\"%7B%22bizId%22%3A2206962912116%2C%22pageId%22%3A5050923216%2C%22siteId%22%3A5005786273%7D\">\n<div>\n<div>\n<div>\n<div>\n<div>\n<div><\/div>\n<\/div>\n<\/div>\n<\/div>\n<\/div>\n<\/div>\n<div>\n<div data-section=\"AliMagic-n8hjnr\" data-section-title=\"Product Description\">Description du produit<\/div>\n<\/div>\n<div>\n<div><img decoding=\"async\" src=\"\/\/sc02.alicdn.com\/kf\/H96646391c55a4b9cb89aa7ddd5778d537\/240056294\/H96646391c55a4b9cb89aa7ddd5778d537.jpg\" data-src=\"\/\/sc02.alicdn.com\/kf\/H96646391c55a4b9cb89aa7ddd5778d537\/240056294\/H96646391c55a4b9cb89aa7ddd5778d537.jpg\" \/><\/div>\n<\/div>\n<div>\n<div><img decoding=\"async\" src=\"\/\/sc01.alicdn.com\/kf\/H09edf5aa1ebb43eb83ceab228f820e3f1\/240056294\/H09edf5aa1ebb43eb83ceab228f820e3f1.jpg\" data-src=\"\/\/sc01.alicdn.com\/kf\/H09edf5aa1ebb43eb83ceab228f820e3f1\/240056294\/H09edf5aa1ebb43eb83ceab228f820e3f1.jpg\" \/><\/div>\n<div><img decoding=\"async\" src=\"\/\/sc01.alicdn.com\/kf\/H48a6a67cf2ea4309826aa2ec439866837\/240056294\/H48a6a67cf2ea4309826aa2ec439866837.jpg\" data-src=\"\/\/sc01.alicdn.com\/kf\/H48a6a67cf2ea4309826aa2ec439866837\/240056294\/H48a6a67cf2ea4309826aa2ec439866837.jpg\" \/><\/div>\n<div><img decoding=\"async\" src=\"\/\/sc01.alicdn.com\/kf\/H7e54408e61be4f308dad149c5c5e4908m\/240056294\/H7e54408e61be4f308dad149c5c5e4908m.jpg\" data-src=\"\/\/sc01.alicdn.com\/kf\/H7e54408e61be4f308dad149c5c5e4908m\/240056294\/H7e54408e61be4f308dad149c5c5e4908m.jpg\" \/><\/div>\n<\/div>\n<div>\n<div data-section=\"AliMagic-me635g\" data-section-title=\"OEM \/ ODM\" data-spm-anchor-id=\"a2700.details.0.i46.3f651bb00RC8mw\"><\/div>\n<\/div>\n<\/div>\n<\/div>","protected":false},"excerpt":{"rendered":"<p>Superficie : 5,89 CBM Tissu : Toile Indice d&#039;\u00e9tanch\u00e9it\u00e9 de la tente ext\u00e9rieure : 2000-3000 mm, &lt;1000 mm Indice d&#039;\u00e9tanch\u00e9it\u00e9 inf\u00e9rieur : &gt;3000 mm Type de b\u00e2timent : Ouverture automatique rapide Style de tente : Type de contreventement diagonal Saison : Structure de tente quatre saisons : Produit \u00e0 une chambre nom : Tente de toit de voiture de grande taille Utilisation : Tente de camping en plein air<\/p>\n<div class=\"read-more\"><a class=\"btn btn-fill-out\" href=\"https:\/\/uoogear.com\/fr\/produit\/outdoor-camping-waterproof-big-size-car-roof-top-tent\/\">En savoir plus<\/a><\/div>","protected":false},"featured_media":4124,"template":"","meta":[],"product_brand":[],"product_cat":[15],"product_tag":[],"class_list":{"0":"post-4125","1":"product","2":"type-product","3":"status-publish","4":"has-post-thumbnail","6":"product_cat-uncategorized","7":"tm-no-options","9":"first","10":"instock","11":"shipping-taxable","12":"purchasable","13":"product-type-variable"},"_links":{"self":[{"href":"https:\/\/uoogear.com\/fr\/wp-json\/wp\/v2\/product\/4125","targetHints":{"allow":["GET"]}}],"collection":[{"href":"https:\/\/uoogear.com\/fr\/wp-json\/wp\/v2\/product"}],"about":[{"href":"https:\/\/uoogear.com\/fr\/wp-json\/wp\/v2\/types\/product"}],"wp:featuredmedia":[{"embeddable":true,"href":"https:\/\/uoogear.com\/fr\/wp-json\/wp\/v2\/media\/4124"}],"wp:attachment":[{"href":"https:\/\/uoogear.com\/fr\/wp-json\/wp\/v2\/media?parent=4125"}],"wp:term":[{"taxonomy":"product_brand","embeddable":true,"href":"https:\/\/uoogear.com\/fr\/wp-json\/wp\/v2\/product_brand?post=4125"},{"taxonomy":"product_cat","embeddable":true,"href":"https:\/\/uoogear.com\/fr\/wp-json\/wp\/v2\/product_cat?post=4125"},{"taxonomy":"product_tag","embeddable":true,"href":"https:\/\/uoogear.com\/fr\/wp-json\/wp\/v2\/product_tag?post=4125"}],"curies":[{"name":"wp","href":"https:\/\/api.w.org\/{rel}","templated":true}]}}