{"id":4136,"date":"2023-11-13T12:08:31","date_gmt":"2023-11-13T12:08:31","guid":{"rendered":"https:\/\/uoogear.com\/product\/fast-delivery-roof-tent-4x4-car-roof-top\/"},"modified":"2023-11-30T03:51:09","modified_gmt":"2023-11-30T03:51:09","slug":"fast-delivery-roof-tent-4x4-car-roof-top","status":"publish","type":"product","link":"https:\/\/uoogear.com\/fr\/produit\/fast-delivery-roof-tent-4x4-car-roof-top\/","title":{"rendered":"Tente de toit \u00e0 livraison rapide, toit de voiture 4 \u00d7 4"},"content":{"rendered":"<ul>\n<li><strong>Zone : <\/strong> 3,5CBM<\/li>\n<li><strong>Tissu : <\/strong> Toile<\/li>\n<li><strong>Indice d&#039;\u00e9tanch\u00e9it\u00e9 de la tente ext\u00e9rieure\u00a0: <\/strong> &lt;1000mm<\/li>\n<li><strong>Indice d&#039;\u00e9tanch\u00e9it\u00e9 inf\u00e9rieur\u00a0: <\/strong> &gt;3000mm<\/li>\n<li><strong>Type de b\u00e2timent : <\/strong> Ouverture automatique rapide<\/li>\n<li><strong>Style de tente\u00a0: <\/strong> Type de contreventement diagonal<\/li>\n<li><strong>Saison : <\/strong> Tente quatre saisons<\/li>\n<li><strong>Structure : <\/strong> Une chambre<\/li>\n<li><strong>Nom du produit : <\/strong> Tente de camping<\/li>\n<li><strong>Utilisation : <\/strong> Tente de camping en plein air<\/li>\n<li><strong>Mot-cl\u00e9 : <\/strong> tente sur le toit<\/li>\n<li><strong>Taille : <\/strong> 143cmx310cm<\/li>\n<li><strong>Mat\u00e9riel : <\/strong> Toile<\/li>\n<li><strong>Application : <\/strong> Tente familiale de camping en plein air<\/li>\n<li><strong>Fonction : <\/strong> Camping en plein air<\/li>\n<li><strong>QUANTIT\u00c9 MINIMALE DE COMMANDE\u00a0: <\/strong> 1 pi\u00e8ce<\/li>\n<li><strong>Mat\u00e9riau du cadre : <\/strong> Poteau en aluminium de 16 mm<\/li>\n<li><strong>Fonctionnalit\u00e9 : <\/strong> \u00c9tanche<\/li>\n<\/ul>\n<div>\n<div data-magic-global=\"%7B%22bizId%22%3A2206962912116%2C%22pageId%22%3A20006098947%2C%22siteId%22%3A5005786273%7D\">\n<div>\n<div>\n<div>\n<div>\n<div>\n<div><\/div>\n<\/div>\n<\/div>\n<\/div>\n<\/div>\n<\/div>\n<div>\n<div data-section=\"AliMagic-1igdjc\" data-section-title=\"Product Description\">Description du produit<\/div>\n<\/div>\n<div>\n<div>\n<div><img decoding=\"async\" src=\"\/\/sc04.alicdn.com\/kf\/H631690f4eade4eeca68b705f874e96ed5\/240056294\/H631690f4eade4eeca68b705f874e96ed5.jpg\" data-src=\"\/\/sc04.alicdn.com\/kf\/H631690f4eade4eeca68b705f874e96ed5\/240056294\/H631690f4eade4eeca68b705f874e96ed5.jpg\" \/><\/div>\n<div><img decoding=\"async\" src=\"\/\/sc04.alicdn.com\/kf\/Hdf25dd2a8f3a4b119f8830b88a88468ba\/240056294\/Hdf25dd2a8f3a4b119f8830b88a88468ba.jpg\" data-src=\"\/\/sc04.alicdn.com\/kf\/Hdf25dd2a8f3a4b119f8830b88a88468ba\/240056294\/Hdf25dd2a8f3a4b119f8830b88a88468ba.jpg\" \/><\/div>\n<div><img decoding=\"async\" src=\"\/\/sc04.alicdn.com\/kf\/H9cf33a94305a4af7b37893c789b8b733Q\/240056294\/H9cf33a94305a4af7b37893c789b8b733Q.jpg\" data-src=\"\/\/sc04.alicdn.com\/kf\/H9cf33a94305a4af7b37893c789b8b733Q\/240056294\/H9cf33a94305a4af7b37893c789b8b733Q.jpg\" \/><\/div>\n<div><img decoding=\"async\" src=\"\/\/sc04.alicdn.com\/kf\/H521d81437270427cb25f23fe459876bfj\/240056294\/H521d81437270427cb25f23fe459876bfj.jpg\" data-src=\"\/\/sc04.alicdn.com\/kf\/H521d81437270427cb25f23fe459876bfj\/240056294\/H521d81437270427cb25f23fe459876bfj.jpg\" \/><\/div>\n<div><img loading=\"lazy\" decoding=\"async\" class=\"alignnone size-full wp-image-5316\" src=\"https:\/\/uoogear.com\/wp-content\/uploads\/2023\/11\/Hfd818247442e4184af8907ecbe5f07e1q.jpg\" width=\"1280\" height=\"906\" srcset=\"https:\/\/uoogear.com\/wp-content\/uploads\/2023\/11\/Hfd818247442e4184af8907ecbe5f07e1q.jpg 1280w, https:\/\/uoogear.com\/wp-content\/uploads\/2023\/11\/Hfd818247442e4184af8907ecbe5f07e1q-300x212.jpg 300w, https:\/\/uoogear.com\/wp-content\/uploads\/2023\/11\/Hfd818247442e4184af8907ecbe5f07e1q-1024x725.jpg 1024w, https:\/\/uoogear.com\/wp-content\/uploads\/2023\/11\/Hfd818247442e4184af8907ecbe5f07e1q-768x544.jpg 768w, https:\/\/uoogear.com\/wp-content\/uploads\/2023\/11\/Hfd818247442e4184af8907ecbe5f07e1q-600x425.jpg 600w, https:\/\/uoogear.com\/wp-content\/uploads\/2023\/11\/Hfd818247442e4184af8907ecbe5f07e1q-76x54.jpg 76w\" sizes=\"auto, (max-width: 1280px) 100vw, 1280px\" \/><\/div>\n<\/div>\n<\/div>\n<div>\n<div data-section=\"AliMagic-qc6vp1\" data-section-title=\"Specification\" data-spm-anchor-id=\"a2700.details.0.i47.1ecd503d9XtO3Q\"><\/div>\n<\/div>\n<\/div>\n<\/div>","protected":false},"excerpt":{"rendered":"<p>Surface : 3,5 CBM Tissu : Toile Indice d&#039;\u00e9tanch\u00e9it\u00e9 de la tente ext\u00e9rieure : &lt;1000 mm Indice d&#039;\u00e9tanch\u00e9it\u00e9 du bas : &gt;3000 mm Type de b\u00e2timent : Ouverture automatique rapide Style de tente : Type de renfort diagonal Saison : Tente quatre saisons Structure : Une chambre Nom du produit : Utilisation de la tente de camping : Tente de camping en plein air Mot-cl\u00e9 : tente sur le toit Taille<\/p>\n<div class=\"read-more\"><a class=\"btn btn-fill-out\" href=\"https:\/\/uoogear.com\/fr\/produit\/fast-delivery-roof-tent-4x4-car-roof-top\/\">En savoir plus<\/a><\/div>","protected":false},"featured_media":4135,"template":"","meta":[],"product_brand":[],"product_cat":[15],"product_tag":[],"class_list":{"0":"post-4136","1":"product","2":"type-product","3":"status-publish","4":"has-post-thumbnail","6":"product_cat-uncategorized","7":"tm-no-options","9":"first","10":"instock","11":"shipping-taxable","12":"purchasable","13":"product-type-variable"},"_links":{"self":[{"href":"https:\/\/uoogear.com\/fr\/wp-json\/wp\/v2\/product\/4136","targetHints":{"allow":["GET"]}}],"collection":[{"href":"https:\/\/uoogear.com\/fr\/wp-json\/wp\/v2\/product"}],"about":[{"href":"https:\/\/uoogear.com\/fr\/wp-json\/wp\/v2\/types\/product"}],"wp:featuredmedia":[{"embeddable":true,"href":"https:\/\/uoogear.com\/fr\/wp-json\/wp\/v2\/media\/4135"}],"wp:attachment":[{"href":"https:\/\/uoogear.com\/fr\/wp-json\/wp\/v2\/media?parent=4136"}],"wp:term":[{"taxonomy":"product_brand","embeddable":true,"href":"https:\/\/uoogear.com\/fr\/wp-json\/wp\/v2\/product_brand?post=4136"},{"taxonomy":"product_cat","embeddable":true,"href":"https:\/\/uoogear.com\/fr\/wp-json\/wp\/v2\/product_cat?post=4136"},{"taxonomy":"product_tag","embeddable":true,"href":"https:\/\/uoogear.com\/fr\/wp-json\/wp\/v2\/product_tag?post=4136"}],"curies":[{"name":"wp","href":"https:\/\/api.w.org\/{rel}","templated":true}]}}