{"id":4172,"date":"2023-11-13T12:17:26","date_gmt":"2023-11-13T12:17:26","guid":{"rendered":"https:\/\/uoogear.com\/product\/outdoor-folding-off-road-camping-pickup-camper-trailer-truck-bed-tents\/"},"modified":"2023-11-30T07:31:23","modified_gmt":"2023-11-30T07:31:23","slug":"outdoor-folding-off-road-camping-pickup-camper-trailer-truck-bed-tents","status":"publish","type":"product","link":"https:\/\/uoogear.com\/fr\/produit\/outdoor-folding-off-road-camping-pickup-camper-trailer-truck-bed-tents\/","title":{"rendered":"Tentes de lit de camion de remorque de camping-car pliantes ext\u00e9rieures pliantes hors route"},"content":{"rendered":"<ul>\n<li><strong>Zone : <\/strong> 2,25 m\u00b2<\/li>\n<li><strong>Tissu : <\/strong> Polyester Oxford<\/li>\n<li><strong>Indice d&#039;\u00e9tanch\u00e9it\u00e9 de la tente ext\u00e9rieure\u00a0: <\/strong> 1500-2000 millim\u00e8tres<\/li>\n<li><strong>Indice d&#039;\u00e9tanch\u00e9it\u00e9 inf\u00e9rieur\u00a0: <\/strong> &gt;3000mm<\/li>\n<li><strong>Type de b\u00e2timent : <\/strong> Construction bas\u00e9e sur les besoins<\/li>\n<li><strong>Style de tente\u00a0: <\/strong> Type de contreventement diagonal<\/li>\n<li><strong>Saison : <\/strong> Tente quatre saisons<\/li>\n<li><strong>Structure : <\/strong> Une chambre<\/li>\n<li><strong>Nom du produit : <\/strong> Tente de camping-car Oxford en polyester<\/li>\n<li><strong>Taille : <\/strong> 148*152*150cm<\/li>\n<li><strong>P\u00f4le : <\/strong> Fibre de verre<\/li>\n<li><strong>Sol : <\/strong> 2,25 m\u00b2<\/li>\n<li><strong>Mat\u00e9riel : <\/strong> Polyester Oxford<\/li>\n<li><strong>Fonctionnalit\u00e9 : <\/strong> R\u00e9sistant aux UV<\/li>\n<li><strong>Fonction : <\/strong> Camping en plein air<\/li>\n<li><strong>Taper : <\/strong> Tente 1-2 personnes<\/li>\n<li><strong>Style : <\/strong> Tente ext\u00e9rieure portative<\/li>\n<li><strong>Application : <\/strong> Voyage en plein air Randonn\u00e9e Camping<\/li>\n<\/ul>\n<div>\n<div data-magic-global=\"%7B%22bizId%22%3A2206962912116%2C%22pageId%22%3A21257988365%2C%22siteId%22%3A5005786273%7D\">\n<div>\n<div data-section=\"AliMagic-ea536q\" data-section-title=\"Product Description\">Description du produit<\/div>\n<\/div>\n<div>\n<div><img decoding=\"async\" src=\"https:\/\/uoogear.com\/wp-content\/uploads\/2023\/11\/Hcca962780c0e43b8ad39b3c0255408eaU.webp\" data-src=\"https:\/\/uoogear.com\/wp-content\/uploads\/2023\/11\/Hcca962780c0e43b8ad39b3c0255408eaU.webp\" \/><\/div>\n<\/div>\n<div>\n<div><img decoding=\"async\" src=\"https:\/\/uoogear.com\/wp-content\/uploads\/2023\/11\/H99eb8b8c32bc42cdb414ea4013d5a549Y.webp\" data-src=\"https:\/\/uoogear.com\/wp-content\/uploads\/2023\/11\/H99eb8b8c32bc42cdb414ea4013d5a549Y.webp\" \/><\/div>\n<div><img decoding=\"async\" src=\"https:\/\/uoogear.com\/wp-content\/uploads\/2023\/11\/H54bd8571cc4a409499bfdf6f2048925fW.webp\" data-src=\"https:\/\/uoogear.com\/wp-content\/uploads\/2023\/11\/H54bd8571cc4a409499bfdf6f2048925fW.webp\" \/><\/div>\n<div><img decoding=\"async\" src=\"https:\/\/uoogear.com\/wp-content\/uploads\/2023\/11\/H4fa51f0d47f543138bd06fb33cd88167v.webp\" data-src=\"https:\/\/uoogear.com\/wp-content\/uploads\/2023\/11\/H4fa51f0d47f543138bd06fb33cd88167v.webp\" \/><\/div>\n<div><img decoding=\"async\" src=\"https:\/\/uoogear.com\/wp-content\/uploads\/2023\/11\/Hadabc1b7b495463ab551c309fe0a9213s.webp\" data-src=\"https:\/\/uoogear.com\/wp-content\/uploads\/2023\/11\/Hadabc1b7b495463ab551c309fe0a9213s.webp\" \/><\/div>\n<div><img decoding=\"async\" src=\"https:\/\/uoogear.com\/wp-content\/uploads\/2023\/11\/H7b539598d666467b877df856bc38249eY.webp\" data-src=\"https:\/\/uoogear.com\/wp-content\/uploads\/2023\/11\/H7b539598d666467b877df856bc38249eY.webp\" \/><\/div>\n<div><img decoding=\"async\" src=\"https:\/\/uoogear.com\/wp-content\/uploads\/2023\/11\/H5040086fa0744661adbbbe4afdd4bd6cj.webp\" data-src=\"https:\/\/uoogear.com\/wp-content\/uploads\/2023\/11\/H5040086fa0744661adbbbe4afdd4bd6cj.webp\" \/><\/div>\n<div><img decoding=\"async\" src=\"https:\/\/uoogear.com\/wp-content\/uploads\/2023\/11\/H62897e219f0f4f32abfc68bf21fa9f78J.webp\" data-src=\"https:\/\/uoogear.com\/wp-content\/uploads\/2023\/11\/H62897e219f0f4f32abfc68bf21fa9f78J.webp\" \/><\/div>\n<\/div>\n<div><\/div>\n<div>\n<div>\n<div>\n<div>\n<div><\/div>\n<\/div>\n<\/div>\n<\/div>\n<\/div>\n<\/div>\n<\/div>","protected":false},"excerpt":{"rendered":"<p>Superficie : 2,25 m\u00b2 Tissu : Polyester Oxford Indice d&#039;\u00e9tanch\u00e9it\u00e9 de la tente ext\u00e9rieure : 1 500-2 000 mm Indice d&#039;\u00e9tanch\u00e9it\u00e9 du fond : &gt; 3 000 mm Type de b\u00e2timent : Construction bas\u00e9e sur les besoins Style de tente : Type de contreventement diagonal Saison : Tente quatre saisons Structure : Une chambre Nom du produit : Tente de camping-car Oxford en polyester Taille : 148*152*150cm Poteau :<\/p>\n<div class=\"read-more\"><a class=\"btn btn-fill-out\" href=\"https:\/\/uoogear.com\/fr\/produit\/outdoor-folding-off-road-camping-pickup-camper-trailer-truck-bed-tents\/\">En savoir plus<\/a><\/div>","protected":false},"featured_media":4171,"template":"","meta":[],"product_brand":[],"product_cat":[15],"product_tag":[],"class_list":{"0":"post-4172","1":"product","2":"type-product","3":"status-publish","4":"has-post-thumbnail","6":"product_cat-uncategorized","7":"tm-no-options","9":"first","10":"instock","11":"shipping-taxable","12":"purchasable","13":"product-type-variable"},"_links":{"self":[{"href":"https:\/\/uoogear.com\/fr\/wp-json\/wp\/v2\/product\/4172","targetHints":{"allow":["GET"]}}],"collection":[{"href":"https:\/\/uoogear.com\/fr\/wp-json\/wp\/v2\/product"}],"about":[{"href":"https:\/\/uoogear.com\/fr\/wp-json\/wp\/v2\/types\/product"}],"wp:featuredmedia":[{"embeddable":true,"href":"https:\/\/uoogear.com\/fr\/wp-json\/wp\/v2\/media\/4171"}],"wp:attachment":[{"href":"https:\/\/uoogear.com\/fr\/wp-json\/wp\/v2\/media?parent=4172"}],"wp:term":[{"taxonomy":"product_brand","embeddable":true,"href":"https:\/\/uoogear.com\/fr\/wp-json\/wp\/v2\/product_brand?post=4172"},{"taxonomy":"product_cat","embeddable":true,"href":"https:\/\/uoogear.com\/fr\/wp-json\/wp\/v2\/product_cat?post=4172"},{"taxonomy":"product_tag","embeddable":true,"href":"https:\/\/uoogear.com\/fr\/wp-json\/wp\/v2\/product_tag?post=4172"}],"curies":[{"name":"wp","href":"https:\/\/api.w.org\/{rel}","templated":true}]}}