{"id":4181,"date":"2023-11-13T12:19:20","date_gmt":"2023-11-13T12:19:20","guid":{"rendered":"https:\/\/uoogear.com\/product\/2023-lightweight-waterproof-camper-trailer-suv-soft-roof-top-tent\/"},"modified":"2023-11-30T07:30:10","modified_gmt":"2023-11-30T07:30:10","slug":"2023-lightweight-waterproof-camper-trailer-suv-soft-roof-top-tent","status":"publish","type":"product","link":"https:\/\/uoogear.com\/fr\/produit\/2023-lightweight-waterproof-camper-trailer-suv-soft-roof-top-tent\/","title":{"rendered":"Camping-car l\u00e9ger et \u00e9tanche, remorque suv, tente sur toit souple, 2023"},"content":{"rendered":"<ul>\n<li><strong>Tissu : <\/strong> Oxford<\/li>\n<li><strong>Indice d&#039;\u00e9tanch\u00e9it\u00e9 de la tente ext\u00e9rieure\u00a0: <\/strong> 1500-2000 millim\u00e8tres<\/li>\n<li><strong>Indice d&#039;\u00e9tanch\u00e9it\u00e9 inf\u00e9rieur\u00a0: <\/strong> &gt;3000mm<\/li>\n<li><strong>Type de b\u00e2timent : <\/strong> Construction bas\u00e9e sur les besoins<\/li>\n<li><strong>Style de tente\u00a0: <\/strong> Type de contreventement droit<\/li>\n<li><strong>Saison : <\/strong> Tente quatre saisons<\/li>\n<li><strong>Structure : <\/strong> Une chambre<\/li>\n<li><strong>Nom du produit : <\/strong> Tente de toit de voiture<\/li>\n<li><strong>Mat\u00e9riel : <\/strong> Polyester Oxford, toile ind\u00e9chirable<\/li>\n<li><strong>Mat\u00e9riau du poteau : <\/strong> Aluminium<\/li>\n<li><strong>Taille du produit : <\/strong> 310x143x115cm<\/li>\n<li><strong>Fonctionnalit\u00e9 : <\/strong> \u00c9tanche<\/li>\n<li><strong>\u00c9chelle : <\/strong> \u00c9chelle t\u00e9lescopique en aluminium<\/li>\n<li><strong>Utilisation : <\/strong> Camping en plein air Randonn\u00e9e Voyager<\/li>\n<li><strong>GW\u00a0: <\/strong> 59 kg<\/li>\n<li><strong>Mot-cl\u00e9 : <\/strong> Tente de toit \u00e0 coque rigide<\/li>\n<li><strong>Style : <\/strong> Pliage facile<\/li>\n<\/ul>\n<div>\n<div data-magic-global=\"%7B%22bizId%22%3A2206962912116%2C%22pageId%22%3A21279932919%2C%22siteId%22%3A5005786273%7D\">\n<div><\/div>\n<div>\n<div><\/div>\n<\/div>\n<div>\n<div>\n<div><img decoding=\"async\" src=\"https:\/\/uoogear.com\/wp-content\/uploads\/2023\/11\/Head17f2fb29142fab53715928afb7c7bt.webp\" data-src=\"https:\/\/uoogear.com\/wp-content\/uploads\/2023\/11\/Head17f2fb29142fab53715928afb7c7bt.webp\" \/><\/div>\n<div><img decoding=\"async\" src=\"https:\/\/uoogear.com\/wp-content\/uploads\/2023\/11\/Hfcc7a91a0f504e0f81c8dae1632864e42-wpp1701328893862.jpg\" data-src=\"https:\/\/uoogear.com\/wp-content\/uploads\/2023\/11\/Hfcc7a91a0f504e0f81c8dae1632864e42-wpp1701328893862.jpg\" \/><\/div>\n<div><img decoding=\"async\" src=\"https:\/\/uoogear.com\/wp-content\/uploads\/2023\/11\/H8ec27b29741b4f08afb6ce95b0b9b6aeo-wpp1701328748942.webp\" data-src=\"https:\/\/uoogear.com\/wp-content\/uploads\/2023\/11\/H8ec27b29741b4f08afb6ce95b0b9b6aeo-wpp1701328748942.webp\" \/><\/div>\n<div><img decoding=\"async\" src=\"https:\/\/uoogear.com\/wp-content\/uploads\/2023\/11\/H741118498aec4d7e9187dd85b8e748368.webp\" data-src=\"https:\/\/uoogear.com\/wp-content\/uploads\/2023\/11\/H741118498aec4d7e9187dd85b8e748368.webp\" \/><\/div>\n<div><img decoding=\"async\" src=\"https:\/\/uoogear.com\/wp-content\/uploads\/2023\/11\/H31bcadeece5a41f79545474233d7c450F.webp\" data-src=\"https:\/\/uoogear.com\/wp-content\/uploads\/2023\/11\/H31bcadeece5a41f79545474233d7c450F.webp\" \/><\/div>\n<div><img decoding=\"async\" src=\"https:\/\/uoogear.com\/wp-content\/uploads\/2023\/11\/Hd09d9c862a164800839cbbf832b621417.webp\" data-src=\"https:\/\/uoogear.com\/wp-content\/uploads\/2023\/11\/Hd09d9c862a164800839cbbf832b621417.webp\" \/><\/div>\n<div><img decoding=\"async\" src=\"https:\/\/uoogear.com\/wp-content\/uploads\/2023\/11\/H0563ea9c013d4a3ca309db9c332ebab6l.webp\" data-src=\"https:\/\/uoogear.com\/wp-content\/uploads\/2023\/11\/H0563ea9c013d4a3ca309db9c332ebab6l.webp\" \/><\/div>\n<div><img decoding=\"async\" src=\"https:\/\/uoogear.com\/wp-content\/uploads\/2023\/11\/H00ea59eb398e4db0af8b1d8eca61ce60f.webp\" data-src=\"https:\/\/uoogear.com\/wp-content\/uploads\/2023\/11\/H00ea59eb398e4db0af8b1d8eca61ce60f.webp\" \/><\/div>\n<\/div>\n<\/div>\n<div><\/div>\n<div>\n<div>\n<div>\n<div>\n<div><\/div>\n<\/div>\n<\/div>\n<\/div>\n<\/div>\n<\/div>\n<\/div>","protected":false},"excerpt":{"rendered":"<p>Tissu : Oxford Indice d&#039;\u00e9tanch\u00e9it\u00e9 de la tente ext\u00e9rieure : 1 500-2 000 mm Indice d&#039;\u00e9tanch\u00e9it\u00e9 du fond : &gt; 3 000 mm Type de b\u00e2timent : Construction bas\u00e9e sur les besoins Style de tente : Type de renfort droit Saison : Structure de la tente quatre saisons : Une chambre Nom du produit : Mat\u00e9riau de la tente sur le toit de la voiture : Polyester Oxford, toile ind\u00e9chirable Mat\u00e9riau du poteau : Aluminium Taille du produit<\/p>\n<div class=\"read-more\"><a class=\"btn btn-fill-out\" href=\"https:\/\/uoogear.com\/fr\/produit\/2023-lightweight-waterproof-camper-trailer-suv-soft-roof-top-tent\/\">En savoir plus<\/a><\/div>","protected":false},"featured_media":4180,"template":"","meta":[],"product_brand":[],"product_cat":[15],"product_tag":[],"class_list":{"0":"post-4181","1":"product","2":"type-product","3":"status-publish","4":"has-post-thumbnail","6":"product_cat-uncategorized","7":"tm-no-options","9":"first","10":"instock","11":"shipping-taxable","12":"purchasable","13":"product-type-variable"},"_links":{"self":[{"href":"https:\/\/uoogear.com\/fr\/wp-json\/wp\/v2\/product\/4181","targetHints":{"allow":["GET"]}}],"collection":[{"href":"https:\/\/uoogear.com\/fr\/wp-json\/wp\/v2\/product"}],"about":[{"href":"https:\/\/uoogear.com\/fr\/wp-json\/wp\/v2\/types\/product"}],"wp:featuredmedia":[{"embeddable":true,"href":"https:\/\/uoogear.com\/fr\/wp-json\/wp\/v2\/media\/4180"}],"wp:attachment":[{"href":"https:\/\/uoogear.com\/fr\/wp-json\/wp\/v2\/media?parent=4181"}],"wp:term":[{"taxonomy":"product_brand","embeddable":true,"href":"https:\/\/uoogear.com\/fr\/wp-json\/wp\/v2\/product_brand?post=4181"},{"taxonomy":"product_cat","embeddable":true,"href":"https:\/\/uoogear.com\/fr\/wp-json\/wp\/v2\/product_cat?post=4181"},{"taxonomy":"product_tag","embeddable":true,"href":"https:\/\/uoogear.com\/fr\/wp-json\/wp\/v2\/product_tag?post=4181"}],"curies":[{"name":"wp","href":"https:\/\/api.w.org\/{rel}","templated":true}]}}