{"id":4239,"date":"2023-11-13T12:27:11","date_gmt":"2023-11-13T12:27:11","guid":{"rendered":"https:\/\/uoogear.com\/product\/chinese-factory-44-canvas-car-camping-1-42-4m-roof-top-tent\/"},"modified":"2023-11-30T06:40:51","modified_gmt":"2023-11-30T06:40:51","slug":"chinese-factory-44-canvas-car-camping-1-42-4m-roof-top-tent","status":"publish","type":"product","link":"https:\/\/uoogear.com\/fr\/produit\/chinese-factory-44-canvas-car-camping-1-42-4m-roof-top-tent\/","title":{"rendered":"Usine chinoise 4*4 toile voiture camping 1.4*2.4M tente sur le toit"},"content":{"rendered":"<ul>\n<li><strong>Zone : <\/strong> 240*160*126cm<\/li>\n<li><strong>Tissu : <\/strong> Polyester<\/li>\n<li><strong>Indice d&#039;\u00e9tanch\u00e9it\u00e9 de la tente ext\u00e9rieure\u00a0: <\/strong> 2000-3000 millim\u00e8tres<\/li>\n<li><strong>Indice d&#039;\u00e9tanch\u00e9it\u00e9 inf\u00e9rieur\u00a0: <\/strong> &gt;3000mm<\/li>\n<li><strong>Type de b\u00e2timent : <\/strong> Construction bas\u00e9e sur les besoins<\/li>\n<li><strong>Style de tente\u00a0: <\/strong> Type de contreventement droit<\/li>\n<li><strong>Saison : <\/strong> Tente quatre saisons<\/li>\n<li><strong>Structure : <\/strong> Une chambre<\/li>\n<li><strong>Nom du produit\u00a0: <\/strong> Tente de toit d&#039;accessoires automobiles 4 saisons pour SUV<\/li>\n<li><strong>Matriel fabriqu\u00e9 : <\/strong> Toile de coton polyester 300 g\/m\u00b2<\/li>\n<li><strong>Fonctionnalit\u00e9 : <\/strong> \u00c9tanche 2000mm<\/li>\n<li><strong>Taille : <\/strong> Taille agrandie: 240*140*126 cm<\/li>\n<li><strong>Matelas : <\/strong> \u00c9ponge ind\u00e9formable de 60 mm d&#039;\u00e9paisseur, avec housse amovible lavable<\/li>\n<li><strong>\u00c9chelle : <\/strong> \u00c9chelle t\u00e9lescopique en aluminium, 230 cm<\/li>\n<li><strong>Logo : <\/strong> Logo personnalis\u00e9<\/li>\n<li><strong>Accessoires : <\/strong> \u00c9chelle + sac \u00e0 chaussures<\/li>\n<li><strong>Pi\u00e8ces optionnelles\u00a0: <\/strong> Annexe, Doublure chaude isolante, Divers mod\u00e8les de double-toit<\/li>\n<\/ul>\n<div>\n<div data-magic-global=\"%7B%22bizId%22%3A2634101818%2C%22pageId%22%3A21323196279%2C%22siteId%22%3A5005227190%7D\">\n<div>\n<div>\n<div>\n<div>\n<div>\n<div><img decoding=\"async\" src=\"https:\/\/uoogear.com\/wp-content\/uploads\/2023\/11\/H72b58d4a09224c748a287e1d9a4b09a3r-wpp1701315423476.webp\" data-src=\"https:\/\/uoogear.com\/wp-content\/uploads\/2023\/11\/H72b58d4a09224c748a287e1d9a4b09a3r-wpp1701315423476.webp\" \/><\/div>\n<\/div>\n<\/div>\n<\/div>\n<\/div>\n<\/div>\n<div>\n<div data-section=\"AliMagic-rn6oag\" data-section-title=\"Product Paramenters\"><\/div>\n<\/div>\n<\/div>\n<\/div>","protected":false},"excerpt":{"rendered":"<p>Superficie : 240*160*126 cm Tissu : Polyester Indice d&#039;\u00e9tanch\u00e9it\u00e9 de la tente ext\u00e9rieure : 2000-3000 Mm Indice d&#039;\u00e9tanch\u00e9it\u00e9 du bas : &gt;3000 mm Type de b\u00e2timent : Construction bas\u00e9e sur les besoins Style de tente : Type de contreventement droit Saison : Structure de tente quatre saisons : Produit d&#039;une chambre Nom : Tente de toit d&#039;accessoires automobiles 4 saisons pour tissu SUV<\/p>\n<div class=\"read-more\"><a class=\"btn btn-fill-out\" href=\"https:\/\/uoogear.com\/fr\/produit\/chinese-factory-44-canvas-car-camping-1-42-4m-roof-top-tent\/\">En savoir plus<\/a><\/div>","protected":false},"featured_media":4238,"template":"","meta":[],"product_brand":[],"product_cat":[15],"product_tag":[],"class_list":{"0":"post-4239","1":"product","2":"type-product","3":"status-publish","4":"has-post-thumbnail","6":"product_cat-uncategorized","7":"tm-no-options","9":"first","10":"instock","11":"shipping-taxable","12":"purchasable","13":"product-type-variable"},"_links":{"self":[{"href":"https:\/\/uoogear.com\/fr\/wp-json\/wp\/v2\/product\/4239","targetHints":{"allow":["GET"]}}],"collection":[{"href":"https:\/\/uoogear.com\/fr\/wp-json\/wp\/v2\/product"}],"about":[{"href":"https:\/\/uoogear.com\/fr\/wp-json\/wp\/v2\/types\/product"}],"wp:featuredmedia":[{"embeddable":true,"href":"https:\/\/uoogear.com\/fr\/wp-json\/wp\/v2\/media\/4238"}],"wp:attachment":[{"href":"https:\/\/uoogear.com\/fr\/wp-json\/wp\/v2\/media?parent=4239"}],"wp:term":[{"taxonomy":"product_brand","embeddable":true,"href":"https:\/\/uoogear.com\/fr\/wp-json\/wp\/v2\/product_brand?post=4239"},{"taxonomy":"product_cat","embeddable":true,"href":"https:\/\/uoogear.com\/fr\/wp-json\/wp\/v2\/product_cat?post=4239"},{"taxonomy":"product_tag","embeddable":true,"href":"https:\/\/uoogear.com\/fr\/wp-json\/wp\/v2\/product_tag?post=4239"}],"curies":[{"name":"wp","href":"https:\/\/api.w.org\/{rel}","templated":true}]}}