{"id":4273,"date":"2023-11-13T12:30:29","date_gmt":"2023-11-13T12:30:29","guid":{"rendered":"https:\/\/uoogear.com\/product\/unistrengh-mini-4x4-offroad-outdoor-camping-car-soft-shell-roof-top-tents-for-sale\/"},"modified":"2023-11-30T06:16:50","modified_gmt":"2023-11-30T06:16:50","slug":"unistrengh-mini-4x4-offroad-outdoor-camping-car-soft-shell-roof-top-tents-for-sale","status":"publish","type":"product","link":"https:\/\/uoogear.com\/fr\/produit\/unistrengh-mini-4x4-offroad-outdoor-camping-car-soft-shell-roof-top-tents-for-sale\/","title":{"rendered":"Unistrengh Mini 4 \u00d7 4 tout-terrain camping-car en plein air tentes de toit \u00e0 coque souple \u00e0 vendre"},"content":{"rendered":"<ul>\n<li><strong>Zone : <\/strong> 134*109 cm<\/li>\n<li><strong>Tissu : <\/strong> Tissu en coton et polyester<\/li>\n<li><strong>Indice d&#039;\u00e9tanch\u00e9it\u00e9 de la tente ext\u00e9rieure\u00a0: <\/strong> 2000-3000 millim\u00e8tres<\/li>\n<li><strong>Indice d&#039;\u00e9tanch\u00e9it\u00e9 inf\u00e9rieur\u00a0: <\/strong> &gt;3000mm<\/li>\n<li><strong>Style de tente\u00a0: <\/strong> Type de contreventement droit<\/li>\n<li><strong>Saison : <\/strong> Tente quatre saisons, 4 saisons<\/li>\n<li><strong>Structure : <\/strong> Une chambre<\/li>\n<li><strong>Nom du produit : <\/strong> Imperm\u00e9abilisation douce de tente de toit de mini voiture<\/li>\n<li><strong>Application : <\/strong> Tente familiale de camping en plein air<\/li>\n<li><strong>Mot-cl\u00e9 : <\/strong> imperm\u00e9abilisation de tente<\/li>\n<li><strong>Taille : <\/strong> 2157*1330*1130MM<\/li>\n<li><strong>Mat\u00e9riel : <\/strong> Tissu en coton et polyester<\/li>\n<li><strong>QUANTIT\u00c9 MINIMALE DE COMMANDE\u00a0: <\/strong> 1 pi\u00e8ce<\/li>\n<li><strong>Logo : <\/strong> Logo personnalis\u00e9<\/li>\n<li><strong>Poids : <\/strong> 41,5 kg<\/li>\n<li><strong>Garantie : <\/strong> 12 mois<\/li>\n<\/ul>\n<div>\n<div data-magic-global=\"%7B%22bizId%22%3A2634101818%2C%22pageId%22%3A21250043969%2C%22siteId%22%3A5005227190%7D\">\n<div>\n<div data-section=\"AliMagic-ljemi3\" data-section-title=\"Product Description\">Description du produit<\/div>\n<\/div>\n<div>\n<div>\n<div>\n<div>\n<div>\n<div><\/div>\n<\/div>\n<\/div>\n<\/div>\n<div>\n<div>Mini tente sur le toit<\/div>\n<div>La mini tente sur le toit est pr\u00eate en quelques minutes, vous permettant ainsi de vous d\u00e9tendre et de profiter des activit\u00e9s de plein air. Fabriqu\u00e9 \u00e0 partir de<br \/>\nTissu respirant en poly\/coton durable de haute qualit\u00e9, votre tente de toit r\u00e9sistante \u00e0 la moisissure et \u00e0 l&#039;eau s&#039;adapte parfaitement au toit de votre 4x4. Une \u00e9chelle r\u00e9tractable en aluminium robuste permet un acc\u00e8s facile. Les matelas sont livr\u00e9s avec un matelas en mousse haute densit\u00e9 avec une housse amovible. Avec fen\u00eatres et portes enti\u00e8rement grillag\u00e9es, r\u00e9sistantes \u00e0 la poussi\u00e8re et aux insectes.<\/div>\n<\/div>\n<\/div>\n<\/div>\n<div>\n<div>\n<div>\n<h3>Caract\u00e9ristiques<\/h3>\n<div>\n<div>\n<div>-Tente quatre saisons construite pour r\u00e9sister aux \u00e9l\u00e9ments de toutes saisons et de tous climats -Peut accueillir jusqu&#039;\u00e0 2 personnes<br \/>\n-Le tissu de la tente est \u00e0 la fois r\u00e9sistant aux UV et \u00e0 la moisissure pour r\u00e9sister aux \u00e9l\u00e9ments de toute saison<br \/>\n-Quatre grandes poches int\u00e9rieures pour ranger le mat\u00e9riel et les accessoires de camping<br \/>\n-Comprend un matelas en mousse haute densit\u00e9 pour plus de confort<br \/>\n-\u00c9changez facilement l&#039;auvent en fonction de la saison et des conditions m\u00e9t\u00e9orologiques (auvents suppl\u00e9mentaires vendus s\u00e9par\u00e9ment)<\/div>\n<\/div>\n<\/div>\n<\/div>\n<\/div>\n<\/div>\n<div>\n<div>\n<table>\n<tbody>\n<tr>\n<td>\n<div>Taille ouverte<\/div>\n<\/td>\n<td>\n<div>2157*1330*1130MM<\/div>\n<\/td>\n<td>\n<div><\/div>\n<\/td>\n<td>\n<div><\/div>\n<\/td>\n<td>\n<div><\/div>\n<\/td>\n<\/tr>\n<tr>\n<td>\n<div>Fermer la taille<\/div>\n<\/td>\n<td>\n<div>1340*1090*220MM<\/div>\n<\/td>\n<td>\n<div><\/div>\n<\/td>\n<td>\n<div><\/div>\n<\/td>\n<td>\n<div><\/div>\n<\/td>\n<\/tr>\n<tr>\n<td>\n<div>NO<\/div>\n<\/td>\n<td>\n<div>41,5 kg<\/div>\n<\/td>\n<td>\n<div><\/div>\n<\/td>\n<td>\n<div><\/div>\n<\/td>\n<td>\n<div><\/div>\n<\/td>\n<\/tr>\n<tr>\n<td>\n<div>GW<\/div>\n<\/td>\n<td>\n<div>51,8 kg<\/div>\n<\/td>\n<td>\n<div><\/div>\n<\/td>\n<td>\n<div><\/div>\n<\/td>\n<td>\n<div><\/div>\n<\/td>\n<\/tr>\n<\/tbody>\n<\/table>\n<\/div>\n<\/div>\n<div>\n<div data-section=\"AliMagic-hdvu51\" data-section-title=\"Product details\">D\u00e9tails du produit<\/div>\n<\/div>\n<div>\n<div>\n<div><\/div>\n<div><img decoding=\"async\" src=\"https:\/\/uoogear.com\/wp-content\/uploads\/2023\/11\/H1bf314a0e04e47408594be1fd416e0a6f.webp\" data-src=\"https:\/\/uoogear.com\/wp-content\/uploads\/2023\/11\/H1bf314a0e04e47408594be1fd416e0a6f.webp\" \/><\/div>\n<\/div>\n<\/div>\n<div>\n<div data-section=\"AliMagic-3qaa90\" data-section-title=\"Related products\">Produits connexes<\/div>\n<\/div>\n<div>\n<div>\n<div>\n<div>\n<div>\n<div><\/div>\n<\/div>\n<div>\n<div>\n<div><strong>Tente de toit \u00e0 coque souple<\/strong><\/div>\n<\/div>\n<\/div>\n<\/div>\n<div>\n<div>\n<div><\/div>\n<\/div>\n<div>\n<div>\n<div><strong>Section longue avec annexe<\/strong><\/div>\n<\/div>\n<\/div>\n<\/div>\n<div>\n<div>\n<div><img loading=\"lazy\" decoding=\"async\" class=\"alignnone\" src=\"https:\/\/uoogear.com\/wp-content\/uploads\/2023\/11\/H437d0352f3994ed2b130dac4e75a83d4d.webp\" alt=\"\" width=\"800\" height=\"533\" data-src=\"https:\/\/uoogear.com\/wp-content\/uploads\/2023\/11\/H437d0352f3994ed2b130dac4e75a83d4d.webp\" \/><\/div>\n<\/div>\n<div>\n<div>\n<div><strong>Auvent lat\u00e9ral de voiture<\/strong><\/div>\n<\/div>\n<\/div>\n<\/div>\n<\/div>\n<\/div>\n<\/div>\n<div>\n<div>\n<div>\n<div><img loading=\"lazy\" decoding=\"async\" class=\"alignnone\" src=\"https:\/\/uoogear.com\/wp-content\/uploads\/2023\/11\/Hff9bd9063cef44a8ba9b43b61c0257d1W.webp\" alt=\"\" width=\"800\" height=\"600\" data-src=\"https:\/\/uoogear.com\/wp-content\/uploads\/2023\/11\/Hff9bd9063cef44a8ba9b43b61c0257d1W.webp\" \/><\/div>\n<\/div>\n<div><\/div>\n<\/div>\n<div>\n<div>\n<div><\/div>\n<\/div>\n<div>\n<div><\/div>\n<\/div>\n<\/div>\n<div>\n<div>\n<div>\n<div><\/div>\n<\/div>\n<\/div>\n<\/div>\n<\/div>\n<div>\n<div data-section=\"AliMagic-tf79ni\" data-section-title=\"Company Imformation\"><\/div>\n<\/div>\n<\/div>\n<\/div>","protected":false},"excerpt":{"rendered":"<p>Surface : 134*109 cm Tissu : Tissu en coton polyester Indice d&#039;\u00e9tanch\u00e9it\u00e9 de la tente ext\u00e9rieure : 2000-3000 Mm Indice d&#039;\u00e9tanch\u00e9it\u00e9 du fond : &gt;3000 mm Style de tente : Type de renfort droit Saison : Tente quatre saisons, 4 saisons Structure : Une chambre Nom du produit : Doux Imperm\u00e9abilisation de tente de toit de mini voiture Application : Tente familiale de camping en plein air Mot-cl\u00e9 : tente<\/p>\n<div class=\"read-more\"><a class=\"btn btn-fill-out\" href=\"https:\/\/uoogear.com\/fr\/produit\/unistrengh-mini-4x4-offroad-outdoor-camping-car-soft-shell-roof-top-tents-for-sale\/\">En savoir plus<\/a><\/div>","protected":false},"featured_media":4272,"template":"","meta":[],"product_brand":[],"product_cat":[15],"product_tag":[],"class_list":{"0":"post-4273","1":"product","2":"type-product","3":"status-publish","4":"has-post-thumbnail","6":"product_cat-uncategorized","7":"tm-no-options","9":"first","10":"instock","11":"shipping-taxable","12":"purchasable","13":"product-type-variable"},"_links":{"self":[{"href":"https:\/\/uoogear.com\/fr\/wp-json\/wp\/v2\/product\/4273","targetHints":{"allow":["GET"]}}],"collection":[{"href":"https:\/\/uoogear.com\/fr\/wp-json\/wp\/v2\/product"}],"about":[{"href":"https:\/\/uoogear.com\/fr\/wp-json\/wp\/v2\/types\/product"}],"wp:featuredmedia":[{"embeddable":true,"href":"https:\/\/uoogear.com\/fr\/wp-json\/wp\/v2\/media\/4272"}],"wp:attachment":[{"href":"https:\/\/uoogear.com\/fr\/wp-json\/wp\/v2\/media?parent=4273"}],"wp:term":[{"taxonomy":"product_brand","embeddable":true,"href":"https:\/\/uoogear.com\/fr\/wp-json\/wp\/v2\/product_brand?post=4273"},{"taxonomy":"product_cat","embeddable":true,"href":"https:\/\/uoogear.com\/fr\/wp-json\/wp\/v2\/product_cat?post=4273"},{"taxonomy":"product_tag","embeddable":true,"href":"https:\/\/uoogear.com\/fr\/wp-json\/wp\/v2\/product_tag?post=4273"}],"curies":[{"name":"wp","href":"https:\/\/api.w.org\/{rel}","templated":true}]}}