{"id":4280,"date":"2023-11-13T12:31:13","date_gmt":"2023-11-13T12:31:13","guid":{"rendered":"https:\/\/uoogear.com\/product\/china-car-roof-top-camping-waterproof-soft-rooftop-ten-with-skylight-optional\/"},"modified":"2023-11-30T07:38:21","modified_gmt":"2023-11-30T07:38:21","slug":"china-car-roof-top-camping-waterproof-soft-rooftop-ten-with-skylight-optional","status":"publish","type":"product","link":"https:\/\/uoogear.com\/fr\/produit\/china-car-roof-top-camping-waterproof-soft-rooftop-ten-with-skylight-optional\/","title":{"rendered":"Chine Toit de voiture Camping imperm\u00e9able \u00e0 l&#039;eau sur le toit souple dix avec lucarne en option"},"content":{"rendered":"<ul>\n<li><strong>Zone : <\/strong> 310*160*126cm<\/li>\n<li><strong>Tissu : <\/strong> Polyester<\/li>\n<li><strong>Indice d&#039;\u00e9tanch\u00e9it\u00e9 de la tente ext\u00e9rieure\u00a0: <\/strong> 2000-3000 millim\u00e8tres<\/li>\n<li><strong>Indice d&#039;\u00e9tanch\u00e9it\u00e9 inf\u00e9rieur\u00a0: <\/strong> &gt;3000mm<\/li>\n<li><strong>Type de b\u00e2timent : <\/strong> Construction bas\u00e9e sur les besoins<\/li>\n<li><strong>Style de tente\u00a0: <\/strong> Type de contreventement droit<\/li>\n<li><strong>Saison : <\/strong> Tente quatre saisons<\/li>\n<li><strong>Structure : <\/strong> Une chambre<\/li>\n<li><strong>Nom du produit\u00a0: <\/strong> Tente de toit maison voiture tente de voiture \u00e0 toit souple imperm\u00e9able<\/li>\n<li><strong>Matriel fabriqu\u00e9 : <\/strong> Toile de coton polyester 300 g\/m\u00b2<\/li>\n<li><strong>Fonctionnalit\u00e9 : <\/strong> \u00c9tanche 2000mm<\/li>\n<li><strong>Taille : <\/strong> Taille agrandie: 310*160*126 cm<\/li>\n<li><strong>Matelas : <\/strong> \u00c9ponge ind\u00e9formable de 60 mm d&#039;\u00e9paisseur, avec housse amovible lavable<\/li>\n<li><strong>\u00c9chelle : <\/strong> \u00c9chelle t\u00e9lescopique en aluminium, 230 cm<\/li>\n<li><strong>Logo : <\/strong> Logo personnalis\u00e9<\/li>\n<li><strong>Accessoires : <\/strong> \u00c9chelle + sac \u00e0 chaussures<\/li>\n<li><strong>Pi\u00e8ces optionnelles\u00a0: <\/strong> Annexe, Doublure chaude isolante, Divers mod\u00e8les de double-toit<\/li>\n<\/ul>\n<div>\n<div data-magic-global=\"%7B%22bizId%22%3A2634101818%2C%22pageId%22%3A21320287303%2C%22siteId%22%3A5005227190%7D\">\n<div>\n<div>\n<div>\n<div>\n<div>\n<div><img decoding=\"async\" src=\"https:\/\/uoogear.com\/wp-content\/uploads\/2023\/11\/H4d2450ccd74648318c7ab759dace20f6i-wpp1701327585422.webp\" data-src=\"https:\/\/uoogear.com\/wp-content\/uploads\/2023\/11\/H4d2450ccd74648318c7ab759dace20f6i-wpp1701327585422.webp\" \/><\/div>\n<\/div>\n<\/div>\n<\/div>\n<\/div>\n<\/div>\n<div>\n<div data-section=\"AliMagic-z0jjq8\" data-section-title=\"Product Paramenters\"><\/div>\n<\/div>\n<\/div>\n<\/div>","protected":false},"excerpt":{"rendered":"<p>Superficie : 310*160*126 cm Tissu : Polyester Indice d&#039;\u00e9tanch\u00e9it\u00e9 de la tente ext\u00e9rieure : 2000-3000 Mm Indice d&#039;\u00e9tanch\u00e9it\u00e9 du bas : &gt;3000 mm Type de b\u00e2timent : Construction bas\u00e9e sur les besoins Style de tente : Type de contreventement droit Saison : Structure de tente quatre saisons : Produit \u00e0 une chambre Nom\u00a0:\u00a0Tissu de tente de voiture \u00e0 capote imperm\u00e9able pour voiture de maison de tente de toit Mat\u00e9riau\u00a0:<\/p>\n<div class=\"read-more\"><a class=\"btn btn-fill-out\" href=\"https:\/\/uoogear.com\/fr\/produit\/china-car-roof-top-camping-waterproof-soft-rooftop-ten-with-skylight-optional\/\">En savoir plus<\/a><\/div>","protected":false},"featured_media":4279,"template":"","meta":[],"product_brand":[],"product_cat":[15],"product_tag":[],"class_list":{"0":"post-4280","1":"product","2":"type-product","3":"status-publish","4":"has-post-thumbnail","6":"product_cat-uncategorized","7":"tm-no-options","9":"first","10":"instock","11":"shipping-taxable","12":"purchasable","13":"product-type-variable"},"_links":{"self":[{"href":"https:\/\/uoogear.com\/fr\/wp-json\/wp\/v2\/product\/4280","targetHints":{"allow":["GET"]}}],"collection":[{"href":"https:\/\/uoogear.com\/fr\/wp-json\/wp\/v2\/product"}],"about":[{"href":"https:\/\/uoogear.com\/fr\/wp-json\/wp\/v2\/types\/product"}],"wp:featuredmedia":[{"embeddable":true,"href":"https:\/\/uoogear.com\/fr\/wp-json\/wp\/v2\/media\/4279"}],"wp:attachment":[{"href":"https:\/\/uoogear.com\/fr\/wp-json\/wp\/v2\/media?parent=4280"}],"wp:term":[{"taxonomy":"product_brand","embeddable":true,"href":"https:\/\/uoogear.com\/fr\/wp-json\/wp\/v2\/product_brand?post=4280"},{"taxonomy":"product_cat","embeddable":true,"href":"https:\/\/uoogear.com\/fr\/wp-json\/wp\/v2\/product_cat?post=4280"},{"taxonomy":"product_tag","embeddable":true,"href":"https:\/\/uoogear.com\/fr\/wp-json\/wp\/v2\/product_tag?post=4280"}],"curies":[{"name":"wp","href":"https:\/\/api.w.org\/{rel}","templated":true}]}}