{"id":4342,"date":"2023-11-13T12:42:10","date_gmt":"2023-11-13T12:42:10","guid":{"rendered":"https:\/\/uoogear.com\/product\/outdoor-camping-car-soft-roof-top-tent-waterproofing\/"},"modified":"2023-11-30T08:28:02","modified_gmt":"2023-11-30T08:28:02","slug":"outdoor-camping-car-soft-roof-top-tent-waterproofing","status":"publish","type":"product","link":"https:\/\/uoogear.com\/fr\/produit\/outdoor-camping-car-soft-roof-top-tent-waterproofing\/","title":{"rendered":"Imperm\u00e9abilisation de tente de toit souple pour camping-car en plein air"},"content":{"rendered":"<ul>\n<li><strong>Zone : <\/strong> 240x140x130 cm<\/li>\n<li><strong>Tissu : <\/strong> Toile<\/li>\n<li><strong>Indice d&#039;\u00e9tanch\u00e9it\u00e9 de la tente ext\u00e9rieure\u00a0: <\/strong> 2000-3000 millim\u00e8tres<\/li>\n<li><strong>Indice d&#039;\u00e9tanch\u00e9it\u00e9 inf\u00e9rieur\u00a0: <\/strong> &gt;3000mm<\/li>\n<li><strong>Type de b\u00e2timent : <\/strong> Construction bas\u00e9e sur les besoins<\/li>\n<li><strong>Style de tente\u00a0: <\/strong> Type de contreventement droit<\/li>\n<li><strong>Saison : <\/strong> Tente quatre saisons<\/li>\n<li><strong>Structure : <\/strong> Une chambre<\/li>\n<li><strong>Nom du produit : <\/strong> Imperm\u00e9abilisation de tente de toit souple pour camping-car en plein air<\/li>\n<li><strong>Application : <\/strong> Voyage en plein air Randonn\u00e9e Camping<\/li>\n<li><strong>Mot-cl\u00e9 : <\/strong> imperm\u00e9abilisation de tente<\/li>\n<li><strong>Taille de la tente\u00a0: <\/strong> 310x140x130cm<\/li>\n<li><strong>Taille d&#039;emballage : <\/strong> 145*123*24cm<\/li>\n<li><strong>Tissu du corps\u00a0: <\/strong> 280 g de coton polyester<\/li>\n<li><strong>Chargement : <\/strong> 300kg-350kg<\/li>\n<li><strong>Sol : <\/strong> Feuille d&#039;aluminium<\/li>\n<li><strong>QUANTIT\u00c9 MINIMALE DE COMMANDE\u00a0: <\/strong> 1 pi\u00e8ce<\/li>\n<li><strong>Logo : <\/strong> Logo personnalis\u00e9<\/li>\n<\/ul>\n<div>\n<div data-host=\"112311420\" data-magic-global=\"%7B%22bizId%22%3A2634101818%2C%22pageId%22%3A5052820534%2C%22siteId%22%3A5005227190%7D\" data-id=\"detail_decorate_root\">\n<div data-section=\"AliMagic-nax1bk\" data-section-title=\"Products Description\">Description des produits<\/div>\n<div>\n<div>\n<div>\n<div>\n<div><\/div>\n<\/div>\n<\/div>\n<\/div>\n<div>\n<div data-id=\"below-title\">Imperm\u00e9abilisation de tente de toit souple pour camping-car en plein air<\/div>\n<div data-id=\"below-content\">La tente de toit et les auvents Soft Shell 4\u00d74 sont pr\u00eats en quelques minutes, afin que vous puissiez vous d\u00e9tendre et profiter du plein air. Fabriqu\u00e9e \u00e0 partir de tissu respirant en poly\/coton durable de haute qualit\u00e9, votre tente de toit r\u00e9sistante \u00e0 la moisissure et \u00e0 l&#039;eau s&#039;adapte parfaitement au toit de votre 4\u00d74. Une \u00e9chelle r\u00e9tractable en aluminium robuste permet un acc\u00e8s facile. Les matelas sont livr\u00e9s avec un matelas en mousse haute densit\u00e9 de 65 mm avec une housse amovible. Avec fen\u00eatres et portes enti\u00e8rement grillag\u00e9es. anti-poussi\u00e8re et r\u00e9sistant aux insectes.<\/div>\n<\/div>\n<\/div>\n<div>\n<div>\n<h3 data-id=\"title0\">Caract\u00e9ristiques<\/h3>\n<div>\n<div>\n<div data-id=\"paragraph0\">\n<p>-Tente quatre saisons construite pour r\u00e9sister aux \u00e9l\u00e9ments de toutes saisons et de tous climats<\/p>\n<div>-Peut accueillir jusqu&#039;\u00e0 2-3 personnes<br \/>\n-Le tissu de la tente est \u00e0 la fois r\u00e9sistant aux UV et \u00e0 la moisissure pour r\u00e9sister aux \u00e9l\u00e9ments de toute saison<br \/>\n-Quatre grandes poches int\u00e9rieures pour ranger le mat\u00e9riel et les accessoires de camping<br \/>\n-Comprend un matelas en mousse haute densit\u00e9 pour plus de confort<\/div>\n<\/div>\n<\/div>\n<\/div>\n<\/div>\n<\/div>\n<div data-section=\"AliMagic-n3jor0\" data-section-title=\"Specification\">sp\u00e9cification<\/div>\n<div>\n<table>\n<tbody>\n<tr>\n<td>\n<div>Saisons<\/div>\n<\/td>\n<td>\n<div>4 saisons<\/div>\n<\/td>\n<td>\n<div><\/div>\n<\/td>\n<td>\n<div><\/div>\n<\/td>\n<td>\n<div><\/div>\n<\/td>\n<\/tr>\n<tr>\n<td>\n<div>Taille<\/div>\n<\/td>\n<td>\n<div>240\u00d7140\/160\/190\u00d7130 cm<\/div>\n<\/td>\n<td>\n<div><\/div>\n<\/td>\n<td>\n<div><\/div>\n<\/td>\n<td>\n<div><\/div>\n<\/td>\n<\/tr>\n<tr>\n<td>\n<div>Sol<\/div>\n<\/td>\n<td>\n<div>Feuille d&#039;aluminium<\/div>\n<\/td>\n<td>\n<div><\/div>\n<\/td>\n<td>\n<div><\/div>\n<\/td>\n<td>\n<div><\/div>\n<\/td>\n<\/tr>\n<tr>\n<td>\n<div>Couleur<\/div>\n<\/td>\n<td>\n<div>Vert, Kaki, gris, Orange<\/div>\n<\/td>\n<td>\n<div><\/div>\n<\/td>\n<td>\n<div><\/div>\n<\/td>\n<td>\n<div><\/div>\n<\/td>\n<\/tr>\n<tr>\n<td>\n<div>Tissu d&#039;auvent<\/div>\n<\/td>\n<td>\n<div>280 g de coton polyester ; Tissu ripstop 600D avec rev\u00eatement imperm\u00e9able et ventil\u00e9<\/div>\n<\/td>\n<td>\n<div><\/div>\n<\/td>\n<td>\n<div><\/div>\n<\/td>\n<td>\n<div><\/div>\n<\/td>\n<\/tr>\n<tr>\n<td>\n<div>Mat\u00e9riau du poteau<\/div>\n<\/td>\n<td>\n<div>Acier inoxydable<\/div>\n<\/td>\n<td>\n<div><\/div>\n<\/td>\n<td>\n<div><\/div>\n<\/td>\n<td>\n<div><\/div>\n<\/td>\n<\/tr>\n<tr>\n<td>\n<div>Tissu anti-pluie<\/div>\n<\/td>\n<td>\n<div>Polyester Oxford 420D ; Rev\u00eatement PU<\/div>\n<\/td>\n<td>\n<div><\/div>\n<\/td>\n<td>\n<div><\/div>\n<\/td>\n<td>\n<div><\/div>\n<\/td>\n<\/tr>\n<tr>\n<td>\n<div>Matelas<\/div>\n<\/td>\n<td>\n<div>\u00c9ponge ind\u00e9formable densit\u00e9 38 avec housse en coton<\/div>\n<\/td>\n<td>\n<div><\/div>\n<\/td>\n<td>\n<div><\/div>\n<\/td>\n<td>\n<div><\/div>\n<\/td>\n<\/tr>\n<tr>\n<td>\n<div>Construction d&#039;\u00e9chelles<\/div>\n<\/td>\n<td>\n<div>\u00c9chelle coulissante en aluminium<\/div>\n<\/td>\n<td>\n<div><\/div>\n<\/td>\n<td>\n<div><\/div>\n<\/td>\n<td>\n<div><\/div>\n<\/td>\n<\/tr>\n<tr>\n<td>\n<div>Mat\u00e9riel annexe<\/div>\n<\/td>\n<td>\n<div>Polyester Oxford 420D ; Rev\u00eatement PU<\/div>\n<\/td>\n<td>\n<div><\/div>\n<\/td>\n<td>\n<div><\/div>\n<\/td>\n<td>\n<div><\/div>\n<\/td>\n<\/tr>\n<tr>\n<td>\n<div>Mat\u00e9riau de couverture<\/div>\n<\/td>\n<td>\n<div>PVC robuste de 550 g<\/div>\n<\/td>\n<td>\n<div><\/div>\n<\/td>\n<td>\n<div><\/div>\n<\/td>\n<td>\n<div><\/div>\n<\/td>\n<\/tr>\n<tr>\n<td>\n<div>Cadre interne<\/div>\n<\/td>\n<td>\n<div>Tube en aluminium 5\/8\u2033<\/div>\n<\/td>\n<td>\n<div><\/div>\n<\/td>\n<td>\n<div><\/div>\n<\/td>\n<td>\n<div><\/div>\n<\/td>\n<\/tr>\n<tr>\n<td>\n<div>Construction du socle<\/div>\n<\/td>\n<td>\n<div>Tube en aluminium soud\u00e9 avec isolation et feuille de finition en aluminium<\/div>\n<\/td>\n<td>\n<div><\/div>\n<\/td>\n<td>\n<div><\/div>\n<\/td>\n<td>\n<div><\/div>\n<\/td>\n<\/tr>\n<\/tbody>\n<\/table>\n<\/div>\n<div data-section=\"AliMagic-cs29h0\" data-section-title=\"Detail Images\">Images d\u00e9taill\u00e9es<\/div>\n<div>\n<div>\n<div>\n<div>\n<div><\/div>\n<\/div>\n<\/div>\n<\/div>\n<\/div>\n<div>\n<div>\n<div>\n<div>\n<div><img decoding=\"async\" src=\"https:\/\/uoogear.com\/wp-content\/uploads\/2023\/11\/Hdcd8e733e3c646b1955a6f4f5f060547q.webp\" data-src=\"https:\/\/uoogear.com\/wp-content\/uploads\/2023\/11\/Hdcd8e733e3c646b1955a6f4f5f060547q.webp\" \/><\/div>\n<\/div>\n<\/div>\n<\/div>\n<\/div>\n<div>\n<div>\n<div>\n<div>\n<div><img decoding=\"async\" src=\"https:\/\/uoogear.com\/wp-content\/uploads\/2023\/11\/H28c9eea970d24e0db9c7690b92a66ca4E-wpp1701332824151.webp\" data-src=\"https:\/\/uoogear.com\/wp-content\/uploads\/2023\/11\/H28c9eea970d24e0db9c7690b92a66ca4E-wpp1701332824151.webp\" \/><\/div>\n<\/div>\n<\/div>\n<\/div>\n<\/div>\n<div data-section=\"AliMagic-5vo4c6\" data-section-title=\"Customer Photos\"><\/div>\n<\/div>\n<\/div>","protected":false},"excerpt":{"rendered":"<p>Superficie : 240x140x130 cm Tissu : Toile Indice d&#039;\u00e9tanch\u00e9it\u00e9 de la tente ext\u00e9rieure : 2000-3000 Mm Indice d&#039;\u00e9tanch\u00e9it\u00e9 du fond : &gt;3000 mm Type de b\u00e2timent : Construction bas\u00e9e sur les besoins Style de tente : Type de contreventement droit Saison : Tente quatre saisons Structure : Une chambre Nom du produit : Ext\u00e9rieur Imperm\u00e9abilisation de tente de toit souple pour camping-car Application\u00a0:\u00a0ext\u00e9rieur<\/p>\n<div class=\"read-more\"><a class=\"btn btn-fill-out\" href=\"https:\/\/uoogear.com\/fr\/produit\/outdoor-camping-car-soft-roof-top-tent-waterproofing\/\">En savoir plus<\/a><\/div>","protected":false},"featured_media":4341,"template":"","meta":[],"product_brand":[],"product_cat":[15],"product_tag":[],"class_list":{"0":"post-4342","1":"product","2":"type-product","3":"status-publish","4":"has-post-thumbnail","6":"product_cat-uncategorized","7":"tm-no-options","9":"first","10":"instock","11":"shipping-taxable","12":"purchasable","13":"product-type-variable"},"_links":{"self":[{"href":"https:\/\/uoogear.com\/fr\/wp-json\/wp\/v2\/product\/4342","targetHints":{"allow":["GET"]}}],"collection":[{"href":"https:\/\/uoogear.com\/fr\/wp-json\/wp\/v2\/product"}],"about":[{"href":"https:\/\/uoogear.com\/fr\/wp-json\/wp\/v2\/types\/product"}],"wp:featuredmedia":[{"embeddable":true,"href":"https:\/\/uoogear.com\/fr\/wp-json\/wp\/v2\/media\/4341"}],"wp:attachment":[{"href":"https:\/\/uoogear.com\/fr\/wp-json\/wp\/v2\/media?parent=4342"}],"wp:term":[{"taxonomy":"product_brand","embeddable":true,"href":"https:\/\/uoogear.com\/fr\/wp-json\/wp\/v2\/product_brand?post=4342"},{"taxonomy":"product_cat","embeddable":true,"href":"https:\/\/uoogear.com\/fr\/wp-json\/wp\/v2\/product_cat?post=4342"},{"taxonomy":"product_tag","embeddable":true,"href":"https:\/\/uoogear.com\/fr\/wp-json\/wp\/v2\/product_tag?post=4342"}],"curies":[{"name":"wp","href":"https:\/\/api.w.org\/{rel}","templated":true}]}}