{"id":4351,"date":"2023-11-13T12:43:08","date_gmt":"2023-11-13T12:43:08","guid":{"rendered":"https:\/\/uoogear.com\/product\/4x4-offroad-faberglass-hard-shell-diy-car-roof-top-tent-for-sale\/"},"modified":"2023-11-30T08:38:35","modified_gmt":"2023-11-30T08:38:35","slug":"4x4-offroad-faberglass-hard-shell-diy-car-roof-top-tent-for-sale","status":"publish","type":"product","link":"https:\/\/uoogear.com\/fr\/produit\/4x4-offroad-faberglass-hard-shell-diy-car-roof-top-tent-for-sale\/","title":{"rendered":"Tente de toit de voiture de bricolage \u00e0 coque dure en faberglass tout-terrain 4 \u00d7 4 \u00e0 vendre"},"content":{"rendered":"<ul>\n<li><strong>Zone : <\/strong> 215*145*95cm<\/li>\n<li><strong>Tissu : <\/strong> Toile polyester-coton 280 g<\/li>\n<li><strong>Indice d&#039;\u00e9tanch\u00e9it\u00e9 de la tente ext\u00e9rieure\u00a0: <\/strong> 2000-3000 millim\u00e8tres<\/li>\n<li><strong>Indice d&#039;\u00e9tanch\u00e9it\u00e9 inf\u00e9rieur\u00a0: <\/strong> &gt;3000mm<\/li>\n<li><strong>Style de tente\u00a0: <\/strong> Type de contreventement droit<\/li>\n<li><strong>Saison : <\/strong> Tente quatre saisons<\/li>\n<li><strong>Structure : <\/strong> Une chambre<\/li>\n<li><strong>Nom du produit : <\/strong> Tente de toit de voiture de bricolage \u00e0 coque dure en faberglass tout-terrain 4 \u00d7 4 \u00e0 vendre<\/li>\n<li><strong>Mot-cl\u00e9 : <\/strong> tente de toit de voiture bricolage<\/li>\n<li><strong>Taille ouverte\u00a0: <\/strong> 215*145*95cm<\/li>\n<li><strong>Taille du paquet : <\/strong> 226*160*37cm<\/li>\n<li><strong>Mat\u00e9riau du cadre : <\/strong> Acier inoxydable<\/li>\n<li><strong>Corps : <\/strong> 280G PU imperm\u00e9able2000 mm<\/li>\n<li><strong>\u00c9chelle : <\/strong> Aluminium<\/li>\n<li><strong>Poids : <\/strong> 65KG<\/li>\n<li><strong>Chargement : <\/strong> 250KG \u2013 300KG<\/li>\n<li><strong>QUANTIT\u00c9 MINIMALE DE COMMANDE\u00a0: <\/strong> 1 pi\u00e8ce<\/li>\n<\/ul>\n<div>\n<div data-host=\"111234190\" data-magic-global=\"%7B%22bizId%22%3A2634101818%2C%22pageId%22%3A5053233173%2C%22siteId%22%3A5005227190%7D\" data-id=\"detail_decorate_root\">\n<div data-section=\"AliMagic-5xqu4z\" data-section-title=\"Products Description\">Description des produits<\/div>\n<div>\n<div>\n<div>\n<div>\n<div><img decoding=\"async\" src=\"https:\/\/uoogear.com\/wp-content\/uploads\/2023\/11\/H6401db70f462417b9631ded5b12306832-wpp1701333469364.webp\" data-src=\"https:\/\/uoogear.com\/wp-content\/uploads\/2023\/11\/H6401db70f462417b9631ded5b12306832-wpp1701333469364.webp\" data-id=\"child-image-0\" \/><\/div>\n<\/div>\n<\/div>\n<\/div>\n<div>\n<div data-id=\"below-title\">Tente de toit de voiture de bricolage \u00e0 coque dure en faberglass tout-terrain 4 \u00d7 4 \u00e0 vendre<\/div>\n<div data-id=\"below-content\">La tente sur le toit \u00e0 coque rigide offre une nouvelle fa\u00e7on d&#039;envisager le camping et les vacances d&#039;aventure en 4x4. Avec un espace int\u00e9rieur plus grand, le PLAYDO offre un espace de couchage pour deux adultes et un enfant. La tente \u00e0 coque rigide PLAYDO est dot\u00e9e de deux portes avec deux fen\u00eatres, ce qui cr\u00e9e une excellente ventilation transversale permettant \u00e0 l&#039;air de circuler librement dans toute la tente. Ouvrez et fermez en quelques secondes gr\u00e2ce au syst\u00e8me de support hydraulique unique. Toutes les tentes de toit PLAYDO s&#039;adaptent au toit de la plupart des v\u00e9hicules et peuvent \u00eatre retir\u00e9es et rang\u00e9es.<\/div>\n<\/div>\n<\/div>\n<div data-section=\"AliMagic-mzm61b\" data-section-title=\"Product Paramenters\">Param\u00e8tres du produit<\/div>\n<div>\n<table>\n<tbody>\n<tr>\n<td>\n<div>Saisons<\/div>\n<\/td>\n<td>\n<div>4 saisons<\/div>\n<\/td>\n<td>\n<div><\/div>\n<\/td>\n<td>\n<div><\/div>\n<\/td>\n<td>\n<div><\/div>\n<\/td>\n<\/tr>\n<tr>\n<td>\n<div>Capacit\u00e9<\/div>\n<\/td>\n<td>\n<div>Conseill\u00e9 pour 2-3 personnes, charge maximale de 250 kg<\/div>\n<\/td>\n<td>\n<div><\/div>\n<\/td>\n<td>\n<div><\/div>\n<\/td>\n<td>\n<div><\/div>\n<\/td>\n<\/tr>\n<tr>\n<td>\n<div>Couleur des options<\/div>\n<\/td>\n<td>\n<div>Coquille (noir\/blanc) &amp; tissu (gris\/vert\/kaki)<\/div>\n<\/td>\n<td>\n<div><\/div>\n<\/td>\n<td>\n<div><\/div>\n<\/td>\n<td>\n<div><\/div>\n<\/td>\n<\/tr>\n<tr>\n<td>\n<div>Mat\u00e9riau de la coque<\/div>\n<\/td>\n<td>\n<div>Mat\u00e9riaux composites en fibre de verre<\/div>\n<\/td>\n<td>\n<div><\/div>\n<\/td>\n<td>\n<div><\/div>\n<\/td>\n<td>\n<div><\/div>\n<\/td>\n<\/tr>\n<tr>\n<td>\n<div>Tissu du corps<\/div>\n<\/td>\n<td>\n<div>Toile polyester-coton 280 g, enduit PU, imperm\u00e9able, r\u00e9sistante aux UV<\/div>\n<\/td>\n<td>\n<div><\/div>\n<\/td>\n<td>\n<div><\/div>\n<\/td>\n<td>\n<div><\/div>\n<\/td>\n<\/tr>\n<tr>\n<td>\n<div>Moustiquaires<\/div>\n<\/td>\n<td>\n<div>Maille invisible<\/div>\n<\/td>\n<td>\n<div><\/div>\n<\/td>\n<td>\n<div><\/div>\n<\/td>\n<td>\n<div><\/div>\n<\/td>\n<\/tr>\n<tr>\n<td>\n<div>Justificatif<\/div>\n<\/td>\n<td>\n<div>Tige en acier inoxydable au lieu de l&#039;ancienne tige en acier au carbone<\/div>\n<\/td>\n<td>\n<div><\/div>\n<\/td>\n<td>\n<div><\/div>\n<\/td>\n<td>\n<div><\/div>\n<\/td>\n<\/tr>\n<tr>\n<td>\n<div>Matelas<\/div>\n<\/td>\n<td>\n<div>\u00c9ponge ind\u00e9formable de 7 cm, densit\u00e9 30 avec tissu en maille 3D<\/div>\n<\/td>\n<td>\n<div><\/div>\n<\/td>\n<td>\n<div><\/div>\n<\/td>\n<td>\n<div><\/div>\n<\/td>\n<\/tr>\n<tr>\n<td>\n<div>\u00c9chelle<\/div>\n<\/td>\n<td>\n<div>\u00c9chelle t\u00e9lescopique en aluminium (charge maximale de 150 kg), 70-260 cm<\/div>\n<\/td>\n<td>\n<div><\/div>\n<\/td>\n<td>\n<div><\/div>\n<\/td>\n<td>\n<div><\/div>\n<\/td>\n<\/tr>\n<tr>\n<td>\n<div>Porte<\/div>\n<\/td>\n<td>\n<div>Deux portes 90*74cm<\/div>\n<\/td>\n<td>\n<div><\/div>\n<\/td>\n<td>\n<div><\/div>\n<\/td>\n<td>\n<div><\/div>\n<\/td>\n<\/tr>\n<tr>\n<td>\n<div>Fen\u00eatre<\/div>\n<\/td>\n<td>\n<div>Deux fen\u00eatres 60*55 cm<\/div>\n<\/td>\n<td>\n<div><\/div>\n<\/td>\n<td>\n<div><\/div>\n<\/td>\n<td>\n<div><\/div>\n<\/td>\n<\/tr>\n<tr>\n<td>\n<div>Auvent pare-soleil<\/div>\n<\/td>\n<td>\n<div>Inclus deux, l&#039;un mesure 190 x 90 cm, l&#039;autre est un auvent triangulaire.<\/div>\n<\/td>\n<td>\n<div><\/div>\n<\/td>\n<td>\n<div><\/div>\n<\/td>\n<td>\n<div><\/div>\n<\/td>\n<\/tr>\n<tr>\n<td>\n<div>Sac \u00e0 chaussures<\/div>\n<\/td>\n<td>\n<div>Inclus deux sacs \u00e0 chaussures<\/div>\n<\/td>\n<td>\n<div><\/div>\n<\/td>\n<td>\n<div><\/div>\n<\/td>\n<td>\n<div><\/div>\n<\/td>\n<\/tr>\n<tr>\n<td>\n<div>Lumi\u00e8re<\/div>\n<\/td>\n<td>\n<div>Inclus deux lumi\u00e8res, une \u00e0 l&#039;arri\u00e8re de la coque, une autre dans la tente<\/div>\n<\/td>\n<td>\n<div><\/div>\n<\/td>\n<td>\n<div><\/div>\n<\/td>\n<td>\n<div><\/div>\n<\/td>\n<\/tr>\n<\/tbody>\n<\/table>\n<\/div>\n<div data-section=\"AliMagic-vebk0r\" data-section-title=\"Detail Images\">Images d\u00e9taill\u00e9es<\/div>\n<div>\n<div>\n<div>\n<div>\n<div><img decoding=\"async\" src=\"https:\/\/uoogear.com\/wp-content\/uploads\/2023\/11\/Hcf1889e97e384349af70cc256aa309230-wpp1701333335925.webp\" data-src=\"https:\/\/uoogear.com\/wp-content\/uploads\/2023\/11\/Hcf1889e97e384349af70cc256aa309230-wpp1701333335925.webp\" \/><\/div>\n<\/div>\n<\/div>\n<\/div>\n<\/div>\n<div data-section=\"AliMagic-a8fbbj\" data-section-title=\"Why choose us\"><\/div>\n<\/div>\n<\/div>","protected":false},"excerpt":{"rendered":"<p>Superficie : 215*145*95 cm Tissu : Toile polyester-coton 280g Indice d&#039;\u00e9tanch\u00e9it\u00e9 de la tente ext\u00e9rieure : 2000-3000 Mm Indice d&#039;\u00e9tanch\u00e9it\u00e9 du fond : &gt;3000 mm Style de tente : Type de renfort droit Saison : Structure de tente quatre saisons : Une chambre Nom du produit : 4 \u00d7 4 tente de toit de voiture de bricolage \u00e0 coque dure en faberglass tout-terrain \u00e0 vendre Mot-cl\u00e9 : toit de voiture de bricolage<\/p>\n<div class=\"read-more\"><a class=\"btn btn-fill-out\" href=\"https:\/\/uoogear.com\/fr\/produit\/4x4-offroad-faberglass-hard-shell-diy-car-roof-top-tent-for-sale\/\">En savoir plus<\/a><\/div>","protected":false},"featured_media":4350,"template":"","meta":[],"product_brand":[],"product_cat":[15],"product_tag":[],"class_list":{"0":"post-4351","1":"product","2":"type-product","3":"status-publish","4":"has-post-thumbnail","6":"product_cat-uncategorized","7":"tm-no-options","9":"first","10":"instock","11":"shipping-taxable","12":"purchasable","13":"product-type-variable"},"_links":{"self":[{"href":"https:\/\/uoogear.com\/fr\/wp-json\/wp\/v2\/product\/4351","targetHints":{"allow":["GET"]}}],"collection":[{"href":"https:\/\/uoogear.com\/fr\/wp-json\/wp\/v2\/product"}],"about":[{"href":"https:\/\/uoogear.com\/fr\/wp-json\/wp\/v2\/types\/product"}],"wp:featuredmedia":[{"embeddable":true,"href":"https:\/\/uoogear.com\/fr\/wp-json\/wp\/v2\/media\/4350"}],"wp:attachment":[{"href":"https:\/\/uoogear.com\/fr\/wp-json\/wp\/v2\/media?parent=4351"}],"wp:term":[{"taxonomy":"product_brand","embeddable":true,"href":"https:\/\/uoogear.com\/fr\/wp-json\/wp\/v2\/product_brand?post=4351"},{"taxonomy":"product_cat","embeddable":true,"href":"https:\/\/uoogear.com\/fr\/wp-json\/wp\/v2\/product_cat?post=4351"},{"taxonomy":"product_tag","embeddable":true,"href":"https:\/\/uoogear.com\/fr\/wp-json\/wp\/v2\/product_tag?post=4351"}],"curies":[{"name":"wp","href":"https:\/\/api.w.org\/{rel}","templated":true}]}}