{"id":4373,"date":"2023-11-13T12:44:58","date_gmt":"2023-11-13T12:44:58","guid":{"rendered":"https:\/\/uoogear.com\/product\/5m-canvas-tent-factory-manufacturer-bell-tent\/"},"modified":"2023-11-30T02:29:25","modified_gmt":"2023-11-30T02:29:25","slug":"5m-canvas-tent-factory-manufacturer-bell-tent","status":"publish","type":"product","link":"https:\/\/uoogear.com\/fr\/produit\/5m-canvas-tent-factory-manufacturer-bell-tent\/","title":{"rendered":"Tente de cloche de fabricant d&#039;usine de tente de toile de 5 m"},"content":{"rendered":"<ul>\n<li><strong>Zone : <\/strong> 13 m\u00e8tres carr\u00e9s<\/li>\n<li><strong>Tissu : <\/strong> Toile<\/li>\n<li><strong>Indice d&#039;\u00e9tanch\u00e9it\u00e9 de la tente ext\u00e9rieure\u00a0: <\/strong> 1500-2000 millim\u00e8tres<\/li>\n<li><strong>Indice d&#039;\u00e9tanch\u00e9it\u00e9 inf\u00e9rieur\u00a0: <\/strong> &gt;3000mm<\/li>\n<li><strong>Type de b\u00e2timent : <\/strong> Construction bas\u00e9e sur les besoins<\/li>\n<li><strong>Style de tente\u00a0: <\/strong> Type de contreventement droit<\/li>\n<li><strong>Saison : <\/strong> Tente quatre saisons<\/li>\n<li><strong>Structure : <\/strong> Une chambre<\/li>\n<li><strong>Taille : <\/strong> 500*300*170\/60CM<\/li>\n<li><strong>Utilisation : <\/strong> Divertissement en plein air<\/li>\n<li><strong>Toile de sol : <\/strong> Tissu PVC 540g<\/li>\n<li><strong>Nom du produit : <\/strong> Tente de cloche de fabricant d&#039;usine de tente de toile de 5 m<\/li>\n<li><strong>Mot-cl\u00e9 : <\/strong> Tente cloche<\/li>\n<li><strong>Poteaux : <\/strong> Rev\u00eatement cuivre-zinc<\/li>\n<li><strong>Indice d&#039;\u00e9tanch\u00e9it\u00e9 : <\/strong> 2000-3000mm<\/li>\n<li><strong>Porte : <\/strong> Porte zipp\u00e9e avec filet<\/li>\n<li><strong>QUANTIT\u00c9 MINIMALE DE COMMANDE\u00a0: <\/strong> Tente cloche 1 pi\u00e8ce<\/li>\n<li><strong>Service apr\u00e8s-vente : <\/strong> 1<\/li>\n<\/ul>\n<div>\n<div data-magic-global=\"%7B%22bizId%22%3A2634101818%2C%22pageId%22%3A5047952263%2C%22siteId%22%3A5005227190%7D\">\n<div>\n<div data-section=\"AliMagic-ip73a6\" data-section-title=\"Product Description\">Description du produit<\/div>\n<\/div>\n<div>\n<div>\n<div>\n<div>\n<div>\n<div><img decoding=\"async\" src=\"\/\/sc01.alicdn.com\/kf\/Hc09fb0725c5547578e3f95c183da6fca9\/225636084\/Hc09fb0725c5547578e3f95c183da6fca9.jpg\" data-src=\"\/\/sc01.alicdn.com\/kf\/Hc09fb0725c5547578e3f95c183da6fca9\/225636084\/Hc09fb0725c5547578e3f95c183da6fca9.jpg\" \/><\/div>\n<\/div>\n<\/div>\n<\/div>\n<\/div>\n<\/div>\n<div>\n<div>\n<div>\n<h3><strong>Tente de cloche de fabricant d&#039;usine de tente de toile de 5 m<\/strong><\/h3>\n<div>\n<div>\n<div>\n<p>Une conception de tente Bell classique et spacieuse, am\u00e9lior\u00e9e avec un tapis de sol int\u00e9gr\u00e9 robuste offrant un joint \u00e9tanche autour de la base pour une garantie suppl\u00e9mentaire contre les intemp\u00e9ries. La tente cloche offre suffisamment d&#039;espace pour le camping d&#039;une grande famille avec une capacit\u00e9 de quatre matelas doubles. Avec un seul lit, il est en effet tr\u00e8s spacieux, avec beaucoup d&#039;espace pour tous vos luxes de camping \u2013 et beaucoup d&#039;espace \u00e0 revendre !<\/p>\n<div><strong><span style=\"color: #c277d0;\">Caract\u00e9ristiques de la tente cloche<\/span><\/strong><br \/>\n1. La tente cloche en toile est \u00e9quip\u00e9e d&#039;un tapis de sol robuste qui est fix\u00e9 \u00e0 la tente avec une fermeture \u00e9clair. Le tapis de sol est en PVC et p\u00e8se 540 g\/m\u00b2<br \/>\n2. Caract\u00e9ristique tr\u00e8s populaire : les c\u00f4t\u00e9s s&#039;enroulent facilement pour laisser passer le vent en dessous lors des chaudes journ\u00e9es d&#039;\u00e9t\u00e9.<br \/>\n3. Fabuleuse couleur sable cr\u00e9ant une ambiance chaleureuse et romantique<br \/>\n4. Magnifiquement fabriqu\u00e9 et de qualit\u00e9. Double couture tout autour et points cl\u00e9s renforc\u00e9s<br \/>\n5. Le mat\u00e9riau est trait\u00e9 pour \u00eatre encore plus r\u00e9sistant \u00e0 l\u2019eau et \u00e0 la moisissure. L&#039;int\u00e9rieur de la tente ne semble jamais humide et reste<br \/>\n6. Il faut seulement 8 \u00e0 10 minutes \u00e0 1 personne pour pr\u00e9senter son projet<\/div>\n<\/div>\n<\/div>\n<\/div>\n<\/div>\n<\/div>\n<\/div>\n<div>\n<div data-section=\"AliMagic-zkjxn9\" data-section-title=\"Product Paramenters\">Param\u00e8tres du produit<\/div>\n<\/div>\n<div>\n<div>\n<table>\n<tbody>\n<tr>\n<td>\n<div>Nom de l&#039;article<\/div>\n<\/td>\n<td>\n<div>Tente cloche<\/div>\n<\/td>\n<td>\n<div><\/div>\n<\/td>\n<td>\n<div><\/div>\n<\/td>\n<td>\n<div><\/div>\n<\/td>\n<\/tr>\n<tr>\n<td>\n<div>Diam\u00e8tre<\/div>\n<\/td>\n<td>\n<div>3m,4m,5m,6m,7m<\/div>\n<\/td>\n<td>\n<div><\/div>\n<\/td>\n<td>\n<div><\/div>\n<\/td>\n<td>\n<div><\/div>\n<\/td>\n<\/tr>\n<tr>\n<td>\n<div>Toile de toit<\/div>\n<\/td>\n<td>\n<div>Toile de coton 300 g\/m\u00b2, rev\u00eatement PU, imperm\u00e9able, r\u00e9sistante \u00e0 la moisissure.<\/div>\n<\/td>\n<td>\n<div><\/div>\n<\/td>\n<td>\n<div><\/div>\n<\/td>\n<td>\n<div><\/div>\n<\/td>\n<\/tr>\n<tr>\n<td>\n<div>Tapis de sol<\/div>\n<\/td>\n<td>\n<div>PVC ripstop 540 g\/m\u00b2, imperm\u00e9able, d\u00e9tach\u00e9 de la tente par une fermeture \u00e9clair.<\/div>\n<\/td>\n<td>\n<div><\/div>\n<\/td>\n<td>\n<div><\/div>\n<\/td>\n<td>\n<div><\/div>\n<\/td>\n<\/tr>\n<tr>\n<td>\n<div>Filet<\/div>\n<\/td>\n<td>\n<div>Blanc, aussi bien sur les portes que sur les fen\u00eatres<\/div>\n<\/td>\n<td>\n<div><\/div>\n<\/td>\n<td>\n<div><\/div>\n<\/td>\n<td>\n<div><\/div>\n<\/td>\n<\/tr>\n<tr>\n<td>\n<div>Poteau central<\/div>\n<\/td>\n<td>\n<div>Tube en acier galvanis\u00e9 de 32 mm de diam\u00e8tre, \u00e9paisseur de 1,2 mm, rev\u00eatement cuivre-zinc.<\/div>\n<\/td>\n<td>\n<div><\/div>\n<\/td>\n<td>\n<div><\/div>\n<\/td>\n<td>\n<div><\/div>\n<\/td>\n<\/tr>\n<tr>\n<td>\n<div>Fen\u00eatre<\/div>\n<\/td>\n<td>\n<div>4 fen\u00eatres lat\u00e9rales et 4 a\u00e9rations au sommet, avec grillage.<\/div>\n<\/td>\n<td>\n<div><\/div>\n<\/td>\n<td>\n<div><\/div>\n<\/td>\n<td>\n<div><\/div>\n<\/td>\n<\/tr>\n<tr>\n<td>\n<div>Porte<\/div>\n<\/td>\n<td>\n<div>1 porte \u00e0 fermeture \u00e9clair, la porte grillag\u00e9e \u00e0 fermeture \u00e9clair est facultative, avec rabat.<\/div>\n<\/td>\n<td>\n<div><\/div>\n<\/td>\n<td>\n<div><\/div>\n<\/td>\n<td>\n<div><\/div>\n<\/td>\n<\/tr>\n<\/tbody>\n<\/table>\n<\/div>\n<\/div>\n<div>\n<div data-section=\"AliMagic-zdt106\" data-section-title=\"Details\">D\u00e9tails<\/div>\n<\/div>\n<div>\n<div>\n<div>\n<div>\n<div>\n<div><img decoding=\"async\" src=\"\/\/sc01.alicdn.com\/kf\/Hb2cabe10c9ef4794bfa509584b13f743Q\/225636084\/Hb2cabe10c9ef4794bfa509584b13f743Q.jpg\" data-src=\"\/\/sc01.alicdn.com\/kf\/Hb2cabe10c9ef4794bfa509584b13f743Q\/225636084\/Hb2cabe10c9ef4794bfa509584b13f743Q.jpg\" \/><\/div>\n<\/div>\n<\/div>\n<\/div>\n<\/div>\n<\/div>\n<div>\n<div>\n<div>\n<div>\n<div>\n<div><img decoding=\"async\" src=\"\/\/sc01.alicdn.com\/kf\/Hea8e85c9bc9547008bcb1ccb2b3cee85b\/225636084\/Hea8e85c9bc9547008bcb1ccb2b3cee85b.jpg\" data-src=\"\/\/sc01.alicdn.com\/kf\/Hea8e85c9bc9547008bcb1ccb2b3cee85b\/225636084\/Hea8e85c9bc9547008bcb1ccb2b3cee85b.jpg\" \/><\/div>\n<\/div>\n<\/div>\n<\/div>\n<\/div>\n<\/div>\n<div>\n<div>\n<div>\n<div>\n<div>\n<div data-spm-anchor-id=\"a2700.wholesale.0.i46.5a31fe24gtMMaP\"><img decoding=\"async\" src=\"\/\/sc01.alicdn.com\/kf\/H0d2acdfd09a0449c81414d4c4087b535i\/225636084\/H0d2acdfd09a0449c81414d4c4087b535i.jpg\" data-src=\"\/\/sc01.alicdn.com\/kf\/H0d2acdfd09a0449c81414d4c4087b535i\/225636084\/H0d2acdfd09a0449c81414d4c4087b535i.jpg\" \/><\/div>\n<\/div>\n<\/div>\n<\/div>\n<\/div>\n<\/div>\n<div>\n<div data-section=\"AliMagic-ufrss4\" data-section-title=\"Customer Photos\"><\/div>\n<\/div>\n<div><\/div>\n<\/div>\n<\/div>","protected":false},"excerpt":{"rendered":"<p>Superficie : 13 m\u00e8tres carr\u00e9s Tissu : Toile Indice d&#039;\u00e9tanch\u00e9it\u00e9 de la tente ext\u00e9rieure : 1500-2000 Mm Indice d&#039;\u00e9tanch\u00e9it\u00e9 du fond : &gt;3000 mm Type de b\u00e2timent : Construction bas\u00e9e sur les besoins Style de tente : Type de contreventement droit Saison : Structure de tente quatre saisons : Une chambre Taille : 500 *300*170\/60CM Utilisation : Tissu de sol pour divertissement ext\u00e9rieur : tissu PVC 540g<\/p>\n<div class=\"read-more\"><a class=\"btn btn-fill-out\" href=\"https:\/\/uoogear.com\/fr\/produit\/5m-canvas-tent-factory-manufacturer-bell-tent\/\">En savoir plus<\/a><\/div>","protected":false},"featured_media":4372,"template":"","meta":[],"product_brand":[],"product_cat":[15],"product_tag":[],"class_list":{"0":"post-4373","1":"product","2":"type-product","3":"status-publish","4":"has-post-thumbnail","6":"product_cat-uncategorized","7":"tm-no-options","9":"first","10":"instock","11":"shipping-taxable","12":"purchasable","13":"product-type-variable"},"_links":{"self":[{"href":"https:\/\/uoogear.com\/fr\/wp-json\/wp\/v2\/product\/4373","targetHints":{"allow":["GET"]}}],"collection":[{"href":"https:\/\/uoogear.com\/fr\/wp-json\/wp\/v2\/product"}],"about":[{"href":"https:\/\/uoogear.com\/fr\/wp-json\/wp\/v2\/types\/product"}],"wp:featuredmedia":[{"embeddable":true,"href":"https:\/\/uoogear.com\/fr\/wp-json\/wp\/v2\/media\/4372"}],"wp:attachment":[{"href":"https:\/\/uoogear.com\/fr\/wp-json\/wp\/v2\/media?parent=4373"}],"wp:term":[{"taxonomy":"product_brand","embeddable":true,"href":"https:\/\/uoogear.com\/fr\/wp-json\/wp\/v2\/product_brand?post=4373"},{"taxonomy":"product_cat","embeddable":true,"href":"https:\/\/uoogear.com\/fr\/wp-json\/wp\/v2\/product_cat?post=4373"},{"taxonomy":"product_tag","embeddable":true,"href":"https:\/\/uoogear.com\/fr\/wp-json\/wp\/v2\/product_tag?post=4373"}],"curies":[{"name":"wp","href":"https:\/\/api.w.org\/{rel}","templated":true}]}}