{"id":4391,"date":"2023-11-13T12:47:07","date_gmt":"2023-11-13T12:47:07","guid":{"rendered":"https:\/\/uoogear.com\/product\/outdoor-custom-waterproof-glamping-cotton-canvas-bell-tents-for-camping-with-awning\/"},"modified":"2023-11-30T02:30:23","modified_gmt":"2023-11-30T02:30:23","slug":"outdoor-custom-waterproof-glamping-cotton-canvas-bell-tents-for-camping-with-awning","status":"publish","type":"product","link":"https:\/\/uoogear.com\/fr\/produit\/outdoor-custom-waterproof-glamping-cotton-canvas-bell-tents-for-camping-with-awning\/","title":{"rendered":"Tentes cloches en toile de coton imperm\u00e9ables personnalis\u00e9es pour camping avec auvent"},"content":{"rendered":"<ul>\n<li><strong>Zone : <\/strong> 500*300cm<\/li>\n<li><strong>Tissu : <\/strong> Toile<\/li>\n<li><strong>Indice d&#039;\u00e9tanch\u00e9it\u00e9 de la tente ext\u00e9rieure\u00a0: <\/strong> 1500-2000 millim\u00e8tres<\/li>\n<li><strong>Indice d&#039;\u00e9tanch\u00e9it\u00e9 inf\u00e9rieur\u00a0: <\/strong> &gt;3000mm<\/li>\n<li><strong>Type de b\u00e2timent : <\/strong> Construction bas\u00e9e sur les besoins<\/li>\n<li><strong>Style de tente\u00a0: <\/strong> Type de contreventement droit<\/li>\n<li><strong>Saison : <\/strong> Tente quatre saisons<\/li>\n<li><strong>Structure : <\/strong> Une chambre<\/li>\n<li><strong>Nom du produit : <\/strong> tentes cloches en toile de coton pour camper avec auvent<\/li>\n<li><strong>Couleur : <\/strong> Beige<\/li>\n<li><strong>Application : <\/strong> Voyage en plein air Randonn\u00e9e Camping<\/li>\n<li><strong>Mot-cl\u00e9 : <\/strong> tentes pour camper<\/li>\n<li><strong>Fonctionnalit\u00e9 : <\/strong> Imperm\u00e9able<\/li>\n<li><strong>Mat\u00e9riel : <\/strong> Toile de coton 300 g\/m\u00b2<\/li>\n<li><strong>Taille : <\/strong> 500*300*170\/60cm<\/li>\n<li><strong>QUANTIT\u00c9 MINIMALE DE COMMANDE\u00a0: <\/strong> 1 pi\u00e8ce<\/li>\n<\/ul>\n<div>\n<div data-host=\"112311420\" data-id=\"detail_decorate_root\">\n<div data-reactroot=\"\">\n<div data-section=\"AliMagic-af7zby\" data-section-title=\"Products Description\">Description des produits<\/div>\n<div>\n<div>\n<div>\n<div>\n<div><img decoding=\"async\" src=\"\/\/sc01.alicdn.com\/kf\/Hf36d73868dd540b595b5d4574c7a2a13M\/225636084\/Hf36d73868dd540b595b5d4574c7a2a13M.jpg\" data-src=\"\/\/sc01.alicdn.com\/kf\/Hf36d73868dd540b595b5d4574c7a2a13M\/225636084\/Hf36d73868dd540b595b5d4574c7a2a13M.jpg\" data-id=\"child-image-0\" \/><\/div>\n<\/div>\n<\/div>\n<\/div>\n<div>\n<div data-id=\"below-title\">Tentes cloches en toile de coton pour camping avec auvent<\/div>\n<div data-id=\"below-content\">Une conception de tente Bell classique et spacieuse, am\u00e9lior\u00e9e avec un tapis de sol int\u00e9gr\u00e9 robuste offrant un joint \u00e9tanche autour de la base pour une garantie suppl\u00e9mentaire contre les intemp\u00e9ries. La tente cloche de 5 m\u00e8tres offre suffisamment d&#039;espace pour le camping d&#039;une grande famille avec une capacit\u00e9 de quatre matelas doubles. Avec un seul lit, il est en effet tr\u00e8s spacieux, avec beaucoup d&#039;espace pour tous vos luxes de camping \u2013 et beaucoup d&#039;espace \u00e0 revendre !<\/div>\n<\/div>\n<\/div>\n<div>\n<div>\n<h3 data-id=\"title0\">\u00a0 \u00a0 Caract\u00e9ristiques<\/h3>\n<div>\n<div>\n<div data-id=\"paragraph0\">\n<p>\u00a0 \u00a0 1. La tente cloche en toile est \u00e9quip\u00e9e d&#039;un tapis de sol robuste qui est fix\u00e9 \u00e0 la tente avec une fermeture \u00e9clair.<\/p>\n<div>\u00a0 \u00a0 2.Le tapis de sol est en PVC et p\u00e8se 540 g\/m\u00b2<\/div>\n<div>\u00a0 \u00a0 3. Les c\u00f4t\u00e9s s&#039;enroulent facilement pour laisser passer le vent en dessous lors des chaudes journ\u00e9es d&#039;\u00e9t\u00e9.<\/div>\n<div>\u00a0 \u00a0 4. Magnifiquement fabriqu\u00e9 et de qualit\u00e9. Double couture tout autour et points cl\u00e9s renforc\u00e9s<\/div>\n<div>\u00a0 \u00a0 5. Le mat\u00e9riau est trait\u00e9 pour \u00eatre encore plus r\u00e9sistant \u00e0 l\u2019eau et \u00e0 la moisissure.<\/div>\n<div>\u00a0 \u00a0 6. Il ne faut que 5 \u00e0 8 minutes \u00e0 1 personne pour lancer<\/div>\n<\/div>\n<\/div>\n<\/div>\n<\/div>\n<\/div>\n<div data-section=\"AliMagic-u2qvef\" data-section-title=\"Specification\">sp\u00e9cification<\/div>\n<div>\n<table>\n<tbody>\n<tr>\n<td>\n<div>Taille du produit<\/div>\n<\/td>\n<td>\n<div>300*250*160\/60cm<\/div>\n<\/td>\n<td>\n<div><\/div>\n<\/td>\n<td>\n<div><\/div>\n<\/td>\n<td>\n<div><\/div>\n<\/td>\n<\/tr>\n<tr>\n<td>\n<div>Taille du paquet<\/div>\n<\/td>\n<td>\n<div>110*27*32 cm<\/div>\n<\/td>\n<td>\n<div><\/div>\n<\/td>\n<td>\n<div><\/div>\n<\/td>\n<td>\n<div><\/div>\n<\/td>\n<\/tr>\n<tr>\n<td>\n<div>Tissu<\/div>\n<\/td>\n<td>\n<div>Toile de coton 300 g\/m\u00b2 100%<\/div>\n<\/td>\n<td>\n<div><\/div>\n<\/td>\n<td>\n<div><\/div>\n<\/td>\n<td>\n<div><\/div>\n<\/td>\n<\/tr>\n<tr>\n<td>\n<div>Sol<\/div>\n<\/td>\n<td>\n<div>PVC ind\u00e9chirable 540 g\/m\u00b2<\/div>\n<\/td>\n<td>\n<div><\/div>\n<\/td>\n<td>\n<div><\/div>\n<\/td>\n<td>\n<div><\/div>\n<\/td>\n<\/tr>\n<tr>\n<td>\n<div>P\u00f4le Central<\/div>\n<\/td>\n<td>\n<div>Dia 32 mm, tube en acier galvanis\u00e9, rev\u00eatement cuivre-zinc<\/div>\n<\/td>\n<td>\n<div><\/div>\n<\/td>\n<td>\n<div><\/div>\n<\/td>\n<td>\n<div><\/div>\n<\/td>\n<\/tr>\n<tr>\n<td>\n<div>Type d&#039;entr\u00e9e<\/div>\n<\/td>\n<td>\n<div>Un poteau de cadre \u00e0 la porte, Dia 19mm<\/div>\n<\/td>\n<td>\n<div><\/div>\n<\/td>\n<td>\n<div><\/div>\n<\/td>\n<td>\n<div><\/div>\n<\/td>\n<\/tr>\n<tr>\n<td>\n<div>Fermetures \u00e9clair<\/div>\n<\/td>\n<td>\n<div>Fermeture \u00e9clair SBS, fermetures \u00e9clair \u00e0 double poign\u00e9e<\/div>\n<\/td>\n<td>\n<div><\/div>\n<\/td>\n<td>\n<div><\/div>\n<\/td>\n<td>\n<div><\/div>\n<\/td>\n<\/tr>\n<tr>\n<td>\n<div>les fen\u00eatres<\/div>\n<\/td>\n<td>\n<div>4 * fen\u00eatres zipp\u00e9es avec filet<\/div>\n<\/td>\n<td>\n<div><\/div>\n<\/td>\n<td>\n<div><\/div>\n<\/td>\n<td>\n<div><\/div>\n<\/td>\n<\/tr>\n<tr>\n<td>\n<div>\u00c9vents<\/div>\n<\/td>\n<td>\n<div>4 * \u00e9vents triangulaires avec filet<\/div>\n<\/td>\n<td>\n<div><\/div>\n<\/td>\n<td>\n<div><\/div>\n<\/td>\n<td>\n<div><\/div>\n<\/td>\n<\/tr>\n<tr>\n<td>\n<div>Porte<\/div>\n<\/td>\n<td>\n<div>1 porte zipp\u00e9e avec filet<\/div>\n<\/td>\n<td>\n<div><\/div>\n<\/td>\n<td>\n<div><\/div>\n<\/td>\n<td>\n<div><\/div>\n<\/td>\n<\/tr>\n<tr>\n<td>\n<div>Chevilles<\/div>\n<\/td>\n<td>\n<div>\u0278 6 mm 5 mm x 20 mm 24 pi\u00e8ces<\/div>\n<\/td>\n<td>\n<div><\/div>\n<\/td>\n<td>\n<div><\/div>\n<\/td>\n<td>\n<div><\/div>\n<\/td>\n<\/tr>\n<tr>\n<td>\n<div>Emballage<\/div>\n<\/td>\n<td>\n<div>dans un sac de transport puis dans un emballage en carton<\/div>\n<\/td>\n<td>\n<div><\/div>\n<\/td>\n<td>\n<div><\/div>\n<\/td>\n<td>\n<div><\/div>\n<\/td>\n<\/tr>\n<\/tbody>\n<\/table>\n<\/div>\n<div data-section=\"AliMagic-78q3yo\" data-section-title=\"Details\">D\u00e9tails<\/div>\n<div>\n<div>\n<div>\n<div>\n<div><img decoding=\"async\" src=\"\/\/sc02.alicdn.com\/kf\/H7b5e068f5bbc40089647cddc36ee6a66e\/225636084\/H7b5e068f5bbc40089647cddc36ee6a66e.jpg\" data-src=\"\/\/sc02.alicdn.com\/kf\/H7b5e068f5bbc40089647cddc36ee6a66e\/225636084\/H7b5e068f5bbc40089647cddc36ee6a66e.jpg\" \/><\/div>\n<\/div>\n<\/div>\n<\/div>\n<\/div>\n<div>\n<div>\n<div>\n<div>\n<div><img decoding=\"async\" src=\"\/\/sc01.alicdn.com\/kf\/H0d2acdfd09a0449c81414d4c4087b535i\/225636084\/H0d2acdfd09a0449c81414d4c4087b535i.jpg\" data-src=\"\/\/sc01.alicdn.com\/kf\/H0d2acdfd09a0449c81414d4c4087b535i\/225636084\/H0d2acdfd09a0449c81414d4c4087b535i.jpg\" \/><\/div>\n<\/div>\n<\/div>\n<\/div>\n<\/div>\n<div data-section=\"AliMagic-xk4fxk\" data-section-title=\"Application\">Application<\/div>\n<div>\n<div>\n<div>\n<div>\n<div><img decoding=\"async\" src=\"\/\/sc02.alicdn.com\/kf\/H2c99e2db1880498da08767acaa3c1fce6\/225636084\/H2c99e2db1880498da08767acaa3c1fce6.png\" data-src=\"\/\/sc02.alicdn.com\/kf\/H2c99e2db1880498da08767acaa3c1fce6\/225636084\/H2c99e2db1880498da08767acaa3c1fce6.png\" \/><\/div>\n<\/div>\n<\/div>\n<\/div>\n<\/div>\n<div>\n<div>\n<div>\n<div>\n<div><img decoding=\"async\" src=\"\/\/sc01.alicdn.com\/kf\/H9aa939c18c40425abdf172a611ffe8a9Q\/225636084\/H9aa939c18c40425abdf172a611ffe8a9Q.png\" data-src=\"\/\/sc01.alicdn.com\/kf\/H9aa939c18c40425abdf172a611ffe8a9Q\/225636084\/H9aa939c18c40425abdf172a611ffe8a9Q.png\" \/><\/div>\n<\/div>\n<\/div>\n<\/div>\n<\/div>\n<div data-section=\"AliMagic-bk6wn1\" data-section-title=\"Packing &amp; Delivery\"><\/div>\n<\/div>\n<\/div>\n<\/div>","protected":false},"excerpt":{"rendered":"<p>Superficie : 500*300 cm Tissu : Toile Indice d&#039;\u00e9tanch\u00e9it\u00e9 de la tente ext\u00e9rieure : 1500-2000 Mm Indice d&#039;\u00e9tanch\u00e9it\u00e9 du fond : &gt;3000 mm Type de b\u00e2timent : Construction bas\u00e9e sur les besoins Style de tente : Type de contreventement droit Saison : Tente quatre saisons Structure : Une chambre Nom du produit : tentes cloches en toile de coton pour camping avec auvent Couleur : Beige<\/p>\n<div class=\"read-more\"><a class=\"btn btn-fill-out\" href=\"https:\/\/uoogear.com\/fr\/produit\/outdoor-custom-waterproof-glamping-cotton-canvas-bell-tents-for-camping-with-awning\/\">En savoir plus<\/a><\/div>","protected":false},"featured_media":4390,"template":"","meta":[],"product_brand":[],"product_cat":[15],"product_tag":[],"class_list":{"0":"post-4391","1":"product","2":"type-product","3":"status-publish","4":"has-post-thumbnail","6":"product_cat-uncategorized","7":"tm-no-options","9":"first","10":"instock","11":"shipping-taxable","12":"purchasable","13":"product-type-variable"},"_links":{"self":[{"href":"https:\/\/uoogear.com\/fr\/wp-json\/wp\/v2\/product\/4391","targetHints":{"allow":["GET"]}}],"collection":[{"href":"https:\/\/uoogear.com\/fr\/wp-json\/wp\/v2\/product"}],"about":[{"href":"https:\/\/uoogear.com\/fr\/wp-json\/wp\/v2\/types\/product"}],"wp:featuredmedia":[{"embeddable":true,"href":"https:\/\/uoogear.com\/fr\/wp-json\/wp\/v2\/media\/4390"}],"wp:attachment":[{"href":"https:\/\/uoogear.com\/fr\/wp-json\/wp\/v2\/media?parent=4391"}],"wp:term":[{"taxonomy":"product_brand","embeddable":true,"href":"https:\/\/uoogear.com\/fr\/wp-json\/wp\/v2\/product_brand?post=4391"},{"taxonomy":"product_cat","embeddable":true,"href":"https:\/\/uoogear.com\/fr\/wp-json\/wp\/v2\/product_cat?post=4391"},{"taxonomy":"product_tag","embeddable":true,"href":"https:\/\/uoogear.com\/fr\/wp-json\/wp\/v2\/product_tag?post=4391"}],"curies":[{"name":"wp","href":"https:\/\/api.w.org\/{rel}","templated":true}]}}