{"id":4400,"date":"2023-11-13T12:48:06","date_gmt":"2023-11-13T12:48:06","guid":{"rendered":"https:\/\/uoogear.com\/product\/luxury-family-glamping-outdoor-large-canvas-heavy-duty-bell-tent-waterproofing\/"},"modified":"2023-11-30T02:30:41","modified_gmt":"2023-11-30T02:30:41","slug":"luxury-family-glamping-outdoor-large-canvas-heavy-duty-bell-tent-waterproofing","status":"publish","type":"product","link":"https:\/\/uoogear.com\/fr\/produit\/luxury-family-glamping-outdoor-large-canvas-heavy-duty-bell-tent-waterproofing\/","title":{"rendered":"Glamping familial de luxe en plein air, grande toile, tente cloche robuste, imperm\u00e9abilisation"},"content":{"rendered":"<ul>\n<li><strong>Zone : <\/strong> 500*300*170cm<\/li>\n<li><strong>Tissu : <\/strong> Toile<\/li>\n<li><strong>Indice d&#039;\u00e9tanch\u00e9it\u00e9 de la tente ext\u00e9rieure\u00a0: <\/strong> 1500-2000 millim\u00e8tres<\/li>\n<li><strong>Indice d&#039;\u00e9tanch\u00e9it\u00e9 inf\u00e9rieur\u00a0: <\/strong> &gt;3000mm<\/li>\n<li><strong>Type de b\u00e2timent : <\/strong> Ouverture automatique rapide<\/li>\n<li><strong>Style de tente\u00a0: <\/strong> Type de contreventement droit<\/li>\n<li><strong>Saison : <\/strong> Tente quatre saisons<\/li>\n<li><strong>Structure : <\/strong> Une chambre<\/li>\n<li><strong>Nom du produit : <\/strong> Tente cloche robuste d&#039;ext\u00e9rieur, grande toile imperm\u00e9abilisante<\/li>\n<li><strong>Mot-cl\u00e9 : <\/strong> imperm\u00e9abilisation de tente<\/li>\n<li><strong>Mat\u00e9riau du corps\u00a0: <\/strong> Toile de coton 300 GSM , ou personnaliser<\/li>\n<li><strong>Mat\u00e9riau du sol : <\/strong> PVC ind\u00e9chirable 540 g<\/li>\n<li><strong>P\u00f4le Central : <\/strong> Dia 32 mm recouvert de cuivre et de zinc<\/li>\n<li><strong>Garantie : <\/strong> 12 mois<\/li>\n<li><strong>QUANTIT\u00c9 MINIMALE DE COMMANDE\u00a0: <\/strong> 1 pi\u00e8ce<\/li>\n<li><strong>Logo : <\/strong> Logo personnalis\u00e9<\/li>\n<li><strong>Taille : <\/strong> Diam\u00e8tre = 4m\/3m\/5m\/6m<\/li>\n<li><strong>Couleur : <\/strong> Beige<\/li>\n<\/ul>\n<div>\n<div data-magic-global=\"%7B%22bizId%22%3A2634101818%2C%22pageId%22%3A5052166577%2C%22siteId%22%3A5005227190%7D\">\n<div>\n<div data-section=\"AliMagic-uwn5tk\" data-section-title=\"Product Description\">Description du produit<\/div>\n<\/div>\n<div>\n<div>\n<div>\n<div>\n<div>\n<div><img decoding=\"async\" src=\"\/\/sc02.alicdn.com\/kf\/H33b373fbc27442959ba1b930fe515803N\/225636084\/H33b373fbc27442959ba1b930fe515803N.jpg\" data-src=\"\/\/sc02.alicdn.com\/kf\/H33b373fbc27442959ba1b930fe515803N\/225636084\/H33b373fbc27442959ba1b930fe515803N.jpg\" \/><\/div>\n<\/div>\n<\/div>\n<\/div>\n<\/div>\n<\/div>\n<div>\n<div>\n<div>\n<h3><strong>Imperm\u00e9abilisation de tente<\/strong><\/h3>\n<div>\n<div>\n<div>La tente Bell est fabriqu\u00e9e \u00e0 partir d&#039;une toile de coton imperm\u00e9able de 300 g\/m\u00b2 avec un rev\u00eatement PU avec un tapis de sol durable \u00e0 fermeture \u00e9clair. Ils ont deux poteaux \u00e0 ressort : un poteau central et un poteau en A qui cr\u00e9e un porche dans l&#039;embrasure de la porte. La tente est dot\u00e9e de bouches d&#039;a\u00e9ration, de fen\u00eatres en maille avec fermetures \u00e9clair et d&#039;un sac de transport extra-large pour un rangement facile. Le tapis de sol zipp\u00e9 signifie que les c\u00f4t\u00e9s peuvent \u00eatre enroul\u00e9s par temps chaud, ce qui fait de la tente cloche un pare-soleil parfait et elle existe \u00e9galement en quatre types : 3 m, 4 m, 5 m, 6 m. Des tailles et des couleurs personnalis\u00e9es peuvent \u00eatre accept\u00e9es. Nos tissus en toile de coton ont subi un traitement sp\u00e9cial pour \u00eatre durables et imperm\u00e9ables pendant une longue p\u00e9riode d&#039;utilisation.<\/div>\n<\/div>\n<\/div>\n<\/div>\n<\/div>\n<\/div>\n<div>\n<div data-section=\"AliMagic-d7l49w\" data-section-title=\"Product Paramenters\">Param\u00e8tres du produit<\/div>\n<\/div>\n<div>\n<div>\n<table>\n<tbody>\n<tr>\n<td>\n<div>Nom de l&#039;article<\/div>\n<\/td>\n<td>\n<div>Tente cloche<\/div>\n<\/td>\n<td>\n<div><\/div>\n<\/td>\n<td>\n<div><\/div>\n<\/td>\n<td>\n<div><\/div>\n<\/td>\n<\/tr>\n<tr>\n<td>\n<div>Diam\u00e8tre<\/div>\n<\/td>\n<td>\n<div>3m,4m,5m,6m,7m<\/div>\n<\/td>\n<td>\n<div><\/div>\n<\/td>\n<td>\n<div><\/div>\n<\/td>\n<td>\n<div><\/div>\n<\/td>\n<\/tr>\n<tr>\n<td>\n<div>Toile de toit<\/div>\n<\/td>\n<td>\n<div>Toile de coton 300 g\/m\u00b2, rev\u00eatement PU, imperm\u00e9able, r\u00e9sistante \u00e0 la moisissure.<\/div>\n<\/td>\n<td>\n<div><\/div>\n<\/td>\n<td>\n<div><\/div>\n<\/td>\n<td>\n<div><\/div>\n<\/td>\n<\/tr>\n<tr>\n<td>\n<div>Tapis de sol<\/div>\n<\/td>\n<td>\n<div>PVC ripstop 540 g\/m\u00b2, imperm\u00e9able, d\u00e9tach\u00e9 de la tente par une fermeture \u00e9clair.<\/div>\n<\/td>\n<td>\n<div><\/div>\n<\/td>\n<td>\n<div><\/div>\n<\/td>\n<td>\n<div><\/div>\n<\/td>\n<\/tr>\n<tr>\n<td>\n<div>Filet<\/div>\n<\/td>\n<td>\n<div>Blanc, aussi bien sur les portes que sur les fen\u00eatres<\/div>\n<\/td>\n<td>\n<div><\/div>\n<\/td>\n<td>\n<div><\/div>\n<\/td>\n<td>\n<div><\/div>\n<\/td>\n<\/tr>\n<tr>\n<td>\n<div>Poteau central<\/div>\n<\/td>\n<td>\n<div>Tube en acier galvanis\u00e9 de 32 mm de diam\u00e8tre, \u00e9paisseur de 1,2 mm, rev\u00eatement cuivre-zinc.<\/div>\n<\/td>\n<td>\n<div><\/div>\n<\/td>\n<td>\n<div><\/div>\n<\/td>\n<td>\n<div><\/div>\n<\/td>\n<\/tr>\n<tr>\n<td>\n<div>Fen\u00eatre<\/div>\n<\/td>\n<td>\n<div>4 fen\u00eatres lat\u00e9rales et 4 a\u00e9rations au sommet, avec grillage.<\/div>\n<\/td>\n<td>\n<div><\/div>\n<\/td>\n<td>\n<div><\/div>\n<\/td>\n<td>\n<div><\/div>\n<\/td>\n<\/tr>\n<tr>\n<td>\n<div>Porte<\/div>\n<\/td>\n<td>\n<div>1 porte \u00e0 fermeture \u00e9clair, la porte grillag\u00e9e \u00e0 fermeture \u00e9clair est facultative, avec rabat.<\/div>\n<\/td>\n<td>\n<div><\/div>\n<\/td>\n<td>\n<div><\/div>\n<\/td>\n<td>\n<div><\/div>\n<\/td>\n<\/tr>\n<\/tbody>\n<\/table>\n<\/div>\n<\/div>\n<div>\n<div data-section=\"AliMagic-taxig7\" data-section-title=\"Details\">D\u00e9tails<\/div>\n<\/div>\n<div>\n<div>\n<div>\n<div>\n<div>\n<div><img decoding=\"async\" src=\"\/\/sc01.alicdn.com\/kf\/H32cb711888cb452cbe68ce4ea7703132c\/225636084\/H32cb711888cb452cbe68ce4ea7703132c.jpg\" data-src=\"\/\/sc01.alicdn.com\/kf\/H32cb711888cb452cbe68ce4ea7703132c\/225636084\/H32cb711888cb452cbe68ce4ea7703132c.jpg\" \/><\/div>\n<\/div>\n<\/div>\n<\/div>\n<\/div>\n<\/div>\n<div>\n<div>\n<div>\n<div>\n<div>\n<div><img decoding=\"async\" src=\"\/\/sc01.alicdn.com\/kf\/H08c07ce5b45b405aa86deab3064ab718V\/225636084\/H08c07ce5b45b405aa86deab3064ab718V.jpg\" data-src=\"\/\/sc01.alicdn.com\/kf\/H08c07ce5b45b405aa86deab3064ab718V\/225636084\/H08c07ce5b45b405aa86deab3064ab718V.jpg\" \/><\/div>\n<\/div>\n<\/div>\n<\/div>\n<\/div>\n<\/div>\n<div>\n<div>\n<div>\n<div>\n<div>\n<div><img decoding=\"async\" src=\"\/\/sc01.alicdn.com\/kf\/H0d2acdfd09a0449c81414d4c4087b535i\/225636084\/H0d2acdfd09a0449c81414d4c4087b535i.jpg\" data-src=\"\/\/sc01.alicdn.com\/kf\/H0d2acdfd09a0449c81414d4c4087b535i\/225636084\/H0d2acdfd09a0449c81414d4c4087b535i.jpg\" \/><\/div>\n<\/div>\n<\/div>\n<\/div>\n<\/div>\n<\/div>\n<div>\n<div data-section=\"AliMagic-680x2c\" data-section-title=\"Customer Photos\"><\/div>\n<\/div>\n<div><\/div>\n<\/div>\n<\/div>","protected":false},"excerpt":{"rendered":"<p>Surface : 500*300*170cm Tissu : Toile Indice d&#039;\u00e9tanch\u00e9it\u00e9 de la tente ext\u00e9rieure : 1500-2000 Mm Indice d&#039;\u00e9tanch\u00e9it\u00e9 du fond : &gt;3000 mm Type de b\u00e2timent : Ouverture automatique rapide Style de tente : Type de renfort droit Saison : Tente quatre saisons Structure : Une chambre Nom du produit : imperm\u00e9abilisation r\u00e9sistante de tente de cloche de grande toile ext\u00e9rieure Mot-cl\u00e9 : corps d&#039;imperm\u00e9abilisation de tente<\/p>\n<div class=\"read-more\"><a class=\"btn btn-fill-out\" href=\"https:\/\/uoogear.com\/fr\/produit\/luxury-family-glamping-outdoor-large-canvas-heavy-duty-bell-tent-waterproofing\/\">En savoir plus<\/a><\/div>","protected":false},"featured_media":4399,"template":"","meta":[],"product_brand":[],"product_cat":[15],"product_tag":[],"class_list":{"0":"post-4400","1":"product","2":"type-product","3":"status-publish","4":"has-post-thumbnail","6":"product_cat-uncategorized","7":"tm-no-options","9":"first","10":"instock","11":"shipping-taxable","12":"purchasable","13":"product-type-variable"},"_links":{"self":[{"href":"https:\/\/uoogear.com\/fr\/wp-json\/wp\/v2\/product\/4400","targetHints":{"allow":["GET"]}}],"collection":[{"href":"https:\/\/uoogear.com\/fr\/wp-json\/wp\/v2\/product"}],"about":[{"href":"https:\/\/uoogear.com\/fr\/wp-json\/wp\/v2\/types\/product"}],"wp:featuredmedia":[{"embeddable":true,"href":"https:\/\/uoogear.com\/fr\/wp-json\/wp\/v2\/media\/4399"}],"wp:attachment":[{"href":"https:\/\/uoogear.com\/fr\/wp-json\/wp\/v2\/media?parent=4400"}],"wp:term":[{"taxonomy":"product_brand","embeddable":true,"href":"https:\/\/uoogear.com\/fr\/wp-json\/wp\/v2\/product_brand?post=4400"},{"taxonomy":"product_cat","embeddable":true,"href":"https:\/\/uoogear.com\/fr\/wp-json\/wp\/v2\/product_cat?post=4400"},{"taxonomy":"product_tag","embeddable":true,"href":"https:\/\/uoogear.com\/fr\/wp-json\/wp\/v2\/product_tag?post=4400"}],"curies":[{"name":"wp","href":"https:\/\/api.w.org\/{rel}","templated":true}]}}