{"id":4433,"date":"2023-11-13T12:54:47","date_gmt":"2023-11-13T12:54:47","guid":{"rendered":"https:\/\/uoogear.com\/product\/advanced-waterproof-camping-accessories-outdoor-waterproof-glamping-tent-luxury-tents-camping-outdoor-inflatable-tent\/"},"modified":"2023-11-30T02:17:50","modified_gmt":"2023-11-30T02:17:50","slug":"advanced-waterproof-camping-accessories-outdoor-waterproof-glamping-tent-luxury-tents-camping-outdoor-inflatable-tent","status":"publish","type":"product","link":"https:\/\/uoogear.com\/fr\/produit\/advanced-waterproof-camping-accessories-outdoor-waterproof-glamping-tent-luxury-tents-camping-outdoor-inflatable-tent\/","title":{"rendered":"Accessoires de camping imperm\u00e9ables avanc\u00e9s tente de glamping \u00e9tanche en plein air tentes de luxe camping tente gonflable en plein air"},"content":{"rendered":"<ul>\n<li><strong>Tissu : <\/strong> Coton<\/li>\n<li><strong>Indice d&#039;\u00e9tanch\u00e9it\u00e9 de la tente ext\u00e9rieure\u00a0: <\/strong> &gt;3000mm<\/li>\n<li><strong>Indice d&#039;\u00e9tanch\u00e9it\u00e9 inf\u00e9rieur\u00a0: <\/strong> &gt;3000mm<\/li>\n<li><strong>Style de tente\u00a0: <\/strong> Type \u00e9tendu, piquet de tente de type tube<\/li>\n<li><strong>Saison : <\/strong> Tente quatre saisons<\/li>\n<li><strong>Structure : <\/strong> Une chambre<\/li>\n<li><strong>Nom du produit : <\/strong> Tente gonflable de camping en plein air<\/li>\n<li><strong>Couleur : <\/strong> Blanc<\/li>\n<li><strong>Utilisation : <\/strong> Camping Randonn\u00e9e Voyager<\/li>\n<li><strong>Taille : <\/strong> 360*360*220cm<\/li>\n<li><strong>Taille d&#039;emballage : <\/strong> 95*55*65cm<\/li>\n<li><strong>Poids : <\/strong> 35,7 kg<\/li>\n<li><strong>Sol : <\/strong> PE<\/li>\n<li><strong>Capacit\u00e9 : <\/strong> 6-8 personnes<\/li>\n<li><strong>D\u00e9lai de livraison : <\/strong> 20 jours<\/li>\n<\/ul>\n<div>\n<div data-section=\"AliPostDhMb-k8t1e\" data-section-title=\"Product Description\">\n<div>Description du produit<\/div>\n<div>\n<p>Accessoires de camping imperm\u00e9ables avanc\u00e9s tente de glamping \u00e9tanche en plein air tentes de luxe camping tente gonflable en plein air<\/p>\n<p>Photo d\u00e9taill\u00e9e<\/p>\n<p>&nbsp;<\/p>\n<p><img loading=\"lazy\" decoding=\"async\" class=\"alignnone size-full wp-image-5132\" src=\"https:\/\/uoogear.com\/wp-content\/uploads\/2023\/11\/H63608db4db8a455a842461b944da215bA.jpg\" alt=\"Accessoires de camping imperm\u00e9ables avanc\u00e9s tente de glamping \u00e9tanche en plein air tentes de luxe camping tente gonflable en plein air\" width=\"800\" height=\"538\" srcset=\"https:\/\/uoogear.com\/wp-content\/uploads\/2023\/11\/H63608db4db8a455a842461b944da215bA.jpg 800w, https:\/\/uoogear.com\/wp-content\/uploads\/2023\/11\/H63608db4db8a455a842461b944da215bA-300x202.jpg 300w, https:\/\/uoogear.com\/wp-content\/uploads\/2023\/11\/H63608db4db8a455a842461b944da215bA-768x516.jpg 768w, https:\/\/uoogear.com\/wp-content\/uploads\/2023\/11\/H63608db4db8a455a842461b944da215bA-600x404.jpg 600w, https:\/\/uoogear.com\/wp-content\/uploads\/2023\/11\/H63608db4db8a455a842461b944da215bA-80x54.jpg 80w\" sizes=\"auto, (max-width: 800px) 100vw, 800px\" \/><img loading=\"lazy\" decoding=\"async\" src=\"\/\/sc04.alicdn.com\/kf\/Hcced147895924c0fa738647a2327a15bV\/274217001\/Hcced147895924c0fa738647a2327a15bV.jpg\" alt=\"Accessoires de camping imperm\u00e9ables avanc\u00e9s tente de glamping \u00e9tanche en plein air tentes de luxe camping tente gonflable en plein air\" width=\"750\" height=\"750\" data-src=\"\/\/sc04.alicdn.com\/kf\/Hcced147895924c0fa738647a2327a15bV\/274217001\/Hcced147895924c0fa738647a2327a15bV.jpg\" data-alt=\"Advanced waterproof camping accessories outdoor waterproof glamping tent luxury tents camping outdoor Inflatable tent\" \/><img loading=\"lazy\" decoding=\"async\" src=\"\/\/sc04.alicdn.com\/kf\/H6a9e84c5b6d14782b30a48eba680d72dj\/274217001\/H6a9e84c5b6d14782b30a48eba680d72dj.jpg\" alt=\"Accessoires de camping imperm\u00e9ables avanc\u00e9s tente de glamping \u00e9tanche en plein air tentes de luxe camping tente gonflable en plein air\" width=\"750\" height=\"750\" data-src=\"\/\/sc04.alicdn.com\/kf\/H6a9e84c5b6d14782b30a48eba680d72dj\/274217001\/H6a9e84c5b6d14782b30a48eba680d72dj.jpg\" data-alt=\"Advanced waterproof camping accessories outdoor waterproof glamping tent luxury tents camping outdoor Inflatable tent\" \/><img loading=\"lazy\" decoding=\"async\" src=\"\/\/sc04.alicdn.com\/kf\/H895e44de1f4c49668d37f1069186dc60I\/274217001\/H895e44de1f4c49668d37f1069186dc60I.jpg\" alt=\"Accessoires de camping imperm\u00e9ables avanc\u00e9s tente de glamping \u00e9tanche en plein air tentes de luxe camping tente gonflable en plein air\" width=\"750\" height=\"750\" data-src=\"\/\/sc04.alicdn.com\/kf\/H895e44de1f4c49668d37f1069186dc60I\/274217001\/H895e44de1f4c49668d37f1069186dc60I.jpg\" data-alt=\"Advanced waterproof camping accessories outdoor waterproof glamping tent luxury tents camping outdoor Inflatable tent\" \/><img loading=\"lazy\" decoding=\"async\" src=\"\/\/sc04.alicdn.com\/kf\/Heede9f4a89564b14b5bafafe094d8f56o\/274217001\/Heede9f4a89564b14b5bafafe094d8f56o.jpg\" alt=\"Accessoires de camping imperm\u00e9ables avanc\u00e9s tente de glamping \u00e9tanche en plein air tentes de luxe camping tente gonflable en plein air\" width=\"750\" height=\"750\" data-src=\"\/\/sc04.alicdn.com\/kf\/Heede9f4a89564b14b5bafafe094d8f56o\/274217001\/Heede9f4a89564b14b5bafafe094d8f56o.jpg\" data-alt=\"Advanced waterproof camping accessories outdoor waterproof glamping tent luxury tents camping outdoor Inflatable tent\" \/><img loading=\"lazy\" decoding=\"async\" src=\"\/\/sc04.alicdn.com\/kf\/H05c734515955471ca76b4671b4b39f40d\/274217001\/H05c734515955471ca76b4671b4b39f40d.jpg\" alt=\"Accessoires de camping imperm\u00e9ables avanc\u00e9s tente de glamping \u00e9tanche en plein air tentes de luxe camping tente gonflable en plein air\" width=\"750\" height=\"750\" data-src=\"\/\/sc04.alicdn.com\/kf\/H05c734515955471ca76b4671b4b39f40d\/274217001\/H05c734515955471ca76b4671b4b39f40d.jpg\" data-alt=\"Advanced waterproof camping accessories outdoor waterproof glamping tent luxury tents camping outdoor Inflatable tent\" \/><img loading=\"lazy\" decoding=\"async\" src=\"\/\/sc04.alicdn.com\/kf\/H3b795ce144d44edbaaa8e79665baa3faI\/274217001\/H3b795ce144d44edbaaa8e79665baa3faI.jpg\" alt=\"Accessoires de camping imperm\u00e9ables avanc\u00e9s tente de glamping \u00e9tanche en plein air tentes de luxe camping tente gonflable en plein air\" width=\"750\" height=\"750\" data-src=\"\/\/sc04.alicdn.com\/kf\/H3b795ce144d44edbaaa8e79665baa3faI\/274217001\/H3b795ce144d44edbaaa8e79665baa3faI.jpg\" data-alt=\"Advanced waterproof camping accessories outdoor waterproof glamping tent luxury tents camping outdoor Inflatable tent\" \/><img loading=\"lazy\" decoding=\"async\" src=\"\/\/sc04.alicdn.com\/kf\/H8f2023628faa4fa1a54c9063d8ac1fd7Y\/274217001\/H8f2023628faa4fa1a54c9063d8ac1fd7Y.jpg\" alt=\"Accessoires de camping imperm\u00e9ables avanc\u00e9s tente de glamping \u00e9tanche en plein air tentes de luxe camping tente gonflable en plein air\" width=\"750\" height=\"750\" data-src=\"\/\/sc04.alicdn.com\/kf\/H8f2023628faa4fa1a54c9063d8ac1fd7Y\/274217001\/H8f2023628faa4fa1a54c9063d8ac1fd7Y.jpg\" data-alt=\"Advanced waterproof camping accessories outdoor waterproof glamping tent luxury tents camping outdoor Inflatable tent\" \/><\/p>\n<\/div>\n<\/div>\n<div data-section=\"AliPostDhMb-h1rt6\" data-section-title=\"FAQ\">\n<div><\/div>\n<\/div>\n<\/div>","protected":false},"excerpt":{"rendered":"<p>Tissu : Coton Indice d&#039;\u00e9tanch\u00e9it\u00e9 de la tente ext\u00e9rieure : &gt; 3000 mm Indice d&#039;\u00e9tanch\u00e9it\u00e9 du bas : &gt; 3000 mm Style de tente : Type \u00e9tendu, type de tube Piquet de tente Saison : Structure de tente quatre saisons : Une chambre Nom du produit : Tente gonflable de camping en plein air Couleur : Blanc Utilisation : Camping randonn\u00e9e taille de voyage: 360*360*220 cm taille d&#039;emballage: 95*55*65 cm<\/p>\n<div class=\"read-more\"><a class=\"btn btn-fill-out\" href=\"https:\/\/uoogear.com\/fr\/produit\/advanced-waterproof-camping-accessories-outdoor-waterproof-glamping-tent-luxury-tents-camping-outdoor-inflatable-tent\/\">En savoir plus<\/a><\/div>","protected":false},"featured_media":4432,"template":"","meta":[],"product_brand":[],"product_cat":[15],"product_tag":[],"class_list":{"0":"post-4433","1":"product","2":"type-product","3":"status-publish","4":"has-post-thumbnail","6":"product_cat-uncategorized","7":"tm-no-options","9":"first","10":"instock","11":"shipping-taxable","12":"purchasable","13":"product-type-variable"},"_links":{"self":[{"href":"https:\/\/uoogear.com\/fr\/wp-json\/wp\/v2\/product\/4433","targetHints":{"allow":["GET"]}}],"collection":[{"href":"https:\/\/uoogear.com\/fr\/wp-json\/wp\/v2\/product"}],"about":[{"href":"https:\/\/uoogear.com\/fr\/wp-json\/wp\/v2\/types\/product"}],"wp:featuredmedia":[{"embeddable":true,"href":"https:\/\/uoogear.com\/fr\/wp-json\/wp\/v2\/media\/4432"}],"wp:attachment":[{"href":"https:\/\/uoogear.com\/fr\/wp-json\/wp\/v2\/media?parent=4433"}],"wp:term":[{"taxonomy":"product_brand","embeddable":true,"href":"https:\/\/uoogear.com\/fr\/wp-json\/wp\/v2\/product_brand?post=4433"},{"taxonomy":"product_cat","embeddable":true,"href":"https:\/\/uoogear.com\/fr\/wp-json\/wp\/v2\/product_cat?post=4433"},{"taxonomy":"product_tag","embeddable":true,"href":"https:\/\/uoogear.com\/fr\/wp-json\/wp\/v2\/product_tag?post=4433"}],"curies":[{"name":"wp","href":"https:\/\/api.w.org\/{rel}","templated":true}]}}