{"id":4455,"date":"2023-11-13T12:57:35","date_gmt":"2023-11-13T12:57:35","guid":{"rendered":"https:\/\/uoogear.com\/product\/advanced-big-inflatable-camping-equipment-outdoor-waterproof-camping-glamping-tent-outdoor-glamping-inflatable-tent\/"},"modified":"2023-11-30T02:21:48","modified_gmt":"2023-11-30T02:21:48","slug":"advanced-big-inflatable-camping-equipment-outdoor-waterproof-camping-glamping-tent-outdoor-glamping-inflatable-tent","status":"publish","type":"product","link":"https:\/\/uoogear.com\/fr\/produit\/advanced-big-inflatable-camping-equipment-outdoor-waterproof-camping-glamping-tent-outdoor-glamping-inflatable-tent\/","title":{"rendered":"Grand \u00e9quipement de camping gonflable avanc\u00e9, tente de camping \u00e9tanche en plein air, tente gonflable de glamping en plein air"},"content":{"rendered":"<ul>\n<li><strong>Tissu : <\/strong> Coton<\/li>\n<li><strong>Indice d&#039;\u00e9tanch\u00e9it\u00e9 de la tente ext\u00e9rieure\u00a0: <\/strong> 2000-3000 millim\u00e8tres, &gt;3000 millim\u00e8tres<\/li>\n<li><strong>Indice d&#039;\u00e9tanch\u00e9it\u00e9 inf\u00e9rieur\u00a0: <\/strong> &gt;3000mm<\/li>\n<li><strong>Style de tente\u00a0: <\/strong> Type \u00e9tendu, piquet de tente de type tube<\/li>\n<li><strong>Saison : <\/strong> Tente quatre saisons<\/li>\n<li><strong>Structure : <\/strong> Une chambre<\/li>\n<li><strong>Nom du produit : <\/strong> Tente gonflable de camping en plein air<\/li>\n<li><strong>Couleur : <\/strong> Blanc<\/li>\n<li><strong>Utilisation : <\/strong> Camping Randonn\u00e9e Voyager<\/li>\n<li><strong>Taille : <\/strong> 320*250*220cm<\/li>\n<li><strong>Taille d&#039;emballage : <\/strong> 80*45*40cm<\/li>\n<li><strong>Poids : <\/strong> 30 kg<\/li>\n<li><strong>Sol : <\/strong> 210g de coton<\/li>\n<li><strong>Capacit\u00e9 : <\/strong> 3-4 personnes<\/li>\n<li><strong>D\u00e9lai de livraison : <\/strong> 20 jours<\/li>\n<\/ul>\n<div>\n<div data-section=\"AliPostDhMb-k8t1e\" data-section-title=\"Product Description\">\n<div>\n<p>&nbsp;<\/p>\n<p>Photo d\u00e9taill\u00e9e<\/p>\n<p>&nbsp;<\/p>\n<p><img loading=\"lazy\" decoding=\"async\" class=\"alignnone size-full wp-image-5137\" src=\"https:\/\/uoogear.com\/wp-content\/uploads\/2023\/11\/H63608db4db8a455a842461b944da215bA-5.jpg\" width=\"800\" height=\"538\" alt=\"Grand \u00e9quipement de camping gonflable avanc\u00e9, tente de camping \u00e9tanche en plein air, tente gonflable de glamping en plein air\" srcset=\"https:\/\/uoogear.com\/wp-content\/uploads\/2023\/11\/H63608db4db8a455a842461b944da215bA-5.jpg 800w, https:\/\/uoogear.com\/wp-content\/uploads\/2023\/11\/H63608db4db8a455a842461b944da215bA-5-300x202.jpg 300w, https:\/\/uoogear.com\/wp-content\/uploads\/2023\/11\/H63608db4db8a455a842461b944da215bA-5-768x516.jpg 768w, https:\/\/uoogear.com\/wp-content\/uploads\/2023\/11\/H63608db4db8a455a842461b944da215bA-5-600x404.jpg 600w, https:\/\/uoogear.com\/wp-content\/uploads\/2023\/11\/H63608db4db8a455a842461b944da215bA-5-80x54.jpg 80w\" sizes=\"auto, (max-width: 800px) 100vw, 800px\" \/><img loading=\"lazy\" decoding=\"async\" src=\"\/\/sc04.alicdn.com\/kf\/H29833dcd1a46454db318414d9546f2c6O\/274217001\/H29833dcd1a46454db318414d9546f2c6O.jpg\" alt=\"Grand \u00e9quipement de camping gonflable avanc\u00e9, tente de camping \u00e9tanche en plein air, tente gonflable de glamping en plein air\" width=\"750\" height=\"750\" data-src=\"\/\/sc04.alicdn.com\/kf\/H29833dcd1a46454db318414d9546f2c6O\/274217001\/H29833dcd1a46454db318414d9546f2c6O.jpg\" data-alt=\"Advanced big inflatable camping equipment outdoor waterproof camping glamping tent outdoor glamping Inflatable tent\" \/><img loading=\"lazy\" decoding=\"async\" src=\"\/\/sc04.alicdn.com\/kf\/Hf3e95b5bdcc04ade92ce10549a1553dbl\/274217001\/Hf3e95b5bdcc04ade92ce10549a1553dbl.jpg\" alt=\"Grand \u00e9quipement de camping gonflable avanc\u00e9, tente de camping \u00e9tanche en plein air, tente gonflable de glamping en plein air\" width=\"750\" height=\"750\" data-src=\"\/\/sc04.alicdn.com\/kf\/Hf3e95b5bdcc04ade92ce10549a1553dbl\/274217001\/Hf3e95b5bdcc04ade92ce10549a1553dbl.jpg\" data-alt=\"Advanced big inflatable camping equipment outdoor waterproof camping glamping tent outdoor glamping Inflatable tent\" \/><img loading=\"lazy\" decoding=\"async\" src=\"\/\/sc04.alicdn.com\/kf\/H93e3cb144f784318925b6bd2d96f01675\/274217001\/H93e3cb144f784318925b6bd2d96f01675.jpg\" alt=\"Grand \u00e9quipement de camping gonflable avanc\u00e9, tente de camping \u00e9tanche en plein air, tente gonflable de glamping en plein air\" width=\"750\" height=\"750\" data-src=\"\/\/sc04.alicdn.com\/kf\/H93e3cb144f784318925b6bd2d96f01675\/274217001\/H93e3cb144f784318925b6bd2d96f01675.jpg\" data-alt=\"Advanced big inflatable camping equipment outdoor waterproof camping glamping tent outdoor glamping Inflatable tent\" \/><img loading=\"lazy\" decoding=\"async\" src=\"\/\/sc04.alicdn.com\/kf\/Hfd243fcd276047cfbd79db6400d93d813\/274217001\/Hfd243fcd276047cfbd79db6400d93d813.jpg\" alt=\"Grand \u00e9quipement de camping gonflable avanc\u00e9, tente de camping \u00e9tanche en plein air, tente gonflable de glamping en plein air\" width=\"750\" height=\"750\" data-src=\"\/\/sc04.alicdn.com\/kf\/Hfd243fcd276047cfbd79db6400d93d813\/274217001\/Hfd243fcd276047cfbd79db6400d93d813.jpg\" data-alt=\"Advanced big inflatable camping equipment outdoor waterproof camping glamping tent outdoor glamping Inflatable tent\" \/><img loading=\"lazy\" decoding=\"async\" src=\"\/\/sc04.alicdn.com\/kf\/H0990557c3f364ff584a750f915fbfbc3B\/274217001\/H0990557c3f364ff584a750f915fbfbc3B.jpg\" alt=\"Grand \u00e9quipement de camping gonflable avanc\u00e9, tente de camping \u00e9tanche en plein air, tente gonflable de glamping en plein air\" width=\"750\" height=\"750\" data-src=\"\/\/sc04.alicdn.com\/kf\/H0990557c3f364ff584a750f915fbfbc3B\/274217001\/H0990557c3f364ff584a750f915fbfbc3B.jpg\" data-alt=\"Advanced big inflatable camping equipment outdoor waterproof camping glamping tent outdoor glamping Inflatable tent\" \/><img loading=\"lazy\" decoding=\"async\" src=\"\/\/sc04.alicdn.com\/kf\/H144601bd93d0427ebcfc685adb798e5e4\/274217001\/H144601bd93d0427ebcfc685adb798e5e4.jpg\" alt=\"Grand \u00e9quipement de camping gonflable avanc\u00e9, tente de camping \u00e9tanche en plein air, tente gonflable de glamping en plein air\" width=\"750\" height=\"750\" data-src=\"\/\/sc04.alicdn.com\/kf\/H144601bd93d0427ebcfc685adb798e5e4\/274217001\/H144601bd93d0427ebcfc685adb798e5e4.jpg\" data-alt=\"Advanced big inflatable camping equipment outdoor waterproof camping glamping tent outdoor glamping Inflatable tent\" \/><img loading=\"lazy\" decoding=\"async\" src=\"\/\/sc04.alicdn.com\/kf\/Hdc25b634ec104f5e9bc9913505d4f1a03\/274217001\/Hdc25b634ec104f5e9bc9913505d4f1a03.jpg\" alt=\"Grand \u00e9quipement de camping gonflable avanc\u00e9, tente de camping \u00e9tanche en plein air, tente gonflable de glamping en plein air\" width=\"750\" height=\"750\" data-src=\"\/\/sc04.alicdn.com\/kf\/Hdc25b634ec104f5e9bc9913505d4f1a03\/274217001\/Hdc25b634ec104f5e9bc9913505d4f1a03.jpg\" data-alt=\"Advanced big inflatable camping equipment outdoor waterproof camping glamping tent outdoor glamping Inflatable tent\" \/><img loading=\"lazy\" decoding=\"async\" src=\"\/\/sc04.alicdn.com\/kf\/H3f4ab9387757474fb8282c5100100293X\/274217001\/H3f4ab9387757474fb8282c5100100293X.jpg\" alt=\"Grand \u00e9quipement de camping gonflable avanc\u00e9, tente de camping \u00e9tanche en plein air, tente gonflable de glamping en plein air\" width=\"750\" height=\"750\" data-src=\"\/\/sc04.alicdn.com\/kf\/H3f4ab9387757474fb8282c5100100293X\/274217001\/H3f4ab9387757474fb8282c5100100293X.jpg\" data-alt=\"Advanced big inflatable camping equipment outdoor waterproof camping glamping tent outdoor glamping Inflatable tent\" \/><img loading=\"lazy\" decoding=\"async\" src=\"\/\/sc04.alicdn.com\/kf\/H84ae1f0d3cda4168bcf01e5cf74e49e7X\/274217001\/H84ae1f0d3cda4168bcf01e5cf74e49e7X.jpg\" alt=\"Grand \u00e9quipement de camping gonflable avanc\u00e9, tente de camping \u00e9tanche en plein air, tente gonflable de glamping en plein air\" width=\"750\" height=\"750\" data-src=\"\/\/sc04.alicdn.com\/kf\/H84ae1f0d3cda4168bcf01e5cf74e49e7X\/274217001\/H84ae1f0d3cda4168bcf01e5cf74e49e7X.jpg\" data-alt=\"Advanced big inflatable camping equipment outdoor waterproof camping glamping tent outdoor glamping Inflatable tent\" \/><img loading=\"lazy\" decoding=\"async\" src=\"\/\/sc04.alicdn.com\/kf\/Ha620e22c89ad4377bca68d260c063b76b\/274217001\/Ha620e22c89ad4377bca68d260c063b76b.jpg\" alt=\"Grand \u00e9quipement de camping gonflable avanc\u00e9, tente de camping \u00e9tanche en plein air, tente gonflable de glamping en plein air\" width=\"750\" height=\"750\" data-src=\"\/\/sc04.alicdn.com\/kf\/Ha620e22c89ad4377bca68d260c063b76b\/274217001\/Ha620e22c89ad4377bca68d260c063b76b.jpg\" data-alt=\"Advanced big inflatable camping equipment outdoor waterproof camping glamping tent outdoor glamping Inflatable tent\" \/><\/p>\n<\/div>\n<\/div>\n<div data-section=\"AliPostDhMb-h1rt6\" data-section-title=\"FAQ\">\n<div><\/div>\n<\/div>\n<\/div>","protected":false},"excerpt":{"rendered":"<p>Tissu : Coton Indice d&#039;\u00e9tanch\u00e9it\u00e9 de la tente ext\u00e9rieure : 2000-3000 mm, &gt;3000 mm Indice d&#039;\u00e9tanch\u00e9it\u00e9 du fond : &gt;3000 mm Style de tente : Type \u00e9tendu, piquet de tente de type tube Saison : Structure de tente quatre saisons : Une chambre Nom du produit : Tente gonflable de camping en plein air Couleur : Blanc Utilisation : Camping Randonn\u00e9e Voyage Taille : 320*250*220cm Taille d&#039;emballage<\/p>\n<div class=\"read-more\"><a class=\"btn btn-fill-out\" href=\"https:\/\/uoogear.com\/fr\/produit\/advanced-big-inflatable-camping-equipment-outdoor-waterproof-camping-glamping-tent-outdoor-glamping-inflatable-tent\/\">En savoir plus<\/a><\/div>","protected":false},"featured_media":4454,"template":"","meta":[],"product_brand":[],"product_cat":[15],"product_tag":[],"class_list":{"0":"post-4455","1":"product","2":"type-product","3":"status-publish","4":"has-post-thumbnail","6":"product_cat-uncategorized","7":"tm-no-options","9":"first","10":"instock","11":"shipping-taxable","12":"purchasable","13":"product-type-variable"},"_links":{"self":[{"href":"https:\/\/uoogear.com\/fr\/wp-json\/wp\/v2\/product\/4455","targetHints":{"allow":["GET"]}}],"collection":[{"href":"https:\/\/uoogear.com\/fr\/wp-json\/wp\/v2\/product"}],"about":[{"href":"https:\/\/uoogear.com\/fr\/wp-json\/wp\/v2\/types\/product"}],"wp:featuredmedia":[{"embeddable":true,"href":"https:\/\/uoogear.com\/fr\/wp-json\/wp\/v2\/media\/4454"}],"wp:attachment":[{"href":"https:\/\/uoogear.com\/fr\/wp-json\/wp\/v2\/media?parent=4455"}],"wp:term":[{"taxonomy":"product_brand","embeddable":true,"href":"https:\/\/uoogear.com\/fr\/wp-json\/wp\/v2\/product_brand?post=4455"},{"taxonomy":"product_cat","embeddable":true,"href":"https:\/\/uoogear.com\/fr\/wp-json\/wp\/v2\/product_cat?post=4455"},{"taxonomy":"product_tag","embeddable":true,"href":"https:\/\/uoogear.com\/fr\/wp-json\/wp\/v2\/product_tag?post=4455"}],"curies":[{"name":"wp","href":"https:\/\/api.w.org\/{rel}","templated":true}]}}