{"id":4463,"date":"2023-11-13T12:58:19","date_gmt":"2023-11-13T12:58:19","guid":{"rendered":"https:\/\/uoogear.com\/product\/2023-custom-multi-persons-camping-tent-waterproof-inflatable-house-air-big-tent-outdoor-inflatable-camping-house-tent\/"},"modified":"2023-11-30T02:24:45","modified_gmt":"2023-11-30T02:24:45","slug":"2023-custom-multi-persons-camping-tent-waterproof-inflatable-house-air-big-tent-outdoor-inflatable-camping-house-tent","status":"publish","type":"product","link":"https:\/\/uoogear.com\/fr\/produit\/2023-custom-multi-persons-camping-tent-waterproof-inflatable-house-air-big-tent-outdoor-inflatable-camping-house-tent\/","title":{"rendered":"Tente de camping multi-personnes personnalis\u00e9e, maison gonflable \u00e9tanche, grande tente d&#039;air, maison de Camping gonflable d&#039;ext\u00e9rieur, 2023"},"content":{"rendered":"<ul>\n<li><strong>Tissu : <\/strong> Coton<\/li>\n<li><strong>Indice d&#039;\u00e9tanch\u00e9it\u00e9 de la tente ext\u00e9rieure\u00a0: <\/strong> 1500-2000 millim\u00e8tres<\/li>\n<li><strong>Indice d&#039;\u00e9tanch\u00e9it\u00e9 inf\u00e9rieur\u00a0: <\/strong> 1000-1500 millim\u00e8tres<\/li>\n<li><strong>Type de b\u00e2timent : <\/strong> Construction bas\u00e9e sur les besoins<\/li>\n<li><strong>Style de tente\u00a0: <\/strong> Clou de sol Trigone\/type V<\/li>\n<li><strong>Saison : <\/strong> Tente quatre saisons, Tente trois saisons<\/li>\n<li><strong>Structure : <\/strong> Deux chambres et un salon<\/li>\n<li><strong>Nom du produit : <\/strong> Tente de camping en plein air<\/li>\n<li><strong>Couleur : <\/strong> Kaki<\/li>\n<li><strong>Utilisation : <\/strong> Camping Randonn\u00e9e Voyager<\/li>\n<li><strong>Taille : <\/strong> 300*400*200cm<\/li>\n<li><strong>Taille d&#039;emballage : <\/strong> 82*49*49cm<\/li>\n<li><strong>Poids : <\/strong> 22-28kg<\/li>\n<li><strong>Sol : <\/strong> Oxford<\/li>\n<li><strong>Capacit\u00e9 : <\/strong> 5-8 personnes<\/li>\n<li><strong>D\u00e9lai de livraison : <\/strong> 20 jours<\/li>\n<\/ul>\n<div>\n<div data-section=\"AliPostDhMb-uunfl\" data-section-title=\"Product Description\">\n<div>Description du produit<\/div>\n<div>\n<p>Camping ext\u00e9rieur gonflable de toile de Glamping de Yumuq, tente familiale adapt\u00e9e aux besoins du client de famille d&#039;air de polyester de luxe<\/p>\n<\/div>\n<\/div>\n<p><strong><em>La couleur et la taille peuvent \u00eatre personnalis\u00e9es selon vos besoins\u00a0!<\/em><\/strong><\/p>\n<div><\/div>\n<div>Photo d\u00e9taill\u00e9e<\/div>\n<div><\/div>\n<p><img decoding=\"async\" src=\"\/\/sc04.alicdn.com\/kf\/H63608db4db8a455a842461b944da215bA\/274217001\/H63608db4db8a455a842461b944da215bA.jpg\" alt=\"Tente de camping multi-personnes personnalis\u00e9e, maison gonflable \u00e9tanche, grande tente d&#039;air, maison de Camping gonflable d&#039;ext\u00e9rieur, 2023\" width=\"750\" height=\"504.37500000000006\" data-src=\"\/\/sc04.alicdn.com\/kf\/H63608db4db8a455a842461b944da215bA\/274217001\/H63608db4db8a455a842461b944da215bA.jpg\" data-alt=\"2023 custom Multi Persons camping Tent Waterproof Inflatable House Air Big Tent Outdoor Inflatable Camping house Tent\" \/><\/p>\n<p><img loading=\"lazy\" decoding=\"async\" src=\"\/\/sc04.alicdn.com\/kf\/H5dcbbff427a5469d925586926dd4912bW\/274217001\/H5dcbbff427a5469d925586926dd4912bW.jpeg\" alt=\"Tente de camping multi-personnes personnalis\u00e9e, maison gonflable \u00e9tanche, grande tente d&#039;air, maison de Camping gonflable d&#039;ext\u00e9rieur, 2023\" width=\"750\" height=\"750\" data-src=\"\/\/sc04.alicdn.com\/kf\/H5dcbbff427a5469d925586926dd4912bW\/274217001\/H5dcbbff427a5469d925586926dd4912bW.jpeg\" data-alt=\"2023 custom Multi Persons camping Tent Waterproof Inflatable House Air Big Tent Outdoor Inflatable Camping house Tent\" \/><img loading=\"lazy\" decoding=\"async\" src=\"\/\/sc04.alicdn.com\/kf\/Hed8105f88d484031ae976d70c8b812f71\/274217001\/Hed8105f88d484031ae976d70c8b812f71.jpg\" alt=\"Tente de camping multi-personnes personnalis\u00e9e, maison gonflable \u00e9tanche, grande tente d&#039;air, maison de Camping gonflable d&#039;ext\u00e9rieur, 2023\" width=\"750\" height=\"750\" data-src=\"\/\/sc04.alicdn.com\/kf\/Hed8105f88d484031ae976d70c8b812f71\/274217001\/Hed8105f88d484031ae976d70c8b812f71.jpg\" data-alt=\"2023 custom Multi Persons camping Tent Waterproof Inflatable House Air Big Tent Outdoor Inflatable Camping house Tent\" \/><img loading=\"lazy\" decoding=\"async\" src=\"\/\/sc04.alicdn.com\/kf\/Had4cea96d17d42958641889201d33021D\/274217001\/Had4cea96d17d42958641889201d33021D.jpg\" alt=\"Tente de camping multi-personnes personnalis\u00e9e, maison gonflable \u00e9tanche, grande tente d&#039;air, maison de Camping gonflable d&#039;ext\u00e9rieur, 2023\" width=\"750\" height=\"750\" data-src=\"\/\/sc04.alicdn.com\/kf\/Had4cea96d17d42958641889201d33021D\/274217001\/Had4cea96d17d42958641889201d33021D.jpg\" data-alt=\"2023 custom Multi Persons camping Tent Waterproof Inflatable House Air Big Tent Outdoor Inflatable Camping house Tent\" \/><img loading=\"lazy\" decoding=\"async\" src=\"\/\/sc04.alicdn.com\/kf\/H8afdede805034cfbb06b5324a772071aW\/274217001\/H8afdede805034cfbb06b5324a772071aW.jpeg\" alt=\"Tente de camping multi-personnes personnalis\u00e9e, maison gonflable \u00e9tanche, grande tente d&#039;air, maison de Camping gonflable d&#039;ext\u00e9rieur, 2023\" width=\"750\" height=\"750\" data-src=\"\/\/sc04.alicdn.com\/kf\/H8afdede805034cfbb06b5324a772071aW\/274217001\/H8afdede805034cfbb06b5324a772071aW.jpeg\" data-alt=\"2023 custom Multi Persons camping Tent Waterproof Inflatable House Air Big Tent Outdoor Inflatable Camping house Tent\" \/><img loading=\"lazy\" decoding=\"async\" src=\"\/\/sc04.alicdn.com\/kf\/Hdadcd0df211d4a8e9358691e729c94649\/274217001\/Hdadcd0df211d4a8e9358691e729c94649.jpeg\" alt=\"Tente de camping multi-personnes personnalis\u00e9e, maison gonflable \u00e9tanche, grande tente d&#039;air, maison de Camping gonflable d&#039;ext\u00e9rieur, 2023\" width=\"750\" height=\"750\" data-src=\"\/\/sc04.alicdn.com\/kf\/Hdadcd0df211d4a8e9358691e729c94649\/274217001\/Hdadcd0df211d4a8e9358691e729c94649.jpeg\" data-alt=\"2023 custom Multi Persons camping Tent Waterproof Inflatable House Air Big Tent Outdoor Inflatable Camping house Tent\" \/><img loading=\"lazy\" decoding=\"async\" src=\"\/\/sc04.alicdn.com\/kf\/H8800695004764415bf5c88da8af9fcb8O\/274217001\/H8800695004764415bf5c88da8af9fcb8O.jpg\" alt=\"Tente de camping multi-personnes personnalis\u00e9e, maison gonflable \u00e9tanche, grande tente d&#039;air, maison de Camping gonflable d&#039;ext\u00e9rieur, 2023\" width=\"750\" height=\"750\" data-src=\"\/\/sc04.alicdn.com\/kf\/H8800695004764415bf5c88da8af9fcb8O\/274217001\/H8800695004764415bf5c88da8af9fcb8O.jpg\" data-alt=\"2023 custom Multi Persons camping Tent Waterproof Inflatable House Air Big Tent Outdoor Inflatable Camping house Tent\" \/><\/p>\n<p>&nbsp;<\/p>\n<div data-section=\"AliPostDhMb-gmyk2\" data-section-title=\"FAQ\">\n<div><\/div>\n<\/div>\n<\/div>","protected":false},"excerpt":{"rendered":"<p>Tissu : Coton Indice d&#039;\u00e9tanch\u00e9it\u00e9 de la tente ext\u00e9rieure : 1500-2000 Mm Indice d&#039;\u00e9tanch\u00e9it\u00e9 du bas : 1000-1500 Mm Type de b\u00e2timent : Construction bas\u00e9e sur les besoins Style de tente : Trigone\/Clou de sol de type V Saison : Tente quatre saisons, Tente trois saisons Structure : Deux chambres et un salon Nom du produit : Tente de camping ext\u00e9rieure Couleur : Kaki Utilisation : Camping<\/p>\n<div class=\"read-more\"><a class=\"btn btn-fill-out\" href=\"https:\/\/uoogear.com\/fr\/produit\/2023-custom-multi-persons-camping-tent-waterproof-inflatable-house-air-big-tent-outdoor-inflatable-camping-house-tent\/\">En savoir plus<\/a><\/div>","protected":false},"featured_media":4462,"template":"","meta":[],"product_brand":[],"product_cat":[15],"product_tag":[],"class_list":{"0":"post-4463","1":"product","2":"type-product","3":"status-publish","4":"has-post-thumbnail","6":"product_cat-uncategorized","7":"tm-no-options","9":"first","10":"instock","11":"shipping-taxable","12":"purchasable","13":"product-type-variable"},"_links":{"self":[{"href":"https:\/\/uoogear.com\/fr\/wp-json\/wp\/v2\/product\/4463","targetHints":{"allow":["GET"]}}],"collection":[{"href":"https:\/\/uoogear.com\/fr\/wp-json\/wp\/v2\/product"}],"about":[{"href":"https:\/\/uoogear.com\/fr\/wp-json\/wp\/v2\/types\/product"}],"wp:featuredmedia":[{"embeddable":true,"href":"https:\/\/uoogear.com\/fr\/wp-json\/wp\/v2\/media\/4462"}],"wp:attachment":[{"href":"https:\/\/uoogear.com\/fr\/wp-json\/wp\/v2\/media?parent=4463"}],"wp:term":[{"taxonomy":"product_brand","embeddable":true,"href":"https:\/\/uoogear.com\/fr\/wp-json\/wp\/v2\/product_brand?post=4463"},{"taxonomy":"product_cat","embeddable":true,"href":"https:\/\/uoogear.com\/fr\/wp-json\/wp\/v2\/product_cat?post=4463"},{"taxonomy":"product_tag","embeddable":true,"href":"https:\/\/uoogear.com\/fr\/wp-json\/wp\/v2\/product_tag?post=4463"}],"curies":[{"name":"wp","href":"https:\/\/api.w.org\/{rel}","templated":true}]}}