{"id":4535,"date":"2023-11-14T02:03:07","date_gmt":"2023-11-14T02:03:07","guid":{"rendered":"https:\/\/uoogear.com\/product\/wholesale-double-door-portable-waterproof-air-tent-camping-outdoor-large-family-camping-tents\/"},"modified":"2023-11-30T02:39:44","modified_gmt":"2023-11-30T02:39:44","slug":"wholesale-double-door-portable-waterproof-air-tent-camping-outdoor-large-family-camping-tents","status":"publish","type":"product","link":"https:\/\/uoogear.com\/fr\/produit\/wholesale-double-door-portable-waterproof-air-tent-camping-outdoor-large-family-camping-tents\/","title":{"rendered":"Tente d&#039;air \u00e9tanche Portable \u00e0 Double porte, vente en gros, Camping en plein air, grande famille, tentes de Camping"},"content":{"rendered":"<ul>\n<li><strong>Tissu : <\/strong> PVC, polyester 100%<\/li>\n<li><strong>Indice d&#039;\u00e9tanch\u00e9it\u00e9 de la tente ext\u00e9rieure\u00a0: <\/strong> 1000-1500 millim\u00e8tres, 1500-2000 millim\u00e8tres<\/li>\n<li><strong>Indice d&#039;\u00e9tanch\u00e9it\u00e9 inf\u00e9rieur\u00a0: <\/strong> 1000-1500 millim\u00e8tres<\/li>\n<li><strong>Type de b\u00e2timent : <\/strong> Ouverture automatique rapide<\/li>\n<li><strong>Style de tente\u00a0: <\/strong> Jeu de camouflage\/terrain<\/li>\n<li><strong>Saison : <\/strong> Tente quatre saisons, Tente d&#039;\u00e9t\u00e9, Tente quatre saisons<\/li>\n<li><strong>Structure : <\/strong> Une chambre<\/li>\n<li><strong>Nom du produit : <\/strong> tentes pop-up camping en plein air<\/li>\n<li><strong>Candidat : <\/strong> Activit\u00e9s ext\u00e9rieures<\/li>\n<li><strong>Logo : <\/strong> Accepter le logo personnalis\u00e9<\/li>\n<li><strong>QUANTIT\u00c9 MINIMALE DE COMMANDE\u00a0: <\/strong> 1 pi\u00e8ce<\/li>\n<li><strong>Mat\u00e9riel : <\/strong> Tissu polyester 100%<\/li>\n<li><strong>Emballage : <\/strong> Carton solide<\/li>\n<li><strong>Taille : <\/strong> Taille personnalis\u00e9e<\/li>\n<li><strong>Mot-cl\u00e9 : <\/strong> tente gonflable de camping<\/li>\n<\/ul>\n<div>\n<div data-magic-global=\"%7B%22bizId%22%3A2212793521237%2C%22pageId%22%3A21201983243%2C%22siteId%22%3A10003212050%7D\">\n<div>\n<div data-section=\"AliMagic-mbbain\" data-section-title=\"Products Description\"><\/div>\n<\/div>\n<div>\n<div>\n<table>\n<tbody>\n<tr>\n<td>\n<div><span style=\"color: #000000; font-family: Arial;\"><span data-spm-anchor-id=\"a2700.custom-template.0.i133.65b03333DKbf22\"><strong>Nom du produit<\/strong><\/span><\/span><\/div>\n<\/td>\n<td>\n<div>Tente<\/div>\n<\/td>\n<\/tr>\n<tr>\n<td>\n<div><span style=\"color: #000000; font-family: Arial;\"><strong>Quantit\u00e9 minimale de commande OEM<\/strong><\/span><\/div>\n<\/td>\n<td>\n<div><span style=\"font-family: Arial;\"><span data-spm-anchor-id=\"a2700.custom-template.0.i131.65b03333DKbf22\">Accepter un \u00e9chantillon personnalis\u00e9\/1 ensemble<\/span><\/span><\/div>\n<\/td>\n<\/tr>\n<tr>\n<td>\n<div><span style=\"color: #000000; font-family: Arial;\"><strong>Couleur couleur<\/strong><\/span><\/div>\n<\/td>\n<td>\n<div><span style=\"font-family: Arial;\"><span data-spm-anchor-id=\"a2700.custom-template.0.i132.65b03333DKbf22\">Comme image, accepter personnalis\u00e9<\/span><\/span><\/div>\n<\/td>\n<\/tr>\n<tr>\n<td>\n<div><span style=\"color: #000000; font-family: Arial;\"><span data-spm-anchor-id=\"a2700.custom-template.0.i158.65b03333DKbf22\"><strong>Capacit\u00e9<\/strong><\/span><\/span><\/div>\n<\/td>\n<td>\n<div><span style=\"font-family: Arial;\">2\/3\/4\/5\/6\/7\/8 personnes (capacit\u00e9 sur mesure)<\/span><\/div>\n<\/td>\n<\/tr>\n<tr>\n<td>\n<div><strong>Taille<\/strong><\/div>\n<\/td>\n<td>\n<div>Peut choisir la taille des produits disponibles dans le commerce, accepter la taille personnalis\u00e9e<\/div>\n<\/td>\n<\/tr>\n<tr>\n<td>\n<div>\n<div><strong>Fonctionnalit\u00e9<\/strong><\/div>\n<\/div>\n<\/td>\n<td>\n<div><span style=\"font-family: Arial;\">R\u00e9sistant aux UV et \u00e0 la pluie, respirant, emp\u00eache la splendeur, grand espace, structure stable, bonnes performances de ventilation, large application, petite taille, facile \u00e0 transporter, installation, pop-up facile, automatique, confortable.<\/span><\/div>\n<\/td>\n<\/tr>\n<\/tbody>\n<\/table>\n<\/div>\n<\/div>\n<div>\n<div data-section=\"AliMagic-paf127\" data-section-title=\"Details Images\">D\u00e9tails Images<\/div>\n<\/div>\n<div>\n<div>\n<div><img decoding=\"async\" src=\"\/\/sc04.alicdn.com\/kf\/Hd5c6334e6f81415d9fa15daae38b6c59D\/255148517\/Hd5c6334e6f81415d9fa15daae38b6c59D.jpg\" data-src=\"\/\/sc04.alicdn.com\/kf\/Hd5c6334e6f81415d9fa15daae38b6c59D\/255148517\/Hd5c6334e6f81415d9fa15daae38b6c59D.jpg\" \/><\/div>\n<div><img decoding=\"async\" src=\"\/\/sc04.alicdn.com\/kf\/H0d93849815d64a58844b919b5ba91fa0D\/255148517\/H0d93849815d64a58844b919b5ba91fa0D.jpg\" data-src=\"\/\/sc04.alicdn.com\/kf\/H0d93849815d64a58844b919b5ba91fa0D\/255148517\/H0d93849815d64a58844b919b5ba91fa0D.jpg\" \/><\/div>\n<div><img decoding=\"async\" src=\"\/\/sc04.alicdn.com\/kf\/Haad59990b4f34f76a9c982218abf33bee\/255148517\/Haad59990b4f34f76a9c982218abf33bee.jpg\" data-src=\"\/\/sc04.alicdn.com\/kf\/Haad59990b4f34f76a9c982218abf33bee\/255148517\/Haad59990b4f34f76a9c982218abf33bee.jpg\" \/><\/div>\n<div><img decoding=\"async\" src=\"\/\/sc04.alicdn.com\/kf\/H5fe04342932b4e4ea06d63267894a696I\/255148517\/H5fe04342932b4e4ea06d63267894a696I.jpg\" data-src=\"\/\/sc04.alicdn.com\/kf\/H5fe04342932b4e4ea06d63267894a696I\/255148517\/H5fe04342932b4e4ea06d63267894a696I.jpg\" \/><\/div>\n<div><img decoding=\"async\" src=\"\/\/sc04.alicdn.com\/kf\/H63fad25e7c4147e195846d49d2d24864e\/255148517\/H63fad25e7c4147e195846d49d2d24864e.jpg\" data-src=\"\/\/sc04.alicdn.com\/kf\/H63fad25e7c4147e195846d49d2d24864e\/255148517\/H63fad25e7c4147e195846d49d2d24864e.jpg\" \/><\/div>\n<\/div>\n<\/div>\n<div>\n<div>\n<div>\n<div>\n<div>\n<div><img decoding=\"async\" src=\"\/\/sc04.alicdn.com\/kf\/He9c856cc41994feb9bbd9f3d9db22c3fs\/255148517\/He9c856cc41994feb9bbd9f3d9db22c3fs.jpg\" data-src=\"\/\/sc04.alicdn.com\/kf\/He9c856cc41994feb9bbd9f3d9db22c3fs\/255148517\/He9c856cc41994feb9bbd9f3d9db22c3fs.jpg\" \/><\/div>\n<\/div>\n<\/div>\n<\/div>\n<\/div>\n<\/div>\n<div>\n<div>\n<div>\n<div>\n<div>\n<div><\/div>\n<\/div>\n<\/div>\n<\/div>\n<\/div>\n<\/div>\n<\/div>\n<\/div>","protected":false},"excerpt":{"rendered":"<p>Tissu : PVC, polyester 100% Indice d&#039;\u00e9tanch\u00e9it\u00e9 de la tente ext\u00e9rieure : 1000-1500 Mm, 1500-2000 Mm Indice d&#039;\u00e9tanch\u00e9it\u00e9 du fond : 1000-1500 Mm Type de b\u00e2timent : Ouverture automatique rapide Style de tente : Camouflage\/Jeu de terrain Saison : Tente quatre saisons, tente d&#039;\u00e9t\u00e9 ,Tente quatre saisons Structure : Une chambre Nom du produit : tentes escamotables camping ext\u00e9rieur Demandeur : Activit\u00e9s de plein air Logo<\/p>\n<div class=\"read-more\"><a class=\"btn btn-fill-out\" href=\"https:\/\/uoogear.com\/fr\/produit\/wholesale-double-door-portable-waterproof-air-tent-camping-outdoor-large-family-camping-tents\/\">En savoir plus<\/a><\/div>","protected":false},"featured_media":4534,"template":"","meta":[],"product_brand":[],"product_cat":[15],"product_tag":[],"class_list":{"0":"post-4535","1":"product","2":"type-product","3":"status-publish","4":"has-post-thumbnail","6":"product_cat-uncategorized","7":"tm-no-options","9":"first","10":"instock","11":"shipping-taxable","12":"purchasable","13":"product-type-variable"},"_links":{"self":[{"href":"https:\/\/uoogear.com\/fr\/wp-json\/wp\/v2\/product\/4535","targetHints":{"allow":["GET"]}}],"collection":[{"href":"https:\/\/uoogear.com\/fr\/wp-json\/wp\/v2\/product"}],"about":[{"href":"https:\/\/uoogear.com\/fr\/wp-json\/wp\/v2\/types\/product"}],"wp:featuredmedia":[{"embeddable":true,"href":"https:\/\/uoogear.com\/fr\/wp-json\/wp\/v2\/media\/4534"}],"wp:attachment":[{"href":"https:\/\/uoogear.com\/fr\/wp-json\/wp\/v2\/media?parent=4535"}],"wp:term":[{"taxonomy":"product_brand","embeddable":true,"href":"https:\/\/uoogear.com\/fr\/wp-json\/wp\/v2\/product_brand?post=4535"},{"taxonomy":"product_cat","embeddable":true,"href":"https:\/\/uoogear.com\/fr\/wp-json\/wp\/v2\/product_cat?post=4535"},{"taxonomy":"product_tag","embeddable":true,"href":"https:\/\/uoogear.com\/fr\/wp-json\/wp\/v2\/product_tag?post=4535"}],"curies":[{"name":"wp","href":"https:\/\/api.w.org\/{rel}","templated":true}]}}