{"id":4553,"date":"2023-11-14T02:05:43","date_gmt":"2023-11-14T02:05:43","guid":{"rendered":"https:\/\/uoogear.com\/product\/luxury-large-camp-family-air-camping-tube-tent-inflatable-camping-tent\/"},"modified":"2023-11-30T02:28:10","modified_gmt":"2023-11-30T02:28:10","slug":"luxury-large-camp-family-air-camping-tube-tent-inflatable-camping-tent","status":"publish","type":"product","link":"https:\/\/uoogear.com\/fr\/produit\/luxury-large-camp-family-air-camping-tube-tent-inflatable-camping-tent\/","title":{"rendered":"Tente de Camping gonflable de tente de Tube de Camping d&#039;air de famille de grand Camp de luxe"},"content":{"rendered":"<ul>\n<li><strong>Zone : <\/strong> 425*765*230<\/li>\n<li><strong>Tissu : <\/strong> PVC + tissu en coton + maille en polyester<\/li>\n<li><strong>Indice d&#039;\u00e9tanch\u00e9it\u00e9 de la tente ext\u00e9rieure\u00a0: <\/strong> &gt;3000mm<\/li>\n<li><strong>Indice d&#039;\u00e9tanch\u00e9it\u00e9 inf\u00e9rieur\u00a0: <\/strong> &gt;3000mm<\/li>\n<li><strong>Type de b\u00e2timent : <\/strong> Construction bas\u00e9e sur les besoins<\/li>\n<li><strong>Style de tente\u00a0: <\/strong> Piquet de tente de type tube<\/li>\n<li><strong>Saison : <\/strong> Tente quatre saisons<\/li>\n<li><strong>Structure : <\/strong> Une chambre et un salon<\/li>\n<li><strong>Nom du produit : <\/strong> Tente de camping gonflable<\/li>\n<li><strong>Utilisation : <\/strong> Divertissement en plein air<\/li>\n<li><strong>Style : <\/strong> Moderne<\/li>\n<li><strong>Application : <\/strong> Camping de voyage en plein air<\/li>\n<li><strong>Taille : <\/strong> 300*200*200<\/li>\n<li><strong>QUANTIT\u00c9 MINIMALE DE COMMANDE\u00a0: <\/strong> 1 pi\u00e8ce<\/li>\n<li><strong>Mat\u00e9riel : <\/strong> tissu Oxford<\/li>\n<li><strong>Accessoires : <\/strong> Pompe+ sac de transport+ piquets+ cordes<\/li>\n<li><strong>Fonctionnalit\u00e9 : <\/strong> Imperm\u00e9able<\/li>\n<li><strong>Logo : <\/strong> Logo personnalis\u00e9 accepter<\/li>\n<\/ul>\n<div>\n<div data-magic-global=\"%7B%22bizId%22%3A2212793521237%2C%22pageId%22%3A21231189101%2C%22siteId%22%3A10003212050%7D\">\n<div>\n<div data-section=\"AliMagic-pe973p\" data-section-title=\"Products Description\">Description des produits<\/div>\n<\/div>\n<div>\n<div>\n<table>\n<tbody>\n<tr>\n<td>\n<div><span style=\"color: #000000; font-family: Arial;\"><span data-spm-anchor-id=\"a2700.custom-template.0.i133.65b03333DKbf22\"><strong>Nom du produit<\/strong><\/span><\/span><\/div>\n<\/td>\n<td>\n<div>Tente gonflable gonflable<\/div>\n<\/td>\n<\/tr>\n<tr>\n<td>\n<div><span style=\"color: #000000; font-family: Arial;\"><strong>Quantit\u00e9 minimale de commande OEM<\/strong><\/span><\/div>\n<\/td>\n<td>\n<div><span style=\"font-family: Arial;\"><span data-spm-anchor-id=\"a2700.custom-template.0.i131.65b03333DKbf22\">Accepter un \u00e9chantillon personnalis\u00e9\/1 ensemble<\/span><\/span><\/div>\n<\/td>\n<\/tr>\n<tr>\n<td>\n<div><span style=\"color: #000000; font-family: Arial;\"><strong>Couleur couleur<\/strong><\/span><\/div>\n<\/td>\n<td>\n<div><span style=\"font-family: Arial;\"><span data-spm-anchor-id=\"a2700.custom-template.0.i132.65b03333DKbf22\">Comme image, accepter personnalis\u00e9<\/span><\/span><\/div>\n<\/td>\n<\/tr>\n<tr>\n<td>\n<div><span style=\"color: #000000; font-family: Arial;\"><span data-spm-anchor-id=\"a2700.custom-template.0.i158.65b03333DKbf22\"><strong>Capacit\u00e9<\/strong><\/span><\/span><\/div>\n<\/td>\n<td>\n<div><span style=\"font-family: Arial;\">2\/3\/4\/5\/6\/7\/8+ personnes (capacit\u00e9 sur mesure)<\/span><\/div>\n<\/td>\n<\/tr>\n<tr>\n<td>\n<div><strong>Taille<\/strong><\/div>\n<\/td>\n<td>\n<div>Peut choisir la taille des produits disponibles dans le commerce, accepter la taille personnalis\u00e9e<\/div>\n<\/td>\n<\/tr>\n<tr>\n<td>\n<div>\n<div><strong>Fonctionnalit\u00e9<\/strong><\/div>\n<\/div>\n<\/td>\n<td>\n<div><span style=\"font-family: Arial;\">R\u00e9sistant aux UV et \u00e0 la pluie, respirant, emp\u00eache la splendeur, grand espace, structure stable, bonnes performances de ventilation, large application, petite taille, facile \u00e0 transporter, installation, pop-up facile, automatique, confortable.<\/span><\/div>\n<\/td>\n<\/tr>\n<\/tbody>\n<\/table>\n<\/div>\n<\/div>\n<div>\n<div data-section=\"AliMagic-35z5fs\" data-section-title=\"Details Images\">D\u00e9tails Images<\/div>\n<\/div>\n<div>\n<div>\n<div><img decoding=\"async\" src=\"\/\/sc04.alicdn.com\/kf\/Haafb2d361cd44af19d842c574a8be9c0a\/255148517\/Haafb2d361cd44af19d842c574a8be9c0a.jpg\" data-src=\"\/\/sc04.alicdn.com\/kf\/Haafb2d361cd44af19d842c574a8be9c0a\/255148517\/Haafb2d361cd44af19d842c574a8be9c0a.jpg\" \/><\/div>\n<div><img decoding=\"async\" src=\"\/\/sc04.alicdn.com\/kf\/Hcda24c9a46d945ee8b5f1f076c78f213G\/255148517\/Hcda24c9a46d945ee8b5f1f076c78f213G.jpg\" data-src=\"\/\/sc04.alicdn.com\/kf\/Hcda24c9a46d945ee8b5f1f076c78f213G\/255148517\/Hcda24c9a46d945ee8b5f1f076c78f213G.jpg\" \/><\/div>\n<div><img decoding=\"async\" src=\"\/\/sc04.alicdn.com\/kf\/Hf9cabfe17c6e4b3489a3c7da3542d4a5X\/255148517\/Hf9cabfe17c6e4b3489a3c7da3542d4a5X.jpg\" data-src=\"\/\/sc04.alicdn.com\/kf\/Hf9cabfe17c6e4b3489a3c7da3542d4a5X\/255148517\/Hf9cabfe17c6e4b3489a3c7da3542d4a5X.jpg\" \/><\/div>\n<div><img decoding=\"async\" src=\"\/\/sc04.alicdn.com\/kf\/H91a36315feda48d193ce3a2bb7626917u\/255148517\/H91a36315feda48d193ce3a2bb7626917u.jpg\" data-src=\"\/\/sc04.alicdn.com\/kf\/H91a36315feda48d193ce3a2bb7626917u\/255148517\/H91a36315feda48d193ce3a2bb7626917u.jpg\" \/><\/div>\n<div><img decoding=\"async\" src=\"\/\/sc04.alicdn.com\/kf\/H0da1ec85968b4918a9dc3aeefb9647bdL\/255148517\/H0da1ec85968b4918a9dc3aeefb9647bdL.jpg\" data-src=\"\/\/sc04.alicdn.com\/kf\/H0da1ec85968b4918a9dc3aeefb9647bdL\/255148517\/H0da1ec85968b4918a9dc3aeefb9647bdL.jpg\" \/><\/div>\n<div><img decoding=\"async\" src=\"\/\/sc04.alicdn.com\/kf\/H9756963b359740e4831f1ce3934c0dfde\/255148517\/H9756963b359740e4831f1ce3934c0dfde.jpg\" data-src=\"\/\/sc04.alicdn.com\/kf\/H9756963b359740e4831f1ce3934c0dfde\/255148517\/H9756963b359740e4831f1ce3934c0dfde.jpg\" \/><\/div>\n<\/div>\n<\/div>\n<div><\/div>\n<\/div>\n<\/div>","protected":false},"excerpt":{"rendered":"<p>Superficie : 425*765*230 Tissu : PVC + tissu en coton + maille en polyester Indice d&#039;\u00e9tanch\u00e9it\u00e9 de la tente ext\u00e9rieure : &gt; 3000 mm Indice d&#039;\u00e9tanch\u00e9it\u00e9 du bas : &gt; 3000 mm Type de b\u00e2timent : Construction bas\u00e9e sur les besoins Style de tente : Type de tube Piquet de tente Saison : Tente quatre saisons Structure : Une chambre et un salon Nom du produit : Utilisation de la tente de camping gonflable<\/p>\n<div class=\"read-more\"><a class=\"btn btn-fill-out\" href=\"https:\/\/uoogear.com\/fr\/produit\/luxury-large-camp-family-air-camping-tube-tent-inflatable-camping-tent\/\">En savoir plus<\/a><\/div>","protected":false},"featured_media":4552,"template":"","meta":[],"product_brand":[],"product_cat":[15],"product_tag":[],"class_list":{"0":"post-4553","1":"product","2":"type-product","3":"status-publish","4":"has-post-thumbnail","6":"product_cat-uncategorized","7":"tm-no-options","9":"first","10":"instock","11":"shipping-taxable","12":"purchasable","13":"product-type-variable"},"_links":{"self":[{"href":"https:\/\/uoogear.com\/fr\/wp-json\/wp\/v2\/product\/4553","targetHints":{"allow":["GET"]}}],"collection":[{"href":"https:\/\/uoogear.com\/fr\/wp-json\/wp\/v2\/product"}],"about":[{"href":"https:\/\/uoogear.com\/fr\/wp-json\/wp\/v2\/types\/product"}],"wp:featuredmedia":[{"embeddable":true,"href":"https:\/\/uoogear.com\/fr\/wp-json\/wp\/v2\/media\/4552"}],"wp:attachment":[{"href":"https:\/\/uoogear.com\/fr\/wp-json\/wp\/v2\/media?parent=4553"}],"wp:term":[{"taxonomy":"product_brand","embeddable":true,"href":"https:\/\/uoogear.com\/fr\/wp-json\/wp\/v2\/product_brand?post=4553"},{"taxonomy":"product_cat","embeddable":true,"href":"https:\/\/uoogear.com\/fr\/wp-json\/wp\/v2\/product_cat?post=4553"},{"taxonomy":"product_tag","embeddable":true,"href":"https:\/\/uoogear.com\/fr\/wp-json\/wp\/v2\/product_tag?post=4553"}],"curies":[{"name":"wp","href":"https:\/\/api.w.org\/{rel}","templated":true}]}}