{"id":4561,"date":"2023-11-14T02:06:24","date_gmt":"2023-11-14T02:06:24","guid":{"rendered":"https:\/\/uoogear.com\/product\/outdoor-inflatable-tent-camping-equipment-camping-air-tent\/"},"modified":"2023-11-30T02:40:06","modified_gmt":"2023-11-30T02:40:06","slug":"outdoor-inflatable-tent-camping-equipment-camping-air-tent","status":"publish","type":"product","link":"https:\/\/uoogear.com\/fr\/produit\/outdoor-inflatable-tent-camping-equipment-camping-air-tent\/","title":{"rendered":"Tente gonflable ext\u00e9rieure \u00e9quipement de camping tente d&#039;air de camping"},"content":{"rendered":"<ul>\n<li><strong>Tissu : <\/strong> tissu Oxford<\/li>\n<li><strong>Indice d&#039;\u00e9tanch\u00e9it\u00e9 de la tente ext\u00e9rieure\u00a0: <\/strong> &gt;3000mm<\/li>\n<li><strong>Indice d&#039;\u00e9tanch\u00e9it\u00e9 inf\u00e9rieur\u00a0: <\/strong> &gt;3000mm<\/li>\n<li><strong>Type de b\u00e2timent : <\/strong> Ouverture automatique rapide<\/li>\n<li><strong>Style de tente\u00a0: <\/strong> Piquet de tente de type tube<\/li>\n<li><strong>Saison : <\/strong> Tente quatre saisons<\/li>\n<li><strong>Structure : <\/strong> Une chambre et un salon<\/li>\n<li><strong>Nom du produit : <\/strong> Tente de camping gonflable Ca<\/li>\n<li><strong>Utilisation : <\/strong> \u00c9quipement de camping en plein air<\/li>\n<li><strong>Style : <\/strong> Moderne<\/li>\n<li><strong>Application : <\/strong> Camping de voyage en plein air<\/li>\n<li><strong>QUANTIT\u00c9 MINIMALE DE COMMANDE\u00a0: <\/strong> 1 pi\u00e8ce<\/li>\n<li><strong>Mat\u00e9riel : <\/strong> tissu Oxford<\/li>\n<li><strong>Accessoires : <\/strong> Pompe+ sac de transport+ piquets+ cordes<\/li>\n<li><strong>Fonctionnalit\u00e9 : <\/strong> Imperm\u00e9able<\/li>\n<li><strong>Logo : <\/strong> Logo personnalis\u00e9 accepter<\/li>\n<li><strong>Fonction : <\/strong> Camping en plein air<\/li>\n<\/ul>\n<div>\n<div data-magic-global=\"%7B%22bizId%22%3A2212793521237%2C%22pageId%22%3A21225850461%2C%22siteId%22%3A10003212050%7D\">\n<div>\n<div data-section=\"AliMagic-4f64uj\" data-section-title=\"Products Description\">Description des produits<\/div>\n<\/div>\n<div>\n<div>\n<div><img decoding=\"async\" src=\"\/\/sc04.alicdn.com\/kf\/H799077670435478eb23f08d788014965z\/255148517\/H799077670435478eb23f08d788014965z.jpg\" data-src=\"\/\/sc04.alicdn.com\/kf\/H799077670435478eb23f08d788014965z\/255148517\/H799077670435478eb23f08d788014965z.jpg\" \/><\/div>\n<div><img decoding=\"async\" src=\"\/\/sc04.alicdn.com\/kf\/Hf09abb52a59a4729a58a29670b79b7b2z\/255148517\/Hf09abb52a59a4729a58a29670b79b7b2z.jpg\" data-src=\"\/\/sc04.alicdn.com\/kf\/Hf09abb52a59a4729a58a29670b79b7b2z\/255148517\/Hf09abb52a59a4729a58a29670b79b7b2z.jpg\" \/><\/div>\n<div><img decoding=\"async\" src=\"\/\/sc04.alicdn.com\/kf\/H97bc948f25a740e8a403b5d2fe80eb18J\/255148517\/H97bc948f25a740e8a403b5d2fe80eb18J.jpg\" data-src=\"\/\/sc04.alicdn.com\/kf\/H97bc948f25a740e8a403b5d2fe80eb18J\/255148517\/H97bc948f25a740e8a403b5d2fe80eb18J.jpg\" \/><\/div>\n<div><img decoding=\"async\" src=\"\/\/sc04.alicdn.com\/kf\/He88ac01cf47d4383be067b2606d84194W\/255148517\/He88ac01cf47d4383be067b2606d84194W.jpg\" data-src=\"\/\/sc04.alicdn.com\/kf\/He88ac01cf47d4383be067b2606d84194W\/255148517\/He88ac01cf47d4383be067b2606d84194W.jpg\" \/><\/div>\n<div><img decoding=\"async\" src=\"\/\/sc04.alicdn.com\/kf\/H85716bcaadfc4f5d80ca9913eacb115aF\/255148517\/H85716bcaadfc4f5d80ca9913eacb115aF.jpg\" data-src=\"\/\/sc04.alicdn.com\/kf\/H85716bcaadfc4f5d80ca9913eacb115aF\/255148517\/H85716bcaadfc4f5d80ca9913eacb115aF.jpg\" \/><\/div>\n<div><img decoding=\"async\" src=\"\/\/sc04.alicdn.com\/kf\/H704d73aedddf4986bd70e2a8010af0c0A\/255148517\/H704d73aedddf4986bd70e2a8010af0c0A.jpg\" data-src=\"\/\/sc04.alicdn.com\/kf\/H704d73aedddf4986bd70e2a8010af0c0A\/255148517\/H704d73aedddf4986bd70e2a8010af0c0A.jpg\" \/><\/div>\n<div><img decoding=\"async\" src=\"\/\/sc04.alicdn.com\/kf\/Hc89fb65da1a6420287f697c1d4ceb922c\/255148517\/Hc89fb65da1a6420287f697c1d4ceb922c.jpg\" data-src=\"\/\/sc04.alicdn.com\/kf\/Hc89fb65da1a6420287f697c1d4ceb922c\/255148517\/Hc89fb65da1a6420287f697c1d4ceb922c.jpg\" \/><\/div>\n<div><img decoding=\"async\" src=\"\/\/sc04.alicdn.com\/kf\/Hc71f68609660482b8a2f873d0a9526afD\/255148517\/Hc71f68609660482b8a2f873d0a9526afD.jpg\" data-src=\"\/\/sc04.alicdn.com\/kf\/Hc71f68609660482b8a2f873d0a9526afD\/255148517\/Hc71f68609660482b8a2f873d0a9526afD.jpg\" \/><\/div>\n<div><img decoding=\"async\" src=\"\/\/sc04.alicdn.com\/kf\/H718f349d8a454bc3b124eaa88ab3a365F\/255148517\/H718f349d8a454bc3b124eaa88ab3a365F.jpg\" data-src=\"\/\/sc04.alicdn.com\/kf\/H718f349d8a454bc3b124eaa88ab3a365F\/255148517\/H718f349d8a454bc3b124eaa88ab3a365F.jpg\" \/><\/div>\n<\/div>\n<\/div>\n<div><\/div>\n<div>\n<div>\n<div>\n<div>\n<div><\/div>\n<\/div>\n<\/div>\n<\/div>\n<\/div>\n<\/div>\n<\/div>","protected":false},"excerpt":{"rendered":"<p>Tissu : tissu oxford Indice d&#039;\u00e9tanch\u00e9it\u00e9 de la tente ext\u00e9rieure : &gt; 3000 mm Indice d&#039;\u00e9tanch\u00e9it\u00e9 du bas : &gt; 3000 mm Type de b\u00e2timent : Ouverture automatique rapide Style de tente : Piquet de tente de type tube Saison : Tente quatre saisons Structure : Une chambre et un salon Nom du produit : CaInflatable Utilisation de la tente de camping\u00a0: \u00c9quipement de camping en plein air Style\u00a0:<\/p>\n<div class=\"read-more\"><a class=\"btn btn-fill-out\" href=\"https:\/\/uoogear.com\/fr\/produit\/outdoor-inflatable-tent-camping-equipment-camping-air-tent\/\">En savoir plus<\/a><\/div>","protected":false},"featured_media":4559,"template":"","meta":[],"product_brand":[],"product_cat":[15],"product_tag":[],"class_list":{"0":"post-4561","1":"product","2":"type-product","3":"status-publish","4":"has-post-thumbnail","6":"product_cat-uncategorized","7":"tm-no-options","9":"first","10":"instock","11":"shipping-taxable","12":"purchasable","13":"product-type-variable"},"_links":{"self":[{"href":"https:\/\/uoogear.com\/fr\/wp-json\/wp\/v2\/product\/4561","targetHints":{"allow":["GET"]}}],"collection":[{"href":"https:\/\/uoogear.com\/fr\/wp-json\/wp\/v2\/product"}],"about":[{"href":"https:\/\/uoogear.com\/fr\/wp-json\/wp\/v2\/types\/product"}],"wp:featuredmedia":[{"embeddable":true,"href":"https:\/\/uoogear.com\/fr\/wp-json\/wp\/v2\/media\/4559"}],"wp:attachment":[{"href":"https:\/\/uoogear.com\/fr\/wp-json\/wp\/v2\/media?parent=4561"}],"wp:term":[{"taxonomy":"product_brand","embeddable":true,"href":"https:\/\/uoogear.com\/fr\/wp-json\/wp\/v2\/product_brand?post=4561"},{"taxonomy":"product_cat","embeddable":true,"href":"https:\/\/uoogear.com\/fr\/wp-json\/wp\/v2\/product_cat?post=4561"},{"taxonomy":"product_tag","embeddable":true,"href":"https:\/\/uoogear.com\/fr\/wp-json\/wp\/v2\/product_tag?post=4561"}],"curies":[{"name":"wp","href":"https:\/\/api.w.org\/{rel}","templated":true}]}}