{"id":4570,"date":"2023-11-14T02:07:03","date_gmt":"2023-11-14T02:07:03","guid":{"rendered":"https:\/\/uoogear.com\/product\/middle-east-arab-inflatable-camping-tent-outdoor-waterproof-air-pole-tent-inflatable-tent\/"},"modified":"2023-11-30T02:40:16","modified_gmt":"2023-11-30T02:40:16","slug":"middle-east-arab-inflatable-camping-tent-outdoor-waterproof-air-pole-tent-inflatable-tent","status":"publish","type":"product","link":"https:\/\/uoogear.com\/fr\/produit\/middle-east-arab-inflatable-camping-tent-outdoor-waterproof-air-pole-tent-inflatable-tent\/","title":{"rendered":"Tente de camping gonflable arabe du moyen-orient, tente gonflable d&#039;ext\u00e9rieur \u00e9tanche avec poteau d&#039;air"},"content":{"rendered":"<ul>\n<li><strong>Zone : <\/strong> 3\u33a1-36m\u00b2<\/li>\n<li><strong>Tissu : <\/strong> Polyester<\/li>\n<li><strong>Indice d&#039;\u00e9tanch\u00e9it\u00e9 de la tente ext\u00e9rieure\u00a0: <\/strong> &gt;3000mm<\/li>\n<li><strong>Indice d&#039;\u00e9tanch\u00e9it\u00e9 inf\u00e9rieur\u00a0: <\/strong> &gt;3000mm<\/li>\n<li><strong>Style de tente\u00a0: <\/strong> Type \u00e9tendu<\/li>\n<li><strong>Saison : <\/strong> Tente quatre saisons<\/li>\n<li><strong>Structure : <\/strong> Une chambre et un salon<\/li>\n<li><strong>Mot-cl\u00e9 : <\/strong> Tente de camping gonflable<\/li>\n<li><strong>QUANTIT\u00c9 MINIMALE DE COMMANDE\u00a0: <\/strong> 1 jeu<\/li>\n<li><strong>Accessoires : <\/strong> pompe \u00e0 main, piquets, cordes \u00e0 vent<\/li>\n<li><strong>Logo : <\/strong> personnalis\u00e9<\/li>\n<li><strong>Taille : <\/strong> 3\u33a1-36m\u00b2<\/li>\n<li><strong>Mat\u00e9riel : <\/strong> polyester coton + PVC<\/li>\n<li><strong>OEM\/ODM\u00a0: <\/strong> Coutume acceptable<\/li>\n<li><strong>Capacit\u00e9 : <\/strong> 8+ personnes<\/li>\n<li><strong>Nom du produit : <\/strong> Tente de camping gonflable<\/li>\n<li><strong>Fonction : <\/strong> Protection contre la pluie et le soleil<\/li>\n<\/ul>\n<div>\n<div data-magic-global=\"%7B%22bizId%22%3A2212793521237%2C%22pageId%22%3A21264717523%2C%22siteId%22%3A10003212050%7D\">\n<div>\n<div data-section=\"AliMagic-ieuaxk\" data-section-title=\"Products Description\">Description des produits<\/div>\n<\/div>\n<div>\n<div>\n<div><img decoding=\"async\" src=\"\/\/sc04.alicdn.com\/kf\/He4c3298ed6eb4e39bb6b5339319bad064\/255148517\/He4c3298ed6eb4e39bb6b5339319bad064.jpg\" data-src=\"\/\/sc04.alicdn.com\/kf\/He4c3298ed6eb4e39bb6b5339319bad064\/255148517\/He4c3298ed6eb4e39bb6b5339319bad064.jpg\" \/><\/div>\n<div><img decoding=\"async\" src=\"\/\/sc04.alicdn.com\/kf\/Hb9f73be253b34358b75bcfd954e38b10I\/255148517\/Hb9f73be253b34358b75bcfd954e38b10I.jpg\" data-src=\"\/\/sc04.alicdn.com\/kf\/Hb9f73be253b34358b75bcfd954e38b10I\/255148517\/Hb9f73be253b34358b75bcfd954e38b10I.jpg\" \/><\/div>\n<div><img decoding=\"async\" src=\"\/\/sc04.alicdn.com\/kf\/H2468e5ce4cd24427bdc3e866d21d03088\/255148517\/H2468e5ce4cd24427bdc3e866d21d03088.jpg\" data-src=\"\/\/sc04.alicdn.com\/kf\/H2468e5ce4cd24427bdc3e866d21d03088\/255148517\/H2468e5ce4cd24427bdc3e866d21d03088.jpg\" \/><\/div>\n<div><img decoding=\"async\" src=\"\/\/sc04.alicdn.com\/kf\/Haa267fa913844c3fa1eed088e7d3f307T\/255148517\/Haa267fa913844c3fa1eed088e7d3f307T.jpg\" data-src=\"\/\/sc04.alicdn.com\/kf\/Haa267fa913844c3fa1eed088e7d3f307T\/255148517\/Haa267fa913844c3fa1eed088e7d3f307T.jpg\" \/><\/div>\n<div><img decoding=\"async\" src=\"\/\/sc04.alicdn.com\/kf\/H32545585c7004bd6808990c88d472837F\/255148517\/H32545585c7004bd6808990c88d472837F.jpg\" data-src=\"\/\/sc04.alicdn.com\/kf\/H32545585c7004bd6808990c88d472837F\/255148517\/H32545585c7004bd6808990c88d472837F.jpg\" \/><\/div>\n<div><img decoding=\"async\" src=\"\/\/sc04.alicdn.com\/kf\/H16381039228b46eeaf9c0add0cd75658v\/255148517\/H16381039228b46eeaf9c0add0cd75658v.jpg\" data-src=\"\/\/sc04.alicdn.com\/kf\/H16381039228b46eeaf9c0add0cd75658v\/255148517\/H16381039228b46eeaf9c0add0cd75658v.jpg\" \/><\/div>\n<\/div>\n<\/div>\n<div><\/div>\n<div>\n<div>\n<div>\n<div>\n<div><\/div>\n<\/div>\n<\/div>\n<\/div>\n<\/div>\n<\/div>\n<\/div>","protected":false},"excerpt":{"rendered":"<p>Superficie : 3\u33a1-36m\u00b2 Tissu : Polyester Indice d&#039;\u00e9tanch\u00e9it\u00e9 de la tente ext\u00e9rieure : &gt;3000 mm Indice d&#039;\u00e9tanch\u00e9it\u00e9 du bas : &gt;3000 mm Style de tente : Type \u00e9tendu Saison : Structure de tente quatre saisons : Une chambre et un salon Mot-cl\u00e9 : Tente de camping gonflable MOQ : 1 ensemble d&#039;accessoires : pompe \u00e0 main, piquets, cordes \u00e0 vent Logo : personnalis\u00e9 Taille :<\/p>\n<div class=\"read-more\"><a class=\"btn btn-fill-out\" href=\"https:\/\/uoogear.com\/fr\/produit\/middle-east-arab-inflatable-camping-tent-outdoor-waterproof-air-pole-tent-inflatable-tent\/\">En savoir plus<\/a><\/div>","protected":false},"featured_media":4569,"template":"","meta":[],"product_brand":[],"product_cat":[15],"product_tag":[],"class_list":{"0":"post-4570","1":"product","2":"type-product","3":"status-publish","4":"has-post-thumbnail","6":"product_cat-uncategorized","7":"tm-no-options","9":"first","10":"instock","11":"shipping-taxable","12":"purchasable","13":"product-type-variable"},"_links":{"self":[{"href":"https:\/\/uoogear.com\/fr\/wp-json\/wp\/v2\/product\/4570","targetHints":{"allow":["GET"]}}],"collection":[{"href":"https:\/\/uoogear.com\/fr\/wp-json\/wp\/v2\/product"}],"about":[{"href":"https:\/\/uoogear.com\/fr\/wp-json\/wp\/v2\/types\/product"}],"wp:featuredmedia":[{"embeddable":true,"href":"https:\/\/uoogear.com\/fr\/wp-json\/wp\/v2\/media\/4569"}],"wp:attachment":[{"href":"https:\/\/uoogear.com\/fr\/wp-json\/wp\/v2\/media?parent=4570"}],"wp:term":[{"taxonomy":"product_brand","embeddable":true,"href":"https:\/\/uoogear.com\/fr\/wp-json\/wp\/v2\/product_brand?post=4570"},{"taxonomy":"product_cat","embeddable":true,"href":"https:\/\/uoogear.com\/fr\/wp-json\/wp\/v2\/product_cat?post=4570"},{"taxonomy":"product_tag","embeddable":true,"href":"https:\/\/uoogear.com\/fr\/wp-json\/wp\/v2\/product_tag?post=4570"}],"curies":[{"name":"wp","href":"https:\/\/api.w.org\/{rel}","templated":true}]}}