{"id":4615,"date":"2023-11-14T02:09:19","date_gmt":"2023-11-14T02:09:19","guid":{"rendered":"https:\/\/uoogear.com\/product\/custom-multi-persons-camping-tent-waterproof-inflatable-house-air-family-big-tent-outdoor-inflatable-camping-house-tent\/"},"modified":"2023-11-30T02:40:55","modified_gmt":"2023-11-30T02:40:55","slug":"custom-multi-persons-camping-tent-waterproof-inflatable-house-air-family-big-tent-outdoor-inflatable-camping-house-tent","status":"publish","type":"product","link":"https:\/\/uoogear.com\/fr\/produit\/custom-multi-persons-camping-tent-waterproof-inflatable-house-air-family-big-tent-outdoor-inflatable-camping-house-tent\/","title":{"rendered":"Tente de camping multi-personnes personnalis\u00e9e, maison gonflable \u00e9tanche, grande tente familiale \u00e0 Air, tente de Camping gonflable en plein Air"},"content":{"rendered":"<ul>\n<li><strong>Zone : <\/strong> 12,6\u33a1<\/li>\n<li><strong>Tissu : <\/strong> Polyester<\/li>\n<li><strong>Indice d&#039;\u00e9tanch\u00e9it\u00e9 de la tente ext\u00e9rieure\u00a0: <\/strong> &gt;3000mm<\/li>\n<li><strong>Indice d&#039;\u00e9tanch\u00e9it\u00e9 inf\u00e9rieur\u00a0: <\/strong> &gt;3000mm<\/li>\n<li><strong>Style de tente\u00a0: <\/strong> Type \u00e9tendu<\/li>\n<li><strong>Saison : <\/strong> Tente quatre saisons<\/li>\n<li><strong>Structure : <\/strong> Une chambre et un salon<\/li>\n<li><strong>Mot-cl\u00e9 : <\/strong> Tente de camping gonflable<\/li>\n<li><strong>QUANTIT\u00c9 MINIMALE DE COMMANDE\u00a0: <\/strong> 1 jeu<\/li>\n<li><strong>Couleur : <\/strong> Blanc (couleur personnalisable)<\/li>\n<li><strong>Accessoires : <\/strong> pompe \u00e0 main, piquets, cordes \u00e0 vent<\/li>\n<li><strong>Logo : <\/strong> personnalis\u00e9<\/li>\n<li><strong>Taille : <\/strong> 420*300*255cm<\/li>\n<li><strong>Mat\u00e9riel : <\/strong> polyester coton + PVC<\/li>\n<li><strong>OEM\/ODM\u00a0: <\/strong> Coutume acceptable<\/li>\n<li><strong>Capacit\u00e9 : <\/strong> 8+ personnes<\/li>\n<li><strong>Nom du produit : <\/strong> Tente de camping gonflable<\/li>\n<\/ul>\n<div>\n<div data-magic-global=\"%7B%22bizId%22%3A2212793521237%2C%22pageId%22%3A21254695489%2C%22siteId%22%3A10003212050%7D\">\n<div>\n<div data-section=\"AliMagic-a1hgaa\" data-section-title=\"Products Description\">Description des produits<\/div>\n<\/div>\n<div>\n<div>\n<div><img decoding=\"async\" src=\"\/\/sc04.alicdn.com\/kf\/H45b829421df7429189feaf2c0aaedf1dM\/255148517\/H45b829421df7429189feaf2c0aaedf1dM.jpg\" data-src=\"\/\/sc04.alicdn.com\/kf\/H45b829421df7429189feaf2c0aaedf1dM\/255148517\/H45b829421df7429189feaf2c0aaedf1dM.jpg\" \/><\/div>\n<div><img decoding=\"async\" src=\"\/\/sc04.alicdn.com\/kf\/Ha86ce65a9e904bcfacdcd98f49d2e167p\/255148517\/Ha86ce65a9e904bcfacdcd98f49d2e167p.jpg\" data-src=\"\/\/sc04.alicdn.com\/kf\/Ha86ce65a9e904bcfacdcd98f49d2e167p\/255148517\/Ha86ce65a9e904bcfacdcd98f49d2e167p.jpg\" \/><\/div>\n<div><img decoding=\"async\" src=\"\/\/sc04.alicdn.com\/kf\/Hf438407597e24e21b9eb364593bf85338\/255148517\/Hf438407597e24e21b9eb364593bf85338.jpg\" data-src=\"\/\/sc04.alicdn.com\/kf\/Hf438407597e24e21b9eb364593bf85338\/255148517\/Hf438407597e24e21b9eb364593bf85338.jpg\" \/><\/div>\n<div><img decoding=\"async\" src=\"\/\/sc04.alicdn.com\/kf\/H7a4a30c313a748128d68a9af8dfda57fU\/255148517\/H7a4a30c313a748128d68a9af8dfda57fU.jpg\" data-src=\"\/\/sc04.alicdn.com\/kf\/H7a4a30c313a748128d68a9af8dfda57fU\/255148517\/H7a4a30c313a748128d68a9af8dfda57fU.jpg\" \/><\/div>\n<div><img decoding=\"async\" src=\"\/\/sc04.alicdn.com\/kf\/H91a270f4e9eb4fc1aec317f30d9efb0ei\/255148517\/H91a270f4e9eb4fc1aec317f30d9efb0ei.jpg\" data-src=\"\/\/sc04.alicdn.com\/kf\/H91a270f4e9eb4fc1aec317f30d9efb0ei\/255148517\/H91a270f4e9eb4fc1aec317f30d9efb0ei.jpg\" \/><\/div>\n<div><img decoding=\"async\" src=\"\/\/sc04.alicdn.com\/kf\/H67bca16355ac4c28a599cf5fa5728c13H\/255148517\/H67bca16355ac4c28a599cf5fa5728c13H.jpg\" data-src=\"\/\/sc04.alicdn.com\/kf\/H67bca16355ac4c28a599cf5fa5728c13H\/255148517\/H67bca16355ac4c28a599cf5fa5728c13H.jpg\" \/><\/div>\n<div><img decoding=\"async\" src=\"\/\/sc04.alicdn.com\/kf\/H3b4883ae004a4699a0e9c14c231d24f7A\/255148517\/H3b4883ae004a4699a0e9c14c231d24f7A.jpg\" data-src=\"\/\/sc04.alicdn.com\/kf\/H3b4883ae004a4699a0e9c14c231d24f7A\/255148517\/H3b4883ae004a4699a0e9c14c231d24f7A.jpg\" \/><\/div>\n<div><\/div>\n<div><\/div>\n<\/div>\n<\/div>\n<div><\/div>\n<\/div>\n<\/div>","protected":false},"excerpt":{"rendered":"<p>Surface : 12,6\u33a1 Tissu : Polyester Indice d&#039;\u00e9tanch\u00e9it\u00e9 de la tente ext\u00e9rieure : &gt;3000 mm Indice d&#039;\u00e9tanch\u00e9it\u00e9 du bas : &gt;3000 mm Style de tente : Type \u00e9tendu Saison : Structure de tente quatre saisons : Une chambre et un salon Mot-cl\u00e9 : Tente de camping gonflable MOQ : 1 ensemble Couleur : Blanc (couleur personnalisable) Accessoires : pompe \u00e0 main, piquets, cordes \u00e0 vent<\/p>\n<div class=\"read-more\"><a class=\"btn btn-fill-out\" href=\"https:\/\/uoogear.com\/fr\/produit\/custom-multi-persons-camping-tent-waterproof-inflatable-house-air-family-big-tent-outdoor-inflatable-camping-house-tent\/\">En savoir plus<\/a><\/div>","protected":false},"featured_media":4614,"template":"","meta":[],"product_brand":[],"product_cat":[15],"product_tag":[],"class_list":{"0":"post-4615","1":"product","2":"type-product","3":"status-publish","4":"has-post-thumbnail","6":"product_cat-uncategorized","7":"tm-no-options","9":"first","10":"instock","11":"shipping-taxable","12":"purchasable","13":"product-type-variable"},"_links":{"self":[{"href":"https:\/\/uoogear.com\/fr\/wp-json\/wp\/v2\/product\/4615","targetHints":{"allow":["GET"]}}],"collection":[{"href":"https:\/\/uoogear.com\/fr\/wp-json\/wp\/v2\/product"}],"about":[{"href":"https:\/\/uoogear.com\/fr\/wp-json\/wp\/v2\/types\/product"}],"wp:featuredmedia":[{"embeddable":true,"href":"https:\/\/uoogear.com\/fr\/wp-json\/wp\/v2\/media\/4614"}],"wp:attachment":[{"href":"https:\/\/uoogear.com\/fr\/wp-json\/wp\/v2\/media?parent=4615"}],"wp:term":[{"taxonomy":"product_brand","embeddable":true,"href":"https:\/\/uoogear.com\/fr\/wp-json\/wp\/v2\/product_brand?post=4615"},{"taxonomy":"product_cat","embeddable":true,"href":"https:\/\/uoogear.com\/fr\/wp-json\/wp\/v2\/product_cat?post=4615"},{"taxonomy":"product_tag","embeddable":true,"href":"https:\/\/uoogear.com\/fr\/wp-json\/wp\/v2\/product_tag?post=4615"}],"curies":[{"name":"wp","href":"https:\/\/api.w.org\/{rel}","templated":true}]}}