{"id":4624,"date":"2023-11-14T02:10:23","date_gmt":"2023-11-14T02:10:23","guid":{"rendered":"https:\/\/uoogear.com\/product\/hot-sale-outdoor-family-camping-tent-waterproof-glamping-big-inflatable-tent\/"},"modified":"2023-11-30T02:41:12","modified_gmt":"2023-11-30T02:41:12","slug":"hot-sale-outdoor-family-camping-tent-waterproof-glamping-big-inflatable-tent","status":"publish","type":"product","link":"https:\/\/uoogear.com\/fr\/produit\/hot-sale-outdoor-family-camping-tent-waterproof-glamping-big-inflatable-tent\/","title":{"rendered":"Offre sp\u00e9ciale tente de Camping familiale en plein air \u00e9tanche glamping grande tente gonflable"},"content":{"rendered":"<ul>\n<li><strong>Tissu : <\/strong> Polyester<\/li>\n<li><strong>Indice d&#039;\u00e9tanch\u00e9it\u00e9 de la tente ext\u00e9rieure\u00a0: <\/strong> &gt;3000mm<\/li>\n<li><strong>Indice d&#039;\u00e9tanch\u00e9it\u00e9 inf\u00e9rieur\u00a0: <\/strong> &gt;3000mm<\/li>\n<li><strong>Type de b\u00e2timent : <\/strong> Ouverture automatique rapide<\/li>\n<li><strong>Style de tente\u00a0: <\/strong> Piquet de tente de type tube<\/li>\n<li><strong>Saison : <\/strong> Tente quatre saisons<\/li>\n<li><strong>Structure : <\/strong> Une chambre et un salon<\/li>\n<li><strong>Nom du produit : <\/strong> Tente de camping gonflable<\/li>\n<li><strong>Utilisation : <\/strong> Divertissement en plein air<\/li>\n<li><strong>Application : <\/strong> Camping de voyage en plein air<\/li>\n<li><strong>QUANTIT\u00c9 MINIMALE DE COMMANDE\u00a0: <\/strong> 1 pi\u00e8ce<\/li>\n<li><strong>Mat\u00e9riel : <\/strong> Tube en polyester + PVC<\/li>\n<li><strong>Accessoires : <\/strong> Pompe+ sac de transport+ piquets+ cordes<\/li>\n<li><strong>Fonctionnalit\u00e9 : <\/strong> Imperm\u00e9able<\/li>\n<li><strong>Logo : <\/strong> Logo personnalis\u00e9 accepter<\/li>\n<li><strong>P\u00f4le : <\/strong> P\u00f4le a\u00e9rien<\/li>\n<li><strong>Taille : <\/strong> 12 m\u00e8tres carr\u00e9s<\/li>\n<\/ul>\n<div>\n<div data-magic-global=\"%7B%22bizId%22%3A2212793521237%2C%22pageId%22%3A21245598777%2C%22siteId%22%3A10003212050%7D\">\n<div>\n<div data-section=\"AliMagic-rab3gu\" data-section-title=\"Products Description\">Description des produits<\/div>\n<\/div>\n<div>\n<div><img decoding=\"async\" src=\"\/\/sc04.alicdn.com\/kf\/Hd02a6200a35f49b3ad6d658f451aba282\/255148517\/Hd02a6200a35f49b3ad6d658f451aba282.jpg\" data-src=\"\/\/sc04.alicdn.com\/kf\/Hd02a6200a35f49b3ad6d658f451aba282\/255148517\/Hd02a6200a35f49b3ad6d658f451aba282.jpg\" \/><\/div>\n<div><img decoding=\"async\" src=\"\/\/sc04.alicdn.com\/kf\/H5ff1f50e95fd471ba75c93f886feb5dd2\/255148517\/H5ff1f50e95fd471ba75c93f886feb5dd2.jpg\" data-src=\"\/\/sc04.alicdn.com\/kf\/H5ff1f50e95fd471ba75c93f886feb5dd2\/255148517\/H5ff1f50e95fd471ba75c93f886feb5dd2.jpg\" \/><\/div>\n<div><img decoding=\"async\" src=\"\/\/sc04.alicdn.com\/kf\/Hdd68115b2183478a89ce16f03d26bf6fm\/255148517\/Hdd68115b2183478a89ce16f03d26bf6fm.jpg\" data-src=\"\/\/sc04.alicdn.com\/kf\/Hdd68115b2183478a89ce16f03d26bf6fm\/255148517\/Hdd68115b2183478a89ce16f03d26bf6fm.jpg\" \/><\/div>\n<div><img decoding=\"async\" src=\"\/\/sc04.alicdn.com\/kf\/H16f145f44a28426a8a5de6f0c42ddc26E\/255148517\/H16f145f44a28426a8a5de6f0c42ddc26E.jpg\" data-src=\"\/\/sc04.alicdn.com\/kf\/H16f145f44a28426a8a5de6f0c42ddc26E\/255148517\/H16f145f44a28426a8a5de6f0c42ddc26E.jpg\" \/><\/div>\n<div><img decoding=\"async\" src=\"\/\/sc04.alicdn.com\/kf\/H9737a208f54a44d99b55837f97ef230dI\/255148517\/H9737a208f54a44d99b55837f97ef230dI.jpg\" data-src=\"\/\/sc04.alicdn.com\/kf\/H9737a208f54a44d99b55837f97ef230dI\/255148517\/H9737a208f54a44d99b55837f97ef230dI.jpg\" \/><\/div>\n<div><img decoding=\"async\" src=\"\/\/sc04.alicdn.com\/kf\/Hee21bf6b609b46d2b0dc3e0806601ffdA\/255148517\/Hee21bf6b609b46d2b0dc3e0806601ffdA.jpg\" data-src=\"\/\/sc04.alicdn.com\/kf\/Hee21bf6b609b46d2b0dc3e0806601ffdA\/255148517\/Hee21bf6b609b46d2b0dc3e0806601ffdA.jpg\" \/><\/div>\n<div><img decoding=\"async\" src=\"\/\/sc04.alicdn.com\/kf\/Hc4d1cfb452ec45a9b4c5e77eff449d49L\/255148517\/Hc4d1cfb452ec45a9b4c5e77eff449d49L.jpg\" data-src=\"\/\/sc04.alicdn.com\/kf\/Hc4d1cfb452ec45a9b4c5e77eff449d49L\/255148517\/Hc4d1cfb452ec45a9b4c5e77eff449d49L.jpg\" \/><\/div>\n<div><img decoding=\"async\" src=\"\/\/sc04.alicdn.com\/kf\/H4f724a50baa94b7aaa3235a655a38a821\/255148517\/H4f724a50baa94b7aaa3235a655a38a821.jpg\" data-src=\"\/\/sc04.alicdn.com\/kf\/H4f724a50baa94b7aaa3235a655a38a821\/255148517\/H4f724a50baa94b7aaa3235a655a38a821.jpg\" \/><\/div>\n<div><\/div>\n<\/div>\n<\/div>\n<\/div>","protected":false},"excerpt":{"rendered":"<p>Tissu : Polyester Indice d&#039;\u00e9tanch\u00e9it\u00e9 de la tente ext\u00e9rieure : &gt;3000 mm Indice d&#039;\u00e9tanch\u00e9it\u00e9 du bas : &gt;3000 mm Type de b\u00e2timent : Ouverture automatique rapide Style de tente : Piquet de tente de type tube Saison : Tente quatre saisons Structure : Une chambre et un salon Nom du produit : Camping gonflable Utilisation de la tente : Application de divertissement en plein air : Voyage en plein air<\/p>\n<div class=\"read-more\"><a class=\"btn btn-fill-out\" href=\"https:\/\/uoogear.com\/fr\/produit\/hot-sale-outdoor-family-camping-tent-waterproof-glamping-big-inflatable-tent\/\">En savoir plus<\/a><\/div>","protected":false},"featured_media":4623,"template":"","meta":[],"product_brand":[],"product_cat":[15],"product_tag":[],"class_list":{"0":"post-4624","1":"product","2":"type-product","3":"status-publish","4":"has-post-thumbnail","6":"product_cat-uncategorized","7":"tm-no-options","9":"first","10":"instock","11":"shipping-taxable","12":"purchasable","13":"product-type-variable"},"_links":{"self":[{"href":"https:\/\/uoogear.com\/fr\/wp-json\/wp\/v2\/product\/4624","targetHints":{"allow":["GET"]}}],"collection":[{"href":"https:\/\/uoogear.com\/fr\/wp-json\/wp\/v2\/product"}],"about":[{"href":"https:\/\/uoogear.com\/fr\/wp-json\/wp\/v2\/types\/product"}],"wp:featuredmedia":[{"embeddable":true,"href":"https:\/\/uoogear.com\/fr\/wp-json\/wp\/v2\/media\/4623"}],"wp:attachment":[{"href":"https:\/\/uoogear.com\/fr\/wp-json\/wp\/v2\/media?parent=4624"}],"wp:term":[{"taxonomy":"product_brand","embeddable":true,"href":"https:\/\/uoogear.com\/fr\/wp-json\/wp\/v2\/product_brand?post=4624"},{"taxonomy":"product_cat","embeddable":true,"href":"https:\/\/uoogear.com\/fr\/wp-json\/wp\/v2\/product_cat?post=4624"},{"taxonomy":"product_tag","embeddable":true,"href":"https:\/\/uoogear.com\/fr\/wp-json\/wp\/v2\/product_tag?post=4624"}],"curies":[{"name":"wp","href":"https:\/\/api.w.org\/{rel}","templated":true}]}}