{"id":4640,"date":"2023-11-14T02:11:42","date_gmt":"2023-11-14T02:11:42","guid":{"rendered":"https:\/\/uoogear.com\/product\/air-tube-outdoor-tent-house-thickened-large-luxury-inflatable-camping-tent-with-sun-and-rain-protection-house-tent-5-8-people\/"},"modified":"2023-11-30T02:54:24","modified_gmt":"2023-11-30T02:54:24","slug":"air-tube-outdoor-tent-house-thickened-large-luxury-inflatable-camping-tent-with-sun-and-rain-protection-house-tent-5-8-people","status":"publish","type":"product","link":"https:\/\/uoogear.com\/fr\/produit\/air-tube-outdoor-tent-house-thickened-large-luxury-inflatable-camping-tent-with-sun-and-rain-protection-house-tent-5-8-people\/","title":{"rendered":"Tente d&#039;ext\u00e9rieur avec Tube d&#039;air, grande tente de Camping gonflable de luxe, \u00e9paisse, avec Protection contre le soleil et la pluie, pour 5 \u00e0 8 personnes"},"content":{"rendered":"<ul>\n<li><strong>Zone : <\/strong> 300*210<\/li>\n<li><strong>Tissu : <\/strong> PVC + tissu en coton + maille en polyester<\/li>\n<li><strong>Indice d&#039;\u00e9tanch\u00e9it\u00e9 de la tente ext\u00e9rieure\u00a0: <\/strong> &gt;3000mm<\/li>\n<li><strong>Indice d&#039;\u00e9tanch\u00e9it\u00e9 inf\u00e9rieur\u00a0: <\/strong> &gt;3000mm<\/li>\n<li><strong>Type de b\u00e2timent : <\/strong> Ouverture automatique rapide<\/li>\n<li><strong>Style de tente\u00a0: <\/strong> Piquet de tente de type tube<\/li>\n<li><strong>Saison : <\/strong> Tente quatre saisons<\/li>\n<li><strong>Structure : <\/strong> Deux chambres et un salon<\/li>\n<li><strong>Nom du produit : <\/strong> Tente de camping gonflable<\/li>\n<li><strong>Utilisation : <\/strong> Divertissement en plein air<\/li>\n<li><strong>Style : <\/strong> Moderne<\/li>\n<li><strong>Couleur : <\/strong> Couleur Sable Dor\u00e9<\/li>\n<li><strong>Application : <\/strong> Camping de voyage en plein air<\/li>\n<li><strong>QUANTIT\u00c9 MINIMALE DE COMMANDE\u00a0: <\/strong> 1 pi\u00e8ce<\/li>\n<li><strong>Mat\u00e9riel : <\/strong> PVC<\/li>\n<li><strong>Accessoires : <\/strong> Pompe+ sac de transport+ piquets+ cordes<\/li>\n<li><strong>Fonctionnalit\u00e9 : <\/strong> Imperm\u00e9able<\/li>\n<li><strong>Mot-cl\u00e9 : <\/strong> Camping sous tente pneumatique<\/li>\n<\/ul>\n<div>\n<div data-magic-global=\"%7B%22bizId%22%3A2212793521237%2C%22pageId%22%3A21238606057%2C%22siteId%22%3A10003212050%7D\">\n<div>\n<div data-section=\"AliMagic-sw9w4v\" data-section-title=\"Products Description\">Description des produits<\/div>\n<\/div>\n<div>\n<div>\n<div><img decoding=\"async\" src=\"\/\/sc04.alicdn.com\/kf\/H06244c93f23646709f49ef10c932ef33k\/255148517\/H06244c93f23646709f49ef10c932ef33k.jpg\" data-src=\"\/\/sc04.alicdn.com\/kf\/H06244c93f23646709f49ef10c932ef33k\/255148517\/H06244c93f23646709f49ef10c932ef33k.jpg\" \/><\/div>\n<div><img decoding=\"async\" src=\"\/\/sc04.alicdn.com\/kf\/H23b90ba542404970ae8a9afd66e8be2c2\/255148517\/H23b90ba542404970ae8a9afd66e8be2c2.jpg\" data-src=\"\/\/sc04.alicdn.com\/kf\/H23b90ba542404970ae8a9afd66e8be2c2\/255148517\/H23b90ba542404970ae8a9afd66e8be2c2.jpg\" \/><\/div>\n<div><img decoding=\"async\" src=\"\/\/sc04.alicdn.com\/kf\/H0790707e7b82488c962b149dc65894653\/255148517\/H0790707e7b82488c962b149dc65894653.jpg\" data-src=\"\/\/sc04.alicdn.com\/kf\/H0790707e7b82488c962b149dc65894653\/255148517\/H0790707e7b82488c962b149dc65894653.jpg\" \/><\/div>\n<div><img decoding=\"async\" src=\"\/\/sc04.alicdn.com\/kf\/He9b35c7be9684d3a887c81b7fcd49469L\/255148517\/He9b35c7be9684d3a887c81b7fcd49469L.jpg\" data-src=\"\/\/sc04.alicdn.com\/kf\/He9b35c7be9684d3a887c81b7fcd49469L\/255148517\/He9b35c7be9684d3a887c81b7fcd49469L.jpg\" \/><\/div>\n<div><img decoding=\"async\" src=\"\/\/sc04.alicdn.com\/kf\/Hf611cc01ff934bd88851633989c47d4dQ\/255148517\/Hf611cc01ff934bd88851633989c47d4dQ.jpg\" data-src=\"\/\/sc04.alicdn.com\/kf\/Hf611cc01ff934bd88851633989c47d4dQ\/255148517\/Hf611cc01ff934bd88851633989c47d4dQ.jpg\" \/><\/div>\n<div><img decoding=\"async\" src=\"\/\/sc04.alicdn.com\/kf\/H09c831a4acdc4ca0ba41d1c15a99f583v\/255148517\/H09c831a4acdc4ca0ba41d1c15a99f583v.jpg\" data-src=\"\/\/sc04.alicdn.com\/kf\/H09c831a4acdc4ca0ba41d1c15a99f583v\/255148517\/H09c831a4acdc4ca0ba41d1c15a99f583v.jpg\" \/><\/div>\n<div><img decoding=\"async\" src=\"\/\/sc04.alicdn.com\/kf\/Hcf417f3199b64eada64d0b6c264b511eZ\/255148517\/Hcf417f3199b64eada64d0b6c264b511eZ.jpg\" data-src=\"\/\/sc04.alicdn.com\/kf\/Hcf417f3199b64eada64d0b6c264b511eZ\/255148517\/Hcf417f3199b64eada64d0b6c264b511eZ.jpg\" \/><\/div>\n<div><img decoding=\"async\" src=\"\/\/sc04.alicdn.com\/kf\/H361f5a78ed5348abb04698aa25bbe5dcW\/255148517\/H361f5a78ed5348abb04698aa25bbe5dcW.jpg\" data-src=\"\/\/sc04.alicdn.com\/kf\/H361f5a78ed5348abb04698aa25bbe5dcW\/255148517\/H361f5a78ed5348abb04698aa25bbe5dcW.jpg\" \/><\/div>\n<\/div>\n<\/div>\n<div><\/div>\n<div>\n<div>\n<div>\n<div>\n<div><\/div>\n<\/div>\n<\/div>\n<\/div>\n<\/div>\n<\/div>\n<\/div>","protected":false},"excerpt":{"rendered":"<p>Surface : 300*210 Tissu : PVC + tissu en coton + maille en polyester Indice d&#039;\u00e9tanch\u00e9it\u00e9 de la tente ext\u00e9rieure : &gt; 3000 mm Indice d&#039;\u00e9tanch\u00e9it\u00e9 du bas : &gt; 3000 mm Type de b\u00e2timent : Ouverture automatique rapide Style de tente : Type de tube Piquet de tente Saison : Structure de tente quatre saisons : Deux Chambres et un salon Nom du produit : Tente de camping gonflable Utilisation :<\/p>\n<div class=\"read-more\"><a class=\"btn btn-fill-out\" href=\"https:\/\/uoogear.com\/fr\/produit\/air-tube-outdoor-tent-house-thickened-large-luxury-inflatable-camping-tent-with-sun-and-rain-protection-house-tent-5-8-people\/\">En savoir plus<\/a><\/div>","protected":false},"featured_media":4639,"template":"","meta":[],"product_brand":[],"product_cat":[15],"product_tag":[],"class_list":{"0":"post-4640","1":"product","2":"type-product","3":"status-publish","4":"has-post-thumbnail","6":"product_cat-uncategorized","7":"tm-no-options","9":"first","10":"instock","11":"shipping-taxable","12":"purchasable","13":"product-type-variable"},"_links":{"self":[{"href":"https:\/\/uoogear.com\/fr\/wp-json\/wp\/v2\/product\/4640","targetHints":{"allow":["GET"]}}],"collection":[{"href":"https:\/\/uoogear.com\/fr\/wp-json\/wp\/v2\/product"}],"about":[{"href":"https:\/\/uoogear.com\/fr\/wp-json\/wp\/v2\/types\/product"}],"wp:featuredmedia":[{"embeddable":true,"href":"https:\/\/uoogear.com\/fr\/wp-json\/wp\/v2\/media\/4639"}],"wp:attachment":[{"href":"https:\/\/uoogear.com\/fr\/wp-json\/wp\/v2\/media?parent=4640"}],"wp:term":[{"taxonomy":"product_brand","embeddable":true,"href":"https:\/\/uoogear.com\/fr\/wp-json\/wp\/v2\/product_brand?post=4640"},{"taxonomy":"product_cat","embeddable":true,"href":"https:\/\/uoogear.com\/fr\/wp-json\/wp\/v2\/product_cat?post=4640"},{"taxonomy":"product_tag","embeddable":true,"href":"https:\/\/uoogear.com\/fr\/wp-json\/wp\/v2\/product_tag?post=4640"}],"curies":[{"name":"wp","href":"https:\/\/api.w.org\/{rel}","templated":true}]}}