{"id":4658,"date":"2023-11-14T02:13:06","date_gmt":"2023-11-14T02:13:06","guid":{"rendered":"https:\/\/uoogear.com\/product\/good-quality-outdoor-oxford-waterproof-family-travel-camping-tent-inflatable-house-tent\/"},"modified":"2023-11-30T02:53:50","modified_gmt":"2023-11-30T02:53:50","slug":"good-quality-outdoor-oxford-waterproof-family-travel-camping-tent-inflatable-house-tent","status":"publish","type":"product","link":"https:\/\/uoogear.com\/fr\/produit\/good-quality-outdoor-oxford-waterproof-family-travel-camping-tent-inflatable-house-tent\/","title":{"rendered":"Tente gonflable de Camping de voyage familial imperm\u00e9able d&#039;Oxford de bonne qualit\u00e9 en plein air"},"content":{"rendered":"<ul>\n<li><strong>Num\u00e9ro de mod\u00e8le : <\/strong> B08<\/li>\n<li><strong>Tissu : <\/strong> Oxford<\/li>\n<li><strong>Indice d&#039;\u00e9tanch\u00e9it\u00e9 de la tente ext\u00e9rieure\u00a0: <\/strong> &gt;3000mm<\/li>\n<li><strong>Indice d&#039;\u00e9tanch\u00e9it\u00e9 inf\u00e9rieur\u00a0: <\/strong> &gt;3000mm<\/li>\n<li><strong>Type de b\u00e2timent : <\/strong> Ouverture automatique rapide<\/li>\n<li><strong>Style de tente\u00a0: <\/strong> Piquet de tente de type tube<\/li>\n<li><strong>Saison : <\/strong> Tente quatre saisons<\/li>\n<li><strong>Structure : <\/strong> Une chambre et un salon<\/li>\n<li><strong>Nom du produit : <\/strong> Tente de camping gonflable<\/li>\n<li><strong>Utilisation : <\/strong> Divertissement en plein air<\/li>\n<li><strong>Style : <\/strong> Moderne<\/li>\n<li><strong>Couleur : <\/strong> Couleur personnalis\u00e9e<\/li>\n<li><strong>Application : <\/strong> Camping de voyage en plein air<\/li>\n<li><strong>Taille : <\/strong> Taille personnalis\u00e9e<\/li>\n<li><strong>QUANTIT\u00c9 MINIMALE DE COMMANDE\u00a0: <\/strong> 1 pi\u00e8ce<\/li>\n<li><strong>Mat\u00e9riel : <\/strong> Oxford<\/li>\n<li><strong>Accessoires : <\/strong> Pompe+ sac de transport+ piquets+ cordes<\/li>\n<li><strong>Fonctionnalit\u00e9 : <\/strong> Imperm\u00e9able<\/li>\n<\/ul>\n<div>\n<div data-magic-global=\"%7B%22bizId%22%3A2212793521237%2C%22pageId%22%3A21234350211%2C%22siteId%22%3A10003212050%7D\">\n<div>\n<div data-section=\"AliMagic-51uxhm\" data-section-title=\"Products Description\">Description des produits<\/div>\n<\/div>\n<div>\n<div>\n<div><img decoding=\"async\" src=\"\/\/sc04.alicdn.com\/kf\/H0255d4cecc2c48acae9d1fca255f949dI\/255148517\/H0255d4cecc2c48acae9d1fca255f949dI.jpg\" data-src=\"\/\/sc04.alicdn.com\/kf\/H0255d4cecc2c48acae9d1fca255f949dI\/255148517\/H0255d4cecc2c48acae9d1fca255f949dI.jpg\" \/><\/div>\n<div><img decoding=\"async\" src=\"\/\/sc04.alicdn.com\/kf\/H71b50e6a116a4654bff0faab52b7b8cbh\/255148517\/H71b50e6a116a4654bff0faab52b7b8cbh.jpg\" data-src=\"\/\/sc04.alicdn.com\/kf\/H71b50e6a116a4654bff0faab52b7b8cbh\/255148517\/H71b50e6a116a4654bff0faab52b7b8cbh.jpg\" \/><\/div>\n<\/div>\n<\/div>\n<div><\/div>\n<div>\n<div>\n<div>\n<div>\n<div><\/div>\n<\/div>\n<\/div>\n<\/div>\n<\/div>\n<\/div>\n<\/div>","protected":false},"excerpt":{"rendered":"<p>Num\u00e9ro de mod\u00e8le : B08 Tissu : Oxford Indice d&#039;\u00e9tanch\u00e9it\u00e9 de la tente ext\u00e9rieure : &gt; 3000 mm Indice d&#039;\u00e9tanch\u00e9it\u00e9 du bas : &gt; 3000 mm Type de b\u00e2timent : Ouverture automatique rapide Style de tente : Piquet de tente de type tube Saison : Structure de tente quatre saisons : Produit d&#039;une chambre et d&#039;un salon nom : Tente de camping gonflable Utilisation : Divertissement en plein air<\/p>\n<div class=\"read-more\"><a class=\"btn btn-fill-out\" href=\"https:\/\/uoogear.com\/fr\/produit\/good-quality-outdoor-oxford-waterproof-family-travel-camping-tent-inflatable-house-tent\/\">En savoir plus<\/a><\/div>","protected":false},"featured_media":4657,"template":"","meta":[],"product_brand":[],"product_cat":[15],"product_tag":[],"class_list":{"0":"post-4658","1":"product","2":"type-product","3":"status-publish","4":"has-post-thumbnail","6":"product_cat-uncategorized","7":"tm-no-options","9":"first","10":"instock","11":"shipping-taxable","12":"purchasable","13":"product-type-variable"},"_links":{"self":[{"href":"https:\/\/uoogear.com\/fr\/wp-json\/wp\/v2\/product\/4658","targetHints":{"allow":["GET"]}}],"collection":[{"href":"https:\/\/uoogear.com\/fr\/wp-json\/wp\/v2\/product"}],"about":[{"href":"https:\/\/uoogear.com\/fr\/wp-json\/wp\/v2\/types\/product"}],"wp:featuredmedia":[{"embeddable":true,"href":"https:\/\/uoogear.com\/fr\/wp-json\/wp\/v2\/media\/4657"}],"wp:attachment":[{"href":"https:\/\/uoogear.com\/fr\/wp-json\/wp\/v2\/media?parent=4658"}],"wp:term":[{"taxonomy":"product_brand","embeddable":true,"href":"https:\/\/uoogear.com\/fr\/wp-json\/wp\/v2\/product_brand?post=4658"},{"taxonomy":"product_cat","embeddable":true,"href":"https:\/\/uoogear.com\/fr\/wp-json\/wp\/v2\/product_cat?post=4658"},{"taxonomy":"product_tag","embeddable":true,"href":"https:\/\/uoogear.com\/fr\/wp-json\/wp\/v2\/product_tag?post=4658"}],"curies":[{"name":"wp","href":"https:\/\/api.w.org\/{rel}","templated":true}]}}