{"id":4676,"date":"2023-11-14T02:14:26","date_gmt":"2023-11-14T02:14:26","guid":{"rendered":"https:\/\/uoogear.com\/product\/waterproof-inflatable-house-air-tent-outdoor-inflatable-camping-tent\/"},"modified":"2023-11-30T02:53:16","modified_gmt":"2023-11-30T02:53:16","slug":"waterproof-inflatable-house-air-tent-outdoor-inflatable-camping-tent","status":"publish","type":"product","link":"https:\/\/uoogear.com\/fr\/produit\/waterproof-inflatable-house-air-tent-outdoor-inflatable-camping-tent\/","title":{"rendered":"Tente gonflable imperm\u00e9able de Camping d&#039;ext\u00e9rieur de tente d&#039;air de maison gonflable"},"content":{"rendered":"<ul>\n<li><strong>Num\u00e9ro de mod\u00e8le : <\/strong> B12<\/li>\n<li><strong>Tissu : <\/strong> PVC, 100%Polysester<\/li>\n<li><strong>Indice d&#039;\u00e9tanch\u00e9it\u00e9 de la tente ext\u00e9rieure\u00a0: <\/strong> &gt;3000mm<\/li>\n<li><strong>Indice d&#039;\u00e9tanch\u00e9it\u00e9 inf\u00e9rieur\u00a0: <\/strong> &gt;3000mm<\/li>\n<li><strong>Type de b\u00e2timent : <\/strong> Ouverture automatique rapide, ouverture rapide<\/li>\n<li><strong>Style de tente\u00a0: <\/strong> Type de contreventement droit<\/li>\n<li><strong>Saison : <\/strong> Tente quatre saisons, Tente d&#039;\u00e9t\u00e9,Tante quatre saisons<\/li>\n<li><strong>Structure : <\/strong> Une chambre<\/li>\n<li><strong>Nom du produit : <\/strong> Tentes de camping gonflables<\/li>\n<li><strong>Candidat : <\/strong> Activit\u00e9s ext\u00e9rieures<\/li>\n<li><strong>Logo : <\/strong> Accepter le logo personnalis\u00e9<\/li>\n<li><strong>QUANTIT\u00c9 MINIMALE DE COMMANDE\u00a0: <\/strong> 1 pi\u00e8ce<\/li>\n<li><strong>Mat\u00e9riel : <\/strong> Tissu polyester 100%<\/li>\n<li><strong>Emballage : <\/strong> Carton solide<\/li>\n<li><strong>Accessoires : <\/strong> Chevilles + Corde<\/li>\n<\/ul>\n<div>\n<div data-magic-global=\"%7B%22bizId%22%3A2212793521237%2C%22pageId%22%3A21239893411%2C%22siteId%22%3A10003212050%7D\">\n<div>\n<div data-section=\"AliMagic-1pfbhp\" data-section-title=\"Products Description\">Description des produits<\/div>\n<\/div>\n<div>\n<div><img decoding=\"async\" src=\"\/\/sc04.alicdn.com\/kf\/H39acda60763541bb882c0675a549caa5d\/255148517\/H39acda60763541bb882c0675a549caa5d.jpg\" data-src=\"\/\/sc04.alicdn.com\/kf\/H39acda60763541bb882c0675a549caa5d\/255148517\/H39acda60763541bb882c0675a549caa5d.jpg\" \/><\/div>\n<div><img decoding=\"async\" src=\"\/\/sc04.alicdn.com\/kf\/Hda248840036e434fa64310eda118d15f8\/255148517\/Hda248840036e434fa64310eda118d15f8.jpg\" data-src=\"\/\/sc04.alicdn.com\/kf\/Hda248840036e434fa64310eda118d15f8\/255148517\/Hda248840036e434fa64310eda118d15f8.jpg\" \/><\/div>\n<div><img decoding=\"async\" src=\"\/\/sc04.alicdn.com\/kf\/H88ba3936ae6c49d4891449f196e780ffi\/255148517\/H88ba3936ae6c49d4891449f196e780ffi.jpg\" data-src=\"\/\/sc04.alicdn.com\/kf\/H88ba3936ae6c49d4891449f196e780ffi\/255148517\/H88ba3936ae6c49d4891449f196e780ffi.jpg\" \/><\/div>\n<div><img decoding=\"async\" src=\"\/\/sc04.alicdn.com\/kf\/Hc0e6bf39ce6d402691b9663c8f892d58N\/255148517\/Hc0e6bf39ce6d402691b9663c8f892d58N.jpg\" data-src=\"\/\/sc04.alicdn.com\/kf\/Hc0e6bf39ce6d402691b9663c8f892d58N\/255148517\/Hc0e6bf39ce6d402691b9663c8f892d58N.jpg\" \/><\/div>\n<\/div>\n<div>\n<div>\n<div>\n<div>\n<div><\/div>\n<\/div>\n<\/div>\n<\/div>\n<\/div>\n<\/div>\n<\/div>","protected":false},"excerpt":{"rendered":"<p>Num\u00e9ro de mod\u00e8le : B12 Tissu : PVC, 100%Polysester Indice d&#039;\u00e9tanch\u00e9it\u00e9 de la tente ext\u00e9rieure : &gt; 3000 mm Indice d&#039;\u00e9tanch\u00e9it\u00e9 du bas : &gt; 3000 mm Type de b\u00e2timent : Ouverture automatique rapide, Ouverture rapide Style de tente : Type de renfort droit Saison : Tente quatre saisons, Tente d&#039;\u00e9t\u00e9, Quatre -saison tant Structure : Une chambre Nom du produit : Tentes de camping gonflables Demandeur : Ext\u00e9rieur<\/p>\n<div class=\"read-more\"><a class=\"btn btn-fill-out\" href=\"https:\/\/uoogear.com\/fr\/produit\/waterproof-inflatable-house-air-tent-outdoor-inflatable-camping-tent\/\">En savoir plus<\/a><\/div>","protected":false},"featured_media":4675,"template":"","meta":[],"product_brand":[],"product_cat":[15],"product_tag":[],"class_list":{"0":"post-4676","1":"product","2":"type-product","3":"status-publish","4":"has-post-thumbnail","6":"product_cat-uncategorized","7":"tm-no-options","9":"first","10":"instock","11":"shipping-taxable","12":"purchasable","13":"product-type-variable"},"_links":{"self":[{"href":"https:\/\/uoogear.com\/fr\/wp-json\/wp\/v2\/product\/4676","targetHints":{"allow":["GET"]}}],"collection":[{"href":"https:\/\/uoogear.com\/fr\/wp-json\/wp\/v2\/product"}],"about":[{"href":"https:\/\/uoogear.com\/fr\/wp-json\/wp\/v2\/types\/product"}],"wp:featuredmedia":[{"embeddable":true,"href":"https:\/\/uoogear.com\/fr\/wp-json\/wp\/v2\/media\/4675"}],"wp:attachment":[{"href":"https:\/\/uoogear.com\/fr\/wp-json\/wp\/v2\/media?parent=4676"}],"wp:term":[{"taxonomy":"product_brand","embeddable":true,"href":"https:\/\/uoogear.com\/fr\/wp-json\/wp\/v2\/product_brand?post=4676"},{"taxonomy":"product_cat","embeddable":true,"href":"https:\/\/uoogear.com\/fr\/wp-json\/wp\/v2\/product_cat?post=4676"},{"taxonomy":"product_tag","embeddable":true,"href":"https:\/\/uoogear.com\/fr\/wp-json\/wp\/v2\/product_tag?post=4676"}],"curies":[{"name":"wp","href":"https:\/\/api.w.org\/{rel}","templated":true}]}}