{"id":4694,"date":"2023-11-14T02:16:01","date_gmt":"2023-11-14T02:16:01","guid":{"rendered":"https:\/\/uoogear.com\/product\/outdoor-camping-tent-oxford-waterproof-family-travel-camping-air-tent-inflatable-house-tent-camping\/"},"modified":"2023-11-30T02:54:56","modified_gmt":"2023-11-30T02:54:56","slug":"outdoor-camping-tent-oxford-waterproof-family-travel-camping-air-tent-inflatable-house-tent-camping","status":"publish","type":"product","link":"https:\/\/uoogear.com\/fr\/produit\/outdoor-camping-tent-oxford-waterproof-family-travel-camping-air-tent-inflatable-house-tent-camping\/","title":{"rendered":"Tente de Camping en plein Air Oxford \u00e9tanche famille voyage Camping tente d&#039;air maison gonflable tente Camping"},"content":{"rendered":"<ul>\n<li><strong>Tissu : <\/strong> Oxford<\/li>\n<li><strong>Indice d&#039;\u00e9tanch\u00e9it\u00e9 de la tente ext\u00e9rieure\u00a0: <\/strong> &gt;3000mm<\/li>\n<li><strong>Indice d&#039;\u00e9tanch\u00e9it\u00e9 inf\u00e9rieur\u00a0: <\/strong> &gt;3000mm<\/li>\n<li><strong>Type de b\u00e2timent : <\/strong> Construction bas\u00e9e sur les besoins<\/li>\n<li><strong>Style de tente\u00a0: <\/strong> Piquet de tente de type tube<\/li>\n<li><strong>Saison : <\/strong> Tente quatre saisons<\/li>\n<li><strong>Structure : <\/strong> Une chambre et un salon<\/li>\n<li><strong>Nom du produit : <\/strong> Tente de camping gonflable<\/li>\n<li><strong>Utilisation : <\/strong> Divertissement en plein air<\/li>\n<li><strong>Style : <\/strong> Moderne<\/li>\n<li><strong>Couleur : <\/strong> Couleur sable dor\u00e9<\/li>\n<li><strong>Application : <\/strong> Camping de voyage en plein air<\/li>\n<li><strong>Taille : <\/strong> 300*200*200<\/li>\n<li><strong>QUANTIT\u00c9 MINIMALE DE COMMANDE\u00a0: <\/strong> 1 pi\u00e8ce<\/li>\n<li><strong>Mat\u00e9riel : <\/strong> PVC<\/li>\n<li><strong>Accessoires : <\/strong> Pompe+ sac de transport+ piquets+ cordes<\/li>\n<li><strong>Fonctionnalit\u00e9 : <\/strong> Imperm\u00e9able<\/li>\n<\/ul>\n<div>\n<div data-magic-global=\"%7B%22bizId%22%3A2212793521237%2C%22pageId%22%3A21231715705%2C%22siteId%22%3A10003212050%7D\">\n<div>\n<div data-section=\"AliMagic-s5n59t\" data-section-title=\"Products Description\">Description des produits<\/div>\n<\/div>\n<div>\n<div>\n<table>\n<tbody>\n<tr>\n<td>\n<div><span style=\"color: #000000; font-family: Arial;\"><span data-spm-anchor-id=\"a2700.custom-template.0.i133.65b03333DKbf22\"><strong>Nom du produit<\/strong><\/span><\/span><\/div>\n<\/td>\n<td>\n<div>Tente de camping<\/div>\n<\/td>\n<\/tr>\n<tr>\n<td>\n<div><span style=\"color: #000000; font-family: Arial;\"><strong>Quantit\u00e9 minimale de commande OEM<\/strong><\/span><\/div>\n<\/td>\n<td>\n<div><span style=\"font-family: Arial;\"><span data-spm-anchor-id=\"a2700.custom-template.0.i131.65b03333DKbf22\">Accepter un \u00e9chantillon personnalis\u00e9\/1 ensemble<\/span><\/span><\/div>\n<\/td>\n<\/tr>\n<tr>\n<td>\n<div><span style=\"color: #000000; font-family: Arial;\"><strong>Couleur couleur<\/strong><\/span><\/div>\n<\/td>\n<td>\n<div><span style=\"font-family: Arial;\"><span data-spm-anchor-id=\"a2700.custom-template.0.i132.65b03333DKbf22\">Comme image, accepter personnalis\u00e9<\/span><\/span><\/div>\n<\/td>\n<\/tr>\n<tr>\n<td>\n<div><span style=\"color: #000000; font-family: Arial;\"><span data-spm-anchor-id=\"a2700.custom-template.0.i158.65b03333DKbf22\"><strong>Capacit\u00e9<\/strong><\/span><\/span><\/div>\n<\/td>\n<td>\n<div><span style=\"font-family: Arial;\">2\/3\/4\/5\/6\/7\/8 personnes (capacit\u00e9 sur mesure)<\/span><\/div>\n<\/td>\n<\/tr>\n<tr>\n<td>\n<div><strong>Taille<\/strong><\/div>\n<\/td>\n<td>\n<div>Peut choisir la taille des produits disponibles dans le commerce, accepter la taille personnalis\u00e9e<\/div>\n<\/td>\n<\/tr>\n<tr>\n<td>\n<div>\n<div><strong>Fonctionnalit\u00e9<\/strong><\/div>\n<\/div>\n<\/td>\n<td>\n<div><span style=\"font-family: Arial;\">R\u00e9sistant aux UV et \u00e0 la pluie, respirant, emp\u00eache la splendeur, grand espace, structure stable, bonnes performances de ventilation, large application, petite taille, facile \u00e0 transporter, installation, pop-up facile, automatique, confortable.<\/span><\/div>\n<\/td>\n<\/tr>\n<\/tbody>\n<\/table>\n<\/div>\n<\/div>\n<div>\n<div data-section=\"AliMagic-wto6wv\" data-section-title=\"Details Images\">D\u00e9tails Images<\/div>\n<\/div>\n<div>\n<div>\n<div><img decoding=\"async\" src=\"\/\/sc04.alicdn.com\/kf\/H175e59dd22b24d43aa32ed0ae8d2c8747\/255148517\/H175e59dd22b24d43aa32ed0ae8d2c8747.jpg\" data-src=\"\/\/sc04.alicdn.com\/kf\/H175e59dd22b24d43aa32ed0ae8d2c8747\/255148517\/H175e59dd22b24d43aa32ed0ae8d2c8747.jpg\" \/><\/div>\n<div><img decoding=\"async\" src=\"\/\/sc04.alicdn.com\/kf\/Ha69c9c50ac4a4dfeb4542d27a1d2d8d8w\/255148517\/Ha69c9c50ac4a4dfeb4542d27a1d2d8d8w.jpg\" data-src=\"\/\/sc04.alicdn.com\/kf\/Ha69c9c50ac4a4dfeb4542d27a1d2d8d8w\/255148517\/Ha69c9c50ac4a4dfeb4542d27a1d2d8d8w.jpg\" \/><\/div>\n<div><img decoding=\"async\" src=\"\/\/sc04.alicdn.com\/kf\/H71375765a79d4e5fb38adf7881fae52fp\/255148517\/H71375765a79d4e5fb38adf7881fae52fp.jpg\" data-src=\"\/\/sc04.alicdn.com\/kf\/H71375765a79d4e5fb38adf7881fae52fp\/255148517\/H71375765a79d4e5fb38adf7881fae52fp.jpg\" \/><\/div>\n<div><img decoding=\"async\" src=\"\/\/sc04.alicdn.com\/kf\/H1e340aefde5040c380db9f816ea94926g\/255148517\/H1e340aefde5040c380db9f816ea94926g.jpg\" data-src=\"\/\/sc04.alicdn.com\/kf\/H1e340aefde5040c380db9f816ea94926g\/255148517\/H1e340aefde5040c380db9f816ea94926g.jpg\" \/><\/div>\n<div><img decoding=\"async\" src=\"\/\/sc04.alicdn.com\/kf\/H73c3d5646be443f7b7aad5cfee06d20fz\/255148517\/H73c3d5646be443f7b7aad5cfee06d20fz.jpg\" data-src=\"\/\/sc04.alicdn.com\/kf\/H73c3d5646be443f7b7aad5cfee06d20fz\/255148517\/H73c3d5646be443f7b7aad5cfee06d20fz.jpg\" \/><\/div>\n<div><img decoding=\"async\" src=\"\/\/sc04.alicdn.com\/kf\/Hf285a8c6ab5c4366ba38a13f7600a0ddK\/255148517\/Hf285a8c6ab5c4366ba38a13f7600a0ddK.jpg\" data-src=\"\/\/sc04.alicdn.com\/kf\/Hf285a8c6ab5c4366ba38a13f7600a0ddK\/255148517\/Hf285a8c6ab5c4366ba38a13f7600a0ddK.jpg\" \/><\/div>\n<div><img decoding=\"async\" src=\"\/\/sc04.alicdn.com\/kf\/H0e401b499b824011bd02b0b7531d80dce\/255148517\/H0e401b499b824011bd02b0b7531d80dce.jpg\" data-src=\"\/\/sc04.alicdn.com\/kf\/H0e401b499b824011bd02b0b7531d80dce\/255148517\/H0e401b499b824011bd02b0b7531d80dce.jpg\" \/><\/div>\n<div><img decoding=\"async\" src=\"\/\/sc04.alicdn.com\/kf\/H875b19078b6b4607b7cff487d79ce56aZ\/255148517\/H875b19078b6b4607b7cff487d79ce56aZ.jpg\" data-src=\"\/\/sc04.alicdn.com\/kf\/H875b19078b6b4607b7cff487d79ce56aZ\/255148517\/H875b19078b6b4607b7cff487d79ce56aZ.jpg\" \/><\/div>\n<\/div>\n<\/div>\n<div>\n<div data-section=\"AliMagic-7rnny9\" data-section-title=\"Related Products\"><\/div>\n<\/div>\n<div>\n<div>\n<div>\n<div>\n<div><\/div>\n<\/div>\n<\/div>\n<\/div>\n<\/div>\n<\/div>\n<\/div>","protected":false},"excerpt":{"rendered":"<p>Tissu : Oxford Indice d&#039;\u00e9tanch\u00e9it\u00e9 de la tente ext\u00e9rieure : &gt; 3000 mm Indice d&#039;\u00e9tanch\u00e9it\u00e9 du bas : &gt; 3000 mm Type de b\u00e2timent : Construction bas\u00e9e sur les besoins Style de tente : Piquet de tente de type tube Saison : Structure de tente quatre saisons : Une chambre et un salon Nom du produit : Gonflable Utilisation de la tente de camping\u00a0:\u00a0Divertissement en plein air Style\u00a0: Moderne<\/p>\n<div class=\"read-more\"><a class=\"btn btn-fill-out\" href=\"https:\/\/uoogear.com\/fr\/produit\/outdoor-camping-tent-oxford-waterproof-family-travel-camping-air-tent-inflatable-house-tent-camping\/\">En savoir plus<\/a><\/div>","protected":false},"featured_media":4693,"template":"","meta":[],"product_brand":[],"product_cat":[15],"product_tag":[],"class_list":{"0":"post-4694","1":"product","2":"type-product","3":"status-publish","4":"has-post-thumbnail","6":"product_cat-uncategorized","7":"tm-no-options","9":"first","10":"instock","11":"shipping-taxable","12":"purchasable","13":"product-type-variable"},"_links":{"self":[{"href":"https:\/\/uoogear.com\/fr\/wp-json\/wp\/v2\/product\/4694","targetHints":{"allow":["GET"]}}],"collection":[{"href":"https:\/\/uoogear.com\/fr\/wp-json\/wp\/v2\/product"}],"about":[{"href":"https:\/\/uoogear.com\/fr\/wp-json\/wp\/v2\/types\/product"}],"wp:featuredmedia":[{"embeddable":true,"href":"https:\/\/uoogear.com\/fr\/wp-json\/wp\/v2\/media\/4693"}],"wp:attachment":[{"href":"https:\/\/uoogear.com\/fr\/wp-json\/wp\/v2\/media?parent=4694"}],"wp:term":[{"taxonomy":"product_brand","embeddable":true,"href":"https:\/\/uoogear.com\/fr\/wp-json\/wp\/v2\/product_brand?post=4694"},{"taxonomy":"product_cat","embeddable":true,"href":"https:\/\/uoogear.com\/fr\/wp-json\/wp\/v2\/product_cat?post=4694"},{"taxonomy":"product_tag","embeddable":true,"href":"https:\/\/uoogear.com\/fr\/wp-json\/wp\/v2\/product_tag?post=4694"}],"curies":[{"name":"wp","href":"https:\/\/api.w.org\/{rel}","templated":true}]}}