{"id":4705,"date":"2023-11-14T02:17:48","date_gmt":"2023-11-14T02:17:48","guid":{"rendered":"https:\/\/uoogear.com\/product\/high-quality-family-waterproof-inflatable-air-pole-glamping-outdoor-house-family-canvas-tenda-inflatable-camping-tents\/"},"modified":"2023-11-30T02:53:07","modified_gmt":"2023-11-30T02:53:07","slug":"high-quality-family-waterproof-inflatable-air-pole-glamping-outdoor-house-family-canvas-tenda-inflatable-camping-tents","status":"publish","type":"product","link":"https:\/\/uoogear.com\/fr\/produit\/high-quality-family-waterproof-inflatable-air-pole-glamping-outdoor-house-family-canvas-tenda-inflatable-camping-tents\/","title":{"rendered":"Tentes de camping gonflables imperm\u00e9ables de haute qualit\u00e9 de maison ext\u00e9rieure de Glamping de poteau d&#039;air gonflable imperm\u00e9able de famille de toile tenda"},"content":{"rendered":"<ul>\n<li><strong>Zone : <\/strong> 300*210<\/li>\n<li><strong>Tissu : <\/strong> PVC + tissu en coton + maille en polyester<\/li>\n<li><strong>Indice d&#039;\u00e9tanch\u00e9it\u00e9 de la tente ext\u00e9rieure\u00a0: <\/strong> &lt;1000mm<\/li>\n<li><strong>Indice d&#039;\u00e9tanch\u00e9it\u00e9 inf\u00e9rieur\u00a0: <\/strong> &gt;3000mm<\/li>\n<li><strong>Type de b\u00e2timent : <\/strong> Construction bas\u00e9e sur les besoins<\/li>\n<li><strong>Style de tente\u00a0: <\/strong> Piquet de tente de type tube<\/li>\n<li><strong>Saison : <\/strong> Tente quatre saisons<\/li>\n<li><strong>Structure : <\/strong> Une chambre<\/li>\n<li><strong>Nom du produit : <\/strong> Tente de camping gonflable<\/li>\n<li><strong>Utilisation : <\/strong> Divertissement en plein air<\/li>\n<li><strong>Style : <\/strong> Moderne<\/li>\n<li><strong>Couleur : <\/strong> Couleur personnalis\u00e9e<\/li>\n<li><strong>Application : <\/strong> Camping de voyage en plein air<\/li>\n<li><strong>Taille : <\/strong> Taille personnalis\u00e9e<\/li>\n<li><strong>QUANTIT\u00c9 MINIMALE DE COMMANDE\u00a0: <\/strong> 1 pi\u00e8ce<\/li>\n<li><strong>Mat\u00e9riel : <\/strong> PVC<\/li>\n<li><strong>Accessoires : <\/strong> Pompe+ sac de transport+ piquets+ cordes<\/li>\n<li><strong>Fonctionnalit\u00e9 : <\/strong> Imperm\u00e9able<\/li>\n<\/ul>\n<div>\n<div data-magic-global=\"%7B%22bizId%22%3A2212793521237%2C%22pageId%22%3A21190383259%2C%22siteId%22%3A10003212050%7D\">\n<div>\n<div data-section=\"AliMagic-nw9cap\" data-section-title=\"Products Description\" data-spm-anchor-id=\"a2700.details.0.i81.60154726kx5o5f\"><\/div>\n<\/div>\n<div>\n<div>\n<table>\n<tbody>\n<tr>\n<td>\n<div><span style=\"color: #000000; font-family: Arial;\"><span data-spm-anchor-id=\"a2700.custom-template.0.i133.65b03333DKbf22\"><strong>Nom du produit<\/strong><\/span><\/span><\/div>\n<\/td>\n<td>\n<div>Tente a\u00e9rienne<\/div>\n<\/td>\n<\/tr>\n<tr>\n<td>\n<div><span style=\"color: #000000; font-family: Arial;\"><strong>Quantit\u00e9 minimale de commande OEM<\/strong><\/span><\/div>\n<\/td>\n<td>\n<div><span style=\"font-family: Arial;\"><span data-spm-anchor-id=\"a2700.custom-template.0.i131.65b03333DKbf22\">Accepter un \u00e9chantillon personnalis\u00e9\/1 ensemble<\/span><\/span><\/div>\n<\/td>\n<\/tr>\n<tr>\n<td>\n<div><span style=\"color: #000000; font-family: Arial;\"><strong>Couleur couleur<\/strong><\/span><\/div>\n<\/td>\n<td>\n<div><span style=\"font-family: Arial;\"><span data-spm-anchor-id=\"a2700.custom-template.0.i132.65b03333DKbf22\">Comme image, accepter personnalis\u00e9<\/span><\/span><\/div>\n<\/td>\n<\/tr>\n<tr>\n<td>\n<div><span style=\"color: #000000; font-family: Arial;\"><span data-spm-anchor-id=\"a2700.custom-template.0.i158.65b03333DKbf22\"><strong>Capacit\u00e9<\/strong><\/span><\/span><\/div>\n<\/td>\n<td>\n<div><span style=\"font-family: Arial;\">2\/3\/4\/5\/6\/7\/8 personnes (capacit\u00e9 sur mesure)<\/span><\/div>\n<\/td>\n<\/tr>\n<tr>\n<td>\n<div><strong>Taille<\/strong><\/div>\n<\/td>\n<td>\n<div>Peut choisir la taille des produits disponibles dans le commerce, accepter la taille personnalis\u00e9e<\/div>\n<\/td>\n<\/tr>\n<tr>\n<td>\n<div>\n<div><strong>Fonctionnalit\u00e9<\/strong><\/div>\n<\/div>\n<\/td>\n<td>\n<div><span style=\"font-family: Arial;\">R\u00e9sistant aux UV et \u00e0 la pluie, respirant, emp\u00eache la splendeur, grand espace, structure stable, bonnes performances de ventilation, large application, petite taille, facile \u00e0 transporter, installation, pop-up facile, automatique, confortable.<\/span><\/div>\n<\/td>\n<\/tr>\n<\/tbody>\n<\/table>\n<\/div>\n<\/div>\n<div>\n<div data-section=\"AliMagic-29ms9w\" data-section-title=\"Details Images\">D\u00e9tails Images<\/div>\n<\/div>\n<div>\n<div>\n<div><img decoding=\"async\" src=\"\/\/sc04.alicdn.com\/kf\/H0d93849815d64a58844b919b5ba91fa0D\/255148517\/H0d93849815d64a58844b919b5ba91fa0D.jpg\" data-src=\"\/\/sc04.alicdn.com\/kf\/H0d93849815d64a58844b919b5ba91fa0D\/255148517\/H0d93849815d64a58844b919b5ba91fa0D.jpg\" \/><\/div>\n<div><img decoding=\"async\" src=\"\/\/sc04.alicdn.com\/kf\/Haad59990b4f34f76a9c982218abf33bee\/255148517\/Haad59990b4f34f76a9c982218abf33bee.jpg\" data-src=\"\/\/sc04.alicdn.com\/kf\/Haad59990b4f34f76a9c982218abf33bee\/255148517\/Haad59990b4f34f76a9c982218abf33bee.jpg\" \/><\/div>\n<div><img decoding=\"async\" src=\"\/\/sc04.alicdn.com\/kf\/Hd4b64d969aee4f0eaaa0e5f660cb1768m\/255148517\/Hd4b64d969aee4f0eaaa0e5f660cb1768m.jpg\" data-src=\"\/\/sc04.alicdn.com\/kf\/Hd4b64d969aee4f0eaaa0e5f660cb1768m\/255148517\/Hd4b64d969aee4f0eaaa0e5f660cb1768m.jpg\" \/><\/div>\n<div><img decoding=\"async\" src=\"\/\/sc04.alicdn.com\/kf\/H63fad25e7c4147e195846d49d2d24864e\/255148517\/H63fad25e7c4147e195846d49d2d24864e.jpg\" data-src=\"\/\/sc04.alicdn.com\/kf\/H63fad25e7c4147e195846d49d2d24864e\/255148517\/H63fad25e7c4147e195846d49d2d24864e.jpg\" \/><\/div>\n<\/div>\n<\/div>\n<div>\n<div>\n<div>\n<div>\n<div>\n<div><img decoding=\"async\" src=\"\/\/sc04.alicdn.com\/kf\/He9c856cc41994feb9bbd9f3d9db22c3fs\/255148517\/He9c856cc41994feb9bbd9f3d9db22c3fs.jpg\" data-src=\"\/\/sc04.alicdn.com\/kf\/He9c856cc41994feb9bbd9f3d9db22c3fs\/255148517\/He9c856cc41994feb9bbd9f3d9db22c3fs.jpg\" \/><\/div>\n<\/div>\n<\/div>\n<\/div>\n<\/div>\n<\/div>\n<div>\n<div>\n<div>\n<div>\n<div>\n<div><\/div>\n<\/div>\n<\/div>\n<\/div>\n<\/div>\n<\/div>\n<\/div>\n<\/div>","protected":false},"excerpt":{"rendered":"<p>Surface : 300*210 Tissu : PVC+tissu en coton+maille en polyester Indice d&#039;\u00e9tanch\u00e9it\u00e9 de la tente ext\u00e9rieure : &lt;1000 mm Indice d&#039;\u00e9tanch\u00e9it\u00e9 du bas : &gt;3000 mm Type de b\u00e2timent : Construction bas\u00e9e sur les besoins Style de tente : Type de tube Piquet de tente Saison : Structure de tente quatre saisons : Une chambre Nom du produit : Tente de camping gonflable Utilisation : Style de divertissement en plein air<\/p>\n<div class=\"read-more\"><a class=\"btn btn-fill-out\" href=\"https:\/\/uoogear.com\/fr\/produit\/high-quality-family-waterproof-inflatable-air-pole-glamping-outdoor-house-family-canvas-tenda-inflatable-camping-tents\/\">En savoir plus<\/a><\/div>","protected":false},"featured_media":4704,"template":"","meta":[],"product_brand":[],"product_cat":[15],"product_tag":[],"class_list":{"0":"post-4705","1":"product","2":"type-product","3":"status-publish","4":"has-post-thumbnail","6":"product_cat-uncategorized","7":"tm-no-options","9":"first","10":"instock","11":"shipping-taxable","12":"purchasable","13":"product-type-variable"},"_links":{"self":[{"href":"https:\/\/uoogear.com\/fr\/wp-json\/wp\/v2\/product\/4705","targetHints":{"allow":["GET"]}}],"collection":[{"href":"https:\/\/uoogear.com\/fr\/wp-json\/wp\/v2\/product"}],"about":[{"href":"https:\/\/uoogear.com\/fr\/wp-json\/wp\/v2\/types\/product"}],"wp:featuredmedia":[{"embeddable":true,"href":"https:\/\/uoogear.com\/fr\/wp-json\/wp\/v2\/media\/4704"}],"wp:attachment":[{"href":"https:\/\/uoogear.com\/fr\/wp-json\/wp\/v2\/media?parent=4705"}],"wp:term":[{"taxonomy":"product_brand","embeddable":true,"href":"https:\/\/uoogear.com\/fr\/wp-json\/wp\/v2\/product_brand?post=4705"},{"taxonomy":"product_cat","embeddable":true,"href":"https:\/\/uoogear.com\/fr\/wp-json\/wp\/v2\/product_cat?post=4705"},{"taxonomy":"product_tag","embeddable":true,"href":"https:\/\/uoogear.com\/fr\/wp-json\/wp\/v2\/product_tag?post=4705"}],"curies":[{"name":"wp","href":"https:\/\/api.w.org\/{rel}","templated":true}]}}