{"id":4713,"date":"2023-11-14T02:18:36","date_gmt":"2023-11-14T02:18:36","guid":{"rendered":"https:\/\/uoogear.com\/product\/4-person-waterproof-high-quality-automatic-tent-large-glamping-family-camping-outdoor-tents\/"},"modified":"2023-11-30T02:41:21","modified_gmt":"2023-11-30T02:41:21","slug":"4-person-waterproof-high-quality-automatic-tent-large-glamping-family-camping-outdoor-tents","status":"publish","type":"product","link":"https:\/\/uoogear.com\/fr\/produit\/4-person-waterproof-high-quality-automatic-tent-large-glamping-family-camping-outdoor-tents\/","title":{"rendered":"Tente automatique \u00e9tanche de haute qualit\u00e9 pour 4 personnes, grande tente de Camping familiale Glamping en plein air"},"content":{"rendered":"<ul>\n<li><strong>Tissu : <\/strong> Polyester<\/li>\n<li><strong>Indice d&#039;\u00e9tanch\u00e9it\u00e9 de la tente ext\u00e9rieure\u00a0: <\/strong> 2000-3000 millim\u00e8tres<\/li>\n<li><strong>Indice d&#039;\u00e9tanch\u00e9it\u00e9 inf\u00e9rieur\u00a0: <\/strong> 2000-3000 millim\u00e8tres<\/li>\n<li><strong>Type de b\u00e2timent : <\/strong> Ouverture automatique rapide<\/li>\n<li><strong>Style de tente\u00a0: <\/strong> Piquet de tente de type tube<\/li>\n<li><strong>Saison : <\/strong> Tente quatre saisons<\/li>\n<li><strong>Structure : <\/strong> Une chambre<\/li>\n<li><strong>Couchette : <\/strong> 3-4<\/li>\n<li><strong>Hauteur (cm) : <\/strong> 125<\/li>\n<li><strong>Longueur (cm) : <\/strong> 240<\/li>\n<li><strong>Largeur (cm) : <\/strong> 210<\/li>\n<li><strong>Imperm\u00e9able : <\/strong> 2000mm<\/li>\n<li><strong>Matriel fabriqu\u00e9 : <\/strong> Polyester 190T<\/li>\n<li><strong>P\u00f4le : <\/strong> Fibre de verre<\/li>\n<li><strong>Taper : <\/strong> Automatique<\/li>\n<\/ul>\n<div>\n<div data-magic-global=\"%7B%22bizId%22%3A2348173885%2C%22pageId%22%3A21029157641%2C%22siteId%22%3A5005127539%7D\">\n<div>\n<div>\n<div>\n<div>\n<div>\n<div><\/div>\n<\/div>\n<\/div>\n<\/div>\n<\/div>\n<\/div>\n<div><\/div>\n<div>\n<div data-section=\"AliMagic-h5ytvg\" data-section-title=\"Product Display\">Affichage du produit<\/div>\n<\/div>\n<div>\n<div>\n<div><img decoding=\"async\" src=\"\/\/sc04.alicdn.com\/kf\/H313aea8ae1a34f83981145fd50fbc7154\/222400006\/H313aea8ae1a34f83981145fd50fbc7154.jpg\" data-src=\"\/\/sc04.alicdn.com\/kf\/H313aea8ae1a34f83981145fd50fbc7154\/222400006\/H313aea8ae1a34f83981145fd50fbc7154.jpg\" \/><\/div>\n<div><img decoding=\"async\" src=\"\/\/sc04.alicdn.com\/kf\/H78089127b6d44307900b716104212c5eq\/222400006\/H78089127b6d44307900b716104212c5eq.jpg\" data-src=\"\/\/sc04.alicdn.com\/kf\/H78089127b6d44307900b716104212c5eq\/222400006\/H78089127b6d44307900b716104212c5eq.jpg\" \/><\/div>\n<div><img decoding=\"async\" src=\"\/\/sc04.alicdn.com\/kf\/H06b527045b17459d96177194485926d3J\/222400006\/H06b527045b17459d96177194485926d3J.jpg\" data-src=\"\/\/sc04.alicdn.com\/kf\/H06b527045b17459d96177194485926d3J\/222400006\/H06b527045b17459d96177194485926d3J.jpg\" \/><\/div>\n<div><img decoding=\"async\" src=\"\/\/sc04.alicdn.com\/kf\/Hbea7d80ec8984c53aa885f42baac625fq\/222400006\/Hbea7d80ec8984c53aa885f42baac625fq.jpg\" data-src=\"\/\/sc04.alicdn.com\/kf\/Hbea7d80ec8984c53aa885f42baac625fq\/222400006\/Hbea7d80ec8984c53aa885f42baac625fq.jpg\" \/><\/div>\n<div><img decoding=\"async\" src=\"\/\/sc04.alicdn.com\/kf\/H24ecfc2ecb0f453cb9f4aba3c7762bbao\/222400006\/H24ecfc2ecb0f453cb9f4aba3c7762bbao.jpg\" data-src=\"\/\/sc04.alicdn.com\/kf\/H24ecfc2ecb0f453cb9f4aba3c7762bbao\/222400006\/H24ecfc2ecb0f453cb9f4aba3c7762bbao.jpg\" \/><\/div>\n<div><img decoding=\"async\" src=\"\/\/sc04.alicdn.com\/kf\/H6f14be57d62b4368a9ea013da585dd95J\/222400006\/H6f14be57d62b4368a9ea013da585dd95J.jpg\" data-src=\"\/\/sc04.alicdn.com\/kf\/H6f14be57d62b4368a9ea013da585dd95J\/222400006\/H6f14be57d62b4368a9ea013da585dd95J.jpg\" \/><\/div>\n<\/div>\n<\/div>\n<div>\n<div data-magic=\" \" data-magic-status=\"done\">\n<div data-reactroot=\"\"><\/div>\n<\/div>\n<\/div>\n<\/div>\n<\/div>","protected":false},"excerpt":{"rendered":"<p>Tissu : Polyester Indice d&#039;\u00e9tanch\u00e9it\u00e9 de la tente ext\u00e9rieure : 2000-3000 Mm Indice d&#039;\u00e9tanch\u00e9it\u00e9 du bas : 2000-3000 Mm Type de b\u00e2timent : Ouverture automatique rapide Style de tente : Piquet de tente de type tube Saison : Tente quatre saisons Structure : Couchette \u00e0 une chambre : 3-4 hauteur ( cm) : 125 Longueur (cm) : 240 Largeur (cm) : 210 Etanch\u00e9it\u00e9 : 2000mm<\/p>\n<div class=\"read-more\"><a class=\"btn btn-fill-out\" href=\"https:\/\/uoogear.com\/fr\/produit\/4-person-waterproof-high-quality-automatic-tent-large-glamping-family-camping-outdoor-tents\/\">En savoir plus<\/a><\/div>","protected":false},"featured_media":4712,"template":"","meta":[],"product_brand":[],"product_cat":[15],"product_tag":[],"class_list":{"0":"post-4713","1":"product","2":"type-product","3":"status-publish","4":"has-post-thumbnail","6":"product_cat-uncategorized","7":"tm-no-options","9":"first","10":"instock","11":"shipping-taxable","12":"purchasable","13":"product-type-variable"},"_links":{"self":[{"href":"https:\/\/uoogear.com\/fr\/wp-json\/wp\/v2\/product\/4713","targetHints":{"allow":["GET"]}}],"collection":[{"href":"https:\/\/uoogear.com\/fr\/wp-json\/wp\/v2\/product"}],"about":[{"href":"https:\/\/uoogear.com\/fr\/wp-json\/wp\/v2\/types\/product"}],"wp:featuredmedia":[{"embeddable":true,"href":"https:\/\/uoogear.com\/fr\/wp-json\/wp\/v2\/media\/4712"}],"wp:attachment":[{"href":"https:\/\/uoogear.com\/fr\/wp-json\/wp\/v2\/media?parent=4713"}],"wp:term":[{"taxonomy":"product_brand","embeddable":true,"href":"https:\/\/uoogear.com\/fr\/wp-json\/wp\/v2\/product_brand?post=4713"},{"taxonomy":"product_cat","embeddable":true,"href":"https:\/\/uoogear.com\/fr\/wp-json\/wp\/v2\/product_cat?post=4713"},{"taxonomy":"product_tag","embeddable":true,"href":"https:\/\/uoogear.com\/fr\/wp-json\/wp\/v2\/product_tag?post=4713"}],"curies":[{"name":"wp","href":"https:\/\/api.w.org\/{rel}","templated":true}]}}