{"id":4758,"date":"2023-11-14T02:24:57","date_gmt":"2023-11-14T02:24:57","guid":{"rendered":"https:\/\/uoogear.com\/product\/2022-hot-selling-waterproof-four-seasons-glamping-family-bell-tepe-canvas-tents-camping-outdoor-automatic-tent\/"},"modified":"2023-11-30T02:52:08","modified_gmt":"2023-11-30T02:52:08","slug":"2022-hot-selling-waterproof-four-seasons-glamping-family-bell-tepe-canvas-tents-camping-outdoor-automatic-tent","status":"publish","type":"product","link":"https:\/\/uoogear.com\/fr\/produit\/2022-hot-selling-waterproof-four-seasons-glamping-family-bell-tepe-canvas-tents-camping-outdoor-automatic-tent\/","title":{"rendered":"Tente de Camping en toile Tepe, \u00e9tanche, quatre saisons, Glamping familial, cloche, automatique, offre sp\u00e9ciale, 2022"},"content":{"rendered":"<ul>\n<li><strong>Zone : <\/strong> 6 m\u00e8tres carr\u00e9s<\/li>\n<li><strong>Tissu : <\/strong> polyester<\/li>\n<li><strong>Indice d&#039;\u00e9tanch\u00e9it\u00e9 de la tente ext\u00e9rieure\u00a0: <\/strong> 2000-3000 millim\u00e8tres, &gt;2000 millim\u00e8tres<\/li>\n<li><strong>Indice d&#039;\u00e9tanch\u00e9it\u00e9 inf\u00e9rieur\u00a0: <\/strong> 2000-3000 millim\u00e8tres, &gt;2000 millim\u00e8tres<\/li>\n<li><strong>Type de b\u00e2timent : <\/strong> Construction bas\u00e9e sur les besoins<\/li>\n<li><strong>Style de tente\u00a0: <\/strong> Piquet de tente de type tube<\/li>\n<li><strong>Saison : <\/strong> Tente quatre saisons<\/li>\n<li><strong>Structure : <\/strong> Une chambre et un salon, grandes chambres\/Salon<\/li>\n<li><strong>Mat\u00e9riau du poteau\u00a0: <\/strong> acier<\/li>\n<li><strong>Capacit\u00e9 : <\/strong> 4<\/li>\n<li><strong>mots cl\u00e9s : <\/strong> tente d\u00f4me<\/li>\n<li><strong>style : <\/strong> tentes pour \u00e9v\u00e9nements et f\u00eates<\/li>\n<li><strong>Poids du paquet : <\/strong> 5 kg<\/li>\n<li><strong>Taille du paquet : <\/strong> 63*30*30cm<\/li>\n<li><strong>forme : <\/strong> tente de plage<\/li>\n<\/ul>\n<div>\n<div data-magic-global=\"%7B%22bizId%22%3A2348173885%2C%22pageId%22%3A5040934770%2C%22siteId%22%3A5005127539%7D\">\n<div><\/div>\n<div><\/div>\n<div>\n<div data-section=\"AliMagic-q0f28m\" data-section-title=\"Product Display\">Affichage du produit<\/div>\n<\/div>\n<div>\n<div>\n<div>\n<div>\n<div>\n<div><a href=\"https:\/\/cnhomestar.en.alibaba.com\/product\/60708146656-805607772\/factory_supplier_Iron_pole_large_family_camping_high_quality_5_8_people_waterproof_party_tent.html\" target=\"_blank\" rel=\"noopener\"><img decoding=\"async\" src=\"\/\/sc01.alicdn.com\/kf\/Hb0e8f48946944fb7bd90fba2384b89a5A\/222400006\/Hb0e8f48946944fb7bd90fba2384b89a5A.jpg\" data-src=\"\/\/sc01.alicdn.com\/kf\/Hb0e8f48946944fb7bd90fba2384b89a5A\/222400006\/Hb0e8f48946944fb7bd90fba2384b89a5A.jpg\" \/><\/a><\/div>\n<\/div>\n<\/div>\n<\/div>\n<\/div>\n<\/div>\n<div>\n<div>\n<div>\n<div>\n<div>\n<div><img decoding=\"async\" src=\"\/\/sc01.alicdn.com\/kf\/H05de30f014bc48c482f0a260949756b5M\/222400006\/H05de30f014bc48c482f0a260949756b5M.jpg\" data-src=\"\/\/sc01.alicdn.com\/kf\/H05de30f014bc48c482f0a260949756b5M\/222400006\/H05de30f014bc48c482f0a260949756b5M.jpg\" \/><\/div>\n<\/div>\n<\/div>\n<\/div>\n<\/div>\n<\/div>\n<div>\n<div>\n<div>\n<div>\n<div>\n<div><img decoding=\"async\" src=\"\/\/sc01.alicdn.com\/kf\/H5dfc336d509b4f03b92835892822bf08U\/222400006\/H5dfc336d509b4f03b92835892822bf08U.jpg\" data-src=\"\/\/sc01.alicdn.com\/kf\/H5dfc336d509b4f03b92835892822bf08U\/222400006\/H5dfc336d509b4f03b92835892822bf08U.jpg\" \/><\/div>\n<\/div>\n<\/div>\n<\/div>\n<\/div>\n<\/div>\n<div>\n<div>\n<div>\n<div>\n<div>\n<div><img decoding=\"async\" src=\"\/\/sc01.alicdn.com\/kf\/H506bd69ace7d4b6ca68902d845d0a327i\/222400006\/H506bd69ace7d4b6ca68902d845d0a327i.jpg\" data-src=\"\/\/sc01.alicdn.com\/kf\/H506bd69ace7d4b6ca68902d845d0a327i\/222400006\/H506bd69ace7d4b6ca68902d845d0a327i.jpg\" \/><\/div>\n<\/div>\n<\/div>\n<\/div>\n<\/div>\n<\/div>\n<div>\n<div>\n<div>\n<div>\n<div>\n<div><img decoding=\"async\" src=\"\/\/sc02.alicdn.com\/kf\/H88a7f2c769aa48f79f007c1e02708400R\/222400006\/H88a7f2c769aa48f79f007c1e02708400R.jpg\" data-src=\"\/\/sc02.alicdn.com\/kf\/H88a7f2c769aa48f79f007c1e02708400R\/222400006\/H88a7f2c769aa48f79f007c1e02708400R.jpg\" \/><\/div>\n<\/div>\n<\/div>\n<\/div>\n<\/div>\n<\/div>\n<div>\n<div>\n<div>\n<div>\n<div>\n<div><img decoding=\"async\" src=\"\/\/sc02.alicdn.com\/kf\/H7085c2cdcc5a4766ab296c07dd0e52314\/222400006\/H7085c2cdcc5a4766ab296c07dd0e52314.jpg\" data-src=\"\/\/sc02.alicdn.com\/kf\/H7085c2cdcc5a4766ab296c07dd0e52314\/222400006\/H7085c2cdcc5a4766ab296c07dd0e52314.jpg\" \/><\/div>\n<\/div>\n<\/div>\n<\/div>\n<\/div>\n<\/div>\n<div>\n<div>\n<div>\n<div>\n<div>\n<div><img decoding=\"async\" src=\"\/\/sc02.alicdn.com\/kf\/Hed3bc8aec1424834b50e4a338a55df70N\/222400006\/Hed3bc8aec1424834b50e4a338a55df70N.jpg\" data-src=\"\/\/sc02.alicdn.com\/kf\/Hed3bc8aec1424834b50e4a338a55df70N\/222400006\/Hed3bc8aec1424834b50e4a338a55df70N.jpg\" \/><\/div>\n<\/div>\n<\/div>\n<\/div>\n<\/div>\n<\/div>\n<div>\n<div>\n<div>\n<div>\n<div>\n<div><\/div>\n<\/div>\n<\/div>\n<\/div>\n<\/div>\n<\/div>\n<\/div>\n<\/div>","protected":false},"excerpt":{"rendered":"<p>Superficie : 6 m\u00e8tres carr\u00e9s Tissu : polyester Indice d&#039;\u00e9tanch\u00e9it\u00e9 de la tente ext\u00e9rieure : 2000-3000 Mm, &gt;2000 mm Indice d&#039;\u00e9tanch\u00e9it\u00e9 du bas : 2000-3000 Mm, &gt;2000 mm Type de b\u00e2timent : Construction bas\u00e9e sur les besoins Style de tente : Type de tube Piquet de tente Saison : Quatre Structure de tente -saison\u00a0:\u00a0une chambre et un salon, grandes chambres\/p\u00f4le de salon<\/p>\n<div class=\"read-more\"><a class=\"btn btn-fill-out\" href=\"https:\/\/uoogear.com\/fr\/produit\/2022-hot-selling-waterproof-four-seasons-glamping-family-bell-tepe-canvas-tents-camping-outdoor-automatic-tent\/\">En savoir plus<\/a><\/div>","protected":false},"featured_media":4757,"template":"","meta":[],"product_brand":[],"product_cat":[15],"product_tag":[],"class_list":{"0":"post-4758","1":"product","2":"type-product","3":"status-publish","4":"has-post-thumbnail","6":"product_cat-uncategorized","7":"tm-no-options","9":"first","10":"instock","11":"shipping-taxable","12":"purchasable","13":"product-type-variable"},"_links":{"self":[{"href":"https:\/\/uoogear.com\/fr\/wp-json\/wp\/v2\/product\/4758","targetHints":{"allow":["GET"]}}],"collection":[{"href":"https:\/\/uoogear.com\/fr\/wp-json\/wp\/v2\/product"}],"about":[{"href":"https:\/\/uoogear.com\/fr\/wp-json\/wp\/v2\/types\/product"}],"wp:featuredmedia":[{"embeddable":true,"href":"https:\/\/uoogear.com\/fr\/wp-json\/wp\/v2\/media\/4757"}],"wp:attachment":[{"href":"https:\/\/uoogear.com\/fr\/wp-json\/wp\/v2\/media?parent=4758"}],"wp:term":[{"taxonomy":"product_brand","embeddable":true,"href":"https:\/\/uoogear.com\/fr\/wp-json\/wp\/v2\/product_brand?post=4758"},{"taxonomy":"product_cat","embeddable":true,"href":"https:\/\/uoogear.com\/fr\/wp-json\/wp\/v2\/product_cat?post=4758"},{"taxonomy":"product_tag","embeddable":true,"href":"https:\/\/uoogear.com\/fr\/wp-json\/wp\/v2\/product_tag?post=4758"}],"curies":[{"name":"wp","href":"https:\/\/api.w.org\/{rel}","templated":true}]}}