{"id":4767,"date":"2023-11-14T02:26:09","date_gmt":"2023-11-14T02:26:09","guid":{"rendered":"https:\/\/uoogear.com\/product\/4-6-person-large-glamping-family-automatic-camping-tent-portable-backpacking-tent-outdoor-dome-tents\/"},"modified":"2023-11-30T02:33:57","modified_gmt":"2023-11-30T02:33:57","slug":"4-6-person-large-glamping-family-automatic-camping-tent-portable-backpacking-tent-outdoor-dome-tents","status":"publish","type":"product","link":"https:\/\/uoogear.com\/fr\/produit\/4-6-person-large-glamping-family-automatic-camping-tent-portable-backpacking-tent-outdoor-dome-tents\/","title":{"rendered":"Tente de Camping automatique pour 4 \u00e0 6 personnes, grande famille, Glamping, Portable, sac \u00e0 dos, d\u00f4me ext\u00e9rieur"},"content":{"rendered":"<ul>\n<li><strong>Zone : <\/strong> 2,4*2,2 M<\/li>\n<li><strong>Tissu : <\/strong> polyester<\/li>\n<li><strong>Indice d&#039;\u00e9tanch\u00e9it\u00e9 de la tente ext\u00e9rieure\u00a0: <\/strong> 2000-3000 millim\u00e8tres, 3000 millim\u00e8tres<\/li>\n<li><strong>Indice d&#039;\u00e9tanch\u00e9it\u00e9 inf\u00e9rieur\u00a0: <\/strong> 2000-3000 millim\u00e8tres, 3000 millim\u00e8tres<\/li>\n<li><strong>Type de b\u00e2timent : <\/strong> Ouverture automatique rapide<\/li>\n<li><strong>Style de tente\u00a0: <\/strong> Type de renfort diagonal, piquet de tente de type tube<\/li>\n<li><strong>Saison : <\/strong> Tente quatre saisons<\/li>\n<li><strong>Structure : <\/strong> Une chambre et un salon, grandes chambres\/Salon<\/li>\n<li><strong>Couleur : <\/strong> Personnalis\u00e9<\/li>\n<li><strong>Mat\u00e9riau du poteau\u00a0: <\/strong> poteaux en aluminium<\/li>\n<li><strong>Capacit\u00e9 : <\/strong> 4-6 personnes<\/li>\n<li><strong>Poids du paquet : <\/strong> 6,5 kg (14,33 livres)<\/li>\n<li><strong>Taille du paquet : <\/strong> 110*20*20CM<\/li>\n<li><strong>mots cl\u00e9s : <\/strong> tente familiale<\/li>\n<li><strong>style : <\/strong> tente instantan\u00e9e<\/li>\n<\/ul>\n<div>\n<div data-magic-global=\"%7B%22bizId%22%3A2348173885%2C%22pageId%22%3A5049777473%2C%22siteId%22%3A5005127539%7D\">\n<div><\/div>\n<div>\n<div data-section=\"AliMagic-vkgkdu\" data-section-title=\"Product Display\">Affichage du produit<\/div>\n<\/div>\n<div>\n<div>\n<div>\n<div>\n<div>\n<div><a href=\"https:\/\/cnhomestar.en.alibaba.com\/product\/60708146656-805607772\/factory_supplier_Iron_pole_large_family_camping_high_quality_5_8_people_waterproof_party_tent.html\" target=\"_blank\" rel=\"noopener\"><img decoding=\"async\" src=\"\/\/sc02.alicdn.com\/kf\/H3373b1a9655345c89c23d89ff080acd5N\/222400006\/H3373b1a9655345c89c23d89ff080acd5N.jpg\" data-src=\"\/\/sc02.alicdn.com\/kf\/H3373b1a9655345c89c23d89ff080acd5N\/222400006\/H3373b1a9655345c89c23d89ff080acd5N.jpg\" \/><\/a><\/div>\n<\/div>\n<\/div>\n<\/div>\n<\/div>\n<\/div>\n<div>\n<div>\n<div>\n<div>\n<div>\n<div><img decoding=\"async\" src=\"\/\/sc01.alicdn.com\/kf\/Hb55d8d7feef34118ab05a7e926191416y\/222400006\/Hb55d8d7feef34118ab05a7e926191416y.jpg\" data-src=\"\/\/sc01.alicdn.com\/kf\/Hb55d8d7feef34118ab05a7e926191416y\/222400006\/Hb55d8d7feef34118ab05a7e926191416y.jpg\" \/><\/div>\n<\/div>\n<\/div>\n<\/div>\n<\/div>\n<\/div>\n<div>\n<div>\n<div>\n<div>\n<div>\n<div><img decoding=\"async\" src=\"\/\/sc01.alicdn.com\/kf\/H5d0f88298fe64f3fbb1e3fb167d802c1F\/222400006\/H5d0f88298fe64f3fbb1e3fb167d802c1F.jpg\" data-src=\"\/\/sc01.alicdn.com\/kf\/H5d0f88298fe64f3fbb1e3fb167d802c1F\/222400006\/H5d0f88298fe64f3fbb1e3fb167d802c1F.jpg\" \/><\/div>\n<\/div>\n<\/div>\n<\/div>\n<\/div>\n<\/div>\n<div>\n<div>\n<div>\n<div>\n<div>\n<div><img decoding=\"async\" src=\"\/\/sc01.alicdn.com\/kf\/H2096738b758843a08e2b8ff6521dc225H\/222400006\/H2096738b758843a08e2b8ff6521dc225H.jpg\" data-src=\"\/\/sc01.alicdn.com\/kf\/H2096738b758843a08e2b8ff6521dc225H\/222400006\/H2096738b758843a08e2b8ff6521dc225H.jpg\" \/><\/div>\n<\/div>\n<\/div>\n<\/div>\n<\/div>\n<\/div>\n<div><\/div>\n<\/div>\n<\/div>","protected":false},"excerpt":{"rendered":"<p>Superficie : 2,4*2,2 M Tissu : polyester Indice d&#039;\u00e9tanch\u00e9it\u00e9 de la tente ext\u00e9rieure : 2000-3000 Mm, 3000 mm Indice d&#039;\u00e9tanch\u00e9it\u00e9 du bas : 2000-3000 Mm, 3000 mm Type de b\u00e2timent : Ouverture automatique rapide Style de tente : Type de renfort diagonal, type de tube Piquet de tente Saison : Structure de tente quatre saisons : Une chambre et un salon, grandes chambres\/salon<\/p>\n<div class=\"read-more\"><a class=\"btn btn-fill-out\" href=\"https:\/\/uoogear.com\/fr\/produit\/4-6-person-large-glamping-family-automatic-camping-tent-portable-backpacking-tent-outdoor-dome-tents\/\">En savoir plus<\/a><\/div>","protected":false},"featured_media":4766,"template":"","meta":[],"product_brand":[],"product_cat":[15],"product_tag":[],"class_list":{"0":"post-4767","1":"product","2":"type-product","3":"status-publish","4":"has-post-thumbnail","6":"product_cat-uncategorized","7":"tm-no-options","9":"first","10":"instock","11":"shipping-taxable","12":"purchasable","13":"product-type-variable"},"_links":{"self":[{"href":"https:\/\/uoogear.com\/fr\/wp-json\/wp\/v2\/product\/4767","targetHints":{"allow":["GET"]}}],"collection":[{"href":"https:\/\/uoogear.com\/fr\/wp-json\/wp\/v2\/product"}],"about":[{"href":"https:\/\/uoogear.com\/fr\/wp-json\/wp\/v2\/types\/product"}],"wp:featuredmedia":[{"embeddable":true,"href":"https:\/\/uoogear.com\/fr\/wp-json\/wp\/v2\/media\/4766"}],"wp:attachment":[{"href":"https:\/\/uoogear.com\/fr\/wp-json\/wp\/v2\/media?parent=4767"}],"wp:term":[{"taxonomy":"product_brand","embeddable":true,"href":"https:\/\/uoogear.com\/fr\/wp-json\/wp\/v2\/product_brand?post=4767"},{"taxonomy":"product_cat","embeddable":true,"href":"https:\/\/uoogear.com\/fr\/wp-json\/wp\/v2\/product_cat?post=4767"},{"taxonomy":"product_tag","embeddable":true,"href":"https:\/\/uoogear.com\/fr\/wp-json\/wp\/v2\/product_tag?post=4767"}],"curies":[{"name":"wp","href":"https:\/\/api.w.org\/{rel}","templated":true}]}}