{"id":4794,"date":"2023-11-14T02:28:46","date_gmt":"2023-11-14T02:28:46","guid":{"rendered":"https:\/\/uoogear.com\/product\/4-person-family-camping-tents-portable-outdoor-automatic-tents-waterproof-windproof-for-hiking\/"},"modified":"2023-11-30T02:35:02","modified_gmt":"2023-11-30T02:35:02","slug":"4-person-family-camping-tents-portable-outdoor-automatic-tents-waterproof-windproof-for-hiking","status":"publish","type":"product","link":"https:\/\/uoogear.com\/fr\/produit\/4-person-family-camping-tents-portable-outdoor-automatic-tents-waterproof-windproof-for-hiking\/","title":{"rendered":"Tentes de Camping familiales pour 4 personnes, portables, automatiques, ext\u00e9rieures, imperm\u00e9ables, coupe-vent, pour la randonn\u00e9e"},"content":{"rendered":"<ul>\n<li><strong>Zone : <\/strong> 21 m\u00e8tres carr\u00e9s<\/li>\n<li><strong>Tissu : <\/strong> Oxford 150D<\/li>\n<li><strong>Indice d&#039;\u00e9tanch\u00e9it\u00e9 de la tente ext\u00e9rieure\u00a0: <\/strong> &gt;3000 mm, 2000 mm<\/li>\n<li><strong>Indice d&#039;\u00e9tanch\u00e9it\u00e9 inf\u00e9rieur\u00a0: <\/strong> 2000-3000 millim\u00e8tres, 3000 millim\u00e8tres<\/li>\n<li><strong>Type de b\u00e2timent : <\/strong> Construction bas\u00e9e sur les besoins<\/li>\n<li><strong>Style de tente\u00a0: <\/strong> Type de contreventement droit, clou Snowfield<\/li>\n<li><strong>Saison : <\/strong> Tente quatre saisons<\/li>\n<li><strong>Structure : <\/strong> Une chambre et un salon, grandes chambres\/Salon<\/li>\n<li><strong>Couleur : <\/strong> Personnalis\u00e9<\/li>\n<li><strong>Mat\u00e9riau du poteau\u00a0: <\/strong> Fer<\/li>\n<li><strong>Capacit\u00e9 : <\/strong> 4-5 personnes<\/li>\n<li><strong>mots cl\u00e9s : <\/strong> Tentes \u00e0 dos<\/li>\n<li><strong>style : <\/strong> tente instantan\u00e9e<\/li>\n<li><strong>Poids du paquet : <\/strong> 11 kg<\/li>\n<\/ul>\n<div>\n<div data-magic-global=\"%7B%22bizId%22%3A2348173885%2C%22pageId%22%3A21017910575%2C%22siteId%22%3A5005127539%7D\">\n<div><\/div>\n<div>\n<div data-section=\"AliMagic-clh7zb\" data-section-title=\"Product Display\">Affichage du produit<\/div>\n<\/div>\n<div>\n<div>\n<div><img decoding=\"async\" src=\"\/\/sc04.alicdn.com\/kf\/Hd90aba5405b24718ba9b23b9cd1aa8c3a\/222400006\/Hd90aba5405b24718ba9b23b9cd1aa8c3a.jpg\" data-src=\"\/\/sc04.alicdn.com\/kf\/Hd90aba5405b24718ba9b23b9cd1aa8c3a\/222400006\/Hd90aba5405b24718ba9b23b9cd1aa8c3a.jpg\" \/><\/div>\n<div><img decoding=\"async\" src=\"\/\/sc04.alicdn.com\/kf\/H87fec1b7d3424395bfe6efadd8191ea7K\/222400006\/H87fec1b7d3424395bfe6efadd8191ea7K.jpg\" data-src=\"\/\/sc04.alicdn.com\/kf\/H87fec1b7d3424395bfe6efadd8191ea7K\/222400006\/H87fec1b7d3424395bfe6efadd8191ea7K.jpg\" \/><\/div>\n<div><img decoding=\"async\" src=\"\/\/sc04.alicdn.com\/kf\/He90a42f4ffc242c687661f0090e601e2n\/222400006\/He90a42f4ffc242c687661f0090e601e2n.jpg\" data-src=\"\/\/sc04.alicdn.com\/kf\/He90a42f4ffc242c687661f0090e601e2n\/222400006\/He90a42f4ffc242c687661f0090e601e2n.jpg\" \/><\/div>\n<div><img decoding=\"async\" src=\"\/\/sc04.alicdn.com\/kf\/H448a68d22dd94dee96751e6f3b6ae588r\/222400006\/H448a68d22dd94dee96751e6f3b6ae588r.jpg\" data-src=\"\/\/sc04.alicdn.com\/kf\/H448a68d22dd94dee96751e6f3b6ae588r\/222400006\/H448a68d22dd94dee96751e6f3b6ae588r.jpg\" \/><\/div>\n<div><img decoding=\"async\" src=\"\/\/sc04.alicdn.com\/kf\/H0637ce2a75714d968c5cf18cf0699702G\/222400006\/H0637ce2a75714d968c5cf18cf0699702G.jpg\" data-src=\"\/\/sc04.alicdn.com\/kf\/H0637ce2a75714d968c5cf18cf0699702G\/222400006\/H0637ce2a75714d968c5cf18cf0699702G.jpg\" \/><\/div>\n<div><img decoding=\"async\" src=\"\/\/sc04.alicdn.com\/kf\/H31a25c93d55b4782baee17bfd3a986c73\/222400006\/H31a25c93d55b4782baee17bfd3a986c73.jpg\" data-src=\"\/\/sc04.alicdn.com\/kf\/H31a25c93d55b4782baee17bfd3a986c73\/222400006\/H31a25c93d55b4782baee17bfd3a986c73.jpg\" \/><\/div>\n<div><img decoding=\"async\" src=\"\/\/sc04.alicdn.com\/kf\/H9bf447abb59942de928bc8eab5140428d\/222400006\/H9bf447abb59942de928bc8eab5140428d.jpg\" data-src=\"\/\/sc04.alicdn.com\/kf\/H9bf447abb59942de928bc8eab5140428d\/222400006\/H9bf447abb59942de928bc8eab5140428d.jpg\" \/><\/div>\n<\/div>\n<\/div>\n<div>\n<div>\n<div>\n<div>\n<div>\n<div><\/div>\n<\/div>\n<\/div>\n<\/div>\n<\/div>\n<\/div>\n<\/div>\n<\/div>","protected":false},"excerpt":{"rendered":"<p>Superficie : 21 m\u00e8tres carr\u00e9s Tissu : 150D Oxford Indice d&#039;\u00e9tanch\u00e9it\u00e9 de la tente ext\u00e9rieure : &gt;3000 mm, 2000 mm Indice d&#039;\u00e9tanch\u00e9it\u00e9 du fond : 2000-3000 Mm, 3000 mm Type de b\u00e2timent : Construction bas\u00e9e sur les besoins Style de tente : Type de contreventement droit, clou de champ de neige Saison : Quatre Structure de tente toutes saisons\u00a0: une chambre et un salon, grandes chambres\/salon<\/p>\n<div class=\"read-more\"><a class=\"btn btn-fill-out\" href=\"https:\/\/uoogear.com\/fr\/produit\/4-person-family-camping-tents-portable-outdoor-automatic-tents-waterproof-windproof-for-hiking\/\">En savoir plus<\/a><\/div>","protected":false},"featured_media":4793,"template":"","meta":[],"product_brand":[],"product_cat":[15],"product_tag":[],"class_list":{"0":"post-4794","1":"product","2":"type-product","3":"status-publish","4":"has-post-thumbnail","6":"product_cat-uncategorized","7":"tm-no-options","9":"first","10":"instock","11":"shipping-taxable","12":"purchasable","13":"product-type-variable"},"_links":{"self":[{"href":"https:\/\/uoogear.com\/fr\/wp-json\/wp\/v2\/product\/4794","targetHints":{"allow":["GET"]}}],"collection":[{"href":"https:\/\/uoogear.com\/fr\/wp-json\/wp\/v2\/product"}],"about":[{"href":"https:\/\/uoogear.com\/fr\/wp-json\/wp\/v2\/types\/product"}],"wp:featuredmedia":[{"embeddable":true,"href":"https:\/\/uoogear.com\/fr\/wp-json\/wp\/v2\/media\/4793"}],"wp:attachment":[{"href":"https:\/\/uoogear.com\/fr\/wp-json\/wp\/v2\/media?parent=4794"}],"wp:term":[{"taxonomy":"product_brand","embeddable":true,"href":"https:\/\/uoogear.com\/fr\/wp-json\/wp\/v2\/product_brand?post=4794"},{"taxonomy":"product_cat","embeddable":true,"href":"https:\/\/uoogear.com\/fr\/wp-json\/wp\/v2\/product_cat?post=4794"},{"taxonomy":"product_tag","embeddable":true,"href":"https:\/\/uoogear.com\/fr\/wp-json\/wp\/v2\/product_tag?post=4794"}],"curies":[{"name":"wp","href":"https:\/\/api.w.org\/{rel}","templated":true}]}}