{"id":4825,"date":"2023-11-14T02:32:23","date_gmt":"2023-11-14T02:32:23","guid":{"rendered":"https:\/\/uoogear.com\/product\/4-person-double-layers-heated-automatic-camping-outdoor-tent\/"},"modified":"2023-11-30T02:36:43","modified_gmt":"2023-11-30T02:36:43","slug":"4-person-double-layers-heated-automatic-camping-outdoor-tent","status":"publish","type":"product","link":"https:\/\/uoogear.com\/fr\/produit\/4-person-double-layers-heated-automatic-camping-outdoor-tent\/","title":{"rendered":"Tente ext\u00e9rieure de camping automatique chauff\u00e9e \u00e0 double couche pour 4 personnes"},"content":{"rendered":"<ul>\n<li><strong>Zone : <\/strong> 4.41<\/li>\n<li><strong>Tissu : <\/strong> Polyester 190T<\/li>\n<li><strong>Style de tente\u00a0: <\/strong> Jeu de camouflage\/terrain<\/li>\n<li><strong>Saison : <\/strong> Tente trois saisons<\/li>\n<li><strong>Structure : <\/strong> Une chambre<\/li>\n<li><strong>Int\u00e9rieur : <\/strong> Polyester 190T<\/li>\n<li><strong>imperm\u00e9able : <\/strong> PU2000<\/li>\n<li><strong>Sol : <\/strong> Oxford 210D<\/li>\n<li><strong>Taille : <\/strong> 200 cm * 180 cm * 130 cm<\/li>\n<li><strong>couche : <\/strong> Double<\/li>\n<li><strong>saison : <\/strong> quatre<\/li>\n<li><strong>Poids : <\/strong> 4,35 kg<\/li>\n<li><strong>Nom : <\/strong> Tente ext\u00e9rieure de camping automatique chauff\u00e9e \u00e0 double couche pour 4 personnes<\/li>\n<li><strong>Service apr\u00e8s-vente : <\/strong> \u00c0 temps<\/li>\n<li><strong>Couleur : <\/strong> Bleu<\/li>\n<\/ul>\n<p>&nbsp;<\/p>\n<p>Description du produit<\/p>\n<div data-section=\"AliPostDhMb-t5fp0\" data-section-title=\"Product Description\">\n<div>\n<p>\u00a0<img loading=\"lazy\" decoding=\"async\" src=\"\/\/sc01.alicdn.com\/kf\/HTB1oDKpLXXXXXaoXpXXq6xXFXXXc\/222400006\/HTB1oDKpLXXXXXaoXpXXq6xXFXXXc.jpg\" alt=\"Tente ext\u00e9rieure de camping automatique chauff\u00e9e \u00e0 double couche pour 4 personnes\" width=\"750\" height=\"750\" data-src=\"\/\/sc01.alicdn.com\/kf\/HTB1oDKpLXXXXXaoXpXXq6xXFXXXc\/222400006\/HTB1oDKpLXXXXXaoXpXXq6xXFXXXc.jpg\" data-alt=\"4 person Double layers heated automatic camping outdoor tent\" \/><img loading=\"lazy\" decoding=\"async\" src=\"\/\/sc01.alicdn.com\/kf\/HTB1ko1gLXXXXXbaXFXXq6xXFXXXz\/222400006\/HTB1ko1gLXXXXXbaXFXXq6xXFXXXz.jpg\" alt=\"Tente ext\u00e9rieure de camping automatique chauff\u00e9e \u00e0 double couche pour 4 personnes\" width=\"750\" height=\"750\" data-src=\"\/\/sc01.alicdn.com\/kf\/HTB1ko1gLXXXXXbaXFXXq6xXFXXXz\/222400006\/HTB1ko1gLXXXXXbaXFXXq6xXFXXXz.jpg\" data-alt=\"4 person Double layers heated automatic camping outdoor tent\" \/><img loading=\"lazy\" decoding=\"async\" src=\"\/\/sc02.alicdn.com\/kf\/HTB1m0uxLXXXXXbnXXXXq6xXFXXX9\/222400006\/HTB1m0uxLXXXXXbnXXXXq6xXFXXX9.jpg\" alt=\"Tente ext\u00e9rieure de camping automatique chauff\u00e9e \u00e0 double couche pour 4 personnes\" width=\"750\" height=\"750\" data-src=\"\/\/sc02.alicdn.com\/kf\/HTB1m0uxLXXXXXbnXXXXq6xXFXXX9\/222400006\/HTB1m0uxLXXXXXbnXXXXq6xXFXXX9.jpg\" data-alt=\"4 person Double layers heated automatic camping outdoor tent\" \/><img loading=\"lazy\" decoding=\"async\" src=\"\/\/sc02.alicdn.com\/kf\/HTB1ISWkLXXXXXXkXXXXq6xXFXXXx\/222400006\/HTB1ISWkLXXXXXXkXXXXq6xXFXXXx.jpg\" alt=\"Tente ext\u00e9rieure de camping automatique chauff\u00e9e \u00e0 double couche pour 4 personnes\" width=\"750\" height=\"750\" data-src=\"\/\/sc02.alicdn.com\/kf\/HTB1ISWkLXXXXXXkXXXXq6xXFXXXx\/222400006\/HTB1ISWkLXXXXXXkXXXXq6xXFXXXx.jpg\" data-alt=\"4 person Double layers heated automatic camping outdoor tent\" \/><img loading=\"lazy\" decoding=\"async\" src=\"\/\/sc01.alicdn.com\/kf\/HTB1dfijLXXXXXc2XpXXq6xXFXXXG\/222400006\/HTB1dfijLXXXXXc2XpXXq6xXFXXXG.jpg\" alt=\"Tente ext\u00e9rieure de camping automatique chauff\u00e9e \u00e0 double couche pour 4 personnes\" width=\"750\" height=\"750\" data-src=\"\/\/sc01.alicdn.com\/kf\/HTB1dfijLXXXXXc2XpXXq6xXFXXXG\/222400006\/HTB1dfijLXXXXXc2XpXXq6xXFXXXG.jpg\" data-alt=\"4 person Double layers heated automatic camping outdoor tent\" \/><\/p>\n<p>&nbsp;<\/p>\n<p>&nbsp;<\/p>\n<\/div>\n<\/div>","protected":false},"excerpt":{"rendered":"<p>Superficie : 4.41 Tissu : polyester 190T Style de tente : Camouflage\/jeu de terrain Saison : Tente trois saisons Structure : Une chambre Int\u00e9rieur : polyester 190T imperm\u00e9able : PU2000 Sol : 210D oxford Taille : 200cm*180cm*130cm couche : Double saison : quatre Poids : 4,35 kg Nom : Tente ext\u00e9rieure de camping automatique chauff\u00e9e double couche pour 4 personnes<\/p>\n<div class=\"read-more\"><a class=\"btn btn-fill-out\" href=\"https:\/\/uoogear.com\/fr\/produit\/4-person-double-layers-heated-automatic-camping-outdoor-tent\/\">En savoir plus<\/a><\/div>","protected":false},"featured_media":4824,"template":"","meta":[],"product_brand":[],"product_cat":[15],"product_tag":[],"class_list":{"0":"post-4825","1":"product","2":"type-product","3":"status-publish","4":"has-post-thumbnail","6":"product_cat-uncategorized","7":"tm-no-options","9":"first","10":"instock","11":"shipping-taxable","12":"purchasable","13":"product-type-variable"},"_links":{"self":[{"href":"https:\/\/uoogear.com\/fr\/wp-json\/wp\/v2\/product\/4825","targetHints":{"allow":["GET"]}}],"collection":[{"href":"https:\/\/uoogear.com\/fr\/wp-json\/wp\/v2\/product"}],"about":[{"href":"https:\/\/uoogear.com\/fr\/wp-json\/wp\/v2\/types\/product"}],"wp:featuredmedia":[{"embeddable":true,"href":"https:\/\/uoogear.com\/fr\/wp-json\/wp\/v2\/media\/4824"}],"wp:attachment":[{"href":"https:\/\/uoogear.com\/fr\/wp-json\/wp\/v2\/media?parent=4825"}],"wp:term":[{"taxonomy":"product_brand","embeddable":true,"href":"https:\/\/uoogear.com\/fr\/wp-json\/wp\/v2\/product_brand?post=4825"},{"taxonomy":"product_cat","embeddable":true,"href":"https:\/\/uoogear.com\/fr\/wp-json\/wp\/v2\/product_cat?post=4825"},{"taxonomy":"product_tag","embeddable":true,"href":"https:\/\/uoogear.com\/fr\/wp-json\/wp\/v2\/product_tag?post=4825"}],"curies":[{"name":"wp","href":"https:\/\/api.w.org\/{rel}","templated":true}]}}