{"id":4833,"date":"2023-11-14T02:33:09","date_gmt":"2023-11-14T02:33:09","guid":{"rendered":"https:\/\/uoogear.com\/product\/outdoor-automatic-tent-2-3-people-waterproof-family-tent-hiking-camping-throwing-pop-up-tent\/"},"modified":"2023-11-30T02:34:19","modified_gmt":"2023-11-30T02:34:19","slug":"outdoor-automatic-tent-2-3-people-waterproof-family-tent-hiking-camping-throwing-pop-up-tent","status":"publish","type":"product","link":"https:\/\/uoogear.com\/fr\/produit\/outdoor-automatic-tent-2-3-people-waterproof-family-tent-hiking-camping-throwing-pop-up-tent\/","title":{"rendered":"Tente automatique ext\u00e9rieure 2-3 personnes tente familiale \u00e9tanche randonn\u00e9e Camping lancer tente Pop-Up"},"content":{"rendered":"<ul>\n<li><strong>Zone : <\/strong> 3.5<\/li>\n<li><strong>Tissu : <\/strong> Nylon<\/li>\n<li><strong>Indice d&#039;\u00e9tanch\u00e9it\u00e9 de la tente ext\u00e9rieure\u00a0: <\/strong> 2000-3000 millim\u00e8tres<\/li>\n<li><strong>Indice d&#039;\u00e9tanch\u00e9it\u00e9 inf\u00e9rieur\u00a0: <\/strong> 2000-3000 millim\u00e8tres<\/li>\n<li><strong>Type de b\u00e2timent : <\/strong> Ouverture automatique rapide<\/li>\n<li><strong>Style de tente\u00a0: <\/strong> Type de contreventement diagonal<\/li>\n<li><strong>Saison : <\/strong> Tente trois saisons<\/li>\n<li><strong>Structure : <\/strong> Une chambre<\/li>\n<li><strong>Nom du produit : <\/strong> Tente de camping<\/li>\n<li><strong>Utilisation : <\/strong> Tente sauvage de camping en plein air<\/li>\n<li><strong>Application : <\/strong> Tente automatique<\/li>\n<\/ul>\n<div>\n<p><strong>Tente automatique ext\u00e9rieure 2-3 personnes tente familiale \u00e9tanche randonn\u00e9e Camping lancer tente Pop-Up<\/strong><\/p>\n<p>&nbsp;<\/p>\n<ul>\n<li>\n<div>Nombre applicable : 2-3 personnes<\/div>\n<div>Dimension d&#039;agrandissement\u00a0: 245x145x100cm<\/div>\n<div>Couleur: orange, marron<\/div>\n<div>Poids net : 2,45 kg<\/div>\n<div>Tissu : tissu Oxford 210D.<\/div>\n<div>Type de b\u00e2timent : Ouverture automatique rapide<\/div>\n<div>Indice d&#039;\u00e9tanch\u00e9it\u00e9\u00a0: 2000-3000\u00a0mm<\/div>\n<div>Gaze\u00a0:\u00a0gaze haute densit\u00e9 B3<\/div>\n<div>Tissu de base : PE<\/div>\n<div>Jambe de force\u00a0: fibre de verre solide<\/div>\n<div>Accessoires : clous, corde<\/div>\n<div>Applications : parc de loisirs\/camping en plein air.<\/div>\n<div><\/div>\n<div>Caract\u00e9ristiques:<\/div>\n<div>1. Jetez l\u00e9g\u00e8rement et ouvrez instantan\u00e9ment. Large et perm\u00e9able.<\/div>\n<div>2.Spacieux et peu encombr\u00e9 avec 2-3 personnes. Plusieurs fen\u00eatres. Perm\u00e9able et non sensuel<\/div>\n<div>3. Ouvrez l&#039;emballage, touchez le ruban adh\u00e9sif, jetez-le doucement, puis il se d\u00e9plie imm\u00e9diatement. Les femmes peuvent le faire facilement.<\/div>\n<div>4. Gaze de porte compl\u00e8te. Protection de la vie priv\u00e9e. Respirant et protecteur contre les moustiques<\/div>\n<div>5. \u00c9pais et r\u00e9sistant \u00e0 l&#039;usure. Fond de tente imperm\u00e9able en PE<\/div>\n<div>6. Entretoise en fibre de verre solide de haute qualit\u00e9, aucune rupture apr\u00e8s plusieurs tests de pliage. Bonne flexibilit\u00e9 et durabilit\u00e9.<\/div>\n<div>7. Avec conception vestibulaire. Rideaux doubles. Am\u00e9nagement de l&#039;espace plus humanis\u00e9.<\/div>\n<div>8. \u00c9vent \u00e0 quatre coins. Maintenez la circulation de l&#039;air dans un \u00e9tat enti\u00e8rement ferm\u00e9.<\/div>\n<\/li>\n<\/ul>\n<p><img loading=\"lazy\" decoding=\"async\" class=\"alignnone size-full wp-image-5141\" src=\"https:\/\/uoogear.com\/wp-content\/uploads\/2023\/11\/HTB1ak5xbBGE3KVjSZFhq6AkaFXaE.jpg\" width=\"750\" height=\"886\" alt=\"Tente automatique ext\u00e9rieure 2-3 personnes tente familiale \u00e9tanche randonn\u00e9e Camping lancer tente Pop-Up\" srcset=\"https:\/\/uoogear.com\/wp-content\/uploads\/2023\/11\/HTB1ak5xbBGE3KVjSZFhq6AkaFXaE.jpg 750w, https:\/\/uoogear.com\/wp-content\/uploads\/2023\/11\/HTB1ak5xbBGE3KVjSZFhq6AkaFXaE-254x300.jpg 254w, https:\/\/uoogear.com\/wp-content\/uploads\/2023\/11\/HTB1ak5xbBGE3KVjSZFhq6AkaFXaE-600x709.jpg 600w, https:\/\/uoogear.com\/wp-content\/uploads\/2023\/11\/HTB1ak5xbBGE3KVjSZFhq6AkaFXaE-46x54.jpg 46w\" sizes=\"auto, (max-width: 750px) 100vw, 750px\" \/><img loading=\"lazy\" decoding=\"async\" class=\"alignnone size-full wp-image-5142\" src=\"https:\/\/uoogear.com\/wp-content\/uploads\/2023\/11\/HTB1g9qybCWD3KVjSZSgq6ACxVXa6.jpg\" width=\"750\" height=\"1224\" alt=\"Tente automatique ext\u00e9rieure 2-3 personnes tente familiale \u00e9tanche randonn\u00e9e Camping lancer tente Pop-Up\" srcset=\"https:\/\/uoogear.com\/wp-content\/uploads\/2023\/11\/HTB1g9qybCWD3KVjSZSgq6ACxVXa6.jpg 750w, https:\/\/uoogear.com\/wp-content\/uploads\/2023\/11\/HTB1g9qybCWD3KVjSZSgq6ACxVXa6-184x300.jpg 184w, https:\/\/uoogear.com\/wp-content\/uploads\/2023\/11\/HTB1g9qybCWD3KVjSZSgq6ACxVXa6-627x1024.jpg 627w, https:\/\/uoogear.com\/wp-content\/uploads\/2023\/11\/HTB1g9qybCWD3KVjSZSgq6ACxVXa6-600x979.jpg 600w, https:\/\/uoogear.com\/wp-content\/uploads\/2023\/11\/HTB1g9qybCWD3KVjSZSgq6ACxVXa6-33x54.jpg 33w\" sizes=\"auto, (max-width: 750px) 100vw, 750px\" \/><img loading=\"lazy\" decoding=\"async\" class=\"alignnone size-full wp-image-5143\" src=\"https:\/\/uoogear.com\/wp-content\/uploads\/2023\/11\/HTB1ypKzbBSD3KVjSZFqq6A4bpXaD.jpg\" width=\"750\" height=\"1134\" alt=\"Tente automatique ext\u00e9rieure 2-3 personnes tente familiale \u00e9tanche randonn\u00e9e Camping lancer tente Pop-Up\" srcset=\"https:\/\/uoogear.com\/wp-content\/uploads\/2023\/11\/HTB1ypKzbBSD3KVjSZFqq6A4bpXaD.jpg 750w, https:\/\/uoogear.com\/wp-content\/uploads\/2023\/11\/HTB1ypKzbBSD3KVjSZFqq6A4bpXaD-198x300.jpg 198w, https:\/\/uoogear.com\/wp-content\/uploads\/2023\/11\/HTB1ypKzbBSD3KVjSZFqq6A4bpXaD-677x1024.jpg 677w, https:\/\/uoogear.com\/wp-content\/uploads\/2023\/11\/HTB1ypKzbBSD3KVjSZFqq6A4bpXaD-600x907.jpg 600w, https:\/\/uoogear.com\/wp-content\/uploads\/2023\/11\/HTB1ypKzbBSD3KVjSZFqq6A4bpXaD-36x54.jpg 36w\" sizes=\"auto, (max-width: 750px) 100vw, 750px\" \/><img loading=\"lazy\" decoding=\"async\" class=\"alignnone size-full wp-image-5144\" src=\"https:\/\/uoogear.com\/wp-content\/uploads\/2023\/11\/HTB1qJOCbBGw3KVjSZFwq6zQ2FXag.jpg\" width=\"750\" height=\"1266\" alt=\"Tente automatique ext\u00e9rieure 2-3 personnes tente familiale \u00e9tanche randonn\u00e9e Camping lancer tente Pop-Up\" srcset=\"https:\/\/uoogear.com\/wp-content\/uploads\/2023\/11\/HTB1qJOCbBGw3KVjSZFwq6zQ2FXag.jpg 750w, https:\/\/uoogear.com\/wp-content\/uploads\/2023\/11\/HTB1qJOCbBGw3KVjSZFwq6zQ2FXag-178x300.jpg 178w, https:\/\/uoogear.com\/wp-content\/uploads\/2023\/11\/HTB1qJOCbBGw3KVjSZFwq6zQ2FXag-607x1024.jpg 607w, https:\/\/uoogear.com\/wp-content\/uploads\/2023\/11\/HTB1qJOCbBGw3KVjSZFwq6zQ2FXag-600x1013.jpg 600w, https:\/\/uoogear.com\/wp-content\/uploads\/2023\/11\/HTB1qJOCbBGw3KVjSZFwq6zQ2FXag-32x54.jpg 32w\" sizes=\"auto, (max-width: 750px) 100vw, 750px\" \/><img loading=\"lazy\" decoding=\"async\" class=\"alignnone size-full wp-image-5145\" src=\"https:\/\/uoogear.com\/wp-content\/uploads\/2023\/11\/HTB1YfGCbBKw3KVjSZFOq6yrDVXap.jpg\" width=\"750\" height=\"822\" alt=\"Tente automatique ext\u00e9rieure 2-3 personnes tente familiale \u00e9tanche randonn\u00e9e Camping lancer tente Pop-Up\" srcset=\"https:\/\/uoogear.com\/wp-content\/uploads\/2023\/11\/HTB1YfGCbBKw3KVjSZFOq6yrDVXap.jpg 750w, https:\/\/uoogear.com\/wp-content\/uploads\/2023\/11\/HTB1YfGCbBKw3KVjSZFOq6yrDVXap-274x300.jpg 274w, https:\/\/uoogear.com\/wp-content\/uploads\/2023\/11\/HTB1YfGCbBKw3KVjSZFOq6yrDVXap-600x658.jpg 600w, https:\/\/uoogear.com\/wp-content\/uploads\/2023\/11\/HTB1YfGCbBKw3KVjSZFOq6yrDVXap-49x54.jpg 49w\" sizes=\"auto, (max-width: 750px) 100vw, 750px\" \/><img loading=\"lazy\" decoding=\"async\" class=\"alignnone size-full wp-image-5146\" src=\"https:\/\/uoogear.com\/wp-content\/uploads\/2023\/11\/HTB1XYaybAWE3KVjSZSyq6xocXXa9.jpg\" width=\"750\" height=\"1076\" alt=\"Tente automatique ext\u00e9rieure 2-3 personnes tente familiale \u00e9tanche randonn\u00e9e Camping lancer tente Pop-Up\" srcset=\"https:\/\/uoogear.com\/wp-content\/uploads\/2023\/11\/HTB1XYaybAWE3KVjSZSyq6xocXXa9.jpg 750w, https:\/\/uoogear.com\/wp-content\/uploads\/2023\/11\/HTB1XYaybAWE3KVjSZSyq6xocXXa9-209x300.jpg 209w, https:\/\/uoogear.com\/wp-content\/uploads\/2023\/11\/HTB1XYaybAWE3KVjSZSyq6xocXXa9-714x1024.jpg 714w, https:\/\/uoogear.com\/wp-content\/uploads\/2023\/11\/HTB1XYaybAWE3KVjSZSyq6xocXXa9-600x861.jpg 600w, https:\/\/uoogear.com\/wp-content\/uploads\/2023\/11\/HTB1XYaybAWE3KVjSZSyq6xocXXa9-38x54.jpg 38w\" sizes=\"auto, (max-width: 750px) 100vw, 750px\" \/><img loading=\"lazy\" decoding=\"async\" class=\"alignnone size-full wp-image-5147\" src=\"https:\/\/uoogear.com\/wp-content\/uploads\/2023\/11\/HTB1HUSvbwKG3KVjSZFLq6yMvXXad.jpg\" width=\"750\" height=\"497\" alt=\"Tente automatique ext\u00e9rieure 2-3 personnes tente familiale \u00e9tanche randonn\u00e9e Camping lancer tente Pop-Up\" srcset=\"https:\/\/uoogear.com\/wp-content\/uploads\/2023\/11\/HTB1HUSvbwKG3KVjSZFLq6yMvXXad.jpg 750w, https:\/\/uoogear.com\/wp-content\/uploads\/2023\/11\/HTB1HUSvbwKG3KVjSZFLq6yMvXXad-300x199.jpg 300w, https:\/\/uoogear.com\/wp-content\/uploads\/2023\/11\/HTB1HUSvbwKG3KVjSZFLq6yMvXXad-600x398.jpg 600w, https:\/\/uoogear.com\/wp-content\/uploads\/2023\/11\/HTB1HUSvbwKG3KVjSZFLq6yMvXXad-81x54.jpg 81w\" sizes=\"auto, (max-width: 750px) 100vw, 750px\" \/><img loading=\"lazy\" decoding=\"async\" class=\"alignnone size-full wp-image-5148\" src=\"https:\/\/uoogear.com\/wp-content\/uploads\/2023\/11\/HTB1D0CwbEWF3KVjSZPhq6xclXXap.jpg\" width=\"750\" height=\"914\" alt=\"Tente automatique ext\u00e9rieure 2-3 personnes tente familiale \u00e9tanche randonn\u00e9e Camping lancer tente Pop-Up\" srcset=\"https:\/\/uoogear.com\/wp-content\/uploads\/2023\/11\/HTB1D0CwbEWF3KVjSZPhq6xclXXap.jpg 750w, https:\/\/uoogear.com\/wp-content\/uploads\/2023\/11\/HTB1D0CwbEWF3KVjSZPhq6xclXXap-246x300.jpg 246w, https:\/\/uoogear.com\/wp-content\/uploads\/2023\/11\/HTB1D0CwbEWF3KVjSZPhq6xclXXap-600x731.jpg 600w, https:\/\/uoogear.com\/wp-content\/uploads\/2023\/11\/HTB1D0CwbEWF3KVjSZPhq6xclXXap-44x54.jpg 44w\" sizes=\"auto, (max-width: 750px) 100vw, 750px\" \/><img loading=\"lazy\" decoding=\"async\" class=\"alignnone size-full wp-image-5149\" src=\"https:\/\/uoogear.com\/wp-content\/uploads\/2023\/11\/HTB1RHuybBaE3KVjSZLeq6xsSFXap.jpg\" width=\"750\" height=\"1075\" alt=\"Tente automatique ext\u00e9rieure 2-3 personnes tente familiale \u00e9tanche randonn\u00e9e Camping lancer tente Pop-Up\" srcset=\"https:\/\/uoogear.com\/wp-content\/uploads\/2023\/11\/HTB1RHuybBaE3KVjSZLeq6xsSFXap.jpg 750w, https:\/\/uoogear.com\/wp-content\/uploads\/2023\/11\/HTB1RHuybBaE3KVjSZLeq6xsSFXap-209x300.jpg 209w, https:\/\/uoogear.com\/wp-content\/uploads\/2023\/11\/HTB1RHuybBaE3KVjSZLeq6xsSFXap-714x1024.jpg 714w, https:\/\/uoogear.com\/wp-content\/uploads\/2023\/11\/HTB1RHuybBaE3KVjSZLeq6xsSFXap-600x860.jpg 600w, https:\/\/uoogear.com\/wp-content\/uploads\/2023\/11\/HTB1RHuybBaE3KVjSZLeq6xsSFXap-38x54.jpg 38w\" sizes=\"auto, (max-width: 750px) 100vw, 750px\" \/><img loading=\"lazy\" decoding=\"async\" class=\"alignnone size-full wp-image-5150\" src=\"https:\/\/uoogear.com\/wp-content\/uploads\/2023\/11\/HTB1kv9CbBKw3KVjSZFOq6yrDVXaO.jpg\" width=\"750\" height=\"951\" alt=\"Tente automatique ext\u00e9rieure 2-3 personnes tente familiale \u00e9tanche randonn\u00e9e Camping lancer tente Pop-Up\" srcset=\"https:\/\/uoogear.com\/wp-content\/uploads\/2023\/11\/HTB1kv9CbBKw3KVjSZFOq6yrDVXaO.jpg 750w, https:\/\/uoogear.com\/wp-content\/uploads\/2023\/11\/HTB1kv9CbBKw3KVjSZFOq6yrDVXaO-237x300.jpg 237w, https:\/\/uoogear.com\/wp-content\/uploads\/2023\/11\/HTB1kv9CbBKw3KVjSZFOq6yrDVXaO-600x761.jpg 600w, https:\/\/uoogear.com\/wp-content\/uploads\/2023\/11\/HTB1kv9CbBKw3KVjSZFOq6yrDVXaO-43x54.jpg 43w\" sizes=\"auto, (max-width: 750px) 100vw, 750px\" \/><img loading=\"lazy\" decoding=\"async\" class=\"alignnone size-full wp-image-5151\" src=\"https:\/\/uoogear.com\/wp-content\/uploads\/2023\/11\/HTB1eGWwbEKF3KVjSZFEq6xExFXac.jpg\" width=\"750\" height=\"505\" alt=\"Tente automatique ext\u00e9rieure 2-3 personnes tente familiale \u00e9tanche randonn\u00e9e Camping lancer tente Pop-Up\" srcset=\"https:\/\/uoogear.com\/wp-content\/uploads\/2023\/11\/HTB1eGWwbEKF3KVjSZFEq6xExFXac.jpg 750w, https:\/\/uoogear.com\/wp-content\/uploads\/2023\/11\/HTB1eGWwbEKF3KVjSZFEq6xExFXac-300x202.jpg 300w, https:\/\/uoogear.com\/wp-content\/uploads\/2023\/11\/HTB1eGWwbEKF3KVjSZFEq6xExFXac-600x404.jpg 600w, https:\/\/uoogear.com\/wp-content\/uploads\/2023\/11\/HTB1eGWwbEKF3KVjSZFEq6xExFXac-80x54.jpg 80w\" sizes=\"auto, (max-width: 750px) 100vw, 750px\" \/><\/p>\n<\/div>","protected":false},"excerpt":{"rendered":"<p>Surface : 3,5 Tissu : Nylon Indice d&#039;\u00e9tanch\u00e9it\u00e9 de la tente ext\u00e9rieure : 2000-3000 Mm Indice d&#039;\u00e9tanch\u00e9it\u00e9 du bas : 2000-3000 Mm Type de b\u00e2timent : Ouverture automatique rapide Style de tente : Type de renfort diagonal Saison : Tente trois saisons Structure : Une chambre Nom du produit : Tente de camping Utilisation : Tente sauvage de camping en plein air Application : Tente automatique en plein air<\/p>\n<div class=\"read-more\"><a class=\"btn btn-fill-out\" href=\"https:\/\/uoogear.com\/fr\/produit\/outdoor-automatic-tent-2-3-people-waterproof-family-tent-hiking-camping-throwing-pop-up-tent\/\">En savoir plus<\/a><\/div>","protected":false},"featured_media":4831,"template":"","meta":[],"product_brand":[],"product_cat":[15],"product_tag":[],"class_list":{"0":"post-4833","1":"product","2":"type-product","3":"status-publish","4":"has-post-thumbnail","6":"product_cat-uncategorized","7":"tm-no-options","9":"first","10":"instock","11":"shipping-taxable","12":"purchasable","13":"product-type-variable"},"_links":{"self":[{"href":"https:\/\/uoogear.com\/fr\/wp-json\/wp\/v2\/product\/4833","targetHints":{"allow":["GET"]}}],"collection":[{"href":"https:\/\/uoogear.com\/fr\/wp-json\/wp\/v2\/product"}],"about":[{"href":"https:\/\/uoogear.com\/fr\/wp-json\/wp\/v2\/types\/product"}],"wp:featuredmedia":[{"embeddable":true,"href":"https:\/\/uoogear.com\/fr\/wp-json\/wp\/v2\/media\/4831"}],"wp:attachment":[{"href":"https:\/\/uoogear.com\/fr\/wp-json\/wp\/v2\/media?parent=4833"}],"wp:term":[{"taxonomy":"product_brand","embeddable":true,"href":"https:\/\/uoogear.com\/fr\/wp-json\/wp\/v2\/product_brand?post=4833"},{"taxonomy":"product_cat","embeddable":true,"href":"https:\/\/uoogear.com\/fr\/wp-json\/wp\/v2\/product_cat?post=4833"},{"taxonomy":"product_tag","embeddable":true,"href":"https:\/\/uoogear.com\/fr\/wp-json\/wp\/v2\/product_tag?post=4833"}],"curies":[{"name":"wp","href":"https:\/\/api.w.org\/{rel}","templated":true}]}}