{"id":4840,"date":"2023-11-14T02:33:48","date_gmt":"2023-11-14T02:33:48","guid":{"rendered":"https:\/\/uoogear.com\/product\/outdoor-upgrade-automatic-tent-3-4-people-double-rainproof-camping-tent-thickening\/"},"modified":"2023-11-30T02:38:04","modified_gmt":"2023-11-30T02:38:04","slug":"outdoor-upgrade-automatic-tent-3-4-people-double-rainproof-camping-tent-thickening","status":"publish","type":"product","link":"https:\/\/uoogear.com\/fr\/produit\/outdoor-upgrade-automatic-tent-3-4-people-double-rainproof-camping-tent-thickening\/","title":{"rendered":"Tente automatique de mise \u00e0 niveau ext\u00e9rieure pour 3 \u00e0 4 personnes, double tente de camping imperm\u00e9able et \u00e9paisse"},"content":{"rendered":"<ul>\n<li><strong>Zone : <\/strong> 4<\/li>\n<li><strong>Tissu : <\/strong> Nylon<\/li>\n<li><strong>Indice d&#039;\u00e9tanch\u00e9it\u00e9 de la tente ext\u00e9rieure\u00a0: <\/strong> 2000-3000 millim\u00e8tres<\/li>\n<li><strong>Indice d&#039;\u00e9tanch\u00e9it\u00e9 inf\u00e9rieur\u00a0: <\/strong> 2000-3000 millim\u00e8tres<\/li>\n<li><strong>Style de tente\u00a0: <\/strong> Type de contreventement diagonal<\/li>\n<li><strong>Saison : <\/strong> Tente quatre saisons<\/li>\n<li><strong>Structure : <\/strong> Une chambre<\/li>\n<li><strong>Nom du produit : <\/strong> tente automatique<\/li>\n<li><strong>Utilisation : <\/strong> Tente sauvage de camping en plein air<\/li>\n<li><strong>Application : <\/strong> Tente familiale de camping en plein air<\/li>\n<\/ul>\n<div>\n<p><strong>Tente automatique de mise \u00e0 niveau ext\u00e9rieure pour 3 \u00e0 4 personnes, double tente de camping imperm\u00e9able et \u00e9paisse<\/strong><\/p>\n<p>Nouvelle tente automatique<\/p>\n<p>Nom du produit : tente automatique pour 3 \u00e0 4 personnes.<br \/>\nTaille: 210*210*150 cm<br \/>\nEmballage: 13*72 cm (diam\u00e8tre * longueur)<br \/>\nTissu: rev\u00eatement imperm\u00e9able en taffetas de polyester 210T 5000MM<br \/>\nTissu de base: rev\u00eatement imperm\u00e9able en tissu Oxford 210D 3000MM<br \/>\nCompte int\u00e9rieur : taffetas de polyester 210T + maille B3<br \/>\nPoteau : ch\u00e2ssis automatique \u00e0 v\u00e9rin pneumatique<br \/>\nPoids : 5100 grammes<br \/>\nCouleur: saphir orange vert arm\u00e9e vert herbe<\/p>\n<p><img loading=\"lazy\" decoding=\"async\" class=\"alignnone size-full wp-image-5152\" src=\"https:\/\/uoogear.com\/wp-content\/uploads\/2023\/11\/HTB1xSwTcoGF3KVjSZFoq6zmpFXar.jpg\" width=\"750\" height=\"538\" alt=\"Tente automatique de mise \u00e0 niveau ext\u00e9rieure pour 3 \u00e0 4 personnes, double tente de camping imperm\u00e9able et \u00e9paisse\" srcset=\"https:\/\/uoogear.com\/wp-content\/uploads\/2023\/11\/HTB1xSwTcoGF3KVjSZFoq6zmpFXar.jpg 750w, https:\/\/uoogear.com\/wp-content\/uploads\/2023\/11\/HTB1xSwTcoGF3KVjSZFoq6zmpFXar-300x215.jpg 300w, https:\/\/uoogear.com\/wp-content\/uploads\/2023\/11\/HTB1xSwTcoGF3KVjSZFoq6zmpFXar-600x430.jpg 600w, https:\/\/uoogear.com\/wp-content\/uploads\/2023\/11\/HTB1xSwTcoGF3KVjSZFoq6zmpFXar-75x54.jpg 75w\" sizes=\"auto, (max-width: 750px) 100vw, 750px\" \/><img loading=\"lazy\" decoding=\"async\" class=\"alignnone size-full wp-image-5153\" src=\"https:\/\/uoogear.com\/wp-content\/uploads\/2023\/11\/HTB1BpZTcf1H3KVjSZFBq6zSMXXa0.jpg\" width=\"750\" height=\"540\" alt=\"Tente automatique de mise \u00e0 niveau ext\u00e9rieure pour 3 \u00e0 4 personnes, double tente de camping imperm\u00e9able et \u00e9paisse\" srcset=\"https:\/\/uoogear.com\/wp-content\/uploads\/2023\/11\/HTB1BpZTcf1H3KVjSZFBq6zSMXXa0.jpg 750w, https:\/\/uoogear.com\/wp-content\/uploads\/2023\/11\/HTB1BpZTcf1H3KVjSZFBq6zSMXXa0-300x216.jpg 300w, https:\/\/uoogear.com\/wp-content\/uploads\/2023\/11\/HTB1BpZTcf1H3KVjSZFBq6zSMXXa0-600x432.jpg 600w, https:\/\/uoogear.com\/wp-content\/uploads\/2023\/11\/HTB1BpZTcf1H3KVjSZFBq6zSMXXa0-75x54.jpg 75w\" sizes=\"auto, (max-width: 750px) 100vw, 750px\" \/><img loading=\"lazy\" decoding=\"async\" class=\"alignnone size-full wp-image-5154\" src=\"https:\/\/uoogear.com\/wp-content\/uploads\/2023\/11\/HTB10W.1clKw3KVjSZFOq6yrDVXaV.jpg\" width=\"750\" height=\"429\" alt=\"Tente automatique de mise \u00e0 niveau ext\u00e9rieure pour 3 \u00e0 4 personnes, double tente de camping imperm\u00e9able et \u00e9paisse\" srcset=\"https:\/\/uoogear.com\/wp-content\/uploads\/2023\/11\/HTB10W.1clKw3KVjSZFOq6yrDVXaV.jpg 750w, https:\/\/uoogear.com\/wp-content\/uploads\/2023\/11\/HTB10W.1clKw3KVjSZFOq6yrDVXaV-300x172.jpg 300w, https:\/\/uoogear.com\/wp-content\/uploads\/2023\/11\/HTB10W.1clKw3KVjSZFOq6yrDVXaV-600x343.jpg 600w, https:\/\/uoogear.com\/wp-content\/uploads\/2023\/11\/HTB10W.1clKw3KVjSZFOq6yrDVXaV-90x51.jpg 90w\" sizes=\"auto, (max-width: 750px) 100vw, 750px\" \/><img loading=\"lazy\" decoding=\"async\" class=\"alignnone size-full wp-image-5155\" src=\"https:\/\/uoogear.com\/wp-content\/uploads\/2023\/11\/HTB1U5tlXgFY.1VjSZFnq6AFHXXay.jpg\" width=\"750\" height=\"889\" alt=\"Tente automatique de mise \u00e0 niveau ext\u00e9rieure pour 3 \u00e0 4 personnes, double tente de camping imperm\u00e9able et \u00e9paisse\" srcset=\"https:\/\/uoogear.com\/wp-content\/uploads\/2023\/11\/HTB1U5tlXgFY.1VjSZFnq6AFHXXay.jpg 750w, https:\/\/uoogear.com\/wp-content\/uploads\/2023\/11\/HTB1U5tlXgFY.1VjSZFnq6AFHXXay-253x300.jpg 253w, https:\/\/uoogear.com\/wp-content\/uploads\/2023\/11\/HTB1U5tlXgFY.1VjSZFnq6AFHXXay-600x711.jpg 600w, https:\/\/uoogear.com\/wp-content\/uploads\/2023\/11\/HTB1U5tlXgFY.1VjSZFnq6AFHXXay-46x54.jpg 46w\" sizes=\"auto, (max-width: 750px) 100vw, 750px\" \/><img loading=\"lazy\" decoding=\"async\" class=\"alignnone size-full wp-image-5156\" src=\"https:\/\/uoogear.com\/wp-content\/uploads\/2023\/11\/HTB1cYM1clKw3KVjSZFOq6yrDVXa4.jpg\" width=\"750\" height=\"930\" alt=\"Tente automatique de mise \u00e0 niveau ext\u00e9rieure pour 3 \u00e0 4 personnes, double tente de camping imperm\u00e9able et \u00e9paisse\" srcset=\"https:\/\/uoogear.com\/wp-content\/uploads\/2023\/11\/HTB1cYM1clKw3KVjSZFOq6yrDVXa4.jpg 750w, https:\/\/uoogear.com\/wp-content\/uploads\/2023\/11\/HTB1cYM1clKw3KVjSZFOq6yrDVXa4-242x300.jpg 242w, https:\/\/uoogear.com\/wp-content\/uploads\/2023\/11\/HTB1cYM1clKw3KVjSZFOq6yrDVXa4-600x744.jpg 600w, https:\/\/uoogear.com\/wp-content\/uploads\/2023\/11\/HTB1cYM1clKw3KVjSZFOq6yrDVXa4-44x54.jpg 44w\" sizes=\"auto, (max-width: 750px) 100vw, 750px\" \/><img loading=\"lazy\" decoding=\"async\" class=\"alignnone size-full wp-image-5157\" src=\"https:\/\/uoogear.com\/wp-content\/uploads\/2023\/11\/HTB1TrI1clKw3KVjSZFOq6yrDVXae.jpg\" width=\"750\" height=\"563\" alt=\"Tente automatique de mise \u00e0 niveau ext\u00e9rieure pour 3 \u00e0 4 personnes, double tente de camping imperm\u00e9able et \u00e9paisse\" srcset=\"https:\/\/uoogear.com\/wp-content\/uploads\/2023\/11\/HTB1TrI1clKw3KVjSZFOq6yrDVXae.jpg 750w, https:\/\/uoogear.com\/wp-content\/uploads\/2023\/11\/HTB1TrI1clKw3KVjSZFOq6yrDVXae-300x225.jpg 300w, https:\/\/uoogear.com\/wp-content\/uploads\/2023\/11\/HTB1TrI1clKw3KVjSZFOq6yrDVXae-600x450.jpg 600w, https:\/\/uoogear.com\/wp-content\/uploads\/2023\/11\/HTB1TrI1clKw3KVjSZFOq6yrDVXae-72x54.jpg 72w\" sizes=\"auto, (max-width: 750px) 100vw, 750px\" \/><img loading=\"lazy\" decoding=\"async\" class=\"alignnone size-full wp-image-5158\" src=\"https:\/\/uoogear.com\/wp-content\/uploads\/2023\/11\/HTB10yhlXgFY.1VjSZFqq6ydbXXas.jpg\" width=\"750\" height=\"508\" alt=\"Tente automatique de mise \u00e0 niveau ext\u00e9rieure pour 3 \u00e0 4 personnes, double tente de camping imperm\u00e9able et \u00e9paisse\" srcset=\"https:\/\/uoogear.com\/wp-content\/uploads\/2023\/11\/HTB10yhlXgFY.1VjSZFqq6ydbXXas.jpg 750w, https:\/\/uoogear.com\/wp-content\/uploads\/2023\/11\/HTB10yhlXgFY.1VjSZFqq6ydbXXas-300x203.jpg 300w, https:\/\/uoogear.com\/wp-content\/uploads\/2023\/11\/HTB10yhlXgFY.1VjSZFqq6ydbXXas-600x406.jpg 600w, https:\/\/uoogear.com\/wp-content\/uploads\/2023\/11\/HTB10yhlXgFY.1VjSZFqq6ydbXXas-80x54.jpg 80w\" sizes=\"auto, (max-width: 750px) 100vw, 750px\" \/><img loading=\"lazy\" decoding=\"async\" class=\"alignnone size-full wp-image-5159\" src=\"https:\/\/uoogear.com\/wp-content\/uploads\/2023\/11\/HTB1oO7TcoCF3KVjSZJnq6znHFXaK.jpg\" width=\"750\" height=\"508\" alt=\"Tente automatique de mise \u00e0 niveau ext\u00e9rieure pour 3 \u00e0 4 personnes, double tente de camping imperm\u00e9able et \u00e9paisse\" srcset=\"https:\/\/uoogear.com\/wp-content\/uploads\/2023\/11\/HTB1oO7TcoCF3KVjSZJnq6znHFXaK.jpg 750w, https:\/\/uoogear.com\/wp-content\/uploads\/2023\/11\/HTB1oO7TcoCF3KVjSZJnq6znHFXaK-300x203.jpg 300w, https:\/\/uoogear.com\/wp-content\/uploads\/2023\/11\/HTB1oO7TcoCF3KVjSZJnq6znHFXaK-600x406.jpg 600w, https:\/\/uoogear.com\/wp-content\/uploads\/2023\/11\/HTB1oO7TcoCF3KVjSZJnq6znHFXaK-80x54.jpg 80w\" sizes=\"auto, (max-width: 750px) 100vw, 750px\" \/><img loading=\"lazy\" decoding=\"async\" class=\"alignnone size-full wp-image-5160\" src=\"https:\/\/uoogear.com\/wp-content\/uploads\/2023\/11\/HTB1dO7TcoCF3KVjSZJnq6znHFXan.jpg\" width=\"750\" height=\"506\" alt=\"Tente automatique de mise \u00e0 niveau ext\u00e9rieure pour 3 \u00e0 4 personnes, double tente de camping imperm\u00e9able et \u00e9paisse\" srcset=\"https:\/\/uoogear.com\/wp-content\/uploads\/2023\/11\/HTB1dO7TcoCF3KVjSZJnq6znHFXan.jpg 750w, https:\/\/uoogear.com\/wp-content\/uploads\/2023\/11\/HTB1dO7TcoCF3KVjSZJnq6znHFXan-300x202.jpg 300w, https:\/\/uoogear.com\/wp-content\/uploads\/2023\/11\/HTB1dO7TcoCF3KVjSZJnq6znHFXan-600x405.jpg 600w, https:\/\/uoogear.com\/wp-content\/uploads\/2023\/11\/HTB1dO7TcoCF3KVjSZJnq6znHFXan-80x54.jpg 80w\" sizes=\"auto, (max-width: 750px) 100vw, 750px\" \/><img loading=\"lazy\" decoding=\"async\" class=\"alignnone size-full wp-image-5161\" src=\"https:\/\/uoogear.com\/wp-content\/uploads\/2023\/11\/HTB16a7Vck5E3KVjSZFCq6zuzXXaJ.jpg\" width=\"750\" height=\"474\" alt=\"Tente automatique de mise \u00e0 niveau ext\u00e9rieure pour 3 \u00e0 4 personnes, double tente de camping imperm\u00e9able et \u00e9paisse\" srcset=\"https:\/\/uoogear.com\/wp-content\/uploads\/2023\/11\/HTB16a7Vck5E3KVjSZFCq6zuzXXaJ.jpg 750w, https:\/\/uoogear.com\/wp-content\/uploads\/2023\/11\/HTB16a7Vck5E3KVjSZFCq6zuzXXaJ-300x190.jpg 300w, https:\/\/uoogear.com\/wp-content\/uploads\/2023\/11\/HTB16a7Vck5E3KVjSZFCq6zuzXXaJ-600x379.jpg 600w, https:\/\/uoogear.com\/wp-content\/uploads\/2023\/11\/HTB16a7Vck5E3KVjSZFCq6zuzXXaJ-85x54.jpg 85w\" sizes=\"auto, (max-width: 750px) 100vw, 750px\" \/><img loading=\"lazy\" decoding=\"async\" class=\"alignnone size-full wp-image-5162\" src=\"https:\/\/uoogear.com\/wp-content\/uploads\/2023\/11\/HTB1uV08XLBj_uVjSZFpq6A0SXXaF.jpg\" width=\"750\" height=\"518\" alt=\"Tente automatique de mise \u00e0 niveau ext\u00e9rieure pour 3 \u00e0 4 personnes, double tente de camping imperm\u00e9able et \u00e9paisse\" srcset=\"https:\/\/uoogear.com\/wp-content\/uploads\/2023\/11\/HTB1uV08XLBj_uVjSZFpq6A0SXXaF.jpg 750w, https:\/\/uoogear.com\/wp-content\/uploads\/2023\/11\/HTB1uV08XLBj_uVjSZFpq6A0SXXaF-300x207.jpg 300w, https:\/\/uoogear.com\/wp-content\/uploads\/2023\/11\/HTB1uV08XLBj_uVjSZFpq6A0SXXaF-600x414.jpg 600w, https:\/\/uoogear.com\/wp-content\/uploads\/2023\/11\/HTB1uV08XLBj_uVjSZFpq6A0SXXaF-78x54.jpg 78w\" sizes=\"auto, (max-width: 750px) 100vw, 750px\" \/><img loading=\"lazy\" decoding=\"async\" class=\"alignnone size-full wp-image-5163\" src=\"https:\/\/uoogear.com\/wp-content\/uploads\/2023\/11\/HTB1uZM4cbus3KVjSZKbq6xqkFXao.jpg\" width=\"750\" height=\"506\" alt=\"Tente automatique de mise \u00e0 niveau ext\u00e9rieure pour 3 \u00e0 4 personnes, double tente de camping imperm\u00e9able et \u00e9paisse\" srcset=\"https:\/\/uoogear.com\/wp-content\/uploads\/2023\/11\/HTB1uZM4cbus3KVjSZKbq6xqkFXao.jpg 750w, https:\/\/uoogear.com\/wp-content\/uploads\/2023\/11\/HTB1uZM4cbus3KVjSZKbq6xqkFXao-300x202.jpg 300w, https:\/\/uoogear.com\/wp-content\/uploads\/2023\/11\/HTB1uZM4cbus3KVjSZKbq6xqkFXao-600x405.jpg 600w, https:\/\/uoogear.com\/wp-content\/uploads\/2023\/11\/HTB1uZM4cbus3KVjSZKbq6xqkFXao-80x54.jpg 80w\" sizes=\"auto, (max-width: 750px) 100vw, 750px\" \/><img loading=\"lazy\" decoding=\"async\" class=\"alignnone size-full wp-image-5164\" src=\"https:\/\/uoogear.com\/wp-content\/uploads\/2023\/11\/HTB1GiZ0clGw3KVjSZFwq6zQ2FXan.jpg\" width=\"750\" height=\"508\" alt=\"Tente automatique de mise \u00e0 niveau ext\u00e9rieure pour 3 \u00e0 4 personnes, double tente de camping imperm\u00e9able et \u00e9paisse\" srcset=\"https:\/\/uoogear.com\/wp-content\/uploads\/2023\/11\/HTB1GiZ0clGw3KVjSZFwq6zQ2FXan.jpg 750w, https:\/\/uoogear.com\/wp-content\/uploads\/2023\/11\/HTB1GiZ0clGw3KVjSZFwq6zQ2FXan-300x203.jpg 300w, https:\/\/uoogear.com\/wp-content\/uploads\/2023\/11\/HTB1GiZ0clGw3KVjSZFwq6zQ2FXan-600x406.jpg 600w, https:\/\/uoogear.com\/wp-content\/uploads\/2023\/11\/HTB1GiZ0clGw3KVjSZFwq6zQ2FXan-80x54.jpg 80w\" sizes=\"auto, (max-width: 750px) 100vw, 750px\" \/><img loading=\"lazy\" decoding=\"async\" class=\"alignnone size-full wp-image-5165\" src=\"https:\/\/uoogear.com\/wp-content\/uploads\/2023\/11\/HTB1vscTcfWG3KVjSZFgq6zTspXaF.jpg\" width=\"750\" height=\"878\" alt=\"Tente automatique de mise \u00e0 niveau ext\u00e9rieure pour 3 \u00e0 4 personnes, double tente de camping imperm\u00e9able et \u00e9paisse\" srcset=\"https:\/\/uoogear.com\/wp-content\/uploads\/2023\/11\/HTB1vscTcfWG3KVjSZFgq6zTspXaF.jpg 750w, https:\/\/uoogear.com\/wp-content\/uploads\/2023\/11\/HTB1vscTcfWG3KVjSZFgq6zTspXaF-256x300.jpg 256w, https:\/\/uoogear.com\/wp-content\/uploads\/2023\/11\/HTB1vscTcfWG3KVjSZFgq6zTspXaF-600x702.jpg 600w, https:\/\/uoogear.com\/wp-content\/uploads\/2023\/11\/HTB1vscTcfWG3KVjSZFgq6zTspXaF-46x54.jpg 46w\" sizes=\"auto, (max-width: 750px) 100vw, 750px\" \/><img loading=\"lazy\" decoding=\"async\" class=\"alignnone size-full wp-image-5166\" src=\"https:\/\/uoogear.com\/wp-content\/uploads\/2023\/11\/HTB1UsIWclGE3KVjSZFhq6AkaFXaA.jpg\" width=\"750\" height=\"808\" alt=\"Tente automatique de mise \u00e0 niveau ext\u00e9rieure pour 3 \u00e0 4 personnes, double tente de camping imperm\u00e9able et \u00e9paisse\" srcset=\"https:\/\/uoogear.com\/wp-content\/uploads\/2023\/11\/HTB1UsIWclGE3KVjSZFhq6AkaFXaA.jpg 750w, https:\/\/uoogear.com\/wp-content\/uploads\/2023\/11\/HTB1UsIWclGE3KVjSZFhq6AkaFXaA-278x300.jpg 278w, https:\/\/uoogear.com\/wp-content\/uploads\/2023\/11\/HTB1UsIWclGE3KVjSZFhq6AkaFXaA-600x646.jpg 600w, https:\/\/uoogear.com\/wp-content\/uploads\/2023\/11\/HTB1UsIWclGE3KVjSZFhq6AkaFXaA-50x54.jpg 50w\" sizes=\"auto, (max-width: 750px) 100vw, 750px\" \/><\/p>\n<\/div>","protected":false},"excerpt":{"rendered":"<p>Zone : 4 Tissu : Nylon Indice d&#039;\u00e9tanch\u00e9it\u00e9 de la tente ext\u00e9rieure : 2000-3000 Mm Indice d&#039;\u00e9tanch\u00e9it\u00e9 du bas : 2000-3000 Mm Style de tente : Type de renfort diagonal Saison : Structure de tente quatre saisons : Une chambre Nom du produit : tente automatique Utilisation : Tente sauvage de camping en plein air Application : Tente familiale de camping en plein air Tente automatique de mise \u00e0 niveau ext\u00e9rieure 3-4<\/p>\n<div class=\"read-more\"><a class=\"btn btn-fill-out\" href=\"https:\/\/uoogear.com\/fr\/produit\/outdoor-upgrade-automatic-tent-3-4-people-double-rainproof-camping-tent-thickening\/\">En savoir plus<\/a><\/div>","protected":false},"featured_media":4839,"template":"","meta":[],"product_brand":[],"product_cat":[15],"product_tag":[],"class_list":{"0":"post-4840","1":"product","2":"type-product","3":"status-publish","4":"has-post-thumbnail","6":"product_cat-uncategorized","7":"tm-no-options","9":"first","10":"instock","11":"shipping-taxable","12":"purchasable","13":"product-type-variable"},"_links":{"self":[{"href":"https:\/\/uoogear.com\/fr\/wp-json\/wp\/v2\/product\/4840","targetHints":{"allow":["GET"]}}],"collection":[{"href":"https:\/\/uoogear.com\/fr\/wp-json\/wp\/v2\/product"}],"about":[{"href":"https:\/\/uoogear.com\/fr\/wp-json\/wp\/v2\/types\/product"}],"wp:featuredmedia":[{"embeddable":true,"href":"https:\/\/uoogear.com\/fr\/wp-json\/wp\/v2\/media\/4839"}],"wp:attachment":[{"href":"https:\/\/uoogear.com\/fr\/wp-json\/wp\/v2\/media?parent=4840"}],"wp:term":[{"taxonomy":"product_brand","embeddable":true,"href":"https:\/\/uoogear.com\/fr\/wp-json\/wp\/v2\/product_brand?post=4840"},{"taxonomy":"product_cat","embeddable":true,"href":"https:\/\/uoogear.com\/fr\/wp-json\/wp\/v2\/product_cat?post=4840"},{"taxonomy":"product_tag","embeddable":true,"href":"https:\/\/uoogear.com\/fr\/wp-json\/wp\/v2\/product_tag?post=4840"}],"curies":[{"name":"wp","href":"https:\/\/api.w.org\/{rel}","templated":true}]}}