{"id":4852,"date":"2023-11-14T02:34:28","date_gmt":"2023-11-14T02:34:28","guid":{"rendered":"https:\/\/uoogear.com\/product\/large-throw-tent-outdoor-3-4-persons-automatic-speed-open-throwing-pop-up-windproof-waterproof-beach-camping-tent-large-space\/"},"modified":"2023-11-30T02:37:17","modified_gmt":"2023-11-30T02:37:17","slug":"large-throw-tent-outdoor-3-4-persons-automatic-speed-open-throwing-pop-up-windproof-waterproof-beach-camping-tent-large-space","status":"publish","type":"product","link":"https:\/\/uoogear.com\/fr\/produit\/large-throw-tent-outdoor-3-4-persons-automatic-speed-open-throwing-pop-up-windproof-waterproof-beach-camping-tent-large-space\/","title":{"rendered":"Grande tente d&#039;ext\u00e9rieur pour 3 \u00e0 4 personnes, vitesse automatique, ouverture pop-up, coupe-vent, imperm\u00e9able, plage, camping, grand espace"},"content":{"rendered":"<ul>\n<li><strong>Mat\u00e9riau du poteau\u00a0: <\/strong> fibres de verre<\/li>\n<li><strong>Taper : <\/strong> Tente 3 \u00e0 4 personnes<\/li>\n<li><strong>Tissu : <\/strong> Tissu Oxford<\/li>\n<li><strong>Couches : <\/strong> Double<\/li>\n<\/ul>\n<div>\n<p>Grande tente d&#039;ext\u00e9rieur pour 3 \u00e0 4 personnes, vitesse automatique, ouverture pop-up, coupe-vent, imperm\u00e9able, plage, camping, grand espace<\/p>\n<p>1, les tentes de camping familiales sont de conception pop-up, ouvertes en 5 secondes ; pliables, faciles \u00e0 transporter, seulement 3,7 kg.<\/p>\n<p>2, portes et fen\u00eatres grillag\u00e9es, quatre c\u00f4t\u00e9s de ventilation, anti-moustiques et insectes ; peuvent \u00eatre utilis\u00e9s en 3 saisons.<\/p>\n<p>3, conception \u00e0 double porte, facile \u00e0 entrer et \u00e0 sortir; les portes et les fen\u00eatres des tentes de camping familiales peuvent \u00eatre compl\u00e8tement ferm\u00e9es pour prot\u00e9ger le temps d&#039;intimit\u00e9.<\/p>\n<p>4, tentes de camping familiales grand espace, adapt\u00e9es aux amis de la famille de 3 \u00e0 4 personnes \u00e0 utiliser \u00e0 l&#039;ext\u00e9rieur.<\/p>\n<p>5. De haute qualit\u00e9 et durables, les tentes de camping familiales Star Home fonctionneront bien pour de courts s\u00e9jours de camping avec une petite famille, un couple ou un individu. Les tentes de camping familiales Star Home vous permettent de profiter des bons moments.<\/p>\n<p>&nbsp;<\/p>\n<p><img decoding=\"async\" src=\"\/\/sc02.alicdn.com\/kf\/HTB1nNN1aubviK0jSZFNq6yApXXat\/222400006\/HTB1nNN1aubviK0jSZFNq6yApXXat.jpg\" alt=\"Grande tente d&#039;ext\u00e9rieur pour 3 \u00e0 4 personnes, vitesse automatique, ouverture pop-up, coupe-vent, imperm\u00e9able, plage, camping, grand espace\" width=\"750\" height=\"671.25\" data-src=\"\/\/sc02.alicdn.com\/kf\/HTB1nNN1aubviK0jSZFNq6yApXXat\/222400006\/HTB1nNN1aubviK0jSZFNq6yApXXat.jpg\" data-alt=\"Large throw tent outdoor 3-4 persons automatic speed open throwing pop up windproof waterproof beach camping tent large space\" \/><img decoding=\"async\" src=\"\/\/sc01.alicdn.com\/kf\/HTB1Fy3za1H2gK0jSZJnq6yT1FXaw\/222400006\/HTB1Fy3za1H2gK0jSZJnq6yT1FXaw.jpg\" alt=\"Grande tente d&#039;ext\u00e9rieur pour 3 \u00e0 4 personnes, vitesse automatique, ouverture pop-up, coupe-vent, imperm\u00e9able, plage, camping, grand espace\" width=\"750\" height=\"648.75\" data-src=\"\/\/sc01.alicdn.com\/kf\/HTB1Fy3za1H2gK0jSZJnq6yT1FXaw\/222400006\/HTB1Fy3za1H2gK0jSZJnq6yT1FXaw.jpg\" data-alt=\"Large throw tent outdoor 3-4 persons automatic speed open throwing pop up windproof waterproof beach camping tent large space\" \/><img decoding=\"async\" src=\"\/\/sc01.alicdn.com\/kf\/HTB1LwZza7L0gK0jSZFAq6AA9pXaD\/222400006\/HTB1LwZza7L0gK0jSZFAq6AA9pXaD.jpg\" alt=\"Grande tente d&#039;ext\u00e9rieur pour 3 \u00e0 4 personnes, vitesse automatique, ouverture pop-up, coupe-vent, imperm\u00e9able, plage, camping, grand espace\" width=\"750\" height=\"881.25\" data-src=\"\/\/sc01.alicdn.com\/kf\/HTB1LwZza7L0gK0jSZFAq6AA9pXaD\/222400006\/HTB1LwZza7L0gK0jSZFAq6AA9pXaD.jpg\" data-alt=\"Large throw tent outdoor 3-4 persons automatic speed open throwing pop up windproof waterproof beach camping tent large space\" \/><img decoding=\"async\" src=\"\/\/sc01.alicdn.com\/kf\/HTB1zyUya.D1gK0jSZFGq6zd3FXab\/222400006\/HTB1zyUya.D1gK0jSZFGq6zd3FXab.jpg\" alt=\"Grande tente d&#039;ext\u00e9rieur pour 3 \u00e0 4 personnes, vitesse automatique, ouverture pop-up, coupe-vent, imperm\u00e9able, plage, camping, grand espace\" width=\"750\" height=\"534.375\" data-src=\"\/\/sc01.alicdn.com\/kf\/HTB1zyUya.D1gK0jSZFGq6zd3FXab\/222400006\/HTB1zyUya.D1gK0jSZFGq6zd3FXab.jpg\" data-alt=\"Large throw tent outdoor 3-4 persons automatic speed open throwing pop up windproof waterproof beach camping tent large space\" \/><img loading=\"lazy\" decoding=\"async\" src=\"\/\/sc01.alicdn.com\/kf\/HTB1Ko3ya5_1gK0jSZFqq6ApaXXa8\/222400006\/HTB1Ko3ya5_1gK0jSZFqq6ApaXXa8.jpg\" alt=\"Grande tente d&#039;ext\u00e9rieur pour 3 \u00e0 4 personnes, vitesse automatique, ouverture pop-up, coupe-vent, imperm\u00e9able, plage, camping, grand espace\" width=\"750\" height=\"600\" data-src=\"\/\/sc01.alicdn.com\/kf\/HTB1Ko3ya5_1gK0jSZFqq6ApaXXa8\/222400006\/HTB1Ko3ya5_1gK0jSZFqq6ApaXXa8.jpg\" data-alt=\"Large throw tent outdoor 3-4 persons automatic speed open throwing pop up windproof waterproof beach camping tent large space\" \/><img decoding=\"async\" src=\"\/\/sc02.alicdn.com\/kf\/HTB1Hi7ya.T1gK0jSZFrq6ANCXXaS\/222400006\/HTB1Hi7ya.T1gK0jSZFrq6ANCXXaS.jpg\" alt=\"Grande tente d&#039;ext\u00e9rieur pour 3 \u00e0 4 personnes, vitesse automatique, ouverture pop-up, coupe-vent, imperm\u00e9able, plage, camping, grand espace\" width=\"750\" height=\"678.75\" data-src=\"\/\/sc02.alicdn.com\/kf\/HTB1Hi7ya.T1gK0jSZFrq6ANCXXaS\/222400006\/HTB1Hi7ya.T1gK0jSZFrq6ANCXXaS.jpg\" data-alt=\"Large throw tent outdoor 3-4 persons automatic speed open throwing pop up windproof waterproof beach camping tent large space\" \/><img decoding=\"async\" src=\"\/\/sc01.alicdn.com\/kf\/HTB1bxR1aubviK0jSZFNq6yApXXaI\/222400006\/HTB1bxR1aubviK0jSZFNq6yApXXaI.jpg\" alt=\"Grande tente d&#039;ext\u00e9rieur pour 3 \u00e0 4 personnes, vitesse automatique, ouverture pop-up, coupe-vent, imperm\u00e9able, plage, camping, grand espace\" width=\"750\" height=\"736.875\" data-src=\"\/\/sc01.alicdn.com\/kf\/HTB1bxR1aubviK0jSZFNq6yApXXaI\/222400006\/HTB1bxR1aubviK0jSZFNq6yApXXaI.jpg\" data-alt=\"Large throw tent outdoor 3-4 persons automatic speed open throwing pop up windproof waterproof beach camping tent large space\" \/><img decoding=\"async\" src=\"\/\/sc01.alicdn.com\/kf\/HTB1rewya2b2gK0jSZK9q6yEgFXae\/222400006\/HTB1rewya2b2gK0jSZK9q6yEgFXae.jpg\" alt=\"Grande tente d&#039;ext\u00e9rieur pour 3 \u00e0 4 personnes, vitesse automatique, ouverture pop-up, coupe-vent, imperm\u00e9able, plage, camping, grand espace\" width=\"750\" height=\"786.5625\" data-src=\"\/\/sc01.alicdn.com\/kf\/HTB1rewya2b2gK0jSZK9q6yEgFXae\/222400006\/HTB1rewya2b2gK0jSZK9q6yEgFXae.jpg\" data-alt=\"Large throw tent outdoor 3-4 persons automatic speed open throwing pop up windproof waterproof beach camping tent large space\" \/><img decoding=\"async\" src=\"\/\/sc01.alicdn.com\/kf\/HTB1lMEAaYH1gK0jSZFwq6A7aXXaG\/222400006\/HTB1lMEAaYH1gK0jSZFwq6A7aXXaG.jpg\" alt=\"Grande tente d&#039;ext\u00e9rieur pour 3 \u00e0 4 personnes, vitesse automatique, ouverture pop-up, coupe-vent, imperm\u00e9able, plage, camping, grand espace\" width=\"750\" height=\"676.875\" data-src=\"\/\/sc01.alicdn.com\/kf\/HTB1lMEAaYH1gK0jSZFwq6A7aXXaG\/222400006\/HTB1lMEAaYH1gK0jSZFwq6A7aXXaG.jpg\" data-alt=\"Large throw tent outdoor 3-4 persons automatic speed open throwing pop up windproof waterproof beach camping tent large space\" \/><img decoding=\"async\" src=\"\/\/sc01.alicdn.com\/kf\/HTB1U4wya7Y2gK0jSZFgq6A5OFXaP\/222400006\/HTB1U4wya7Y2gK0jSZFgq6A5OFXaP.jpg\" alt=\"Grande tente d&#039;ext\u00e9rieur pour 3 \u00e0 4 personnes, vitesse automatique, ouverture pop-up, coupe-vent, imperm\u00e9able, plage, camping, grand espace\" width=\"750\" height=\"725.6250000000001\" data-src=\"\/\/sc01.alicdn.com\/kf\/HTB1U4wya7Y2gK0jSZFgq6A5OFXaP\/222400006\/HTB1U4wya7Y2gK0jSZFgq6A5OFXaP.jpg\" data-alt=\"Large throw tent outdoor 3-4 persons automatic speed open throwing pop up windproof waterproof beach camping tent large space\" \/><img decoding=\"async\" src=\"\/\/sc01.alicdn.com\/kf\/HTB1ZuMya2b2gK0jSZK9q6yEgFXad\/222400006\/HTB1ZuMya2b2gK0jSZK9q6yEgFXad.jpg\" alt=\"Grande tente d&#039;ext\u00e9rieur pour 3 \u00e0 4 personnes, vitesse automatique, ouverture pop-up, coupe-vent, imperm\u00e9able, plage, camping, grand espace\" width=\"750\" height=\"684.375\" data-src=\"\/\/sc01.alicdn.com\/kf\/HTB1ZuMya2b2gK0jSZK9q6yEgFXad\/222400006\/HTB1ZuMya2b2gK0jSZK9q6yEgFXad.jpg\" data-alt=\"Large throw tent outdoor 3-4 persons automatic speed open throwing pop up windproof waterproof beach camping tent large space\" \/><img decoding=\"async\" src=\"\/\/sc02.alicdn.com\/kf\/HTB1cgUya7P2gK0jSZPxq6ycQpXaD\/222400006\/HTB1cgUya7P2gK0jSZPxq6ycQpXaD.jpg\" alt=\"Grande tente d&#039;ext\u00e9rieur pour 3 \u00e0 4 personnes, vitesse automatique, ouverture pop-up, coupe-vent, imperm\u00e9able, plage, camping, grand espace\" width=\"750\" height=\"1042.5\" data-src=\"\/\/sc02.alicdn.com\/kf\/HTB1cgUya7P2gK0jSZPxq6ycQpXaD\/222400006\/HTB1cgUya7P2gK0jSZPxq6ycQpXaD.jpg\" data-alt=\"Large throw tent outdoor 3-4 persons automatic speed open throwing pop up windproof waterproof beach camping tent large space\" \/><img decoding=\"async\" src=\"\/\/sc02.alicdn.com\/kf\/HTB1v_ZzaYr1gK0jSZR0q6zP8XXaj\/222400006\/HTB1v_ZzaYr1gK0jSZR0q6zP8XXaj.jpg\" alt=\"Grande tente d&#039;ext\u00e9rieur pour 3 \u00e0 4 personnes, vitesse automatique, ouverture pop-up, coupe-vent, imperm\u00e9able, plage, camping, grand espace\" width=\"750\" height=\"935.625\" data-src=\"\/\/sc02.alicdn.com\/kf\/HTB1v_ZzaYr1gK0jSZR0q6zP8XXaj\/222400006\/HTB1v_ZzaYr1gK0jSZR0q6zP8XXaj.jpg\" data-alt=\"Large throw tent outdoor 3-4 persons automatic speed open throwing pop up windproof waterproof beach camping tent large space\" \/><img decoding=\"async\" src=\"\/\/sc01.alicdn.com\/kf\/HTB1KH7BaYj1gK0jSZFOq6A7GpXag\/222400006\/HTB1KH7BaYj1gK0jSZFOq6A7GpXag.jpg\" alt=\"Grande tente d&#039;ext\u00e9rieur pour 3 \u00e0 4 personnes, vitesse automatique, ouverture pop-up, coupe-vent, imperm\u00e9able, plage, camping, grand espace\" width=\"750\" height=\"736.875\" data-src=\"\/\/sc01.alicdn.com\/kf\/HTB1KH7BaYj1gK0jSZFOq6A7GpXag\/222400006\/HTB1KH7BaYj1gK0jSZFOq6A7GpXag.jpg\" data-alt=\"Large throw tent outdoor 3-4 persons automatic speed open throwing pop up windproof waterproof beach camping tent large space\" \/><\/p>\n<\/div>","protected":false},"excerpt":{"rendered":"<p>Mat\u00e9riau du poteau : fibre de verre Type : tente pour 3 \u00e0 4 personnes Tissu : tissu Oxford Couches : double grande tente ext\u00e9rieure 3-4 personnes vitesse automatique ouverture pop up coupe-vent imperm\u00e9able tente de camping de plage grand espace 1, les tentes de camping familiales sont de conception pop-up , ouvert en 5 secondes ; pliable, facile \u00e0 transporter, seulement 3,7 KG. 2, portes grillag\u00e9es<\/p>\n<div class=\"read-more\"><a class=\"btn btn-fill-out\" href=\"https:\/\/uoogear.com\/fr\/produit\/large-throw-tent-outdoor-3-4-persons-automatic-speed-open-throwing-pop-up-windproof-waterproof-beach-camping-tent-large-space\/\">En savoir plus<\/a><\/div>","protected":false},"featured_media":4850,"template":"","meta":[],"product_brand":[],"product_cat":[15],"product_tag":[],"class_list":{"0":"post-4852","1":"product","2":"type-product","3":"status-publish","4":"has-post-thumbnail","6":"product_cat-uncategorized","7":"tm-no-options","9":"first","10":"instock","11":"shipping-taxable","12":"purchasable","13":"product-type-variable"},"_links":{"self":[{"href":"https:\/\/uoogear.com\/fr\/wp-json\/wp\/v2\/product\/4852","targetHints":{"allow":["GET"]}}],"collection":[{"href":"https:\/\/uoogear.com\/fr\/wp-json\/wp\/v2\/product"}],"about":[{"href":"https:\/\/uoogear.com\/fr\/wp-json\/wp\/v2\/types\/product"}],"wp:featuredmedia":[{"embeddable":true,"href":"https:\/\/uoogear.com\/fr\/wp-json\/wp\/v2\/media\/4850"}],"wp:attachment":[{"href":"https:\/\/uoogear.com\/fr\/wp-json\/wp\/v2\/media?parent=4852"}],"wp:term":[{"taxonomy":"product_brand","embeddable":true,"href":"https:\/\/uoogear.com\/fr\/wp-json\/wp\/v2\/product_brand?post=4852"},{"taxonomy":"product_cat","embeddable":true,"href":"https:\/\/uoogear.com\/fr\/wp-json\/wp\/v2\/product_cat?post=4852"},{"taxonomy":"product_tag","embeddable":true,"href":"https:\/\/uoogear.com\/fr\/wp-json\/wp\/v2\/product_tag?post=4852"}],"curies":[{"name":"wp","href":"https:\/\/api.w.org\/{rel}","templated":true}]}}