{"id":4867,"date":"2023-11-14T02:55:03","date_gmt":"2023-11-14T02:55:03","guid":{"rendered":"https:\/\/uoogear.com\/product\/npot-customized-rooftop-car-tent-roof-rooftop-roof-tent-4-person-rooftop-tent-hard-shell\/"},"modified":"2023-11-30T08:54:13","modified_gmt":"2023-11-30T08:54:13","slug":"npot-customized-rooftop-car-tent-roof-rooftop-roof-tent-4-person-rooftop-tent-hard-shell","status":"publish","type":"product","link":"https:\/\/uoogear.com\/fr\/produit\/npot-customized-rooftop-car-tent-roof-rooftop-roof-tent-4-person-rooftop-tent-hard-shell\/","title":{"rendered":"NPOT Tente de voiture sur le toit personnalis\u00e9e Tente de toit sur le toit Tente de toit pour 4 personnes Coque dure"},"content":{"rendered":"<ul>\n<li><strong>Zone : <\/strong> 0,54 m\u00b2<\/li>\n<li><strong>Tissu : <\/strong> Toile\/tissu Oxford<\/li>\n<li><strong>Indice d&#039;\u00e9tanch\u00e9it\u00e9 de la tente ext\u00e9rieure\u00a0: <\/strong> 2000-3000 millim\u00e8tres<\/li>\n<li><strong>Indice d&#039;\u00e9tanch\u00e9it\u00e9 inf\u00e9rieur\u00a0: <\/strong> &gt;3000mm<\/li>\n<li><strong>Style de tente\u00a0: <\/strong> Jeu de camouflage\/terrain<\/li>\n<li><strong>Saison : <\/strong> Tente trois saisons, Tente quatre saisons<\/li>\n<li><strong>Structure : <\/strong> Deux chambres<\/li>\n<li><strong>Taper : <\/strong> tente de voiture sur le toit<\/li>\n<li><strong>Couleur : <\/strong> m\u00e9tal<\/li>\n<li><strong>Fonction : <\/strong> Tente de camping \u00e0 ouverture rapide<\/li>\n<li><strong>Fonctionnalit\u00e9 : <\/strong> R\u00e9sistant aux UV 50+<\/li>\n<li><strong>Voler : <\/strong> Polyester 420D<\/li>\n<li><strong>Mat\u00e9riau du poteau\u00a0: <\/strong> Aluminium<\/li>\n<li><strong>Taille : <\/strong> 168 cm * 210 cm * 130 cm<\/li>\n<li><strong>Poids : <\/strong> 76,1 kg<\/li>\n<\/ul>\n<div>\n<div data-section=\"AliPostDhMb-cm8h5\" data-section-title=\"Product Description\">\n<div>Description du produit<\/div>\n<div>\n<p>&nbsp;<\/p>\n<h1>Toit de toit de tente de voiture sur le toit personnalis\u00e9<\/h1>\n<p><img loading=\"lazy\" decoding=\"async\" src=\"https:\/\/uoogear.com\/wp-content\/uploads\/2023\/11\/H8f28781d077e4eb081fdcb641db74dfd2-wpp1701334016258.webp\" alt=\"NPOT Tente de voiture sur le toit personnalis\u00e9e Tente de toit sur le toit Tente de toit pour 4 personnes Coque dure\" width=\"750\" height=\"750\" data-src=\"https:\/\/uoogear.com\/wp-content\/uploads\/2023\/11\/H8f28781d077e4eb081fdcb641db74dfd2-wpp1701334016258.webp\" data-alt=\"NPOT Customized rooftop car tent roof rooftop roof tent 4 person rooftop tent hard shell\" \/> <img loading=\"lazy\" decoding=\"async\" src=\"https:\/\/uoogear.com\/wp-content\/uploads\/2023\/11\/H76a304b388f849a2a0893419bd3dd0a8V.webp\" alt=\"NPOT Tente de voiture sur le toit personnalis\u00e9e Tente de toit sur le toit Tente de toit pour 4 personnes Coque dure\" width=\"750\" height=\"750\" data-src=\"https:\/\/uoogear.com\/wp-content\/uploads\/2023\/11\/H76a304b388f849a2a0893419bd3dd0a8V.webp\" data-alt=\"NPOT Customized rooftop car tent roof rooftop roof tent 4 person rooftop tent hard shell\" \/> <img loading=\"lazy\" decoding=\"async\" src=\"https:\/\/uoogear.com\/wp-content\/uploads\/2023\/11\/H0a00af5c72954173a33759bfeeba33aaB.webp\" alt=\"NPOT Tente de voiture sur le toit personnalis\u00e9e Tente de toit sur le toit Tente de toit pour 4 personnes Coque dure\" width=\"750\" height=\"750\" data-src=\"https:\/\/uoogear.com\/wp-content\/uploads\/2023\/11\/H0a00af5c72954173a33759bfeeba33aaB.webp\" data-alt=\"NPOT Customized rooftop car tent roof rooftop roof tent 4 person rooftop tent hard shell\" \/> <img loading=\"lazy\" decoding=\"async\" src=\"https:\/\/uoogear.com\/wp-content\/uploads\/2023\/11\/Haa8adad7833b4beea4f9188bbef99989V.webp\" alt=\"NPOT Tente de voiture sur le toit personnalis\u00e9e Tente de toit sur le toit Tente de toit pour 4 personnes Coque dure\" width=\"750\" height=\"750\" data-src=\"https:\/\/uoogear.com\/wp-content\/uploads\/2023\/11\/Haa8adad7833b4beea4f9188bbef99989V.webp\" data-alt=\"NPOT Customized rooftop car tent roof rooftop roof tent 4 person rooftop tent hard shell\" \/><\/p>\n<\/div>\n<\/div>\n<\/div>","protected":false},"excerpt":{"rendered":"<p>Superficie : 0,54 m\u00b2 Tissu : Toile\/Tissu Oxford Indice d&#039;\u00e9tanch\u00e9it\u00e9 de la tente ext\u00e9rieure : 2000-3000 Mm Indice d&#039;\u00e9tanch\u00e9it\u00e9 du bas : &gt;3000 mm Style de tente : Camouflage\/Jeu de terrain Saison : Tente trois saisons, Tente quatre saisons Structure : Deux chambres Type : tente de voiture sur le toit Couleur : m\u00e9tal Fonction : tente de camping \u00e0 ouverture rapide Caract\u00e9ristique : r\u00e9sistant aux UV 50+ Fly : 420D<\/p>\n<div class=\"read-more\"><a class=\"btn btn-fill-out\" href=\"https:\/\/uoogear.com\/fr\/produit\/npot-customized-rooftop-car-tent-roof-rooftop-roof-tent-4-person-rooftop-tent-hard-shell\/\">En savoir plus<\/a><\/div>","protected":false},"featured_media":4866,"template":"","meta":[],"product_brand":[],"product_cat":[15],"product_tag":[],"class_list":{"0":"post-4867","1":"product","2":"type-product","3":"status-publish","4":"has-post-thumbnail","6":"product_cat-uncategorized","7":"tm-no-options","9":"first","10":"instock","11":"shipping-taxable","12":"purchasable","13":"product-type-variable"},"_links":{"self":[{"href":"https:\/\/uoogear.com\/fr\/wp-json\/wp\/v2\/product\/4867","targetHints":{"allow":["GET"]}}],"collection":[{"href":"https:\/\/uoogear.com\/fr\/wp-json\/wp\/v2\/product"}],"about":[{"href":"https:\/\/uoogear.com\/fr\/wp-json\/wp\/v2\/types\/product"}],"wp:featuredmedia":[{"embeddable":true,"href":"https:\/\/uoogear.com\/fr\/wp-json\/wp\/v2\/media\/4866"}],"wp:attachment":[{"href":"https:\/\/uoogear.com\/fr\/wp-json\/wp\/v2\/media?parent=4867"}],"wp:term":[{"taxonomy":"product_brand","embeddable":true,"href":"https:\/\/uoogear.com\/fr\/wp-json\/wp\/v2\/product_brand?post=4867"},{"taxonomy":"product_cat","embeddable":true,"href":"https:\/\/uoogear.com\/fr\/wp-json\/wp\/v2\/product_cat?post=4867"},{"taxonomy":"product_tag","embeddable":true,"href":"https:\/\/uoogear.com\/fr\/wp-json\/wp\/v2\/product_tag?post=4867"}],"curies":[{"name":"wp","href":"https:\/\/api.w.org\/{rel}","templated":true}]}}