{"id":4884,"date":"2023-11-14T02:58:45","date_gmt":"2023-11-14T02:58:45","guid":{"rendered":"https:\/\/uoogear.com\/product\/camping-waterproof-triangular-tent-box-rooftop-aluminum-hard-shell-car-roof-top-tent-with-roof-rack\/"},"modified":"2023-11-30T08:58:14","modified_gmt":"2023-11-30T08:58:14","slug":"camping-waterproof-triangular-tent-box-rooftop-aluminum-hard-shell-car-roof-top-tent-with-roof-rack","status":"publish","type":"product","link":"https:\/\/uoogear.com\/fr\/produit\/camping-waterproof-triangular-tent-box-rooftop-aluminum-hard-shell-car-roof-top-tent-with-roof-rack\/","title":{"rendered":"Tente de Camping triangulaire \u00e9tanche, bo\u00eete de toit en aluminium, coque dure, tente de toit de voiture avec galerie de toit"},"content":{"rendered":"<ul>\n<li><strong>Zone : <\/strong> 36 pieds carr\u00e9s<\/li>\n<li><strong>Tissu : <\/strong> Toile<\/li>\n<li><strong>Indice d&#039;\u00e9tanch\u00e9it\u00e9 de la tente ext\u00e9rieure\u00a0: <\/strong> 2000-3000 millim\u00e8tres, &gt;3000 millim\u00e8tres<\/li>\n<li><strong>Indice d&#039;\u00e9tanch\u00e9it\u00e9 inf\u00e9rieur\u00a0: <\/strong> &gt;3000mm<\/li>\n<li><strong>Type de b\u00e2timent : <\/strong> Ouverture automatique rapide<\/li>\n<li><strong>Style de tente\u00a0: <\/strong> Type de contreventement droit<\/li>\n<li><strong>Saison : <\/strong> Tente quatre saisons<\/li>\n<li><strong>Structure : <\/strong> Une chambre<\/li>\n<li><strong>Couleur : <\/strong> Noir<\/li>\n<li><strong>Agrandir la taille\u00a0: <\/strong> 211*131*160cm<\/li>\n<li><strong>Taille ferm\u00e9e : <\/strong> 211*131*18cm<\/li>\n<li><strong>Taille d&#039;emballage : <\/strong> 226*145*24.5cm<\/li>\n<li><strong>Poids : <\/strong> 77kg<\/li>\n<li><strong>FAQ d&#039;utilisation\u00a0: <\/strong> Consultez siuhaau.com<\/li>\n<li><strong>Emballer : <\/strong> Carton de haute qualit\u00e9<\/li>\n<li><strong>Accessoires : <\/strong> \u00c9chelle<\/li>\n<\/ul>\n<div>\n<div>\n<div data-magic-global=\"%7B%22bizId%22%3A2207117785596%2C%22pageId%22%3A21105462019%2C%22siteId%22%3A5005940078%7D\">\n<div>\n<div>\n<div>\n<div>\n<div>\n<div><\/div>\n<\/div>\n<\/div>\n<\/div>\n<\/div>\n<\/div>\n<div>\n<div>\n<div><\/div>\n<div><img decoding=\"async\" src=\"https:\/\/uoogear.com\/wp-content\/uploads\/2023\/11\/H548c7211e3304ea49f2cab003ee88757p.webp\" data-src=\"https:\/\/uoogear.com\/wp-content\/uploads\/2023\/11\/H548c7211e3304ea49f2cab003ee88757p.webp\" \/><\/div>\n<div><\/div>\n<div><img decoding=\"async\" src=\"https:\/\/uoogear.com\/wp-content\/uploads\/2023\/11\/H8d78135980314e898bd1db72fc4cc64dC.webp\" data-src=\"https:\/\/uoogear.com\/wp-content\/uploads\/2023\/11\/H8d78135980314e898bd1db72fc4cc64dC.webp\" \/><\/div>\n<div><img decoding=\"async\" src=\"https:\/\/uoogear.com\/wp-content\/uploads\/2023\/11\/H5edd07b0762d4d4f93a05a20991f0c7b5.webp\" data-src=\"https:\/\/uoogear.com\/wp-content\/uploads\/2023\/11\/H5edd07b0762d4d4f93a05a20991f0c7b5.webp\" \/><\/div>\n<div><img decoding=\"async\" src=\"https:\/\/uoogear.com\/wp-content\/uploads\/2023\/11\/H89feb526c81b4f2c92e3b011a49a3499z.webp\" data-src=\"https:\/\/uoogear.com\/wp-content\/uploads\/2023\/11\/H89feb526c81b4f2c92e3b011a49a3499z.webp\" \/><\/div>\n<div><img decoding=\"async\" src=\"https:\/\/uoogear.com\/wp-content\/uploads\/2023\/11\/H3934439b22a3493383e363605a816a2ez.webp\" data-src=\"https:\/\/uoogear.com\/wp-content\/uploads\/2023\/11\/H3934439b22a3493383e363605a816a2ez.webp\" \/><\/div>\n<div><img decoding=\"async\" src=\"https:\/\/uoogear.com\/wp-content\/uploads\/2023\/11\/He77909c4dab0412f9fd2cba1f4ae19b8y.webp\" data-src=\"https:\/\/uoogear.com\/wp-content\/uploads\/2023\/11\/He77909c4dab0412f9fd2cba1f4ae19b8y.webp\" \/><\/div>\n<div><img decoding=\"async\" src=\"https:\/\/uoogear.com\/wp-content\/uploads\/2023\/11\/Hbc9dc13fe851467e956ca71b9fdb7d31P.webp\" data-src=\"https:\/\/uoogear.com\/wp-content\/uploads\/2023\/11\/Hbc9dc13fe851467e956ca71b9fdb7d31P.webp\" \/><\/div>\n<div><img decoding=\"async\" src=\"https:\/\/uoogear.com\/wp-content\/uploads\/2023\/11\/H23698b3ece2d475ca6978e757c788a9f3.webp\" data-src=\"https:\/\/uoogear.com\/wp-content\/uploads\/2023\/11\/H23698b3ece2d475ca6978e757c788a9f3.webp\" \/><\/div>\n<\/div>\n<\/div>\n<div>\n<div><\/div>\n<\/div>\n<\/div>\n<\/div>\n<div>\n<div>\n<div>\n<div>\n<div>\n<div><\/div>\n<\/div>\n<\/div>\n<\/div>\n<\/div>\n<\/div>\n<\/div>","protected":false},"excerpt":{"rendered":"<p>Superficie : 36 pieds carr\u00e9s Tissu : Toile Indice d&#039;\u00e9tanch\u00e9it\u00e9 de la tente ext\u00e9rieure : 2000-3000 Mm, &gt;3000 mm Indice d&#039;\u00e9tanch\u00e9it\u00e9 du bas : &gt;3000 mm Type de b\u00e2timent : Ouverture automatique rapide Style de tente : Type de contreventement droit Saison : Structure de tente quatre saisons : Une chambre Couleur : Noir Taille agrandie : 211*131*160cm Taille ferm\u00e9e : 211*131*18cm Emballage<\/p>\n<div class=\"read-more\"><a class=\"btn btn-fill-out\" href=\"https:\/\/uoogear.com\/fr\/produit\/camping-waterproof-triangular-tent-box-rooftop-aluminum-hard-shell-car-roof-top-tent-with-roof-rack\/\">En savoir plus<\/a><\/div>","protected":false},"featured_media":4883,"template":"","meta":[],"product_brand":[],"product_cat":[15],"product_tag":[],"class_list":{"0":"post-4884","1":"product","2":"type-product","3":"status-publish","4":"has-post-thumbnail","6":"product_cat-uncategorized","7":"tm-no-options","9":"first","10":"instock","11":"shipping-taxable","12":"purchasable","13":"product-type-variable"},"_links":{"self":[{"href":"https:\/\/uoogear.com\/fr\/wp-json\/wp\/v2\/product\/4884","targetHints":{"allow":["GET"]}}],"collection":[{"href":"https:\/\/uoogear.com\/fr\/wp-json\/wp\/v2\/product"}],"about":[{"href":"https:\/\/uoogear.com\/fr\/wp-json\/wp\/v2\/types\/product"}],"wp:featuredmedia":[{"embeddable":true,"href":"https:\/\/uoogear.com\/fr\/wp-json\/wp\/v2\/media\/4883"}],"wp:attachment":[{"href":"https:\/\/uoogear.com\/fr\/wp-json\/wp\/v2\/media?parent=4884"}],"wp:term":[{"taxonomy":"product_brand","embeddable":true,"href":"https:\/\/uoogear.com\/fr\/wp-json\/wp\/v2\/product_brand?post=4884"},{"taxonomy":"product_cat","embeddable":true,"href":"https:\/\/uoogear.com\/fr\/wp-json\/wp\/v2\/product_cat?post=4884"},{"taxonomy":"product_tag","embeddable":true,"href":"https:\/\/uoogear.com\/fr\/wp-json\/wp\/v2\/product_tag?post=4884"}],"curies":[{"name":"wp","href":"https:\/\/api.w.org\/{rel}","templated":true}]}}