{"id":4912,"date":"2023-11-14T03:01:40","date_gmt":"2023-11-14T03:01:40","guid":{"rendered":"https:\/\/uoogear.com\/product\/wholesale-high-quality-600d-heavy-duty-270-degree-annex-awnings-2-0m-radius-car-side-tent\/"},"modified":"2023-11-30T13:00:53","modified_gmt":"2023-11-30T13:00:53","slug":"wholesale-high-quality-600d-heavy-duty-270-degree-annex-awnings-2-0m-radius-car-side-tent","status":"publish","type":"product","link":"https:\/\/uoogear.com\/fr\/produit\/wholesale-high-quality-600d-heavy-duty-270-degree-annex-awnings-2-0m-radius-car-side-tent\/","title":{"rendered":"Auvent annexe robuste 600D de haute qualit\u00e9 \u00e0 270 degr\u00e9s, tente lat\u00e9rale de voiture \u00e0 rayon de 2.0m, vente en gros"},"content":{"rendered":"<ul>\n<li><strong>Tissu : <\/strong> Toile<\/li>\n<li><strong>Indice d&#039;\u00e9tanch\u00e9it\u00e9 de la tente ext\u00e9rieure\u00a0: <\/strong> &gt;3000mm<\/li>\n<li><strong>Indice d&#039;\u00e9tanch\u00e9it\u00e9 inf\u00e9rieur\u00a0: <\/strong> &gt;3000mm<\/li>\n<li><strong>Type de b\u00e2timent : <\/strong> Ouverture automatique rapide<\/li>\n<li><strong>Style de tente\u00a0: <\/strong> Type \u00e9tendu<\/li>\n<li><strong>Saison : <\/strong> Tente quatre saisons<\/li>\n<li><strong>Structure : <\/strong> Une chambre<\/li>\n<li><strong>Logo : <\/strong> Logo personnalis\u00e9<\/li>\n<li><strong>Mat\u00e9riel : <\/strong> Tissu Oxford 420D<\/li>\n<li><strong>Taille : <\/strong> Rayon de 2,0\u00a0m<\/li>\n<li><strong>Mat\u00e9riau de la coque\u00a0: <\/strong> PU + rev\u00eatement<\/li>\n<li><strong>POIDS : <\/strong> 18 kg<\/li>\n<li><strong>Couleur : <\/strong> Couleur personnalis\u00e9e<\/li>\n<li><strong>Accessoires : <\/strong> Installer les outils<\/li>\n<\/ul>\n<div>\n<div><\/div>\n<div data-section=\"AliMagic-yr3krd\" data-section-title=\"Product Description\">\n<div>Description du produit<\/div>\n<\/div>\n<div>\n<div><\/div>\n<\/div>\n<div>\n<div>\n<div><img decoding=\"async\" src=\"https:\/\/uoogear.com\/wp-content\/uploads\/2023\/11\/H386e17b125d547299ef28d583c6ba4a60.webp\" data-src=\"https:\/\/uoogear.com\/wp-content\/uploads\/2023\/11\/H386e17b125d547299ef28d583c6ba4a60.webp\" \/><\/div>\n<div><img decoding=\"async\" src=\"https:\/\/uoogear.com\/wp-content\/uploads\/2023\/11\/Heec4a9a8011a4adf9c48e3551eebb3d3e.webp\" data-src=\"https:\/\/uoogear.com\/wp-content\/uploads\/2023\/11\/Heec4a9a8011a4adf9c48e3551eebb3d3e.webp\" \/><\/div>\n<div><img decoding=\"async\" src=\"https:\/\/uoogear.com\/wp-content\/uploads\/2023\/11\/Hb655f27e50804cc8a9cd6602dbd44efcM.webp\" data-src=\"https:\/\/uoogear.com\/wp-content\/uploads\/2023\/11\/Hb655f27e50804cc8a9cd6602dbd44efcM.webp\" \/><\/div>\n<div><img decoding=\"async\" src=\"https:\/\/uoogear.com\/wp-content\/uploads\/2023\/11\/Hf3ab00c00e444b0f860487d59666dc31y.webp\" data-src=\"https:\/\/uoogear.com\/wp-content\/uploads\/2023\/11\/Hf3ab00c00e444b0f860487d59666dc31y.webp\" \/><\/div>\n<div><img decoding=\"async\" src=\"https:\/\/uoogear.com\/wp-content\/uploads\/2023\/11\/H341c3698dad14bbd87678bc6294fb397W.webp\" data-src=\"https:\/\/uoogear.com\/wp-content\/uploads\/2023\/11\/H341c3698dad14bbd87678bc6294fb397W.webp\" \/><\/div>\n<div><img decoding=\"async\" src=\"https:\/\/uoogear.com\/wp-content\/uploads\/2023\/11\/H1ff7bdcd2eb4434a95df486d233d1fc8o.webp\" data-src=\"https:\/\/uoogear.com\/wp-content\/uploads\/2023\/11\/H1ff7bdcd2eb4434a95df486d233d1fc8o.webp\" \/><\/div>\n<div><img decoding=\"async\" src=\"https:\/\/uoogear.com\/wp-content\/uploads\/2023\/11\/H37764f16193549108462366602eda40aM.webp\" data-src=\"https:\/\/uoogear.com\/wp-content\/uploads\/2023\/11\/H37764f16193549108462366602eda40aM.webp\" \/><\/div>\n<div><\/div>\n<div><\/div>\n<\/div>\n<\/div>\n<div>\n<div>\n<div>\n<div>\n<div>\n<div><img decoding=\"async\" src=\"https:\/\/uoogear.com\/wp-content\/uploads\/2023\/11\/H008af11f9b364f9295cba811f4584d60B.webp\" data-src=\"https:\/\/uoogear.com\/wp-content\/uploads\/2023\/11\/H008af11f9b364f9295cba811f4584d60B.webp\" \/><\/div>\n<div><img decoding=\"async\" src=\"https:\/\/uoogear.com\/wp-content\/uploads\/2023\/11\/Hd322d8506ecc447bac6d135caef28c04X.webp\" data-src=\"https:\/\/uoogear.com\/wp-content\/uploads\/2023\/11\/Hd322d8506ecc447bac6d135caef28c04X.webp\" \/><\/div>\n<\/div>\n<\/div>\n<\/div>\n<\/div>\n<\/div>\n<div><\/div>\n<div data-section=\"AliPostDhMb-fmdut\" data-section-title=\"Company Information\">\n<div><\/div>\n<div><\/div>\n<\/div>\n<\/div>","protected":false},"excerpt":{"rendered":"<p>Tissu : Toile Indice d&#039;\u00e9tanch\u00e9it\u00e9 de la tente ext\u00e9rieure : &gt;3000 mm Indice d&#039;\u00e9tanch\u00e9it\u00e9 du bas : &gt;3000 mm Type de b\u00e2timent : Ouverture automatique rapide Style de tente : Type \u00e9tendu Saison : Tente quatre saisons Structure : Une chambre Logo : Logo personnalis\u00e9 Mat\u00e9riau : Tissu Oxford 420D Taille : Rayon de 2,0 m Mat\u00e9riau de la coque : PU + rev\u00eatement POIDS : 18 kg<\/p>\n<div class=\"read-more\"><a class=\"btn btn-fill-out\" href=\"https:\/\/uoogear.com\/fr\/produit\/wholesale-high-quality-600d-heavy-duty-270-degree-annex-awnings-2-0m-radius-car-side-tent\/\">En savoir plus<\/a><\/div>","protected":false},"featured_media":4910,"template":"","meta":[],"product_brand":[],"product_cat":[15],"product_tag":[],"class_list":{"0":"post-4912","1":"product","2":"type-product","3":"status-publish","4":"has-post-thumbnail","6":"product_cat-uncategorized","7":"tm-no-options","9":"first","10":"instock","11":"shipping-taxable","12":"purchasable","13":"product-type-variable"},"_links":{"self":[{"href":"https:\/\/uoogear.com\/fr\/wp-json\/wp\/v2\/product\/4912","targetHints":{"allow":["GET"]}}],"collection":[{"href":"https:\/\/uoogear.com\/fr\/wp-json\/wp\/v2\/product"}],"about":[{"href":"https:\/\/uoogear.com\/fr\/wp-json\/wp\/v2\/types\/product"}],"wp:featuredmedia":[{"embeddable":true,"href":"https:\/\/uoogear.com\/fr\/wp-json\/wp\/v2\/media\/4910"}],"wp:attachment":[{"href":"https:\/\/uoogear.com\/fr\/wp-json\/wp\/v2\/media?parent=4912"}],"wp:term":[{"taxonomy":"product_brand","embeddable":true,"href":"https:\/\/uoogear.com\/fr\/wp-json\/wp\/v2\/product_brand?post=4912"},{"taxonomy":"product_cat","embeddable":true,"href":"https:\/\/uoogear.com\/fr\/wp-json\/wp\/v2\/product_cat?post=4912"},{"taxonomy":"product_tag","embeddable":true,"href":"https:\/\/uoogear.com\/fr\/wp-json\/wp\/v2\/product_tag?post=4912"}],"curies":[{"name":"wp","href":"https:\/\/api.w.org\/{rel}","templated":true}]}}