{"id":4979,"date":"2023-11-14T03:11:40","date_gmt":"2023-11-14T03:11:40","guid":{"rendered":"https:\/\/uoogear.com\/product\/aluminum-hard-shell-suv-rooftop-tent-outdoor-camping-rooftop-tent\/"},"modified":"2023-11-30T13:27:18","modified_gmt":"2023-11-30T13:27:18","slug":"aluminum-hard-shell-suv-rooftop-tent-outdoor-camping-rooftop-tent","status":"publish","type":"product","link":"https:\/\/uoogear.com\/fr\/produit\/aluminum-hard-shell-suv-rooftop-tent-outdoor-camping-rooftop-tent\/","title":{"rendered":"Tente de toit de camping en plein air de tente de toit de SUV de coquille dure en aluminium"},"content":{"rendered":"<ul>\n<li><strong>Tissu : <\/strong> Oxford<\/li>\n<li><strong>Indice d&#039;\u00e9tanch\u00e9it\u00e9 de la tente ext\u00e9rieure\u00a0: <\/strong> &gt;3000mm<\/li>\n<li><strong>Indice d&#039;\u00e9tanch\u00e9it\u00e9 inf\u00e9rieur\u00a0: <\/strong> &gt;3000mm<\/li>\n<li><strong>Type de b\u00e2timent : <\/strong> Ouverture automatique rapide<\/li>\n<li><strong>Style de tente\u00a0: <\/strong> Type de contreventement droit<\/li>\n<li><strong>Saison : <\/strong> Tente quatre saisons<\/li>\n<li><strong>Structure : <\/strong> Une chambre<\/li>\n<li><strong>Couleur : <\/strong> Couleur personnalis\u00e9e<\/li>\n<li><strong>Logo : <\/strong> Logo personnalis\u00e9<\/li>\n<li><strong>Mat\u00e9riel : <\/strong> Alliage d&#039;aluminium + toile 280G<\/li>\n<li><strong>Accessoires : <\/strong> Installer les outils<\/li>\n<li><strong>Imperm\u00e9able : <\/strong> 3000+<\/li>\n<li><strong>\u00c9chelle : <\/strong> \u00c9chelle t\u00e9lescopique en aluminium de 2,3 m<\/li>\n<li><strong>Tige de support : <\/strong> Acier inoxydable + tige hydraulique<\/li>\n<li><strong>Utilisation : <\/strong> Activit\u00e9s ext\u00e9rieures<\/li>\n<\/ul>\n<div>\n<div data-section=\"AliMagic-wvm5wl\" data-section-title=\"Product Description\">\n<p>Description du produit<\/p>\n<\/div>\n<div>\n<div>\n<div><\/div>\n<div><img decoding=\"async\" src=\"https:\/\/uoogear.com\/wp-content\/uploads\/2023\/11\/H1e4ee538be934666a3a642b4b7b86bf3J.webp\" data-src=\"https:\/\/uoogear.com\/wp-content\/uploads\/2023\/11\/H1e4ee538be934666a3a642b4b7b86bf3J.webp\" \/><\/div>\n<div><img decoding=\"async\" src=\"https:\/\/uoogear.com\/wp-content\/uploads\/2023\/11\/Hccd0d33a910d44009bf45bac54f88012Z.webp\" data-src=\"https:\/\/uoogear.com\/wp-content\/uploads\/2023\/11\/Hccd0d33a910d44009bf45bac54f88012Z.webp\" \/><\/div>\n<div><img decoding=\"async\" src=\"https:\/\/uoogear.com\/wp-content\/uploads\/2023\/11\/H82227ca55ebc475abc2b5e360261152fe.webp\" data-src=\"https:\/\/uoogear.com\/wp-content\/uploads\/2023\/11\/H82227ca55ebc475abc2b5e360261152fe.webp\" \/><\/div>\n<div><img decoding=\"async\" src=\"https:\/\/uoogear.com\/wp-content\/uploads\/2023\/11\/H3c4f84374ee14e0abd3eaa0bc4120364m.webp\" data-src=\"https:\/\/uoogear.com\/wp-content\/uploads\/2023\/11\/H3c4f84374ee14e0abd3eaa0bc4120364m.webp\" \/><\/div>\n<div><img decoding=\"async\" src=\"https:\/\/uoogear.com\/wp-content\/uploads\/2023\/11\/H684af57272a64d7abb27b44cd4a5c64cO.webp\" data-src=\"https:\/\/uoogear.com\/wp-content\/uploads\/2023\/11\/H684af57272a64d7abb27b44cd4a5c64cO.webp\" \/><\/div>\n<div><img decoding=\"async\" src=\"https:\/\/uoogear.com\/wp-content\/uploads\/2023\/11\/H2aa2dc5486854c819828530906c834ecI.webp\" data-src=\"https:\/\/uoogear.com\/wp-content\/uploads\/2023\/11\/H2aa2dc5486854c819828530906c834ecI.webp\" \/><\/div>\n<div><img decoding=\"async\" src=\"https:\/\/uoogear.com\/wp-content\/uploads\/2023\/11\/Hc6280ac2403d412d89126c575b90e614P.webp\" data-src=\"https:\/\/uoogear.com\/wp-content\/uploads\/2023\/11\/Hc6280ac2403d412d89126c575b90e614P.webp\" \/><\/div>\n<div><\/div>\n<div data-spm-anchor-id=\"a2700.details.0.i74.b4396abcgkgcqg\"><\/div>\n<\/div>\n<\/div>\n<\/div>","protected":false},"excerpt":{"rendered":"<p>Tissu : Oxford Indice d&#039;\u00e9tanch\u00e9it\u00e9 de la tente ext\u00e9rieure : &gt; 3000 mm Indice d&#039;\u00e9tanch\u00e9it\u00e9 du bas : &gt; 3000 mm Type de b\u00e2timent : Ouverture automatique rapide Style de tente : Type de renfort droit Saison : Tente quatre saisons Structure : Une chambre Couleur : Couleur personnalis\u00e9e Logo : Logo personnalis\u00e9 Mat\u00e9riel : Alliage d&#039;aluminium + accessoires en toile 280G\u00a0: outils d&#039;installation \u00e9tanches\u00a0:<\/p>\n<div class=\"read-more\"><a class=\"btn btn-fill-out\" href=\"https:\/\/uoogear.com\/fr\/produit\/aluminum-hard-shell-suv-rooftop-tent-outdoor-camping-rooftop-tent\/\">En savoir plus<\/a><\/div>","protected":false},"featured_media":4982,"template":"","meta":[],"product_brand":[],"product_cat":[15],"product_tag":[],"class_list":{"0":"post-4979","1":"product","2":"type-product","3":"status-publish","4":"has-post-thumbnail","6":"product_cat-uncategorized","7":"tm-no-options","9":"first","10":"instock","11":"shipping-taxable","12":"purchasable","13":"product-type-variable"},"_links":{"self":[{"href":"https:\/\/uoogear.com\/fr\/wp-json\/wp\/v2\/product\/4979","targetHints":{"allow":["GET"]}}],"collection":[{"href":"https:\/\/uoogear.com\/fr\/wp-json\/wp\/v2\/product"}],"about":[{"href":"https:\/\/uoogear.com\/fr\/wp-json\/wp\/v2\/types\/product"}],"wp:featuredmedia":[{"embeddable":true,"href":"https:\/\/uoogear.com\/fr\/wp-json\/wp\/v2\/media\/4982"}],"wp:attachment":[{"href":"https:\/\/uoogear.com\/fr\/wp-json\/wp\/v2\/media?parent=4979"}],"wp:term":[{"taxonomy":"product_brand","embeddable":true,"href":"https:\/\/uoogear.com\/fr\/wp-json\/wp\/v2\/product_brand?post=4979"},{"taxonomy":"product_cat","embeddable":true,"href":"https:\/\/uoogear.com\/fr\/wp-json\/wp\/v2\/product_cat?post=4979"},{"taxonomy":"product_tag","embeddable":true,"href":"https:\/\/uoogear.com\/fr\/wp-json\/wp\/v2\/product_tag?post=4979"}],"curies":[{"name":"wp","href":"https:\/\/api.w.org\/{rel}","templated":true}]}}