{"id":4992,"date":"2023-11-14T03:12:33","date_gmt":"2023-11-14T03:12:33","guid":{"rendered":"https:\/\/uoogear.com\/product\/abs-hard-shell-side-open-rooftop-tent-large-inner-space-car-roof-top-tent-camping-car-roof-tent\/"},"modified":"2023-11-30T13:43:48","modified_gmt":"2023-11-30T13:43:48","slug":"abs-hard-shell-side-open-rooftop-tent-large-inner-space-car-roof-top-tent-camping-car-roof-tent","status":"publish","type":"product","link":"https:\/\/uoogear.com\/fr\/produit\/abs-hard-shell-side-open-rooftop-tent-large-inner-space-car-roof-top-tent-camping-car-roof-tent\/","title":{"rendered":"Tente de toit ouverte lat\u00e9rale de coquille dure d&#039;abs grand espace int\u00e9rieur tente de toit de voiture tente de toit de voiture de Camping"},"content":{"rendered":"<ul>\n<li><strong>Tissu : <\/strong> Oxford<\/li>\n<li><strong>Indice d&#039;\u00e9tanch\u00e9it\u00e9 de la tente ext\u00e9rieure\u00a0: <\/strong> &gt;3000mm<\/li>\n<li><strong>Indice d&#039;\u00e9tanch\u00e9it\u00e9 inf\u00e9rieur\u00a0: <\/strong> &gt;3000mm<\/li>\n<li><strong>Type de b\u00e2timent : <\/strong> Ouverture automatique rapide<\/li>\n<li><strong>Style de tente\u00a0: <\/strong> Type \u00e9tendu<\/li>\n<li><strong>Saison : <\/strong> Tente quatre saisons<\/li>\n<li><strong>Structure : <\/strong> Une chambre<\/li>\n<li><strong>Couleur : <\/strong> Couleur personnalis\u00e9e<\/li>\n<li><strong>Logo : <\/strong> Logo personnalis\u00e9<\/li>\n<li><strong>\u00c9chelle : <\/strong> \u00c9chelle t\u00e9lescopique en aluminium de 2,3 m<\/li>\n<li><strong>Mat\u00e9riel : <\/strong> Coque ABS<\/li>\n<li><strong>Matelas : <\/strong> Matelas 50 mm<\/li>\n<\/ul>\n<div>\n<div><\/div>\n<div data-section=\"AliMagic-laeelk\" data-section-title=\"Product Description\">\n<div>Description du produit<\/div>\n<\/div>\n<div>\n<div><\/div>\n<\/div>\n<div>\n<div>\n<div><\/div>\n<div><\/div>\n<div><img decoding=\"async\" src=\"https:\/\/uoogear.com\/wp-content\/uploads\/2023\/11\/H029fb630ca0341d8846da96c169d17236.webp\" data-src=\"https:\/\/uoogear.com\/wp-content\/uploads\/2023\/11\/H029fb630ca0341d8846da96c169d17236.webp\" \/><\/div>\n<div><img decoding=\"async\" src=\"https:\/\/uoogear.com\/wp-content\/uploads\/2023\/11\/Hdbf6cdf9742a46fb9fb91f5f3870e6314-wpp1701351449111.webp\" data-src=\"hhttps:\/\/uoogear.com\/wp-content\/uploads\/2023\/11\/Hdbf6cdf9742a46fb9fb91f5f3870e6314-wpp1701351449111.webp\" \/><\/div>\n<div><img decoding=\"async\" src=\"https:\/\/uoogear.com\/wp-content\/uploads\/2023\/11\/H4acab81fdebf48f78c58ac11a65f2830z-wpp1701351433760.webp\" data-src=\"https:\/\/uoogear.com\/wp-content\/uploads\/2023\/11\/H4acab81fdebf48f78c58ac11a65f2830z-wpp1701351433760.webp\" \/><\/div>\n<div><img decoding=\"async\" src=\"https:\/\/uoogear.com\/wp-content\/uploads\/2023\/11\/Hdc238f9c56504168aa82409f3bc8ee78B.webp\" data-src=\"https:\/\/uoogear.com\/wp-content\/uploads\/2023\/11\/Hdc238f9c56504168aa82409f3bc8ee78B.webp\" \/><\/div>\n<div><img decoding=\"async\" src=\"https:\/\/uoogear.com\/wp-content\/uploads\/2023\/11\/H389b7334c6a24aacbf18765325b029c2X.webp\" data-src=\"https:\/\/uoogear.com\/wp-content\/uploads\/2023\/11\/H389b7334c6a24aacbf18765325b029c2X.webp\" \/><\/div>\n<div><img decoding=\"async\" src=\"https:\/\/uoogear.com\/wp-content\/uploads\/2023\/11\/Hcb62c96119b84d198bf8fcfe3980a34ci-wpp1701337186506.webp\" data-src=\"https:\/\/uoogear.com\/wp-content\/uploads\/2023\/11\/Hcb62c96119b84d198bf8fcfe3980a34ci-wpp1701337186506.webp\" \/><\/div>\n<div><img decoding=\"async\" src=\"https:\/\/uoogear.com\/wp-content\/uploads\/2023\/11\/H332a10f8a41f43d3b50d3be4aed2fe9di.webp\" data-src=\"https:\/\/uoogear.com\/wp-content\/uploads\/2023\/11\/H332a10f8a41f43d3b50d3be4aed2fe9di.webp\" \/><\/div>\n<div><\/div>\n<\/div>\n<\/div>\n<div>\n<div>\n<div>\n<div>\n<div>\n<div><img decoding=\"async\" src=\"https:\/\/uoogear.com\/wp-content\/uploads\/2023\/11\/Hd756f10a2e2f434f906ce361b29347316.webp\" data-src=\"https:\/\/uoogear.com\/wp-content\/uploads\/2023\/11\/Hd756f10a2e2f434f906ce361b29347316.webp\" \/><\/div>\n<\/div>\n<\/div>\n<\/div>\n<\/div>\n<\/div>\n<div>\n<div>\n<div>\n<div>\n<div>\n<div><img decoding=\"async\" src=\"https:\/\/uoogear.com\/wp-content\/uploads\/2023\/11\/H9fee0c29bcc94ec18896c87efe254d76H-1-wpp1701337221257.webp\" data-src=\"https:\/\/uoogear.com\/wp-content\/uploads\/2023\/11\/H9fee0c29bcc94ec18896c87efe254d76H-1-wpp1701337221257.webp\" \/><\/div>\n<\/div>\n<\/div>\n<\/div>\n<\/div>\n<\/div>\n<div>\n<div>\n<div>\n<div>\n<div>\n<div><img decoding=\"async\" src=\"https:\/\/uoogear.com\/wp-content\/uploads\/2023\/11\/Ha7cbc4b0e18e4483b2967c2019abbce7p-wpp1701351711164.webp\" data-src=\"https:\/\/uoogear.com\/wp-content\/uploads\/2023\/11\/Ha7cbc4b0e18e4483b2967c2019abbce7p-wpp1701351711164.webp\" \/><\/div>\n<\/div>\n<\/div>\n<\/div>\n<\/div>\n<\/div>\n<div>\n<div>\n<div>\n<div>\n<div>\n<div><\/div>\n<\/div>\n<\/div>\n<\/div>\n<\/div>\n<\/div>\n<div>\n<div>\n<div>\n<div>\n<div>\n<div><\/div>\n<\/div>\n<\/div>\n<\/div>\n<\/div>\n<\/div>\n<\/div>","protected":false},"excerpt":{"rendered":"<p>Tissu : Oxford Indice d&#039;\u00e9tanch\u00e9it\u00e9 de la tente ext\u00e9rieure : &gt;3000 mm Indice d&#039;\u00e9tanch\u00e9it\u00e9 du bas : &gt;3000 mm Type de b\u00e2timent : Ouverture automatique rapide Style de tente : Type \u00e9tendu Saison : Tente quatre saisons Structure : Une chambre Couleur : Couleur personnalis\u00e9e Logo : Logo personnalis\u00e9 \u00c9chelle : 2.3 m \u00c9chelle t\u00e9lescopique en aluminium Mat\u00e9riau : Coque ABS Matelas :<\/p>\n<div class=\"read-more\"><a class=\"btn btn-fill-out\" href=\"https:\/\/uoogear.com\/fr\/produit\/abs-hard-shell-side-open-rooftop-tent-large-inner-space-car-roof-top-tent-camping-car-roof-tent\/\">En savoir plus<\/a><\/div>","protected":false},"featured_media":4991,"template":"","meta":[],"product_brand":[],"product_cat":[15],"product_tag":[],"class_list":{"0":"post-4992","1":"product","2":"type-product","3":"status-publish","4":"has-post-thumbnail","6":"product_cat-uncategorized","7":"tm-no-options","9":"first","10":"instock","11":"shipping-taxable","12":"purchasable","13":"product-type-variable"},"_links":{"self":[{"href":"https:\/\/uoogear.com\/fr\/wp-json\/wp\/v2\/product\/4992","targetHints":{"allow":["GET"]}}],"collection":[{"href":"https:\/\/uoogear.com\/fr\/wp-json\/wp\/v2\/product"}],"about":[{"href":"https:\/\/uoogear.com\/fr\/wp-json\/wp\/v2\/types\/product"}],"wp:featuredmedia":[{"embeddable":true,"href":"https:\/\/uoogear.com\/fr\/wp-json\/wp\/v2\/media\/4991"}],"wp:attachment":[{"href":"https:\/\/uoogear.com\/fr\/wp-json\/wp\/v2\/media?parent=4992"}],"wp:term":[{"taxonomy":"product_brand","embeddable":true,"href":"https:\/\/uoogear.com\/fr\/wp-json\/wp\/v2\/product_brand?post=4992"},{"taxonomy":"product_cat","embeddable":true,"href":"https:\/\/uoogear.com\/fr\/wp-json\/wp\/v2\/product_cat?post=4992"},{"taxonomy":"product_tag","embeddable":true,"href":"https:\/\/uoogear.com\/fr\/wp-json\/wp\/v2\/product_tag?post=4992"}],"curies":[{"name":"wp","href":"https:\/\/api.w.org\/{rel}","templated":true}]}}