{"id":5026,"date":"2023-11-14T03:15:59","date_gmt":"2023-11-14T03:15:59","guid":{"rendered":"https:\/\/uoogear.com\/product\/apzc004-custom-soft-shell-outdoor-dachzelt-camping-suv-car-aluminum-roof-tent-soft-cover-rooftop-tent\/"},"modified":"2023-12-02T06:02:30","modified_gmt":"2023-12-02T06:02:30","slug":"apzc004-custom-soft-shell-outdoor-dachzelt-camping-suv-car-aluminum-roof-tent-soft-cover-rooftop-tent","status":"publish","type":"product","link":"https:\/\/uoogear.com\/fr\/produit\/apzc004-custom-soft-shell-outdoor-dachzelt-camping-suv-car-aluminum-roof-tent-soft-cover-rooftop-tent\/","title":{"rendered":"APZC004 Tente de toit en aluminium \u00e0 coque souple personnalis\u00e9e pour Camping SUV voiture tente de toit \u00e0 couverture souple"},"content":{"rendered":"<ul>\n<li><strong>Tissu : <\/strong> Polyoxford 300D, Polyoxford 300D<\/li>\n<li><strong>Indice d&#039;\u00e9tanch\u00e9it\u00e9 de la tente ext\u00e9rieure\u00a0: <\/strong> &lt;1000mm, 1500-2000mm<\/li>\n<li><strong>Indice d&#039;\u00e9tanch\u00e9it\u00e9 inf\u00e9rieur\u00a0: <\/strong> 1500-2000 millim\u00e8tres<\/li>\n<li><strong>Type de b\u00e2timent : <\/strong> Ouverture automatique rapide<\/li>\n<li><strong>Style de tente\u00a0: <\/strong> Type \u00e9tendu, clou de sol hexagonal\/diamant<\/li>\n<li><strong>Saison : <\/strong> Tente trois saisons, Tente quatre saisons, Tente d&#039;\u00e9t\u00e9<\/li>\n<li><strong>Structure : <\/strong> Une chambre<\/li>\n<li><strong>Nom du produit : <\/strong> Tente de toit ext\u00e9rieure Soft Shell<\/li>\n<li><strong>Taille d\u00e9pli\u00e9e\u00a0: <\/strong> L2050mm*L1250mm*H1250mm<\/li>\n<li><strong>Emballage : <\/strong> L2270mm*L1370mm*H210mm<\/li>\n<li><strong>Poids : <\/strong> 32 kg<\/li>\n<li><strong>Mat\u00e9riel : <\/strong> cadre en alliage d&#039;aluminium brevet\u00e9<\/li>\n<li><strong>L&#039;\u00e9chelle supporte le poids : <\/strong> 150 kg<\/li>\n<li><strong>Nombre de personnes : <\/strong> 2 personnes<\/li>\n<\/ul>\n<div>\n<div data-magic-global=\"%7B%22bizId%22%3A2209963836599%2C%22pageId%22%3A20169776242%2C%22siteId%22%3A10002337017%7D\">\n<div>\n<div>\n<div>\n<div>\n<div>\n<div><img decoding=\"async\" src=\"https:\/\/uoogear.com\/wp-content\/uploads\/2023\/11\/H867623bad6264dff959f67abc74efebfP.webp\" data-src=\"https:\/\/uoogear.com\/wp-content\/uploads\/2023\/11\/H867623bad6264dff959f67abc74efebfP.webp\" \/><\/div>\n<\/div>\n<\/div>\n<\/div>\n<\/div>\n<\/div>\n<div>\n<div>\n<div>\n<div>\n<div>\n<div><img decoding=\"async\" src=\"https:\/\/uoogear.com\/wp-content\/uploads\/2023\/11\/Hbb423c294a1e458eaf88cd6042418adcZ.webp\" data-src=\"https:\/\/uoogear.com\/wp-content\/uploads\/2023\/11\/Hbb423c294a1e458eaf88cd6042418adcZ.webp\" \/><\/div>\n<\/div>\n<\/div>\n<\/div>\n<\/div>\n<\/div>\n<div>\n<div>\n<table>\n<tbody>\n<tr>\n<td>\n<div>\n<div><strong>Nom de production<\/strong><\/div>\n<\/div>\n<\/td>\n<td>\n<div>Tente de toit de voiture de Camping de plein air \u00e0 coque souple personnalis\u00e9e SUV tente de toit \u00e0 couverture souple<\/div>\n<\/td>\n<\/tr>\n<tr>\n<td>\n<div><strong>Tissu : 300D <\/strong><\/div>\n<\/td>\n<td>\n<div>Polyoxford 300D PU3000mm avec UPF50+<\/div>\n<\/td>\n<\/tr>\n<tr>\n<td>\n<div><strong>Capacit\u00e9<\/strong><\/div>\n<\/td>\n<td>\n<div>Conseill\u00e9 1-2 personnes<\/div>\n<\/td>\n<\/tr>\n<tr>\n<td>\n<div><strong>D\u00e9plier la taille<\/strong><\/div>\n<\/td>\n<td>\n<div>210*125*150CM<\/div>\n<\/td>\n<\/tr>\n<tr>\n<td>\n<div><strong>Taille du paquet<\/strong><\/div>\n<\/td>\n<td>\n<div>\n<div data-spm-anchor-id=\"a2700.pc-decorate.0.i25.11f633338vlEuj\">227*137*21CM<\/div>\n<\/div>\n<\/td>\n<\/tr>\n<tr>\n<td>\n<div><strong data-spm-anchor-id=\"a2700.pc-decorate.0.i33.19993333s57omf\">Poids<\/strong><\/div>\n<\/td>\n<td>\n<div>35KG<\/div>\n<\/td>\n<\/tr>\n<tr>\n<td>\n<div><strong> Mat\u00e9riel<\/strong><\/div>\n<\/td>\n<td>\n<div>cadre en alliage d&#039;aluminium brevet\u00e9<\/div>\n<\/td>\n<\/tr>\n<\/tbody>\n<\/table>\n<\/div>\n<\/div>\n<div>\n<div>\n<div>\n<div>\n<div>\n<div><img decoding=\"async\" src=\"https:\/\/uoogear.com\/wp-content\/uploads\/2023\/11\/H5d16d1c85b0c4a518db8e2f022ada520n.webp\" data-src=\"https:\/\/uoogear.com\/wp-content\/uploads\/2023\/11\/H5d16d1c85b0c4a518db8e2f022ada520n.webp\" \/><\/div>\n<\/div>\n<div>\n<div>\n<div>Tente de toit pour camping-car ext\u00e9rieur :<\/div>\n<div>Tissu : polyoxford 300D PU3000 mm avec UPF50+ Cadre : cadre brevet\u00e9 en alliage d&#039;aluminium Matelas en mousse haute densit\u00e9 pour un confort optimal.<br \/>\nexp\u00e9rience de sommeil Espace spacieux pour 2 personnes Installer et replier rapidement la tente Convient \u00e0 tous les v\u00e9hicules SUV, l&#039;\u00e9chelle peut supporter<br \/>\n150 KG Taille : L2220mm*W1350mm*H190mm Taille de la tente int\u00e9rieure : L2050mm*W1250mm*H1250mm Taille d&#039;emballage :L2270mm*W1370mm*H210mm Poids net :32kg<\/div>\n<\/div>\n<\/div>\n<\/div>\n<\/div>\n<\/div>\n<\/div>\n<div>\n<div>\n<div><\/div>\n<div><img decoding=\"async\" src=\"https:\/\/uoogear.com\/wp-content\/uploads\/2023\/11\/Hef235eead7324e4aaaa83afbfb283f28P.webp\" data-src=\"https:\/\/uoogear.com\/wp-content\/uploads\/2023\/11\/Hef235eead7324e4aaaa83afbfb283f28P.webp\" \/><\/div>\n<div><img decoding=\"async\" src=\"https:\/\/uoogear.com\/wp-content\/uploads\/2023\/11\/Hb21e51e39b764ce094725a6760bc2b50z.webp\" data-src=\"https:\/\/uoogear.com\/wp-content\/uploads\/2023\/11\/Hb21e51e39b764ce094725a6760bc2b50z.webp\" \/><\/div>\n<div><img decoding=\"async\" src=\"https:\/\/uoogear.com\/wp-content\/uploads\/2023\/11\/Hf115bc6cdc58407e9467c9cd95ba50b34.webp\" data-src=\"https:\/\/uoogear.com\/wp-content\/uploads\/2023\/11\/Hf115bc6cdc58407e9467c9cd95ba50b34.webp\" \/><\/div>\n<div><img decoding=\"async\" src=\"https:\/\/uoogear.com\/wp-content\/uploads\/2023\/11\/Hc533e1edc8d54be195ea601e3a339a21K.webp\" data-src=\"https:\/\/uoogear.com\/wp-content\/uploads\/2023\/11\/Hc533e1edc8d54be195ea601e3a339a21K.webp\" \/><\/div>\n<div><img decoding=\"async\" src=\"https:\/\/uoogear.com\/wp-content\/uploads\/2023\/11\/Hb21a441376a743feb3f228deb23a7900e.webp\" data-src=\"https:\/\/uoogear.com\/wp-content\/uploads\/2023\/11\/Hb21a441376a743feb3f228deb23a7900e.webp\" \/><\/div>\n<div><img decoding=\"async\" src=\"https:\/\/uoogear.com\/wp-content\/uploads\/2023\/11\/H4a7da32cc3314d3db121bc57a0f76cad4.webp\" data-src=\"https:\/\/uoogear.com\/wp-content\/uploads\/2023\/11\/H4a7da32cc3314d3db121bc57a0f76cad4.webp\" \/><\/div>\n<div><img decoding=\"async\" src=\"https:\/\/uoogear.com\/wp-content\/uploads\/2023\/11\/H51ab84080d1644d18912ded05529105fO.webp\" data-src=\"https:\/\/uoogear.com\/wp-content\/uploads\/2023\/11\/H51ab84080d1644d18912ded05529105fO.webp\" \/><\/div>\n<\/div>\n<\/div>\n<div>\n<div>\n<div>\n<div>\n<div><\/div>\n<\/div>\n<\/div>\n<\/div>\n<\/div>\n<div data-spm-anchor-id=\"a2700.details.0.i80.1dab1509acyQsB\"><\/div>\n<div>\n<div>\n<div>\n<div>\n<div><\/div>\n<\/div>\n<\/div>\n<\/div>\n<\/div>\n<div>\n<div>\n<div>\n<div>\n<div>\n<div data-spm-anchor-id=\"a2700.details.0.i76.1dab1509acyQsB\"><\/div>\n<\/div>\n<\/div>\n<\/div>\n<\/div>\n<\/div>\n<\/div>\n<div>\n<div>\n<div>\n<div>\n<div><\/div>\n<\/div>\n<\/div>\n<\/div>\n<\/div>\n<\/div>","protected":false},"excerpt":{"rendered":"<p>Tissu : polyoxford 300D, polyoxford 300D Indice d&#039;\u00e9tanch\u00e9it\u00e9 de la tente ext\u00e9rieure : &lt;1000 mm, 1500-2000 Mm Indice d&#039;\u00e9tanch\u00e9it\u00e9 du fond : 1500-2000 Mm Type de b\u00e2timent : Ouverture automatique rapide Style de tente : Type \u00e9tendu, clou de sol hexagonal\/diamant Saison : Trois saisons Tente, tente quatre saisons, tente d&#039;\u00e9t\u00e9 Structure : Une chambre Nom du produit : Tente ext\u00e9rieure sur le toit \u00e0 coque souple<\/p>\n<div class=\"read-more\"><a class=\"btn btn-fill-out\" href=\"https:\/\/uoogear.com\/fr\/produit\/apzc004-custom-soft-shell-outdoor-dachzelt-camping-suv-car-aluminum-roof-tent-soft-cover-rooftop-tent\/\">En savoir plus<\/a><\/div>","protected":false},"featured_media":5025,"template":"","meta":[],"product_brand":[],"product_cat":[15],"product_tag":[],"class_list":{"0":"post-5026","1":"product","2":"type-product","3":"status-publish","4":"has-post-thumbnail","6":"product_cat-uncategorized","7":"tm-no-options","9":"first","10":"instock","11":"shipping-taxable","12":"purchasable","13":"product-type-variable"},"_links":{"self":[{"href":"https:\/\/uoogear.com\/fr\/wp-json\/wp\/v2\/product\/5026","targetHints":{"allow":["GET"]}}],"collection":[{"href":"https:\/\/uoogear.com\/fr\/wp-json\/wp\/v2\/product"}],"about":[{"href":"https:\/\/uoogear.com\/fr\/wp-json\/wp\/v2\/types\/product"}],"wp:featuredmedia":[{"embeddable":true,"href":"https:\/\/uoogear.com\/fr\/wp-json\/wp\/v2\/media\/5025"}],"wp:attachment":[{"href":"https:\/\/uoogear.com\/fr\/wp-json\/wp\/v2\/media?parent=5026"}],"wp:term":[{"taxonomy":"product_brand","embeddable":true,"href":"https:\/\/uoogear.com\/fr\/wp-json\/wp\/v2\/product_brand?post=5026"},{"taxonomy":"product_cat","embeddable":true,"href":"https:\/\/uoogear.com\/fr\/wp-json\/wp\/v2\/product_cat?post=5026"},{"taxonomy":"product_tag","embeddable":true,"href":"https:\/\/uoogear.com\/fr\/wp-json\/wp\/v2\/product_tag?post=5026"}],"curies":[{"name":"wp","href":"https:\/\/api.w.org\/{rel}","templated":true}]}}