{"id":5043,"date":"2023-11-14T03:17:24","date_gmt":"2023-11-14T03:17:24","guid":{"rendered":"https:\/\/uoogear.com\/product\/new-outdoor-waterproof-camping-rooftop-tent-hard-shell-car-roof-top-tent\/"},"modified":"2023-12-02T06:01:40","modified_gmt":"2023-12-02T06:01:40","slug":"new-outdoor-waterproof-camping-rooftop-tent-hard-shell-car-roof-top-tent","status":"publish","type":"product","link":"https:\/\/uoogear.com\/fr\/produit\/new-outdoor-waterproof-camping-rooftop-tent-hard-shell-car-roof-top-tent\/","title":{"rendered":"Nouveau Tente de toit de Camping \u00e9tanche en plein air tente de toit de voiture \u00e0 coque dure"},"content":{"rendered":"<ul>\n<li><strong>Tissu : <\/strong> Mat\u00e9riau ABS et PMMA<\/li>\n<li><strong>Indice d&#039;\u00e9tanch\u00e9it\u00e9 de la tente ext\u00e9rieure\u00a0: <\/strong> 2000-3000 millim\u00e8tres<\/li>\n<li><strong>Indice d&#039;\u00e9tanch\u00e9it\u00e9 inf\u00e9rieur\u00a0: <\/strong> &gt;3000mm<\/li>\n<li><strong>Type de b\u00e2timent : <\/strong> Ouverture automatique rapide<\/li>\n<li><strong>Style de tente\u00a0: <\/strong> Type \u00e9tendu, piquet de tente de type tube<\/li>\n<li><strong>Saison : <\/strong> Tente d&#039;\u00e9t\u00e9, Tente quatre saisons, Tente trois saisons<\/li>\n<li><strong>Structure : <\/strong> Une chambre<\/li>\n<\/ul>\n<div>\n<div><\/div>\n<div data-section=\"AliMagic-iqyb9g\" data-section-title=\"Product Description\">\n<p>Description du produit<\/p>\n<\/div>\n<div>\n<div>\n<div><img decoding=\"async\" src=\"https:\/\/uoogear.com\/wp-content\/uploads\/2023\/11\/Hb2fca8c208e1447d910533855b6cd41ec.webp\" data-src=\"https:\/\/uoogear.com\/wp-content\/uploads\/2023\/11\/Hb2fca8c208e1447d910533855b6cd41ec.webp\" \/><\/div>\n<div><img decoding=\"async\" src=\"https:\/\/uoogear.com\/wp-content\/uploads\/2023\/11\/H0c54a72546c043489e3069c0ba8a2119O.webp\" data-src=\"https:\/\/uoogear.com\/wp-content\/uploads\/2023\/11\/H0c54a72546c043489e3069c0ba8a2119O.webp\" \/><\/div>\n<div><img decoding=\"async\" src=\"https:\/\/uoogear.com\/wp-content\/uploads\/2023\/11\/H82da5f3c84244dc38535e8cea44f05bf3.webp\" data-src=\"https:\/\/uoogear.com\/wp-content\/uploads\/2023\/11\/H82da5f3c84244dc38535e8cea44f05bf3.webp\" \/><\/div>\n<div><img decoding=\"async\" src=\"https:\/\/uoogear.com\/wp-content\/uploads\/2023\/11\/H9b8a012cd5e347bcabcf364bee4d29ceQ.webp\" data-src=\"https:\/\/uoogear.com\/wp-content\/uploads\/2023\/11\/H9b8a012cd5e347bcabcf364bee4d29ceQ.webp\" \/><\/div>\n<div><img decoding=\"async\" src=\"https:\/\/uoogear.com\/wp-content\/uploads\/2023\/11\/H6dc9940900144fe69ca8017cfef745e7V.webp\" data-src=\"https:\/\/uoogear.com\/wp-content\/uploads\/2023\/11\/H6dc9940900144fe69ca8017cfef745e7V.webp\" \/><\/div>\n<div><img decoding=\"async\" src=\"https:\/\/uoogear.com\/wp-content\/uploads\/2023\/11\/Hd3405024fad44116be2b6c311c6a7709I.webp\" data-src=\"https:\/\/uoogear.com\/wp-content\/uploads\/2023\/11\/Hd3405024fad44116be2b6c311c6a7709I.webp\" \/><\/div>\n<\/div>\n<\/div>\n<div><\/div>\n<div data-section=\"AliMagic-28bu1y\" data-section-title=\"Specification\">\n<div><\/div>\n<\/div>\n<div>\n<div>\n<div>\n<div>\n<div><\/div>\n<\/div>\n<\/div>\n<\/div>\n<\/div>\n<\/div>","protected":false},"excerpt":{"rendered":"<p>Tissu : Mat\u00e9riau ABS et PMMA Indice d&#039;\u00e9tanch\u00e9it\u00e9 de la tente ext\u00e9rieure : 2000-3000 mm Indice d&#039;\u00e9tanch\u00e9it\u00e9 du bas : &gt;3000 mm Type de b\u00e2timent : Ouverture automatique rapide Style de tente : Type \u00e9tendu, piquet de tente de type tube Saison : Tente d&#039;\u00e9t\u00e9, Tente quatre saisons, Tente trois saisons Structure de tente de saison\u00a0: Description du produit \u00e0 une chambre<\/p>","protected":false},"featured_media":5042,"template":"","meta":[],"product_brand":[],"product_cat":[15],"product_tag":[],"class_list":{"0":"post-5043","1":"product","2":"type-product","3":"status-publish","4":"has-post-thumbnail","6":"product_cat-uncategorized","7":"tm-no-options","9":"first","10":"instock","11":"shipping-taxable","12":"purchasable","13":"product-type-variable"},"_links":{"self":[{"href":"https:\/\/uoogear.com\/fr\/wp-json\/wp\/v2\/product\/5043","targetHints":{"allow":["GET"]}}],"collection":[{"href":"https:\/\/uoogear.com\/fr\/wp-json\/wp\/v2\/product"}],"about":[{"href":"https:\/\/uoogear.com\/fr\/wp-json\/wp\/v2\/types\/product"}],"wp:featuredmedia":[{"embeddable":true,"href":"https:\/\/uoogear.com\/fr\/wp-json\/wp\/v2\/media\/5042"}],"wp:attachment":[{"href":"https:\/\/uoogear.com\/fr\/wp-json\/wp\/v2\/media?parent=5043"}],"wp:term":[{"taxonomy":"product_brand","embeddable":true,"href":"https:\/\/uoogear.com\/fr\/wp-json\/wp\/v2\/product_brand?post=5043"},{"taxonomy":"product_cat","embeddable":true,"href":"https:\/\/uoogear.com\/fr\/wp-json\/wp\/v2\/product_cat?post=5043"},{"taxonomy":"product_tag","embeddable":true,"href":"https:\/\/uoogear.com\/fr\/wp-json\/wp\/v2\/product_tag?post=5043"}],"curies":[{"name":"wp","href":"https:\/\/api.w.org\/{rel}","templated":true}]}}