{"id":5087,"date":"2023-11-14T03:21:05","date_gmt":"2023-11-14T03:21:05","guid":{"rendered":"https:\/\/uoogear.com\/product\/camping-soft-top-longer-size-car-rooftop-tent\/"},"modified":"2024-03-28T12:46:13","modified_gmt":"2024-03-28T04:46:13","slug":"camping-soft-top-longer-size-car-rooftop-tent","status":"publish","type":"product","link":"https:\/\/uoogear.com\/fr\/produit\/camping-soft-top-longer-size-car-rooftop-tent\/","title":{"rendered":"Tente de camping sur le toit de voiture de taille plus longue"},"content":{"rendered":"<ul>\n<li><strong>Tissu : <\/strong> Toile<\/li>\n<li><strong>Indice d&#039;\u00e9tanch\u00e9it\u00e9 de la tente ext\u00e9rieure\u00a0: <\/strong> &gt;3000mm<\/li>\n<li><strong>Indice d&#039;\u00e9tanch\u00e9it\u00e9 inf\u00e9rieur\u00a0: <\/strong> &gt;3000mm<\/li>\n<li><strong>Type de b\u00e2timent : <\/strong> Ouverture automatique rapide<\/li>\n<li><strong>Style de tente\u00a0: <\/strong> Type \u00e9tendu<\/li>\n<li><strong>Saison : <\/strong> Tente quatre saisons<\/li>\n<li><strong>Structure : <\/strong> Une chambre<\/li>\n<li><strong>Couleur : <\/strong> Couleur personnalis\u00e9e<\/li>\n<li><strong>Logo : <\/strong> Logo personnalis\u00e9<\/li>\n<li><strong>\u00c9chelle : <\/strong> \u00c9chelle t\u00e9lescopique en aluminium de 2,3 m<\/li>\n<li><strong>Matelas : <\/strong> Matelas 50 mm<\/li>\n<li><strong>Accessoires : <\/strong> Installer les outils<\/li>\n<\/ul>\n<div>\n<div><\/div>\n<div>\n<div>\n<div><img decoding=\"async\" src=\"https:\/\/uoogear.com\/wp-content\/uploads\/2023\/11\/H5ce368d4e4bf4a2db2e66476512df869v.webp\" data-src=\"https:\/\/uoogear.com\/wp-content\/uploads\/2023\/11\/H5ce368d4e4bf4a2db2e66476512df869v.webp\" \/><\/div>\n<div><img decoding=\"async\" src=\"https:\/\/uoogear.com\/wp-content\/uploads\/2023\/11\/H595d26b9719943e4b1169b65ee5c9bc85-wpp1701353498136.webp\" data-src=\"https:\/\/uoogear.com\/wp-content\/uploads\/2023\/11\/H595d26b9719943e4b1169b65ee5c9bc85-wpp1701353498136.webp\" \/><\/div>\n<div><img decoding=\"async\" src=\"https:\/\/uoogear.com\/wp-content\/uploads\/2023\/11\/H8d005f6225c24d4eb234e6ecf1b9f9d6U.webp\" data-src=\"https:\/\/uoogear.com\/wp-content\/uploads\/2023\/11\/H8d005f6225c24d4eb234e6ecf1b9f9d6U.webp\" \/><\/div>\n<div><img decoding=\"async\" src=\"https:\/\/uoogear.com\/wp-content\/uploads\/2023\/11\/H30a87ff0ffca4b26a472e348faadacb3Y.webp\" data-src=\"https:\/\/uoogear.com\/wp-content\/uploads\/2023\/11\/H30a87ff0ffca4b26a472e348faadacb3Y.webp\" \/><\/div>\n<div><\/div>\n<div><img decoding=\"async\" src=\"https:\/\/uoogear.com\/wp-content\/uploads\/2023\/11\/H9745988ffcdb4835848aefe87e3d0d490.webp\" data-src=\"https:\/\/uoogear.com\/wp-content\/uploads\/2023\/11\/H9745988ffcdb4835848aefe87e3d0d490.webp\" \/><\/div>\n<div><img decoding=\"async\" src=\"https:\/\/uoogear.com\/wp-content\/uploads\/2023\/11\/Hadd7befe7d4e40f4b106156a6966ec1ax.webp\" data-src=\"https:\/\/uoogear.com\/wp-content\/uploads\/2023\/11\/Hadd7befe7d4e40f4b106156a6966ec1ax.webp\" \/><\/div>\n<div><img decoding=\"async\" src=\"https:\/\/uoogear.com\/wp-content\/uploads\/2023\/11\/H412f50b7d8c3424a851e332885942f639.webp\" data-src=\"https:\/\/uoogear.com\/wp-content\/uploads\/2023\/11\/H412f50b7d8c3424a851e332885942f639.webp\" \/><\/div>\n<div><img decoding=\"async\" src=\"https:\/\/uoogear.com\/wp-content\/uploads\/2023\/11\/Hadd1fb8c00074cf5b98bd282a9a3865cV.webp\" data-src=\"https:\/\/uoogear.com\/wp-content\/uploads\/2023\/11\/Hadd1fb8c00074cf5b98bd282a9a3865cV.webp\" \/><\/div>\n<div><img decoding=\"async\" src=\"https:\/\/uoogear.com\/wp-content\/uploads\/2023\/11\/Hd5a0ab6ac81548e3aa653b5fff5f2b9bh.webp\" data-src=\"https:\/\/uoogear.com\/wp-content\/uploads\/2023\/11\/Hd5a0ab6ac81548e3aa653b5fff5f2b9bh.webp\" \/><\/div>\n<\/div>\n<\/div>\n<div>\n<div>\n<div>\n<div>\n<div>\n<div><img decoding=\"async\" src=\"https:\/\/uoogear.com\/wp-content\/uploads\/2023\/11\/Hfc9329fa8d90419087a6642314df814fF.webp\" data-src=\"https:\/\/uoogear.com\/wp-content\/uploads\/2023\/11\/Hfc9329fa8d90419087a6642314df814fF.webp\" \/><\/div>\n<\/div>\n<\/div>\n<\/div>\n<\/div>\n<\/div>\n<div>\n<div>\n<div>\n<div>\n<div>\n<div><img decoding=\"async\" src=\"https:\/\/uoogear.com\/wp-content\/uploads\/2023\/11\/H30a7ce9424084adaa83ca6f47dbc4842Y.webp\" data-src=\"https:\/\/uoogear.com\/wp-content\/uploads\/2023\/11\/H30a7ce9424084adaa83ca6f47dbc4842Y.webp\" \/><\/div>\n<\/div>\n<\/div>\n<\/div>\n<\/div>\n<\/div>\n<div>\n<div>\n<div>\n<div>\n<div>\n<div><img decoding=\"async\" src=\"https:\/\/uoogear.com\/wp-content\/uploads\/2023\/11\/Hcc84f4ebbc2a4ae8b2e0ab676b51a259D.webp\" data-src=\"https:\/\/uoogear.com\/wp-content\/uploads\/2023\/11\/Hcc84f4ebbc2a4ae8b2e0ab676b51a259D.webp\" \/><\/div>\n<\/div>\n<\/div>\n<\/div>\n<\/div>\n<\/div>\n<div>\n<div>\n<div>\n<div>\n<div>\n<div><\/div>\n<\/div>\n<\/div>\n<\/div>\n<\/div>\n<\/div>\n<div>\n<div>\n<div>\n<div>\n<div>\n<div><\/div>\n<\/div>\n<\/div>\n<\/div>\n<\/div>\n<\/div>\n<div>\n<div>\n<div>\n<div>\n<div data-spm-anchor-id=\"a2700.details.0.i80.40e84c8dsWWTH3\"><\/div>\n<\/div>\n<\/div>\n<\/div>\n<\/div>\n<\/div>","protected":false},"excerpt":{"rendered":"<p>Tissu : Toile Indice d&#039;\u00e9tanch\u00e9it\u00e9 de la tente ext\u00e9rieure : &gt;3000 mm Indice d&#039;\u00e9tanch\u00e9it\u00e9 du bas : &gt;3000 mm Type de b\u00e2timent : Ouverture automatique rapide Style de tente : Type \u00e9tendu Saison : Tente quatre saisons Structure : Une chambre Couleur : Couleur personnalis\u00e9e Logo : Logo personnalis\u00e9 \u00c9chelle : 2.3 Matelas \u00e9chelle t\u00e9lescopique en aluminium m : Accessoires pour matelas 50 mm :<\/p>\n<div class=\"read-more\"><a class=\"btn btn-fill-out\" href=\"https:\/\/uoogear.com\/fr\/produit\/camping-soft-top-longer-size-car-rooftop-tent\/\">En savoir plus<\/a><\/div>","protected":false},"featured_media":5086,"template":"","meta":[],"product_brand":[],"product_cat":[15],"product_tag":[],"class_list":{"0":"post-5087","1":"product","2":"type-product","3":"status-publish","4":"has-post-thumbnail","6":"product_cat-uncategorized","7":"tm-no-options","9":"first","10":"instock","11":"shipping-taxable","12":"purchasable","13":"product-type-variable"},"_links":{"self":[{"href":"https:\/\/uoogear.com\/fr\/wp-json\/wp\/v2\/product\/5087","targetHints":{"allow":["GET"]}}],"collection":[{"href":"https:\/\/uoogear.com\/fr\/wp-json\/wp\/v2\/product"}],"about":[{"href":"https:\/\/uoogear.com\/fr\/wp-json\/wp\/v2\/types\/product"}],"wp:featuredmedia":[{"embeddable":true,"href":"https:\/\/uoogear.com\/fr\/wp-json\/wp\/v2\/media\/5086"}],"wp:attachment":[{"href":"https:\/\/uoogear.com\/fr\/wp-json\/wp\/v2\/media?parent=5087"}],"wp:term":[{"taxonomy":"product_brand","embeddable":true,"href":"https:\/\/uoogear.com\/fr\/wp-json\/wp\/v2\/product_brand?post=5087"},{"taxonomy":"product_cat","embeddable":true,"href":"https:\/\/uoogear.com\/fr\/wp-json\/wp\/v2\/product_cat?post=5087"},{"taxonomy":"product_tag","embeddable":true,"href":"https:\/\/uoogear.com\/fr\/wp-json\/wp\/v2\/product_tag?post=5087"}],"curies":[{"name":"wp","href":"https:\/\/api.w.org\/{rel}","templated":true}]}}