{"id":3184,"date":"2023-08-07T04:44:27","date_gmt":"2023-08-07T04:44:27","guid":{"rendered":"https:\/\/uoogear.com\/?page_id=3184"},"modified":"2023-08-07T04:53:58","modified_gmt":"2023-08-07T04:53:58","slug":"delivery-information-usa","status":"publish","type":"page","link":"https:\/\/uoogear.com\/hu\/delivery-information-usa\/","title":{"rendered":"Sz\u00e1ll\u00edt\u00e1si inform\u00e1ci\u00f3k USA"},"content":{"rendered":"<div data-elementor-type=\"wp-page\" data-elementor-id=\"3184\" class=\"elementor elementor-3184\">\n\t\t\t\t\t\t\t\t\t<section class=\"elementor-section elementor-top-section elementor-element elementor-element-8e54cfa elementor-section-boxed elementor-section-height-default elementor-section-height-default\" data-id=\"8e54cfa\" data-element_type=\"section\">\n\t\t\t\t\t\t<div class=\"elementor-container elementor-column-gap-default\">\n\t\t\t\t\t<div class=\"elementor-column elementor-col-100 elementor-top-column elementor-element elementor-element-e6f784e\" data-id=\"e6f784e\" data-element_type=\"column\">\n\t\t\t<div class=\"elementor-widget-wrap elementor-element-populated\">\n\t\t\t\t\t\t\t\t<div class=\"elementor-element elementor-element-80b3083 elementor-widget elementor-widget-heading\" data-id=\"80b3083\" data-element_type=\"widget\" data-widget_type=\"heading.default\">\n\t\t\t\t<div class=\"elementor-widget-container\">\n\t\t\t<style>\/*! elementor - v3.14.0 - 26-06-2023 *\/\n.elementor-heading-title{padding:0;margin:0;line-height:1}.elementor-widget-heading .elementor-heading-title[class*=elementor-size-]>a{color:inherit;font-size:inherit;line-height:inherit}.elementor-widget-heading .elementor-heading-title.elementor-size-small{font-size:15px}.elementor-widget-heading .elementor-heading-title.elementor-size-medium{font-size:19px}.elementor-widget-heading .elementor-heading-title.elementor-size-large{font-size:29px}.elementor-widget-heading .elementor-heading-title.elementor-size-xl{font-size:39px}.elementor-widget-heading .elementor-heading-title.elementor-size-xxl{font-size:59px}<\/style><h2 class=\"elementor-heading-title elementor-size-default\">K\u00e9zbes\u00edt\u00e9si inform\u00e1ci\u00f3<\/h2>\t\t<\/div>\n\t\t\t\t<\/div>\n\t\t\t\t<div class=\"elementor-element elementor-element-c061480 elementor-widget elementor-widget-spacer\" data-id=\"c061480\" data-element_type=\"widget\" data-widget_type=\"spacer.default\">\n\t\t\t\t<div class=\"elementor-widget-container\">\n\t\t\t<style>\/*! elementor - v3.14.0 - 26-06-2023 *\/\n.elementor-column .elementor-spacer-inner{height:var(--spacer-size)}.e-con{--container-widget-width:100%}.e-con-inner>.elementor-widget-spacer,.e-con>.elementor-widget-spacer{width:var(--container-widget-width,var(--spacer-size));--align-self:var(--container-widget-align-self,initial);--flex-shrink:0}.e-con-inner>.elementor-widget-spacer>.elementor-widget-container,.e-con-inner>.elementor-widget-spacer>.elementor-widget-container>.elementor-spacer,.e-con>.elementor-widget-spacer>.elementor-widget-container,.e-con>.elementor-widget-spacer>.elementor-widget-container>.elementor-spacer{height:100%}.e-con-inner>.elementor-widget-spacer>.elementor-widget-container>.elementor-spacer>.elementor-spacer-inner,.e-con>.elementor-widget-spacer>.elementor-widget-container>.elementor-spacer>.elementor-spacer-inner{height:var(--container-widget-height,var(--spacer-size))}<\/style>\t\t<div class=\"elementor-spacer\">\n\t\t\t<div class=\"elementor-spacer-inner\"><\/div>\n\t\t<\/div>\n\t\t\t\t<\/div>\n\t\t\t\t<\/div>\n\t\t\t\t<div class=\"elementor-element elementor-element-924eb59 elementor-widget elementor-widget-heading\" data-id=\"924eb59\" data-element_type=\"widget\" data-widget_type=\"heading.default\">\n\t\t\t\t<div class=\"elementor-widget-container\">\n\t\t\t<h4 class=\"elementor-heading-title elementor-size-default\">Expressz kisz\u00e1ll\u00edt\u00e1s \u2013 1-2 munkanap \u2013 (h\u00e9tf\u0151t\u0151l p\u00e9ntekig \u00e9rv\u00e9nyes)<\/h4>\t\t<\/div>\n\t\t\t\t<\/div>\n\t\t\t\t<div class=\"elementor-element elementor-element-4108b66 elementor-widget elementor-widget-text-editor\" data-id=\"4108b66\" data-element_type=\"widget\" data-widget_type=\"text-editor.default\">\n\t\t\t\t<div class=\"elementor-widget-container\">\n\t\t\t<style>\/*! elementor - v3.14.0 - 26-06-2023 *\/\n.elementor-widget-text-editor.elementor-drop-cap-view-stacked .elementor-drop-cap{background-color:#69727d;color:#fff}.elementor-widget-text-editor.elementor-drop-cap-view-framed .elementor-drop-cap{color:#69727d;border:3px solid;background-color:transparent}.elementor-widget-text-editor:not(.elementor-drop-cap-view-default) .elementor-drop-cap{margin-top:8px}.elementor-widget-text-editor:not(.elementor-drop-cap-view-default) .elementor-drop-cap-letter{width:1em;height:1em}.elementor-widget-text-editor .elementor-drop-cap{float:left;text-align:center;line-height:1;font-size:50px}.elementor-widget-text-editor .elementor-drop-cap-letter{display:inline-block}<\/style>\t\t\t\t<p>A rendel\u00e9st 14 \u00f3r\u00e1ig kell leadni. A TNT-sz\u00e1ll\u00edtm\u00e1nyok sz\u00e1ll\u00edt\u00e1sa id\u0151nk\u00e9nt 24 \u00f3r\u00e1s k\u00e9s\u00e9ssel j\u00e1r a h\u00e1l\u00f3zatukban tal\u00e1lhat\u00f3 nagy mennyis\u00e9g miatt \u2013 \u00edgy a 30 kg feletti term\u00e9kek sz\u00e1ll\u00edt\u00e1si ideje lassabb lehet. A norm\u00e1l, 30 kg alatti term\u00e9keket a k\u00f6vetkez\u0151 munkanapon a szok\u00e1sos m\u00f3don sz\u00e1ll\u00edtjuk ki a DPD-n kereszt\u00fcl. A s\u00e1tor s\u00faly\u00e1t a term\u00e9ken tal\u00e1lhat\u00f3 tov\u00e1bbi inform\u00e1ci\u00f3s f\u00fclre kattintva \u00e9s a s\u00faly ellen\u0151rz\u00e9s\u00e9vel ellen\u0151rizheti.<\/p><p>K\u00e9rj\u00fck, vegye figyelembe: a szombat \u00e9s a vas\u00e1rnap nem \u201emunkanap\u201d. B\u00e1r a DPD gyakran h\u00e9tv\u00e9g\u00e9n sz\u00e1ll\u00edt, nem tudjuk garant\u00e1lni.<br \/>Felh\u00edvjuk figyelm\u00e9t, hogy a kisz\u00e1ll\u00edt\u00e1s nem munkasz\u00fcneti napokon t\u00f6rt\u00e9nik, mivel ez nem munkanap.<\/p>\t\t\t\t\t\t<\/div>\n\t\t\t\t<\/div>\n\t\t\t\t<div class=\"elementor-element elementor-element-bf4d141 elementor-widget elementor-widget-heading\" data-id=\"bf4d141\" data-element_type=\"widget\" data-widget_type=\"heading.default\">\n\t\t\t\t<div class=\"elementor-widget-container\">\n\t\t\t<h4 class=\"elementor-heading-title elementor-size-default\">Express Pre 12 \/ Pre 10:30 - K\u00f6vetkez\u0151 munkanap a megadott id\u0151pont el\u0151tt (h\u00e9tf\u0151t\u0151l p\u00e9ntekig \u00e9rv\u00e9nyes)<\/h4>\t\t<\/div>\n\t\t\t\t<\/div>\n\t\t\t\t<div class=\"elementor-element elementor-element-dfdb92d elementor-widget elementor-widget-text-editor\" data-id=\"dfdb92d\" data-element_type=\"widget\" data-widget_type=\"text-editor.default\">\n\t\t\t\t<div class=\"elementor-widget-container\">\n\t\t\t\t\t\t\t<p>A rendel\u00e9st 14 \u00f3r\u00e1ig kell leadni. Rendel\u00e9s\u00e9t m\u00e1snapra, 10:30 vagy 12 \u00f3r\u00e1ig csomagoljuk \u00e9s k\u00fcldj\u00fck el, att\u00f3l f\u00fcgg\u0151en, hogy melyik opci\u00f3t v\u00e1lasztja.<\/p><p>A szombaton \u00e9s vas\u00e1rnap leadott rendel\u00e9s kedden \u00e9rkezik meg.<\/p>\t\t\t\t\t\t<\/div>\n\t\t\t\t<\/div>\n\t\t\t\t<div class=\"elementor-element elementor-element-14ca262 elementor-widget elementor-widget-heading\" data-id=\"14ca262\" data-element_type=\"widget\" data-widget_type=\"heading.default\">\n\t\t\t\t<div class=\"elementor-widget-container\">\n\t\t\t<h4 class=\"elementor-heading-title elementor-size-default\">Norm\u00e1l k\u00e9zbes\u00edt\u00e9s - 2-4 munkanap (h\u00e9tf\u0151t\u0151l p\u00e9ntekig \u00e9rv\u00e9nyes)<\/h4>\t\t<\/div>\n\t\t\t\t<\/div>\n\t\t\t\t<div class=\"elementor-element elementor-element-800aee5 elementor-widget elementor-widget-text-editor\" data-id=\"800aee5\" data-element_type=\"widget\" data-widget_type=\"text-editor.default\">\n\t\t\t\t<div class=\"elementor-widget-container\">\n\t\t\t\t\t\t\t<p>Szok\u00e1sos k\u00e9zbes\u00edt\u00e9s \u2013 a csomagokat tov\u00e1bbra is \u00e9jszakai szolg\u00e1ltat\u00e1ssal k\u00fcldj\u00fck, de el\u0151sz\u00f6r az expressz megrendel\u00e9seket r\u00e9szes\u00edtj\u00fck el\u0151nyben, majd a norm\u00e1l rendel\u00e9seket csomagoljuk. A szolg\u00e1ltat\u00e1sban szerepl\u0151 term\u00e9kek kisz\u00e1ll\u00edt\u00e1sa 2 \u00e9s 4 munkanap k\u00f6z\u00f6tt t\u00f6rt\u00e9nik.<\/p>\t\t\t\t\t\t<\/div>\n\t\t\t\t<\/div>\n\t\t\t\t<div class=\"elementor-element elementor-element-9e8f9bf elementor-widget elementor-widget-heading\" data-id=\"9e8f9bf\" data-element_type=\"widget\" data-widget_type=\"heading.default\">\n\t\t\t\t<div class=\"elementor-widget-container\">\n\t\t\t<h4 class=\"elementor-heading-title elementor-size-default\">Ingyenes h\u00e1zhozsz\u00e1ll\u00edt\u00e1s az Egyes\u00fclt Kir\u00e1lys\u00e1gba * Alkalmazza a felt\u00e9teleket<\/h4>\t\t<\/div>\n\t\t\t\t<\/div>\n\t\t\t\t<div class=\"elementor-element elementor-element-aa8445a elementor-widget elementor-widget-text-editor\" data-id=\"aa8445a\" data-element_type=\"widget\" data-widget_type=\"text-editor.default\">\n\t\t\t\t<div class=\"elementor-widget-container\">\n\t\t\t\t\t\t\t<p>K\u00f6lts\u00f6n t\u00f6bb mint 50 fontot, \u00e9s ingyenesen sz\u00e1ll\u00edtjuk. Nem tartalmazza Sk\u00f3cia \u00e9s eg\u00e9sz \u00c9szak-\u00cdrorsz\u00e1g kiv\u00e1lasztott r\u00e9gi\u00f3it. A postak\u00f6lts\u00e9geket a Kos\u00e1r oldalon tal\u00e1lhat\u00f3 Postak\u00f6lts\u00e9g-becsl\u0151 seg\u00edts\u00e9g\u00e9vel, ir\u00e1ny\u00edt\u00f3sz\u00e1m\u00e1nak megad\u00e1s\u00e1val ellen\u0151rizheti.<\/p>\t\t\t\t\t\t<\/div>\n\t\t\t\t<\/div>\n\t\t\t\t<div class=\"elementor-element elementor-element-8bfcdd0 elementor-widget elementor-widget-text-editor\" data-id=\"8bfcdd0\" data-element_type=\"widget\" data-widget_type=\"text-editor.default\">\n\t\t\t\t<div class=\"elementor-widget-container\">\n\t\t\t\t\t\t\tEur\u00f3pai szolg\u00e1ltat\u00e1s \u2013 ideiglenesen felf\u00fcggesztve.\t\t\t\t\t\t<\/div>\n\t\t\t\t<\/div>\n\t\t\t\t\t<\/div>\n\t\t<\/div>\n\t\t\t\t\t\t\t<\/div>\n\t\t<\/section>\n\t\t\t\t\t\t\t<\/div>","protected":false},"excerpt":{"rendered":"<p>Sz\u00e1ll\u00edt\u00e1si inform\u00e1ci\u00f3k Expressz kisz\u00e1ll\u00edt\u00e1s \u2013 1-2 munkanap \u2013 (h\u00e9tf\u0151t\u0151l p\u00e9ntekig \u00e9rv\u00e9nyes) A rendel\u00e9st 14 \u00f3r\u00e1ig kell leadni. A TNT-sz\u00e1ll\u00edtm\u00e1nyok sz\u00e1ll\u00edt\u00e1sa id\u0151nk\u00e9nt 24 \u00f3r\u00e1s k\u00e9s\u00e9ssel j\u00e1r a h\u00e1l\u00f3zatukban tal\u00e1lhat\u00f3 nagy mennyis\u00e9g miatt \u2013 \u00edgy minden 30 kg feletti product sz\u00e1ll\u00edt\u00e1si ideje lassabb lehet. Norm\u00e1l product alatt<\/p>\n<div class=\"read-more\"><a class=\"btn btn-fill-out\" href=\"https:\/\/uoogear.com\/hu\/delivery-information-usa\/\">Olvass tov\u00e1bb<\/a><\/div>","protected":false},"author":1,"featured_media":0,"parent":0,"menu_order":0,"comment_status":"closed","ping_status":"closed","template":"","meta":{"footnotes":""},"class_list":["post-3184","page","type-page","status-publish","hentry"],"_links":{"self":[{"href":"https:\/\/uoogear.com\/hu\/wp-json\/wp\/v2\/pages\/3184","targetHints":{"allow":["GET"]}}],"collection":[{"href":"https:\/\/uoogear.com\/hu\/wp-json\/wp\/v2\/pages"}],"about":[{"href":"https:\/\/uoogear.com\/hu\/wp-json\/wp\/v2\/types\/page"}],"author":[{"embeddable":true,"href":"https:\/\/uoogear.com\/hu\/wp-json\/wp\/v2\/users\/1"}],"replies":[{"embeddable":true,"href":"https:\/\/uoogear.com\/hu\/wp-json\/wp\/v2\/comments?post=3184"}],"version-history":[{"count":22,"href":"https:\/\/uoogear.com\/hu\/wp-json\/wp\/v2\/pages\/3184\/revisions"}],"predecessor-version":[{"id":3206,"href":"https:\/\/uoogear.com\/hu\/wp-json\/wp\/v2\/pages\/3184\/revisions\/3206"}],"wp:attachment":[{"href":"https:\/\/uoogear.com\/hu\/wp-json\/wp\/v2\/media?parent=3184"}],"curies":[{"name":"wp","href":"https:\/\/api.w.org\/{rel}","templated":true}]}}