{"id":3279,"date":"2023-08-07T05:36:34","date_gmt":"2023-08-07T05:36:34","guid":{"rendered":"https:\/\/uoogear.com\/?page_id=3279"},"modified":"2023-11-02T08:01:46","modified_gmt":"2023-11-02T08:01:46","slug":"price-matching","status":"publish","type":"page","link":"https:\/\/uoogear.com\/hu\/price-matching\/","title":{"rendered":"\u00c1r egyeztet\u00e9s"},"content":{"rendered":"<div data-elementor-type=\"wp-page\" data-elementor-id=\"3279\" class=\"elementor elementor-3279\">\n\t\t\t\t\t\t\t\t\t<section class=\"elementor-section elementor-top-section elementor-element elementor-element-2bd31d5 elementor-section-boxed elementor-section-height-default elementor-section-height-default\" data-id=\"2bd31d5\" data-element_type=\"section\">\n\t\t\t\t\t\t<div class=\"elementor-container elementor-column-gap-default\">\n\t\t\t\t\t<div class=\"elementor-column elementor-col-100 elementor-top-column elementor-element elementor-element-6b18191\" data-id=\"6b18191\" data-element_type=\"column\">\n\t\t\t<div class=\"elementor-widget-wrap elementor-element-populated\">\n\t\t\t\t\t\t\t\t<div class=\"elementor-element elementor-element-59a0f9e elementor-widget elementor-widget-heading\" data-id=\"59a0f9e\" data-element_type=\"widget\" data-widget_type=\"heading.default\">\n\t\t\t\t<div class=\"elementor-widget-container\">\n\t\t\t<style>\/*! elementor - v3.14.0 - 26-06-2023 *\/\n.elementor-heading-title{padding:0;margin:0;line-height:1}.elementor-widget-heading .elementor-heading-title[class*=elementor-size-]>a{color:inherit;font-size:inherit;line-height:inherit}.elementor-widget-heading .elementor-heading-title.elementor-size-small{font-size:15px}.elementor-widget-heading .elementor-heading-title.elementor-size-medium{font-size:19px}.elementor-widget-heading .elementor-heading-title.elementor-size-large{font-size:29px}.elementor-widget-heading .elementor-heading-title.elementor-size-xl{font-size:39px}.elementor-widget-heading .elementor-heading-title.elementor-size-xxl{font-size:59px}<\/style><h2 class=\"elementor-heading-title elementor-size-default\">\u00c1r egyeztet\u00e9s<\/h2>\t\t<\/div>\n\t\t\t\t<\/div>\n\t\t\t\t<div class=\"elementor-element elementor-element-bd9788e elementor-widget elementor-widget-spacer\" data-id=\"bd9788e\" data-element_type=\"widget\" data-widget_type=\"spacer.default\">\n\t\t\t\t<div class=\"elementor-widget-container\">\n\t\t\t<style>\/*! elementor - v3.14.0 - 26-06-2023 *\/\n.elementor-column .elementor-spacer-inner{height:var(--spacer-size)}.e-con{--container-widget-width:100%}.e-con-inner>.elementor-widget-spacer,.e-con>.elementor-widget-spacer{width:var(--container-widget-width,var(--spacer-size));--align-self:var(--container-widget-align-self,initial);--flex-shrink:0}.e-con-inner>.elementor-widget-spacer>.elementor-widget-container,.e-con-inner>.elementor-widget-spacer>.elementor-widget-container>.elementor-spacer,.e-con>.elementor-widget-spacer>.elementor-widget-container,.e-con>.elementor-widget-spacer>.elementor-widget-container>.elementor-spacer{height:100%}.e-con-inner>.elementor-widget-spacer>.elementor-widget-container>.elementor-spacer>.elementor-spacer-inner,.e-con>.elementor-widget-spacer>.elementor-widget-container>.elementor-spacer>.elementor-spacer-inner{height:var(--container-widget-height,var(--spacer-size))}<\/style>\t\t<div class=\"elementor-spacer\">\n\t\t\t<div class=\"elementor-spacer-inner\"><\/div>\n\t\t<\/div>\n\t\t\t\t<\/div>\n\t\t\t\t<\/div>\n\t\t\t\t<div class=\"elementor-element elementor-element-1848497 elementor-widget elementor-widget-heading\" data-id=\"1848497\" data-element_type=\"widget\" data-widget_type=\"heading.default\">\n\t\t\t\t<div class=\"elementor-widget-container\">\n\t\t\t<h4 class=\"elementor-heading-title elementor-size-default\">\u00c1regyez\u00e9si szab\u00e1lyzat<\/h4>\t\t<\/div>\n\t\t\t\t<\/div>\n\t\t\t\t<div class=\"elementor-element elementor-element-26ea8a4 elementor-widget elementor-widget-text-editor\" data-id=\"26ea8a4\" data-element_type=\"widget\" data-widget_type=\"text-editor.default\">\n\t\t\t\t<div class=\"elementor-widget-container\">\n\t\t\t<style>\/*! elementor - v3.14.0 - 26-06-2023 *\/\n.elementor-widget-text-editor.elementor-drop-cap-view-stacked .elementor-drop-cap{background-color:#69727d;color:#fff}.elementor-widget-text-editor.elementor-drop-cap-view-framed .elementor-drop-cap{color:#69727d;border:3px solid;background-color:transparent}.elementor-widget-text-editor:not(.elementor-drop-cap-view-default) .elementor-drop-cap{margin-top:8px}.elementor-widget-text-editor:not(.elementor-drop-cap-view-default) .elementor-drop-cap-letter{width:1em;height:1em}.elementor-widget-text-editor .elementor-drop-cap{float:left;text-align:center;line-height:1;font-size:50px}.elementor-widget-text-editor .elementor-drop-cap-letter{display:inline-block}<\/style>\t\t\t\t<p>Web\u00e1ruh\u00e1zunkban j\u00f3val t\u00f6bb mint 2000 term\u00e9k tal\u00e1lhat\u00f3, \u00e9s \u00fagy gondoljuk, hogy minden rakt\u00e1ron l\u00e9v\u0151 term\u00e9k tekintet\u00e9ben versenyk\u00e9pesek vagyunk. Ha \u00fagy gondolja, hogy t\u00e9vedt\u00fcnk, k\u00e9rj\u00fck, vegye fel vel\u00fcnk a kapcsolatot. \u00c1regyeztet\u00e9s\u00fcnk fenntartja, hogy a kiv\u00e1lasztott online versenyt\u00e1rsak \u00e1ltal k\u00e9sz\u00edtett b\u00e1rmely \u00e1rat vagy \u00e1raj\u00e1nlatot fel\u00fclm\u00falunk vagy megegyez\u00fcnk. Mindig mindent megtesz\u00fcnk annak \u00e9rdek\u00e9ben, hogy egy \u00e1rat \u00f6sszeegyeztess\u00fcnk, de \u00e1regyeztet\u00e9s\u00fcnkre a k\u00f6vetkez\u0151 felt\u00e9telek vonatkoznak: -<\/p>\t\t\t\t\t\t<\/div>\n\t\t\t\t<\/div>\n\t\t\t\t<div class=\"elementor-element elementor-element-a24952b elementor-icon-list--layout-traditional elementor-list-item-link-full_width elementor-widget elementor-widget-icon-list\" data-id=\"a24952b\" data-element_type=\"widget\" data-widget_type=\"icon-list.default\">\n\t\t\t\t<div class=\"elementor-widget-container\">\n\t\t\t<link rel=\"stylesheet\" href=\"https:\/\/uoogear.com\/wp-content\/plugins\/elementor\/assets\/css\/widget-icon-list.min.css\">\t\t<ul class=\"elementor-icon-list-items\">\n\t\t\t\t\t\t\t<li class=\"elementor-icon-list-item\">\n\t\t\t\t\t\t\t\t\t\t\t<span class=\"elementor-icon-list-icon\">\n\t\t\t\t\t\t\t<i aria-hidden=\"true\" class=\"far fa-dot-circle\"><\/i>\t\t\t\t\t\t<\/span>\n\t\t\t\t\t\t\t\t\t\t<span class=\"elementor-icon-list-text\">\u00c1r\u00edg\u00e9ret \u2013 minden v\u00e1s\u00e1rl\u00f3 sz\u00e1m\u00e1ra el\u00e9rhet\u0151 az Egyes\u00fclt Kir\u00e1lys\u00e1gban.<\/span>\n\t\t\t\t\t\t\t\t\t<\/li>\n\t\t\t\t\t\t\t\t<li class=\"elementor-icon-list-item\">\n\t\t\t\t\t\t\t\t\t\t\t<span class=\"elementor-icon-list-icon\">\n\t\t\t\t\t\t\t<i aria-hidden=\"true\" class=\"far fa-dot-circle\"><\/i>\t\t\t\t\t\t<\/span>\n\t\t\t\t\t\t\t\t\t\t<span class=\"elementor-icon-list-text\">Tartalmazza az uoogear.com \u00e1ltal t\u00e1rolt \u00f6sszes term\u00e9ket, kiv\u00e9ve a Vango Airbeam \/ Outwell Air Products \/ L\u00e1bnyomokat \u00e9s sz\u0151nyegeket<\/span>\n\t\t\t\t\t\t\t\t\t<\/li>\n\t\t\t\t\t\t\t\t<li class=\"elementor-icon-list-item\">\n\t\t\t\t\t\t\t\t\t\t\t<span class=\"elementor-icon-list-icon\">\n\t\t\t\t\t\t\t<i aria-hidden=\"true\" class=\"far fa-dot-circle\"><\/i>\t\t\t\t\t\t<\/span>\n\t\t\t\t\t\t\t\t\t\t<span class=\"elementor-icon-list-text\">Az \u00e1rp\u00e1ros\u00edtott term\u00e9k specifik\u00e1ci\u00f3j\u00e1ban \u00e9s gy\u00e1rt\u00e1si \u00e9v\u00e9ben azonosnak kell lennie.<\/span>\n\t\t\t\t\t\t\t\t\t<\/li>\n\t\t\t\t\t\t\t\t<li class=\"elementor-icon-list-item\">\n\t\t\t\t\t\t\t\t\t\t\t<span class=\"elementor-icon-list-icon\">\n\t\t\t\t\t\t\t<i aria-hidden=\"true\" class=\"far fa-dot-circle\"><\/i>\t\t\t\t\t\t<\/span>\n\t\t\t\t\t\t\t\t\t\t<span class=\"elementor-icon-list-text\">Az \u00e1raknak tartalmazniuk kell az \u00c1FA-t \u00e9s a sz\u00e1ll\u00edt\u00e1st.<\/span>\n\t\t\t\t\t\t\t\t\t<\/li>\n\t\t\t\t\t\t\t\t<li class=\"elementor-icon-list-item\">\n\t\t\t\t\t\t\t\t\t\t\t<span class=\"elementor-icon-list-icon\">\n\t\t\t\t\t\t\t<i aria-hidden=\"true\" class=\"far fa-dot-circle\"><\/i>\t\t\t\t\t\t<\/span>\n\t\t\t\t\t\t\t\t\t\t<span class=\"elementor-icon-list-text\">A term\u00e9knek k\u00e9szleten kell lennie a versenyt\u00e1rs weboldal\u00e1n, \u00e9s azonnali sz\u00e1ll\u00edt\u00e1sra rendelkez\u00e9sre kell \u00e1llnia.<\/span>\n\t\t\t\t\t\t\t\t\t<\/li>\n\t\t\t\t\t\t\t\t<li class=\"elementor-icon-list-item\">\n\t\t\t\t\t\t\t\t\t\t\t<span class=\"elementor-icon-list-icon\">\n\t\t\t\t\t\t\t<i aria-hidden=\"true\" class=\"far fa-dot-circle\"><\/i>\t\t\t\t\t\t<\/span>\n\t\t\t\t\t\t\t\t\t\t<span class=\"elementor-icon-list-text\">Ez az aj\u00e1nlat nem tartalmazza az aukci\u00f3s oldalakon, p\u00e9ld\u00e1ul az eBay-en, a Costco-n, a mag\u00e1n\u00e9rt\u00e9kes\u00edt\u00e9sek \u00e9s a felsz\u00e1mol\u00e1si \u00e9rt\u00e9kes\u00edt\u00e9sek megfelel\u0151 \u00e1rakat.<\/span>\n\t\t\t\t\t\t\t\t\t<\/li>\n\t\t\t\t\t\t\t\t<li class=\"elementor-icon-list-item\">\n\t\t\t\t\t\t\t\t\t\t\t<span class=\"elementor-icon-list-icon\">\n\t\t\t\t\t\t\t<i aria-hidden=\"true\" class=\"far fa-dot-circle\"><\/i>\t\t\t\t\t\t<\/span>\n\t\t\t\t\t\t\t\t\t\t<span class=\"elementor-icon-list-text\">Nem egyeztet\u00fcnk olyan \u00e1rat, amely az \u00c1FA-val \u00e9s postai k\u00f6lts\u00e9ggel n\u00f6velt kereskedelmi \u00e1runk alatt van<\/span>\n\t\t\t\t\t\t\t\t\t<\/li>\n\t\t\t\t\t\t\t\t<li class=\"elementor-icon-list-item\">\n\t\t\t\t\t\t\t\t\t\t\t<span class=\"elementor-icon-list-icon\">\n\t\t\t\t\t\t\t<i aria-hidden=\"true\" class=\"far fa-dot-circle\"><\/i>\t\t\t\t\t\t<\/span>\n\t\t\t\t\t\t\t\t\t\t<span class=\"elementor-icon-list-text\">Az \u00e1regyeztet\u00e9s nem tartalmazza a Vango Airbeam \u00e9s Outwell Air s\u00e1trakat<\/span>\n\t\t\t\t\t\t\t\t\t<\/li>\n\t\t\t\t\t\t<\/ul>\n\t\t\t\t<\/div>\n\t\t\t\t<\/div>\n\t\t\t\t<div class=\"elementor-element elementor-element-2260563 elementor-widget elementor-widget-text-editor\" data-id=\"2260563\" data-element_type=\"widget\" data-widget_type=\"text-editor.default\">\n\t\t\t\t<div class=\"elementor-widget-container\">\n\t\t\t\t\t\t\t<strong>Az Price Match nem tartalmazza a s\u00e1torsz\u0151nyegeket \u00e9s a s\u00e1torl\u00e1bnyomokat \u2013 ennek az az oka, hogy ezeket a kieg\u00e9sz\u00edt\u0151ket s\u00e1torsz\u00e1munknak megfelel\u0151en v\u00e1s\u00e1roljuk meg.<\/strong>\t\t\t\t\t\t<\/div>\n\t\t\t\t<\/div>\n\t\t\t\t<div class=\"elementor-element elementor-element-0279493 elementor-widget elementor-widget-text-editor\" data-id=\"0279493\" data-element_type=\"widget\" data-widget_type=\"text-editor.default\">\n\t\t\t\t<div class=\"elementor-widget-container\">\n\t\t\t\t\t\t\t<strong>Az \u00e1regyeztet\u00e9s nem haszn\u00e1lhat\u00f3 prom\u00f3ci\u00f3s aj\u00e1nlatokhoz vagy j\u00f3v\u00e1\u00edr\u00e1sokhoz<\/strong>\t\t\t\t\t\t<\/div>\n\t\t\t\t<\/div>\n\t\t\t\t<div class=\"elementor-element elementor-element-abcec1a elementor-widget elementor-widget-text-editor\" data-id=\"abcec1a\" data-element_type=\"widget\" data-widget_type=\"text-editor.default\">\n\t\t\t\t<div class=\"elementor-widget-container\">\n\t\t\t\t\t\t\t<p><strong>Az \u00e1regyeztet\u00e9s nem \u00e9rv\u00e9nyes, ha m\u00e1r megv\u00e1s\u00e1rolta a term\u00e9ket az Uoogear-t\u0151l<\/strong><\/p>\t\t\t\t\t\t<\/div>\n\t\t\t\t<\/div>\n\t\t\t\t\t<\/div>\n\t\t<\/div>\n\t\t\t\t\t\t\t<\/div>\n\t\t<\/section>\n\t\t\t\t\t\t\t<\/div>","protected":false},"excerpt":{"rendered":"<p>\u00c1rmegfelel\u0151 \u00e1rp\u00e1ros\u00edt\u00e1si politika Az online \u00e1ruh\u00e1zunkban j\u00f3val t\u00f6bb mint 2000 product-t t\u00e1rolunk, \u00e9s \u00fagy gondoljuk, hogy versenyk\u00e9pesek vagyunk minden rakt\u00e1ron l\u00e9v\u0151 term\u00e9k tekintet\u00e9ben. Ha \u00fagy gondolja, hogy t\u00e9vedt\u00fcnk, k\u00e9rj\u00fck, vegye fel vel\u00fcnk a kapcsolatot. \u00c1regyeztet\u00e9s\u00fcnk fenntartja, hogy a kiv\u00e1lasztott online versenyt\u00e1rsak \u00e1ltal k\u00e9sz\u00edtett b\u00e1rmely \u00e1rat vagy \u00e1raj\u00e1nlatot fel\u00fclm\u00falunk vagy megegyez\u00fcnk.<\/p>\n<div class=\"read-more\"><a class=\"btn btn-fill-out\" href=\"https:\/\/uoogear.com\/hu\/price-matching\/\">Olvass tov\u00e1bb<\/a><\/div>","protected":false},"author":1,"featured_media":0,"parent":0,"menu_order":0,"comment_status":"closed","ping_status":"closed","template":"","meta":{"footnotes":""},"class_list":["post-3279","page","type-page","status-publish","hentry"],"_links":{"self":[{"href":"https:\/\/uoogear.com\/hu\/wp-json\/wp\/v2\/pages\/3279","targetHints":{"allow":["GET"]}}],"collection":[{"href":"https:\/\/uoogear.com\/hu\/wp-json\/wp\/v2\/pages"}],"about":[{"href":"https:\/\/uoogear.com\/hu\/wp-json\/wp\/v2\/types\/page"}],"author":[{"embeddable":true,"href":"https:\/\/uoogear.com\/hu\/wp-json\/wp\/v2\/users\/1"}],"replies":[{"embeddable":true,"href":"https:\/\/uoogear.com\/hu\/wp-json\/wp\/v2\/comments?post=3279"}],"version-history":[{"count":22,"href":"https:\/\/uoogear.com\/hu\/wp-json\/wp\/v2\/pages\/3279\/revisions"}],"predecessor-version":[{"id":4098,"href":"https:\/\/uoogear.com\/hu\/wp-json\/wp\/v2\/pages\/3279\/revisions\/4098"}],"wp:attachment":[{"href":"https:\/\/uoogear.com\/hu\/wp-json\/wp\/v2\/media?parent=3279"}],"curies":[{"name":"wp","href":"https:\/\/api.w.org\/{rel}","templated":true}]}}